{"id":10903,"date":"2020-05-14T20:00:43","date_gmt":"2020-05-14T18:00:43","guid":{"rendered":"https:\/\/aslaksen.bcc.no\/?page_id=10903"},"modified":"2020-08-21T12:12:02","modified_gmt":"2020-08-21T10:12:02","slug":"je-suis-crucifie-avec-christ","status":"publish","type":"page","link":"https:\/\/words-of-faith.org\/fr\/bible-study\/theme-2\/je-suis-crucifie-avec-christ\/","title":{"rendered":"Je suis crucifi\u00e9 avec Christ"},"content":{"rendered":"\n\t<section class=\"section\" id=\"section_71558526\">\n\t\t<div class=\"section-bg fill\" >\n\t\t\t\t\t\t\t\t\t\n\t\t\t\n\n\t\t<\/div>\n\n\t\t\n\n\t\t<div class=\"section-content relative\">\n\t\t\t\n<div class=\"row align-center\"  id=\"row-1929230171\">\n\n\t<div id=\"col-90348460\" class=\"col small-12 large-12\"  >\n\t\t\t\t<div class=\"col-inner\"  >\n\t\t\t\n\t\t\t\n<p class=\"breadcrumbs\"><a href=\"..\/\">Theme 2<\/a> \/ Messages<\/p>\n<h1>Je suis crucifi\u00e9 avec Christ<\/h1>\n<p class=\"article-date\">Extrait de la brochure \u201cRepos en Dieu\u201d, publi\u00e9 en 1950<\/p>\n<p class=\"article-author\">de Elias Aslaksen<\/p>\n\t\t<\/div>\n\t\t\t\t\t<\/div>\n\n\t\n\n<style>\n#row-1929230171 > .col > .col-inner {\n  padding: 30px 0px 0px 0px;\n}\n<\/style>\n<\/div>\n<div class=\"row align-center audio\"  id=\"row-570541816\">\n\n\t<div id=\"col-1558332678\" class=\"col small-12 large-12\"  >\n\t\t\t\t<div class=\"col-inner\"  >\n\t\t\t\n\t\t\t\n<!--[if lt IE 9]><script>document.createElement('audio');<\/script><![endif]-->\n<audio class=\"wp-audio-shortcode\" id=\"audio-10903-1\" preload=\"none\" style=\"width: 100%;\" controls=\"controls\"><source type=\"audio\/mpeg\" src=\"\/audio\/Tema%202\/fr\/8%20J&#039;ai%20%C3%A9t%C3%A9%20crucifi%C3%A9%20avec%20Christ_MASTER.mp3?_=1\" \/><a href=\"\/audio\/Tema%202\/fr\/8%20J&#039;ai%20%C3%A9t%C3%A9%20crucifi%C3%A9%20avec%20Christ_MASTER.mp3\">\/audio\/Tema%202\/fr\/8%20J&#039;ai%20%C3%A9t%C3%A9%20crucifi%C3%A9%20avec%20Christ_MASTER.mp3<\/a><\/audio>\n<p class=\"click-to-listen\">Click to listen to the speech.<\/p>\n\t\t<\/div>\n\t\t\t\t\t<\/div>\n\n\t\n<\/div>\n<div class=\"row align-center article article-excerpt\"  id=\"row-802502334\">\n\n\t<div id=\"col-1842124512\" class=\"col small-12 large-12\"  >\n\t\t\t\t<div class=\"col-inner text-left\"  >\n\t\t\t\n\t\t\t\n<p>C\u2019est l\u00e0 la parole centrale qui permet d\u2019obtenir le repos en Dieu. Si l\u2019on <em>croit<\/em>cette parole, ce qui est malheureusement extr\u00eamement inhabituel, il va de soi que l\u2019on entre dans le repos. C\u2019est l\u2019\u00e9vidence m\u00eame lorsqu\u2019on lit les termes dans lesquels ce verset est \u00e9crit. Or ce sont pr\u00e9cis\u00e9ment ces termes qu\u2019on ne croit g\u00e9n\u00e9ralement pas. Au lieu de les croire, on les escamote par des explications, ce qui revient \u00e0 escamoter par des explications la merveilleuse possibilit\u00e9 d\u2019\u00eatre sauv\u00e9 de toute sa mis\u00e8re. On s\u2019exclut ainsi soi-m\u00eame du repos en Dieu, auquel <em>quelques-uns <\/em>doivent parvenir ! Puisses-tu, cher lecteur, devenir un de ces \u00ab&nbsp;quelques-uns&nbsp;\u00bb.<\/p>\n<p>Pourquoi pr\u00e9f\u00e8re-t-on rester dans toute cette <em>agitation mauvaise et p\u00e9nible, <\/em>dans tous ces <em>tourments inutiles et dont on est soi-m\u00eame responsable <\/em>parce qu\u2019on est incr\u00e9dule, plut\u00f4t que d\u2019entrer dans le repos ?<\/p>\n<p>La v\u00e9rit\u00e9 est simple, facile \u00e0 comprendre et limpide comme du cristal : toute agitation provient du <em>vieil homme. <\/em>D\u00e8s que celui-ci est vraiment <em>crucifi\u00e9 <\/em>par la foi vivante en la Parole (Ro. 6, 6), et qu\u2019on s\u2019en est <em>d\u00e9pouill\u00e9 <\/em>(\u00c9p. 4, 22), toute agitation cesse obligatoirement du m\u00eame coup, et le repos s\u2019installe \u00e0 sa place.<\/p>\n<p>A cet \u00e9gard, il n\u2019y a pas d\u2019image plus frappante que l\u2019expression employ\u00e9e dans les faire-part de d\u00e9c\u00e8s : \u00ab <em>Untel est entr\u00e9 dans le repos. \u00bb <\/em>Celui qui est d\u00e9c\u00e9d\u00e9 est entr\u00e9 dans le repos ! Cet exemple illustre bien le profond myst\u00e8re exprim\u00e9 par Paul dans Ga. 2, 20 et Ro. 6, 7.<\/p>\n<p>Ce qui, <em>\u00e0 cause de l\u2019incr\u00e9dulit\u00e9<\/em>,est si myst\u00e9rieux et si inconnu<em>,<\/em>c\u2019est que par une foi vivante en la Parole on <em>peut mourir tandis qu\u2019on est encore en vie <\/em>dans ce corps.<\/p>\n<p>On peut mourir au p\u00e9ch\u00e9, mourir \u00e0 toute cette agitation qui trouble le c\u0153ur et l\u2019esprit de multiples mani\u00e8res, tandis que le corps peine sous l\u2019esclavage de la corruptibilit\u00e9. L\u2019esprit et le corps ne doivent pas rester li\u00e9s. La Parole s\u00e9pare l\u2019un de l\u2019autre. L\u2019esprit est s\u00e9par\u00e9 d\u00e8s \u00e0 pr\u00e9sent, tandis que, quant au corps, nous avons l\u2019esp\u00e9rance d\u2019en \u00eatre bient\u00f4t d\u00e9barrass\u00e9s pour toujours ! All\u00e9luia !<\/p>\n<p>La chose la plus grande qui puisse arriver \u00e0 un homme pendant le temps de son p\u00e8lerinage ici-bas, <em>c\u2019est d\u2019entrer, en v\u00e9rit\u00e9, dans le repos, tandis qu\u2019il porte encore ce corps de mort.<\/em><\/p>\n\t\t<\/div>\n\t\t\t\t\t<\/div>\n\n\t\n\n\t<div id=\"col-1278745000\" class=\"col copyright small-12 large-12\"  >\n\t\t\t\t<div class=\"col-inner text-left\"  >\n\t\t\t\n\t\t\t\n<div>\u00a9 Copyright Stiftelsen Skjulte Skatters Forlag<\/div>\n\t\t<\/div>\n\t\t\t\t\t<\/div>\n\n\t\n\n\t<div id=\"col-1633647777\" class=\"col small-12 large-12\"  >\n\t\t\t\t<div class=\"col-inner text-left\"  >\n\t\t\t\n\t\t\t\n<div><a href=\"#\" class=\"read-more\">Lire plus<\/a><\/div>\n\t\t<\/div>\n\t\t\t\t\t<\/div>\n\n\t\n\n\t<div id=\"col-1094705874\" class=\"col small-12 large-12\"  >\n\t\t\t\t<div class=\"col-inner text-left\"  >\n\t\t\t\n\t\t\t\n<p class=\"next-previous-message\"><a class=\"previous\" href=\"\/fr\/bible-studies\/theme-2\/deny-oneself\/\"><i class=\"icon-angle-left\"><\/i> Previous<\/a><a class=\"next\" href=\"\/fr\/bible-studies\/theme-2\/it-is-no-longer-i-who-live\/\">Next <i class=\"icon-angle-right\"><\/i><\/a><\/p>\n\t\t<\/div>\n\t\t\t\t\t<\/div>\n\n\t\n<\/div>\n\t\t<\/div>\n\n\t\t\n<style>\n#section_71558526 {\n  padding-top: 0px;\n  padding-bottom: 0px;\n  margin-bottom: 0px;\n}\n@media (min-width:550px) {\n  #section_71558526 {\n    padding-top: 0px;\n    padding-bottom: 0px;\n  }\n}\n<\/style>\n\t<\/section>\n\t\n\n\t<section class=\"section food-for-thought\" id=\"section_275239240\">\n\t\t<div class=\"section-bg fill\" >\n\t\t\t\t\t\t\t\t\t\n\t\t\t\n\n\t\t<\/div>\n\n\t\t\n\n\t\t<div class=\"section-content relative\">\n\t\t\t\n<div class=\"row align-center\"  id=\"row-1679033933\">\n\n\t<div id=\"col-2050307549\" class=\"col title small-12 large-12\"  >\n\t\t\t\t<div class=\"col-inner text-left dark\"  >\n\t\t\t\n\t\t\t\n<h2>Devotional<\/h2>\n\t\t<\/div>\n\t\t\t\t\t<\/div>\n\n\t\n\n\t<div id=\"col-2088882101\" class=\"col small-12 large-12\"  >\n\t\t\t\t<div class=\"col-inner dark\"  >\n\t\t\t\n\t\t\t\n<p>Dans le message &#8220;Je suis crucifi\u00e9 avec Christ&#8221;, Aslaksen \u00e9crit &#8220;d&#8217;entrer dans le repos&#8221;. Comment expliquerais-tu cela \u00e0 quelqu&#8217;un d&#8217;autre ?<\/p>\n<p class='info'>You have to <a href='\/login\/'>log in<\/a> if you want to save your answer.<\/p>\n\t\t<\/div>\n\t\t\t\t\t<\/div>\n\n\t\n<\/div>\n\t\t<\/div>\n\n\t\t\n<style>\n#section_275239240 {\n  padding-top: 30px;\n  padding-bottom: 30px;\n  background-color: rgb(73, 92, 94);\n}\n<\/style>\n\t<\/section>\n\t\n","protected":false},"excerpt":{"rendered":"","protected":false},"author":5,"featured_media":0,"parent":10114,"menu_order":0,"comment_status":"closed","ping_status":"closed","template":"page-blank.php","meta":{"footnotes":""},"class_list":["post-10903","page","type-page","status-publish","hentry"],"aioseo_notices":[],"_links":{"self":[{"href":"https:\/\/words-of-faith.org\/fr\/wp-json\/wp\/v2\/pages\/10903","targetHints":{"allow":["GET"]}}],"collection":[{"href":"https:\/\/words-of-faith.org\/fr\/wp-json\/wp\/v2\/pages"}],"about":[{"href":"https:\/\/words-of-faith.org\/fr\/wp-json\/wp\/v2\/types\/page"}],"author":[{"embeddable":true,"href":"https:\/\/words-of-faith.org\/fr\/wp-json\/wp\/v2\/users\/5"}],"replies":[{"embeddable":true,"href":"https:\/\/words-of-faith.org\/fr\/wp-json\/wp\/v2\/comments?post=10903"}],"version-history":[{"count":0,"href":"https:\/\/words-of-faith.org\/fr\/wp-json\/wp\/v2\/pages\/10903\/revisions"}],"up":[{"embeddable":true,"href":"https:\/\/words-of-faith.org\/fr\/wp-json\/wp\/v2\/pages\/10114"}],"wp:attachment":[{"href":"https:\/\/words-of-faith.org\/fr\/wp-json\/wp\/v2\/media?parent=10903"}],"curies":[{"name":"wp","href":"https:\/\/api.w.org\/{rel}","templated":true}]}}