{"id":11019,"date":"2020-05-14T20:00:55","date_gmt":"2020-05-14T18:00:55","guid":{"rendered":"https:\/\/aslaksen.bcc.no\/?page_id=11019"},"modified":"2020-08-21T12:15:47","modified_gmt":"2020-08-21T10:15:47","slug":"se-charger-de-sa-croix","status":"publish","type":"page","link":"https:\/\/words-of-faith.org\/fr\/bible-study\/theme-2\/se-charger-de-sa-croix\/","title":{"rendered":"Se charger de sa croix"},"content":{"rendered":"\n\t<section class=\"section\" id=\"section_138568650\">\n\t\t<div class=\"section-bg fill\" >\n\t\t\t\t\t\t\t\t\t\n\t\t\t\n\n\t\t<\/div>\n\n\t\t\n\n\t\t<div class=\"section-content relative\">\n\t\t\t\n<div class=\"row align-center\"  id=\"row-113547185\">\n\n\t<div id=\"col-1071827113\" class=\"col small-12 large-12\"  >\n\t\t\t\t<div class=\"col-inner\"  >\n\t\t\t\n\t\t\t\n<p class=\"breadcrumbs\"><a href=\"..\/\">Theme 2<\/a> \/ Messages<\/p>\n<h1>Se charger de sa croix<\/h1>\n<p class=\"article-date\">Tr\u00e9sors Cach\u00e9s, publi\u00e9 en f\u00e9vrier 1970<\/p>\n<p class=\"article-author\">de Elias Aslaksen<\/p>\n\t\t<\/div>\n\t\t\t\t\t<\/div>\n\n\t\n\n<style>\n#row-113547185 > .col > .col-inner {\n  padding: 30px 0px 0px 0px;\n}\n<\/style>\n<\/div>\n<div class=\"row align-center audio\"  id=\"row-1228272039\">\n\n\t<div id=\"col-1433998309\" class=\"col small-12 large-12\"  >\n\t\t\t\t<div class=\"col-inner\"  >\n\t\t\t\n\t\t\t\n<!--[if lt IE 9]><script>document.createElement('audio');<\/script><![endif]-->\n<audio class=\"wp-audio-shortcode\" id=\"audio-11019-1\" preload=\"none\" style=\"width: 100%;\" controls=\"controls\"><source type=\"audio\/mpeg\" src=\"\/audio\/Tema%202\/fr\/11%20Se%20charger%20de%20sa%20croix_MASTER.mp3?_=1\" \/><a href=\"\/audio\/Tema%202\/fr\/11%20Se%20charger%20de%20sa%20croix_MASTER.mp3\">\/audio\/Tema%202\/fr\/11%20Se%20charger%20de%20sa%20croix_MASTER.mp3<\/a><\/audio>\n<p class=\"click-to-listen\">Click to listen to the speech.<\/p>\n\t\t<\/div>\n\t\t\t\t\t<\/div>\n\n\t\n<\/div>\n<div class=\"row align-center article article-excerpt\"  id=\"row-2065529488\">\n\n\t<div id=\"col-226603679\" class=\"col small-12 large-12\"  >\n\t\t\t\t<div class=\"col-inner text-left\"  >\n\t\t\t\n\t\t\t\n<div id=\"chapter-element-2\" data-v-7f3df67e=\"\">\n<p>et <em>porter sa croix<\/em>, c\u2019est-\u00e0-dire aider \u00e0 sa propre crucifixion. Ma croix, c\u2019est tout ce et tous ceux qui contrarient ma volont\u00e9, ma volont\u00e9 humaine, la volont\u00e9 de la chair.<\/p>\n<p>Si je ne me charge pas de ma croix, <em>je ne suis pas digne de Christ&nbsp;<\/em>! Et c\u2019est le cas de beaucoup de croyants. En effet, ils marchent en <em>ennemis de la croix de Christ<\/em>, nous dit Paul, c\u2019est-\u00e0-dire en ennemis de la croix dont ils devraient se charger, et \u00e0 laquelle leur propre volont\u00e9 devrait \u00eatre clou\u00e9e.<\/p>\n<p>Dans Ga. 5, 24, nous trouvons cette v\u00e9rit\u00e9 d\u2019un s\u00e9rieux de mort : \u00ab Ceux qui sont \u00e0 J\u00e9sus-Christ <em>ont crucifi\u00e9<\/em>la chair avec ses passions et ses d\u00e9sirs. \u00bb Ceux qui n\u2019ont pas fait cela et qui continuent \u00e0 vivre sans avoir crucifi\u00e9 la chair, ne lui appartiennent donc <em>pas<\/em>! Ils ne sont <em>pas<\/em>ses disciples !La chose la plus glorieuse de toutes, c\u2019est que J\u00e9sus se soit laiss\u00e9 crucifier volontairement, et qu\u2019il ait m\u00eame aid\u00e9 \u00e0 cela ! La deuxi\u00e8me chose la plus glorieuse, c\u2019est lorsqu\u2019un homme se laisse crucifier volontairement avec lui, par la foi et l\u2019ob\u00e9issance de la foi, et en marchant jour apr\u00e8s jour comme un ami v\u00e9ritable des croix auxquelles sa propre volont\u00e9 doit \u00eatre clou\u00e9e.<\/p>\n<p>C\u2019\u00e9tait la seule chose dont le magnifique ap\u00f4tre Paul ait voulu se glorifier, et c\u2019\u00e9tait ce qu\u2019il savait de plus grand&nbsp;! Et sa vie et sa doctrine le montrent clairement ! Il n\u2019\u00e9tait donc pas seulement enthousiasm\u00e9 pour cette th\u00e9orie parfaite ! Non, il la vivait pleinement, et il exhortait les autres \u00e0 le suivre&nbsp;! Faisons cela pleinement, mes amis bien-aim\u00e9s !<\/p>\n<p>Ecoute ce qu\u2019il dit \u2013 \u00ab <em>J\u2019ai \u00e9t\u00e9<\/em>crucifi\u00e9 avec Christ, ce n\u2019est <em>plus<\/em>moi qui vis\u2026 \u00bb Ga. 2, 20. Et : \u00ab loin de moi la pens\u00e9e de&nbsp; me glorifier d\u2019autre chose que de la croix de notre Seigneur J\u00e9sus-Christ, par qui <em>le monde est crucifi\u00e9 pour moi, comme je le suis pour le monde<\/em>. \u00bb Ga. 6, 14.<\/p>\n<p>C\u2019\u00e9tait donc pour lui la chose la plus grande de toutes, la plus glorieuse de toutes, la plus efficace de toutes, et le secret du plus grand bonheur qu\u2019un homme puisse obtenir ici- bas dans le temps de son p\u00e8lerinage&nbsp;!<\/p>\n<p>\u00ab <em>Que ta volont\u00e9 soit faite, et non la mienne<\/em>! Cela est et reste <em>la question essentielle<\/em>tous les jours de notre vie, c\u2019est m\u00eame l\u00e0 <em>toute la question<\/em>! Il n\u2019y a en fait absolument aucune autre question ! Lu. 11, 2 : \u00ab Que ta volont\u00e9 soit faite sur la terre comme au ciel! \u00bb Au ciel, la volont\u00e9 de Dieu est ex\u00e9cut\u00e9e <em>exactement<\/em>et <em>\u00e0 la vitesse de l\u2019\u00e9clair<\/em>!<\/p>\n<p>Il va donc de soi que nous devons en arriver \u00e0 cela : <em>Abandonner \u00e0 la vitesse de<\/em><em>l\u2019\u00e9clair, crucifier notre propre volont\u00e9<\/em>, sinon, la volont\u00e9 de Dieu ne peut pas \u00eatre faite sur la terre comme elle est faite au ciel!<\/p>\n<p>Mais qui donc a un but aussi \u00e9lev\u00e9, et une telle foi ???<\/p>\n<p>Et si nous n\u2019avons pas eu ce but, r\u00e9veillons-nous maintenant pour de bon, afin de nous en emparer, ainsi que d\u2019une foi vivante que, par le secours infiniment puissant de Dieu, nous l\u2019atteindrons! Ainsi soit-il !<\/p>\n<p>Votre fr\u00e8re profond\u00e9ment afflig\u00e9 de tout sommeil spirituel,<\/p>\n<p>Elias ASLAKSEN<\/p>\n<\/div>\n\t\t<\/div>\n\t\t\t\t\t<\/div>\n\n\t\n\n\t<div id=\"col-412574431\" class=\"col copyright small-12 large-12\"  >\n\t\t\t\t<div class=\"col-inner text-left\"  >\n\t\t\t\n\t\t\t\n<div>\u00a9 Copyright Stiftelsen Skjulte Skatters Forlag<\/div>\n\t\t<\/div>\n\t\t\t\t\t<\/div>\n\n\t\n\n\t<div id=\"col-970544205\" class=\"col small-12 large-12\"  >\n\t\t\t\t<div class=\"col-inner text-left\"  >\n\t\t\t\n\t\t\t\n<div><a href=\"#\" class=\"read-more\">Lire plus<\/a><\/div>\n\t\t<\/div>\n\t\t\t\t\t<\/div>\n\n\t\n\n\t<div id=\"col-1451235900\" class=\"col small-12 large-12\"  >\n\t\t\t\t<div class=\"col-inner text-left\"  >\n\t\t\t\n\t\t\t\n<p class=\"next-previous-message\"><a class=\"previous\" href=\"\/fr\/bible-studies\/theme-2\/give-up-everything\/\"><i class=\"icon-angle-left\"><\/i> Previous<\/a><a class=\"next\" href=\"\/fr\/bible-studies\/theme-2\/the-two-great-goals-in-a-christians-life\/\">Next <i class=\"icon-angle-right\"><\/i><\/a><\/p>\n\t\t<\/div>\n\t\t\t\t\t<\/div>\n\n\t\n<\/div>\n\t\t<\/div>\n\n\t\t\n<style>\n#section_138568650 {\n  padding-top: 0px;\n  padding-bottom: 0px;\n  margin-bottom: 0px;\n}\n@media (min-width:550px) {\n  #section_138568650 {\n    padding-top: 0px;\n    padding-bottom: 0px;\n  }\n}\n<\/style>\n\t<\/section>\n\t\n\n\t<section class=\"section food-for-thought\" id=\"section_1999268406\">\n\t\t<div class=\"section-bg fill\" >\n\t\t\t\t\t\t\t\t\t\n\t\t\t\n\n\t\t<\/div>\n\n\t\t\n\n\t\t<div class=\"section-content relative\">\n\t\t\t\n<div class=\"row align-center\"  id=\"row-438571168\">\n\n\t<div id=\"col-1290224196\" class=\"col title small-12 large-12\"  >\n\t\t\t\t<div class=\"col-inner text-left dark\"  >\n\t\t\t\n\t\t\t\n<h2>Devotional<\/h2>\n\t\t<\/div>\n\t\t\t\t\t<\/div>\n\n\t\n\n\t<div id=\"col-1301747145\" class=\"col small-12 large-12\"  >\n\t\t\t\t<div class=\"col-inner dark\"  >\n\t\t\t\n\t\t\t\n<p>Si tu pouvais poser une question \u00e0 Aslaksen apr\u00e8s avoir lu l&#8217;article &#8220;Porter sa croix&#8221;, laquelle serait-ce ?<\/p>\n<p class='info'>You have to <a href='\/login\/'>log in<\/a> if you want to save your answer.<\/p>\n\t\t<\/div>\n\t\t\t\t\t<\/div>\n\n\t\n<\/div>\n\t\t<\/div>\n\n\t\t\n<style>\n#section_1999268406 {\n  padding-top: 30px;\n  padding-bottom: 30px;\n  background-color: rgb(73, 92, 94);\n}\n<\/style>\n\t<\/section>\n\t\n","protected":false},"excerpt":{"rendered":"","protected":false},"author":5,"featured_media":0,"parent":10114,"menu_order":0,"comment_status":"closed","ping_status":"closed","template":"page-blank.php","meta":{"footnotes":""},"class_list":["post-11019","page","type-page","status-publish","hentry"],"aioseo_notices":[],"_links":{"self":[{"href":"https:\/\/words-of-faith.org\/fr\/wp-json\/wp\/v2\/pages\/11019","targetHints":{"allow":["GET"]}}],"collection":[{"href":"https:\/\/words-of-faith.org\/fr\/wp-json\/wp\/v2\/pages"}],"about":[{"href":"https:\/\/words-of-faith.org\/fr\/wp-json\/wp\/v2\/types\/page"}],"author":[{"embeddable":true,"href":"https:\/\/words-of-faith.org\/fr\/wp-json\/wp\/v2\/users\/5"}],"replies":[{"embeddable":true,"href":"https:\/\/words-of-faith.org\/fr\/wp-json\/wp\/v2\/comments?post=11019"}],"version-history":[{"count":0,"href":"https:\/\/words-of-faith.org\/fr\/wp-json\/wp\/v2\/pages\/11019\/revisions"}],"up":[{"embeddable":true,"href":"https:\/\/words-of-faith.org\/fr\/wp-json\/wp\/v2\/pages\/10114"}],"wp:attachment":[{"href":"https:\/\/words-of-faith.org\/fr\/wp-json\/wp\/v2\/media?parent=11019"}],"curies":[{"name":"wp","href":"https:\/\/api.w.org\/{rel}","templated":true}]}}