{"id":13324,"date":"2020-05-29T20:00:19","date_gmt":"2020-05-29T18:00:19","guid":{"rendered":"https:\/\/aslaksen.bcc.no\/?page_id=13324"},"modified":"2020-08-21T12:28:57","modified_gmt":"2020-08-21T10:28:57","slug":"la-crainte-de-dieu","status":"publish","type":"page","link":"https:\/\/words-of-faith.org\/fr\/bible-study\/theme-3\/la-crainte-de-dieu\/","title":{"rendered":"La crainte de Dieu"},"content":{"rendered":"\n\t<section class=\"section\" id=\"section_1458794805\">\n\t\t<div class=\"section-bg fill\" >\n\t\t\t\t\t\t\t\t\t\n\t\t\t\n\n\t\t<\/div>\n\n\t\t\n\n\t\t<div class=\"section-content relative\">\n\t\t\t\n<div class=\"row align-center\"  id=\"row-169636523\">\n\n\t<div id=\"col-45808234\" class=\"col small-12 large-12\"  >\n\t\t\t\t<div class=\"col-inner\"  >\n\t\t\t\n\t\t\t\n<p class=\"breadcrumbs\"><a href=\"..\/\">Theme 3<\/a> \/ Messages<\/p>\n<h1>La crainte de Dieu<\/h1>\n<p class=\"article-date\">Tr\u00e9sors Cach\u00e9s, publi\u00e9 en avril 1991<\/p>\n<p class=\"article-author\">de Elias Aslaksen<\/p>\n\t\t<\/div>\n\t\t\t\t\t<\/div>\n\n\t\n\n<style>\n#row-169636523 > .col > .col-inner {\n  padding: 30px 0px 0px 0px;\n}\n<\/style>\n<\/div>\n<div class=\"row align-center audio\"  id=\"row-20678475\">\n\n\t<div id=\"col-450755680\" class=\"col small-12 large-12\"  >\n\t\t\t\t<div class=\"col-inner\"  >\n\t\t\t\n\t\t\t\n<!--[if lt IE 9]><script>document.createElement('audio');<\/script><![endif]-->\n<audio class=\"wp-audio-shortcode\" id=\"audio-13324-1\" preload=\"none\" style=\"width: 100%;\" controls=\"controls\"><source type=\"audio\/mpeg\" src=\"\/audio\/Tema%203\/FR\/14%20La%20crainte%20de%20Dieu.mp3?_=1\" \/><a href=\"\/audio\/Tema%203\/FR\/14%20La%20crainte%20de%20Dieu.mp3\">\/audio\/Tema%203\/FR\/14%20La%20crainte%20de%20Dieu.mp3<\/a><\/audio>\n<p class=\"click-to-listen\">Click to listen to the speech.<\/p>\n\t\t<\/div>\n\t\t\t\t\t<\/div>\n\n\t\n<\/div>\n<div class=\"row align-center article article-excerpt\"  id=\"row-305343426\">\n\n\t<div id=\"col-390313816\" class=\"col small-12 large-12\"  >\n\t\t\t\t<div class=\"col-inner text-left\"  >\n\t\t\t\n\t\t\t\n<p>La crainte de Dieu (la pi\u00e9t\u00e9) au sens le plus profond \u2013 selon la mesure de r\u00e9f\u00e9rence de Dieu \u2013 n\u2019existe presque pas dans ce monde&nbsp;!!! Malheureusement, malheureusement, malheureusement&nbsp;! Pourquoi m\u2019appelez-vous Seigneur, Seigneur&nbsp;! et ne faites-vous pas ce que je dis&nbsp;??? dit J\u00e9sus. S\u2019il est notre Seigneur, nous sommes alors ses serviteurs, et nous avons le devoir de lui ob\u00e9ir en tout&nbsp;! Presque personne ne prend la chose de cette mani\u00e8re. Lu. 6, 46.<\/p>\n<p>\u00ab&nbsp;Qui prend garde \u00e0 la force de ta col\u00e8re, et \u00e0 ton courroux, selon la crainte qui t\u2019est due&nbsp;?&nbsp;\u00bb Ps. 90, 11. La crainte de Dieu vraie et enti\u00e8re a pour effet que nous comprenons et savons combien Dieu est en col\u00e8re et courrouc\u00e9 contre les p\u00e9ch\u00e9s de toutes sortes, sous toutes leurs formes et tous leurs aspects, et \u00e0 tous les degr\u00e9s&nbsp;!<\/p>\n<p>Plus nous craignons de d\u00e9plaire \u00e0 Dieu, de transgresser ses lois et ses commandements, plus nous sommes rapides \u00e0 prendre nos distances par rapport \u00e0 toutes sortes de p\u00e9ch\u00e9s et de transgressions, et plus nous nous en \u00e9loignons. Plus nous sommes exacts et plus nous \u00e9prouvons de la joie et du s\u00e9rieux, et plus nous sommes prompts \u00e0 garder toute sa parole de tout notre c\u0153ur&nbsp;! Qui donc craint avec un s\u00e9rieux de mort de perdre tout le salut parce qu\u2019il prononce des paroles vaines&nbsp;??? Ja. 1, 26. Ou de n\u00e9gliger de faire quelque chose de bien parmi toutes les bonnes choses qu\u2019il a la possibilit\u00e9 de faire&nbsp;??? Ja. 4, 17.<\/p>\n<p>As-tu vraiment peur de cela, cher ami&nbsp;?<\/p>\n\t\t<\/div>\n\t\t\t\t\t<\/div>\n\n\t\n\n\t<div id=\"col-1260471214\" class=\"col copyright small-12 large-12\"  >\n\t\t\t\t<div class=\"col-inner text-left\"  >\n\t\t\t\n\t\t\t\n<div>\u00a9 Copyright Stiftelsen Skjulte Skatters Forlag<\/div>\n\t\t<\/div>\n\t\t\t\t\t<\/div>\n\n\t\n\n\t<div id=\"col-97581858\" class=\"col small-12 large-12\"  >\n\t\t\t\t<div class=\"col-inner text-left\"  >\n\t\t\t\n\t\t\t\n<div><a href=\"#\" class=\"read-more\">Lire plus<\/a><\/div>\n\t\t<\/div>\n\t\t\t\t\t<\/div>\n\n\t\n\n\t<div id=\"col-345674001\" class=\"col small-12 large-12\"  >\n\t\t\t\t<div class=\"col-inner text-left\"  >\n\t\t\t\n\t\t\t\n<p class=\"next-previous-message\"><a class=\"previous\" href=\"\/fr\/bible-studies\/theme-3\/judge-not\/\"><i class=\"icon-angle-left\"><\/i> Previous<\/a><a class=\"next\" href=\"\/fr\/bible-studies\/theme-3\/keep-yourselves-from-idols\/\">Next <i class=\"icon-angle-right\"><\/i><\/a><\/p>\n\t\t<\/div>\n\t\t\t\t\t<\/div>\n\n\t\n<\/div>\n\t\t<\/div>\n\n\t\t\n<style>\n#section_1458794805 {\n  padding-top: 0px;\n  padding-bottom: 0px;\n  margin-bottom: 0px;\n}\n@media (min-width:550px) {\n  #section_1458794805 {\n    padding-top: 0px;\n    padding-bottom: 0px;\n  }\n}\n<\/style>\n\t<\/section>\n\t\n\n\t<section class=\"section food-for-thought\" id=\"section_1546602493\">\n\t\t<div class=\"section-bg fill\" >\n\t\t\t\t\t\t\t\t\t\n\t\t\t\n\n\t\t<\/div>\n\n\t\t\n\n\t\t<div class=\"section-content relative\">\n\t\t\t\n<div class=\"row align-center\"  id=\"row-156529163\">\n\n\t<div id=\"col-421069783\" class=\"col title small-12 large-12\"  >\n\t\t\t\t<div class=\"col-inner text-left dark\"  >\n\t\t\t\n\t\t\t\n<h2>Devotional<\/h2>\n\t\t<\/div>\n\t\t\t\t\t<\/div>\n\n\t\n\n\t<div id=\"col-87793428\" class=\"col small-12 large-12\"  >\n\t\t\t\t<div class=\"col-inner dark\"  >\n\t\t\t\n\t\t\t\n<p>Dans l&#8217;article &#8220;La crainte de Dieu&#8221; Aslaksen \u00e9crit \u00e0 propos de la col\u00e8re de Dieu envers le p\u00e9ch\u00e9. Notes un verset de la Bible qui d\u00e9crit cela. Ensuite, trouves un verset de la Bible qui montre combien J\u00e9sus t&#8217;aime.<\/p>\n<p class='info'>You have to <a href='\/login\/'>log in<\/a> if you want to save your answer.<\/p>\n\t\t<\/div>\n\t\t\t\t\t<\/div>\n\n\t\n<\/div>\n\t\t<\/div>\n\n\t\t\n<style>\n#section_1546602493 {\n  padding-top: 30px;\n  padding-bottom: 30px;\n  background-color: rgb(73, 92, 94);\n}\n<\/style>\n\t<\/section>\n\t\n","protected":false},"excerpt":{"rendered":"","protected":false},"author":5,"featured_media":0,"parent":12612,"menu_order":2,"comment_status":"closed","ping_status":"closed","template":"page-blank.php","meta":{"footnotes":""},"class_list":["post-13324","page","type-page","status-publish","hentry"],"aioseo_notices":[],"_links":{"self":[{"href":"https:\/\/words-of-faith.org\/fr\/wp-json\/wp\/v2\/pages\/13324","targetHints":{"allow":["GET"]}}],"collection":[{"href":"https:\/\/words-of-faith.org\/fr\/wp-json\/wp\/v2\/pages"}],"about":[{"href":"https:\/\/words-of-faith.org\/fr\/wp-json\/wp\/v2\/types\/page"}],"author":[{"embeddable":true,"href":"https:\/\/words-of-faith.org\/fr\/wp-json\/wp\/v2\/users\/5"}],"replies":[{"embeddable":true,"href":"https:\/\/words-of-faith.org\/fr\/wp-json\/wp\/v2\/comments?post=13324"}],"version-history":[{"count":0,"href":"https:\/\/words-of-faith.org\/fr\/wp-json\/wp\/v2\/pages\/13324\/revisions"}],"up":[{"embeddable":true,"href":"https:\/\/words-of-faith.org\/fr\/wp-json\/wp\/v2\/pages\/12612"}],"wp:attachment":[{"href":"https:\/\/words-of-faith.org\/fr\/wp-json\/wp\/v2\/media?parent=13324"}],"curies":[{"name":"wp","href":"https:\/\/api.w.org\/{rel}","templated":true}]}}