{"id":13342,"date":"2020-05-29T20:00:12","date_gmt":"2020-05-29T18:00:12","guid":{"rendered":"https:\/\/aslaksen.bcc.no\/?page_id=13342"},"modified":"2020-08-21T13:34:43","modified_gmt":"2020-08-21T11:34:43","slug":"gardez-vous-des-idoles","status":"publish","type":"page","link":"https:\/\/words-of-faith.org\/fr\/bible-study\/theme-3\/gardez-vous-des-idoles\/","title":{"rendered":"Gardez-vous des idoles"},"content":{"rendered":"\n\t<section class=\"section\" id=\"section_1151139840\">\n\t\t<div class=\"section-bg fill\" >\n\t\t\t\t\t\t\t\t\t\n\t\t\t\n\n\t\t<\/div>\n\n\t\t\n\n\t\t<div class=\"section-content relative\">\n\t\t\t\n<div class=\"row align-center\"  id=\"row-1767395305\">\n\n\t<div id=\"col-218108620\" class=\"col small-12 large-12\"  >\n\t\t\t\t<div class=\"col-inner\"  >\n\t\t\t\n\t\t\t\n<p class=\"breadcrumbs\"><a href=\"..\/\">Theme 3<\/a> \/ Messages<\/p>\n<h1>Gardez-vous des idoles<\/h1>\n<p class=\"article-date\">Tr\u00e9sors Cach\u00e9s, publi\u00e9 en f\u00e9vrier 1991<\/p>\n<p class=\"article-author\">de Elias Aslaksen<\/p>\n\t\t<\/div>\n\t\t\t\t\t<\/div>\n\n\t\n\n<style>\n#row-1767395305 > .col > .col-inner {\n  padding: 30px 0px 0px 0px;\n}\n<\/style>\n<\/div>\n<div class=\"row align-center audio\"  id=\"row-2001246625\">\n\n\t<div id=\"col-1986625044\" class=\"col small-12 large-12\"  >\n\t\t\t\t<div class=\"col-inner\"  >\n\t\t\t\n\t\t\t\n<!--[if lt IE 9]><script>document.createElement('audio');<\/script><![endif]-->\n<audio class=\"wp-audio-shortcode\" id=\"audio-13342-1\" preload=\"none\" style=\"width: 100%;\" controls=\"controls\"><source type=\"audio\/mpeg\" src=\"\/audio\/Tema%203\/FR\/15%20Gardez-vous%20des%20idoles_FR.mp3?_=1\" \/><a href=\"\/audio\/Tema%203\/FR\/15%20Gardez-vous%20des%20idoles_FR.mp3\">\/audio\/Tema%203\/FR\/15%20Gardez-vous%20des%20idoles_FR.mp3<\/a><\/audio>\n<p class=\"click-to-listen\">Click to listen to the speech.<\/p>\n\t\t<\/div>\n\t\t\t\t\t<\/div>\n\n\t\n<\/div>\n<div class=\"row align-center article article-excerpt\"  id=\"row-1934831164\">\n\n\t<div id=\"col-1075933707\" class=\"col small-12 large-12\"  >\n\t\t\t\t<div class=\"col-inner text-left\"  >\n\t\t\t\n\t\t\t\n<p>1 Jn. 5, 21<\/p>\n<p>Le verset 15 du chapitre 2 de la premi\u00e8re \u00e9pitre de Jean d\u00e9finit ce que les idoles sont habituellement : ce sont les choses qui sont dans ce monde ! C\u2019est en accord avec l\u2019explication donn\u00e9e par l\u2019ap\u00f4tre Paul : la cupidit\u00e9 est une idol\u00e2trie*.<\/p>\n<p>Les idoles, ce sont donc les choses qu\u2019on est malade d\u2019avoir, d\u2019obtenir et de se procurer. Il y a aussi une explication d\u2019un s\u00e9rieux de mort quant \u00e0 la nature de cette idol\u00e2trie dans Ph. 3, 18-19&nbsp;: \u00ab&nbsp;Leur fin sera la perdition&nbsp;; ils ont pour dieu leur ventre\u2026 ils ne pensent qu\u2019aux choses de la terre.&nbsp;\u00bb On peut aimer et admirer la bonne nourriture \u00e0 un degr\u00e9 tel qu\u2019on a pour dieu son ventre, c\u2019est-\u00e0-dire la bonne nourriture et la nourriture en grande quantit\u00e9. Paul leur en avait souvent parl\u00e9 et il en parlait en pleurant. V. 18. C\u2019est aussi en accord avec ce qu\u2019il a \u00e9crit dans Ro. 1, 25&nbsp;: ils ont ador\u00e9 et servi la cr\u00e9ature au lieu du Cr\u00e9ateur&nbsp;! On utilise la majeure partie de son argent pour de l\u2019idol\u00e2trie&nbsp;! C\u2019est justement pour cela qu\u2019on ne peut pas aimer l\u2019argent en m\u00eame temps qu\u2019on aime Dieu&nbsp;!!!<\/p>\n<p>Le grand proph\u00e8te Esa\u00efe a aussi parl\u00e9 de cela avec s\u00e9rieux&nbsp;! Es. 2, 21-22 et 3, 16-24. Au chapitre 2 et au verset 18, il est \u00e9crit&nbsp;: \u00ab&nbsp;\u00ab&nbsp;Toutes les idoles dispara\u00eetront.&nbsp;\u00bb \u00c0 savoir&nbsp;: au jour o\u00f9 la col\u00e8re et le jugement de Dieu sur toutes ces choses seront r\u00e9v\u00e9l\u00e9s&nbsp;! (V. 12) Mais le fait est que J\u00e9sus a apport\u00e9 un salut parfait \u00e0 l\u2019\u00e9gard de toute cette mis\u00e8re ordinaire&nbsp;!!!<\/p>\n<p>Nous avons donc maintenant tous la possibilit\u00e9 pleine et enti\u00e8re d\u2019en finir totalement avec toutes les formes d\u2019idol\u00e2trie dans nos vies&nbsp;! Lou\u00e9 soit le Seigneur&nbsp;!<\/p>\n<p>&nbsp;<\/p>\n<p>*En norv\u00e9gien, le mot \u00ab idol\u00e2trie \u00bb (havesyke) veut dire litt\u00e9ralement \u00abla maladie d\u2019avoir\u00bb.<\/p>\n\t\t<\/div>\n\t\t\t\t\t<\/div>\n\n\t\n\n\t<div id=\"col-1722741188\" class=\"col copyright small-12 large-12\"  >\n\t\t\t\t<div class=\"col-inner text-left\"  >\n\t\t\t\n\t\t\t\n<div>\u00a9 Copyright Stiftelsen Skjulte Skatters Forlag<\/div>\n\t\t<\/div>\n\t\t\t\t\t<\/div>\n\n\t\n\n\t<div id=\"col-790514185\" class=\"col small-12 large-12\"  >\n\t\t\t\t<div class=\"col-inner text-left\"  >\n\t\t\t\n\t\t\t\n<div><a href=\"#\" class=\"read-more\">Lire plus<\/a><\/div>\n\t\t<\/div>\n\t\t\t\t\t<\/div>\n\n\t\n\n\t<div id=\"col-1181293342\" class=\"col small-12 large-12\"  >\n\t\t\t\t<div class=\"col-inner text-left\"  >\n\t\t\t\n\t\t\t\n<p class=\"next-previous-message\"><a class=\"previous\" href=\"\/fr\/bible-studies\/theme-3\/the-fear-of-god\/\"><i class=\"icon-angle-left\"><\/i> Previous<\/a><a class=\"next\" href=\"\/fr\/bible-studies\/theme-3\/do-gods-will\/\">Next <i class=\"icon-angle-right\"><\/i><\/a><\/p>\n\t\t<\/div>\n\t\t\t\t\t<\/div>\n\n\t\n<\/div>\n\t\t<\/div>\n\n\t\t\n<style>\n#section_1151139840 {\n  padding-top: 0px;\n  padding-bottom: 0px;\n  margin-bottom: 0px;\n}\n@media (min-width:550px) {\n  #section_1151139840 {\n    padding-top: 0px;\n    padding-bottom: 0px;\n  }\n}\n<\/style>\n\t<\/section>\n\t\n\n\t<section class=\"section food-for-thought\" id=\"section_1806512130\">\n\t\t<div class=\"section-bg fill\" >\n\t\t\t\t\t\t\t\t\t\n\t\t\t\n\n\t\t<\/div>\n\n\t\t\n\n\t\t<div class=\"section-content relative\">\n\t\t\t\n<div class=\"row align-center\"  id=\"row-2035336452\">\n\n\t<div id=\"col-1122062763\" class=\"col title small-12 large-12\"  >\n\t\t\t\t<div class=\"col-inner text-left dark\"  >\n\t\t\t\n\t\t\t\n<h2>Devotional<\/h2>\n\t\t<\/div>\n\t\t\t\t\t<\/div>\n\n\t\n\n\t<div id=\"col-594296557\" class=\"col small-12 large-12\"  >\n\t\t\t\t<div class=\"col-inner dark\"  >\n\t\t\t\n\t\t\t\n<p>Dans l&#8217;article &#8220;Gardez vous des idoles&#8221;, Aslaksen cite certains exemples d&#8217;idoles. A quel moment quelque chose devient une idole pour toi ?<\/p>\n<p class='info'>You have to <a href='\/login\/'>log in<\/a> if you want to save your answer.<\/p>\n\t\t<\/div>\n\t\t\t\t\t<\/div>\n\n\t\n<\/div>\n\t\t<\/div>\n\n\t\t\n<style>\n#section_1806512130 {\n  padding-top: 30px;\n  padding-bottom: 30px;\n  background-color: rgb(73, 92, 94);\n}\n<\/style>\n\t<\/section>\n\t\n","protected":false},"excerpt":{"rendered":"","protected":false},"author":5,"featured_media":0,"parent":12612,"menu_order":3,"comment_status":"closed","ping_status":"closed","template":"page-blank.php","meta":{"footnotes":""},"class_list":["post-13342","page","type-page","status-publish","hentry"],"aioseo_notices":[],"_links":{"self":[{"href":"https:\/\/words-of-faith.org\/fr\/wp-json\/wp\/v2\/pages\/13342","targetHints":{"allow":["GET"]}}],"collection":[{"href":"https:\/\/words-of-faith.org\/fr\/wp-json\/wp\/v2\/pages"}],"about":[{"href":"https:\/\/words-of-faith.org\/fr\/wp-json\/wp\/v2\/types\/page"}],"author":[{"embeddable":true,"href":"https:\/\/words-of-faith.org\/fr\/wp-json\/wp\/v2\/users\/5"}],"replies":[{"embeddable":true,"href":"https:\/\/words-of-faith.org\/fr\/wp-json\/wp\/v2\/comments?post=13342"}],"version-history":[{"count":0,"href":"https:\/\/words-of-faith.org\/fr\/wp-json\/wp\/v2\/pages\/13342\/revisions"}],"up":[{"embeddable":true,"href":"https:\/\/words-of-faith.org\/fr\/wp-json\/wp\/v2\/pages\/12612"}],"wp:attachment":[{"href":"https:\/\/words-of-faith.org\/fr\/wp-json\/wp\/v2\/media?parent=13342"}],"curies":[{"name":"wp","href":"https:\/\/api.w.org\/{rel}","templated":true}]}}