{"id":13379,"date":"2020-05-29T20:00:06","date_gmt":"2020-05-29T18:00:06","guid":{"rendered":"https:\/\/aslaksen.bcc.no\/?page_id=13379"},"modified":"2020-08-21T13:45:57","modified_gmt":"2020-08-21T11:45:57","slug":"remettre-son-ame-au-fidele-createur","status":"publish","type":"page","link":"https:\/\/words-of-faith.org\/fr\/bible-study\/theme-3\/remettre-son-ame-au-fidele-createur\/","title":{"rendered":"Remettre son \u00e2me au fid\u00e8le Cr\u00e9ateur"},"content":{"rendered":"\n\t<section class=\"section\" id=\"section_1931834872\">\n\t\t<div class=\"section-bg fill\" >\n\t\t\t\t\t\t\t\t\t\n\t\t\t\n\n\t\t<\/div>\n\n\t\t\n\n\t\t<div class=\"section-content relative\">\n\t\t\t\n<div class=\"row align-center\"  id=\"row-1758942869\">\n\n\t<div id=\"col-1982754454\" class=\"col small-12 large-12\"  >\n\t\t\t\t<div class=\"col-inner\"  >\n\t\t\t\n\t\t\t\n<p class=\"breadcrumbs\"><a href=\"..\/\">Theme 3<\/a> \/ Messages<\/p>\n<h1>Remettre son \u00e2me au fid\u00e8le Cr\u00e9ateur<\/h1>\n<p class=\"article-date\">Tr\u00e9sors Cach\u00e9s, publi\u00e9 en mars 1989<\/p>\n<p class=\"article-author\">de Elias Aslaksen<\/p>\n\t\t<\/div>\n\t\t\t\t\t<\/div>\n\n\t\n\n<style>\n#row-1758942869 > .col > .col-inner {\n  padding: 30px 0px 0px 0px;\n}\n<\/style>\n<\/div>\n<div class=\"row align-center audio\"  id=\"row-644319130\">\n\n\t<div id=\"col-1177717544\" class=\"col small-12 large-12\"  >\n\t\t\t\t<div class=\"col-inner\"  >\n\t\t\t\n\t\t\t\n<!--[if lt IE 9]><script>document.createElement('audio');<\/script><![endif]-->\n<audio class=\"wp-audio-shortcode\" id=\"audio-13379-1\" preload=\"none\" style=\"width: 100%;\" controls=\"controls\"><source type=\"audio\/mpeg\" src=\"\/audio\/Tema%203\/FR\/17%20Remettre%20son%20%C3%A2me%20au%20fid%C3%A8le%20Cr%C3%A9ateur.mp3?_=1\" \/><a href=\"\/audio\/Tema%203\/FR\/17%20Remettre%20son%20%C3%A2me%20au%20fid%C3%A8le%20Cr%C3%A9ateur.mp3\">\/audio\/Tema%203\/FR\/17%20Remettre%20son%20%C3%A2me%20au%20fid%C3%A8le%20Cr%C3%A9ateur.mp3<\/a><\/audio>\n<p class=\"click-to-listen\">Click to listen to the speech.<\/p>\n\t\t<\/div>\n\t\t\t\t\t<\/div>\n\n\t\n<\/div>\n<div class=\"row align-center article article-excerpt\"  id=\"row-1676151929\">\n\n\t<div id=\"col-1061448014\" class=\"col small-12 large-12\"  >\n\t\t\t\t<div class=\"col-inner text-left\"  >\n\t\t\t\n\t\t\t\n<p>1 Pi. 4, 19<\/p>\n<p>Quelle expression judicieuse et riche de contenu&nbsp;!!! Il s\u2019agit donc de ne pas garder notre \u00e2me pour nous-m\u00eames, de ne pas vivre nous-m\u00eames, de ne pas faire ce qui nous plait, mais de lui remettre notre \u00e2me. De nous abandonner \u00e0 lui de toutes les fibres de notre \u00eatre et de tout ce qui est en nous, en lui faisant pleinement confiance, \u00e0 lui qui est le Cr\u00e9ateur, lui qui a tout cr\u00e9\u00e9 et qui veut maintenant cr\u00e9er quelque chose de tout \u00e0 fait nouveau dans notre \u00eatre int\u00e9rieur&nbsp;! De ne pas nous fier \u00e0 notre raisonnement et \u00e0 nos sentiments, mais de nous en remettre pleinement \u00e0 lui, \u00e0 sa parole, selon la lumi\u00e8re parfaite du Nouveau Testament.<\/p>\n<p>Mot d\u2019ordre&nbsp;: confiance aveugle et fid\u00e9lit\u00e9 simple dans les petites comme dans les grandes choses. Nous ne pouvons pas dire au Cr\u00e9ateur comment il doit cr\u00e9er&nbsp;! C\u2019est son affaire. Notre affaire est de nous abandonner \u00e0 sa volont\u00e9. Tout l\u2019honneur et toute la louange lui reviennent&nbsp;!<\/p>\n<p>Examine-toi pour savoir si tu t\u2019es vraiment abandonn\u00e9 \u00e0 lui sans volont\u00e9. \u2013 Si ce n\u2019est pas le cas, abandonne-toi \u00e0 lui maintenant, car il vaut beaucoup mieux tard que jamais&nbsp;!<\/p>\n<p>Lorsque le contenu de l\u2019\u00e2me est livr\u00e9 \u00e0 la mort de Christ, on comprend les choses spirituelles. \u2013 Ceux qui sont psychiques (qui vivent sous l\u2019emprise des sentiments) ne lui ont par remis leur \u00e2me.<\/p>\n\t\t<\/div>\n\t\t\t\t\t<\/div>\n\n\t\n\n\t<div id=\"col-1503099790\" class=\"col copyright small-12 large-12\"  >\n\t\t\t\t<div class=\"col-inner text-left\"  >\n\t\t\t\n\t\t\t\n<div>\u00a9 Copyright Stiftelsen Skjulte Skatters Forlag<\/div>\n\t\t<\/div>\n\t\t\t\t\t<\/div>\n\n\t\n\n\t<div id=\"col-522310192\" class=\"col small-12 large-12\"  >\n\t\t\t\t<div class=\"col-inner text-left\"  >\n\t\t\t\n\t\t\t\n<div><a href=\"#\" class=\"read-more\">Lire plus<\/a><\/div>\n\t\t<\/div>\n\t\t\t\t\t<\/div>\n\n\t\n\n\t<div id=\"col-1488738144\" class=\"col small-12 large-12\"  >\n\t\t\t\t<div class=\"col-inner text-left\"  >\n\t\t\t\n\t\t\t\n<p class=\"next-previous-message\"><a class=\"previous\" href=\"\/fr\/bible-studies\/theme-3\/do-gods-will\/\"><i class=\"icon-angle-left\"><\/i> Previous<\/a><a class=\"next\" href=\"\/fr\/bible-studies\/theme-3\/you-are-loved-and-should-love-in-return\/\">Next <i class=\"icon-angle-right\"><\/i><\/a><\/p>\n\t\t<\/div>\n\t\t\t\t\t<\/div>\n\n\t\n<\/div>\n\t\t<\/div>\n\n\t\t\n<style>\n#section_1931834872 {\n  padding-top: 0px;\n  padding-bottom: 0px;\n  margin-bottom: 0px;\n}\n@media (min-width:550px) {\n  #section_1931834872 {\n    padding-top: 0px;\n    padding-bottom: 0px;\n  }\n}\n<\/style>\n\t<\/section>\n\t\n\n\t<section class=\"section food-for-thought\" id=\"section_2090265507\">\n\t\t<div class=\"section-bg fill\" >\n\t\t\t\t\t\t\t\t\t\n\t\t\t\n\n\t\t<\/div>\n\n\t\t\n\n\t\t<div class=\"section-content relative\">\n\t\t\t\n<div class=\"row align-center\"  id=\"row-720899437\">\n\n\t<div id=\"col-478135189\" class=\"col title small-12 large-12\"  >\n\t\t\t\t<div class=\"col-inner text-left dark\"  >\n\t\t\t\n\t\t\t\n<h2>Devotional<\/h2>\n\t\t<\/div>\n\t\t\t\t\t<\/div>\n\n\t\n\n\t<div id=\"col-1965735324\" class=\"col small-12 large-12\"  >\n\t\t\t\t<div class=\"col-inner dark\"  >\n\t\t\t\n\t\t\t\n<p>Dans l&#8217;article &#8220;Remettre son \u00e2me au fid\u00e9le Cr\u00e9ateur&#8221;, Aslaksen \u00e9crit \u00e0 propos de s&#8217;abondonner \u00e0  Dieu pleinement et sans r\u00e9serve, sans une once de propre volont\u00e9. Que veut-il dire par l\u00e0 ?<\/p>\n<p class='info'>You have to <a href='\/login\/'>log in<\/a> if you want to save your answer.<\/p>\n\t\t<\/div>\n\t\t\t\t\t<\/div>\n\n\t\n<\/div>\n\t\t<\/div>\n\n\t\t\n<style>\n#section_2090265507 {\n  padding-top: 30px;\n  padding-bottom: 30px;\n  background-color: rgb(73, 92, 94);\n}\n<\/style>\n\t<\/section>\n\t\n","protected":false},"excerpt":{"rendered":"","protected":false},"author":5,"featured_media":0,"parent":12612,"menu_order":5,"comment_status":"closed","ping_status":"closed","template":"page-blank.php","meta":{"footnotes":""},"class_list":["post-13379","page","type-page","status-publish","hentry"],"aioseo_notices":[],"_links":{"self":[{"href":"https:\/\/words-of-faith.org\/fr\/wp-json\/wp\/v2\/pages\/13379","targetHints":{"allow":["GET"]}}],"collection":[{"href":"https:\/\/words-of-faith.org\/fr\/wp-json\/wp\/v2\/pages"}],"about":[{"href":"https:\/\/words-of-faith.org\/fr\/wp-json\/wp\/v2\/types\/page"}],"author":[{"embeddable":true,"href":"https:\/\/words-of-faith.org\/fr\/wp-json\/wp\/v2\/users\/5"}],"replies":[{"embeddable":true,"href":"https:\/\/words-of-faith.org\/fr\/wp-json\/wp\/v2\/comments?post=13379"}],"version-history":[{"count":0,"href":"https:\/\/words-of-faith.org\/fr\/wp-json\/wp\/v2\/pages\/13379\/revisions"}],"up":[{"embeddable":true,"href":"https:\/\/words-of-faith.org\/fr\/wp-json\/wp\/v2\/pages\/12612"}],"wp:attachment":[{"href":"https:\/\/words-of-faith.org\/fr\/wp-json\/wp\/v2\/media?parent=13379"}],"curies":[{"name":"wp","href":"https:\/\/api.w.org\/{rel}","templated":true}]}}