{"id":13397,"date":"2020-05-29T20:00:10","date_gmt":"2020-05-29T18:00:10","guid":{"rendered":"https:\/\/aslaksen.bcc.no\/?page_id=13397"},"modified":"2020-08-21T13:49:32","modified_gmt":"2020-08-21T11:49:32","slug":"tu-es-aime-et-tu-dois-aimer-en-retour","status":"publish","type":"page","link":"https:\/\/words-of-faith.org\/fr\/bible-study\/theme-3\/tu-es-aime-et-tu-dois-aimer-en-retour\/","title":{"rendered":"Tu es aim\u00e9 et tu dois aimer en retour"},"content":{"rendered":"\n\t<section class=\"section\" id=\"section_102089544\">\n\t\t<div class=\"section-bg fill\" >\n\t\t\t\t\t\t\t\t\t\n\t\t\t\n\n\t\t<\/div>\n\n\t\t\n\n\t\t<div class=\"section-content relative\">\n\t\t\t\n<div class=\"row align-center\"  id=\"row-1239944902\">\n\n\t<div id=\"col-796876270\" class=\"col small-12 large-12\"  >\n\t\t\t\t<div class=\"col-inner\"  >\n\t\t\t\n\t\t\t\n<p class=\"breadcrumbs\"><a href=\"..\/\">Theme 3<\/a> \/ Messages<\/p>\n<h1>Tu es aim\u00e9 et tu dois aimer en retour<\/h1>\n<p class=\"article-date\">Tr\u00e9sors Cach\u00e9s, publi\u00e9 en avril 1938<\/p>\n<p class=\"article-author\">de Elias Aslaksen<\/p>\n\t\t<\/div>\n\t\t\t\t\t<\/div>\n\n\t\n\n<style>\n#row-1239944902 > .col > .col-inner {\n  padding: 30px 0px 0px 0px;\n}\n<\/style>\n<\/div>\n<div class=\"row align-center audio\"  id=\"row-669342848\">\n\n\t<div id=\"col-780154655\" class=\"col small-12 large-12\"  >\n\t\t\t\t<div class=\"col-inner\"  >\n\t\t\t\n\t\t\t\n<!--[if lt IE 9]><script>document.createElement('audio');<\/script><![endif]-->\n<audio class=\"wp-audio-shortcode\" id=\"audio-13397-1\" preload=\"none\" style=\"width: 100%;\" controls=\"controls\"><source type=\"audio\/mpeg\" src=\"\/audio\/Tema%203\/FR\/18%20Tu%20es%20aim%C3%A9%20et%20tu%20dois%20aimer%20en%20retour_FR.mp3?_=1\" \/><a href=\"\/audio\/Tema%203\/FR\/18%20Tu%20es%20aim%C3%A9%20et%20tu%20dois%20aimer%20en%20retour_FR.mp3\">\/audio\/Tema%203\/FR\/18%20Tu%20es%20aim%C3%A9%20et%20tu%20dois%20aimer%20en%20retour_FR.mp3<\/a><\/audio>\n<p class=\"click-to-listen\">Click to listen to the speech.<\/p>\n\t\t<\/div>\n\t\t\t\t\t<\/div>\n\n\t\n<\/div>\n<div class=\"row align-center article article-excerpt\"  id=\"row-1988982716\">\n\n\t<div id=\"col-95096693\" class=\"col small-12 large-12\"  >\n\t\t\t\t<div class=\"col-inner text-left\"  >\n\t\t\t\n\t\t\t\n<p><strong>Christianisme<\/strong>, conversion, salut, \u00c9vangile \u2013 de quoi s\u2019agit-il&nbsp;? Qu\u2019est-ce que Dieu veut pour nous&nbsp;? De quoi est-il question&nbsp;???<\/p>\n<p>Il s\u2019agit de 2 choses&nbsp;:<\/p>\n<p><em>1. Dieu nous aime<\/em>. \u00ab&nbsp;Dieu a tant aim\u00e9 le monde qu\u2019il a donn\u00e9\u2026&nbsp;\u00bb<\/p>\n<p>Jn. 3, 16.<\/p>\n<p><em>2. Nous l\u2019aimons en retour<\/em>:<\/p>\n<p>&nbsp;<strong>\u00ab&nbsp;Nous l\u2019aimons parce qu\u2019il nous a aim\u00e9s le premier.&nbsp;\u00bb <\/strong><\/p>\n<p>1 Jn. 4, 19.<\/p>\n<p>Est-ce qu\u2019il ne s\u2019agit pas de beaucoup d\u2019autres choses aussi&nbsp;? Non, de rien du tout d\u2019autre&nbsp;! Tout ce qu\u2019il y a de bon par ailleurs est une cons\u00e9quence in\u00e9vitable de cela&nbsp;! Qui nous aime d\u2019un amour grand et pur&nbsp;? C\u2019est J\u00e9sus-Christ. Il l\u2019a prouv\u00e9 avec force. Qui l\u2019aime en retour&nbsp;? Ce sont \u00e9videmment tous ceux qui sont attentifs \u00e0 l\u2019amour \u00e9lev\u00e9 qu\u2019il nous t\u00e9moigne.<\/p>\n<p>Comme Dieu t\u2019aime d\u2019un amour parfait, il ne veut qu\u2019une seule chose pour toi, c\u2019est de te faire du bien. C\u2019est la seule pens\u00e9e et le seul plan qu\u2019il a \u00e0 ton \u00e9gard. Ce n\u2019est pas pire que cela&nbsp;!<\/p>\n<p>Quand un homme aime une femme de fa\u00e7on naturelle, et qu\u2019il veut faire quelque chose de bien pour elle, lui faire des cadeaux, etc., et qu\u2019elle aime bien sa personne et sa mani\u00e8re d\u2019\u00eatre, elle l\u2019aime en retour, et elle est toutes proportions gard\u00e9es tr\u00e8s heureuse dans ce monde aussi longtemps que cette relation dure. Et pourtant, ce bonheur n\u2019est rien par rapport \u00e0 celui qui vient de ce qu\u2019on est aim\u00e9 de Dieu par son Fils bien-aim\u00e9 et parfait, et qu\u2019on l\u2019aime en retour&nbsp;! Pourquoi&nbsp;?<\/p>\n<p>Parce que son amour est tellement plus grand qu\u2019on ne peut pas l\u2019exprimer&nbsp;! Parce qu\u2019il est beaucoup plus riche et beaucoup plus puissant&nbsp;! Et avant tout, parce que sa nature, sa personnalit\u00e9, ses sentiments, sont infiniment sup\u00e9rieurs, plus nobles et plus glorieux, de toutes sortes de mani\u00e8res&nbsp;!<\/p>\n<p>Repr\u00e9sente-toi ce que c\u2019est que d\u2019\u00eatre aim\u00e9 de lui&nbsp;!!!??? \u2026<\/p>\n<p>Quel bonheur&nbsp;! Quelle grandeur&nbsp;! Quelle proposition&nbsp;! Il n\u2019est pas \u00e9tonnant que l\u2019\u00c9vangile soit appel\u00e9 la bonne et l\u2019heureuse nouvelle&nbsp;!<\/p>\n<p>Qui es-tu, ch\u00e8re \u00e2me, pour dire \u00ab&nbsp;non, merci&nbsp;\u00bb \u00e0 cela&nbsp;? Pour lui opposer un refus&nbsp;? Pour pr\u00e9f\u00e9rer te passer de lui&nbsp;? Il a donn\u00e9 sa vie pour toi, tout souffert pour toi, expi\u00e9 tout ton p\u00e9ch\u00e9, fray\u00e9 une voie qui permet de sortir de tout le p\u00e9ch\u00e9 et de toute la mal\u00e9diction, pour que tu aies la possibilit\u00e9 de marcher sur cette voie.&nbsp;! \u00ab&nbsp;Christ aussi a souffert une fois pour les p\u00e9ch\u00e9s, lui juste pour des injustes, afin de nous amener \u00e0 Dieu.&nbsp;\u00bb 1 Pi. 3, 18. Confesse ton p\u00e9ch\u00e9 et il te pardonne tout&nbsp;! 1 Jn. 1, 9.<\/p>\n<p>Prie pour recevoir de la force et il te fortifie&nbsp;! Il te donne foi, amour, esprit et force pour faire ce qui est juste et bon \u00e0 ses yeux, et tu deviens pleinement heureux, constamment heureux&nbsp;! Tu re\u00e7ois tout ce dont tu as besoin pour arriver \u00e0 mettre tes affaires en ordre, pour confesser et r\u00e9parer les torts que tu as caus\u00e9s.<\/p>\n<p>Tu re\u00e7ois de lui, qui est plein de force et de bont\u00e9, et qui t\u2019aime, tout ce dont tu as besoin pour que tu arrives \u00e0 faire ce que tu ne peux pas faire maintenant, \u00e0 savoir le bien, et pour que tu cesses de faire le mal.<\/p>\n<p>Saisis l\u2019amour pour lui&nbsp;! Il t\u2019aime&nbsp;! Dis-lui \u00ab&nbsp;oui&nbsp;\u00bb&nbsp;! Aime-le en retour&nbsp;! Et tu verras ce que son amour indiciblement grand apportera dans ton c\u0153ur de bonheur et de gloire inimaginables et ind\u00e9finissables.<\/p>\n<p>Il n\u2019y a rien de mieux que d\u2019aimer et d\u2019\u00eatre aim\u00e9 en retour&nbsp;! Surtout quand c\u2019est une telle personne qui nous aime, et que nous aimons en retour. Ne lui dis pas \u00ab&nbsp;non&nbsp;\u00bb&nbsp;! J\u00e9sus t\u2019appelle maintenant.<\/p>\n\t\t<\/div>\n\t\t\t\t\t<\/div>\n\n\t\n\n\t<div id=\"col-192695031\" class=\"col copyright small-12 large-12\"  >\n\t\t\t\t<div class=\"col-inner text-left\"  >\n\t\t\t\n\t\t\t\n<div>\u00a9 Copyright Stiftelsen Skjulte Skatters Forlag<\/div>\n\t\t<\/div>\n\t\t\t\t\t<\/div>\n\n\t\n\n\t<div id=\"col-2011265\" class=\"col small-12 large-12\"  >\n\t\t\t\t<div class=\"col-inner text-left\"  >\n\t\t\t\n\t\t\t\n<div><a href=\"#\" class=\"read-more\">Lire plus<\/a><\/div>\n\t\t<\/div>\n\t\t\t\t\t<\/div>\n\n\t\n\n\t<div id=\"col-1160456711\" class=\"col small-12 large-12\"  >\n\t\t\t\t<div class=\"col-inner text-left\"  >\n\t\t\t\n\t\t\t\n<p class=\"next-previous-message\"><a class=\"previous\" href=\"\/fr\/bible-studies\/theme-3\/commit-your-souls-to-the-faithful-creator\/\"><i class=\"icon-angle-left\"><\/i> Previous<\/a><a class=\"next\" href=\"\/fr\/bible-studies\/theme-3\/judge-not\/\">Next <i class=\"icon-angle-right\"><\/i><\/a><\/p>\n\t\t<\/div>\n\t\t\t\t\t<\/div>\n\n\t\n<\/div>\n\t\t<\/div>\n\n\t\t\n<style>\n#section_102089544 {\n  padding-top: 0px;\n  padding-bottom: 0px;\n  margin-bottom: 0px;\n}\n@media (min-width:550px) {\n  #section_102089544 {\n    padding-top: 0px;\n    padding-bottom: 0px;\n  }\n}\n<\/style>\n\t<\/section>\n\t\n\n\t<section class=\"section food-for-thought\" id=\"section_1060724708\">\n\t\t<div class=\"section-bg fill\" >\n\t\t\t\t\t\t\t\t\t\n\t\t\t\n\n\t\t<\/div>\n\n\t\t\n\n\t\t<div class=\"section-content relative\">\n\t\t\t\n<div class=\"row align-center\"  id=\"row-43092020\">\n\n\t<div id=\"col-511844426\" class=\"col title small-12 large-12\"  >\n\t\t\t\t<div class=\"col-inner text-left dark\"  >\n\t\t\t\n\t\t\t\n<h2>Devotional<\/h2>\n\t\t<\/div>\n\t\t\t\t\t<\/div>\n\n\t\n\n\t<div id=\"col-56883432\" class=\"col small-12 large-12\"  >\n\t\t\t\t<div class=\"col-inner dark\"  >\n\t\t\t\n\t\t\t\n<p>Lis\/\u00e9coutes l&#8217;article &#8220;Tu es aim\u00e9 et tu dois aimer en retour&#8221;. Qu&#8217;est-ce que cela signifie pour toi d&#8217;aimer J\u00e9sus en retour ? Essaie de noter quelques points concrets.<\/p>\n<p class='info'>You have to <a href='\/login\/'>log in<\/a> if you want to save your answer.<\/p>\n\t\t<\/div>\n\t\t\t\t\t<\/div>\n\n\t\n<\/div>\n\t\t<\/div>\n\n\t\t\n<style>\n#section_1060724708 {\n  padding-top: 30px;\n  padding-bottom: 30px;\n  background-color: rgb(73, 92, 94);\n}\n<\/style>\n\t<\/section>\n\t\n","protected":false},"excerpt":{"rendered":"","protected":false},"author":5,"featured_media":0,"parent":12612,"menu_order":6,"comment_status":"closed","ping_status":"closed","template":"page-blank.php","meta":{"footnotes":""},"class_list":["post-13397","page","type-page","status-publish","hentry"],"aioseo_notices":[],"_links":{"self":[{"href":"https:\/\/words-of-faith.org\/fr\/wp-json\/wp\/v2\/pages\/13397","targetHints":{"allow":["GET"]}}],"collection":[{"href":"https:\/\/words-of-faith.org\/fr\/wp-json\/wp\/v2\/pages"}],"about":[{"href":"https:\/\/words-of-faith.org\/fr\/wp-json\/wp\/v2\/types\/page"}],"author":[{"embeddable":true,"href":"https:\/\/words-of-faith.org\/fr\/wp-json\/wp\/v2\/users\/5"}],"replies":[{"embeddable":true,"href":"https:\/\/words-of-faith.org\/fr\/wp-json\/wp\/v2\/comments?post=13397"}],"version-history":[{"count":0,"href":"https:\/\/words-of-faith.org\/fr\/wp-json\/wp\/v2\/pages\/13397\/revisions"}],"up":[{"embeddable":true,"href":"https:\/\/words-of-faith.org\/fr\/wp-json\/wp\/v2\/pages\/12612"}],"wp:attachment":[{"href":"https:\/\/words-of-faith.org\/fr\/wp-json\/wp\/v2\/media?parent=13397"}],"curies":[{"name":"wp","href":"https:\/\/api.w.org\/{rel}","templated":true}]}}