{"id":15518,"date":"2020-06-10T19:43:04","date_gmt":"2020-06-10T17:43:04","guid":{"rendered":"https:\/\/aslaksen.bcc.no\/?page_id=15518"},"modified":"2020-08-21T14:10:05","modified_gmt":"2020-08-21T12:10:05","slug":"la-grace-riche-et-sure-accordee-a-david","status":"publish","type":"page","link":"https:\/\/words-of-faith.org\/fr\/bible-study\/theme-4\/la-grace-riche-et-sure-accordee-a-david\/","title":{"rendered":"La gr\u00e2ce riche et s\u00fbre accord\u00e9e \u00e0 David"},"content":{"rendered":"\n\t<section class=\"section\" id=\"section_607720660\">\n\t\t<div class=\"section-bg fill\" >\n\t\t\t\t\t\t\t\t\t\n\t\t\t\n\n\t\t<\/div>\n\n\t\t\n\n\t\t<div class=\"section-content relative\">\n\t\t\t\n<div class=\"row align-center\"  id=\"row-1418656039\">\n\n\t<div id=\"col-662303533\" class=\"col small-12 large-12\"  >\n\t\t\t\t<div class=\"col-inner\"  >\n\t\t\t\n\t\t\t\n<p class=\"breadcrumbs\"><a href=\"..\/\">Theme 4<\/a> \/ Messages<\/p>\n<h1>La gr\u00e2ce riche et s\u00fbre accord\u00e9e \u00e0 David<\/h1>\n<p class=\"article-date\">Tr\u00e9sors Cach\u00e9s, publi\u00e9 en avril 1985<\/p>\n<p class=\"article-author\">de Elias Aslaksen<\/p>\n\t\t<\/div>\n\t\t\t\t\t<\/div>\n\n\t\n\n<style>\n#row-1418656039 > .col > .col-inner {\n  padding: 30px 0px 0px 0px;\n}\n<\/style>\n<\/div>\n<div class=\"row align-center audio\"  id=\"row-2069805975\">\n\n\t<div id=\"col-1472662933\" class=\"col small-12 large-12\"  >\n\t\t\t\t<div class=\"col-inner\"  >\n\t\t\t\n\t\t\t\n<!--[if lt IE 9]><script>document.createElement('audio');<\/script><![endif]-->\n<audio class=\"wp-audio-shortcode\" id=\"audio-15518-1\" preload=\"none\" style=\"width: 100%;\" controls=\"controls\"><source type=\"audio\/mpeg\" src=\"\/audio\/Tema%204\/FR\/24_La%20gr%C3%A2ce%20riche%20et%20s%C3%BBre%20accord%C3%A9e%20%C3%A0%20David.mp3?_=1\" \/><a href=\"\/audio\/Tema%204\/FR\/24_La%20gr%C3%A2ce%20riche%20et%20s%C3%BBre%20accord%C3%A9e%20%C3%A0%20David.mp3\">\/audio\/Tema%204\/FR\/24_La%20gr%C3%A2ce%20riche%20et%20s%C3%BBre%20accord%C3%A9e%20%C3%A0%20David.mp3<\/a><\/audio>\n<p class=\"click-to-listen\">Click to listen to the speech.<\/p>\n\t\t<\/div>\n\t\t\t\t\t<\/div>\n\n\t\n<\/div>\n<div class=\"row align-center article article-excerpt\"  id=\"row-1772987383\">\n\n\t<div id=\"col-895223629\" class=\"col small-12 large-12\"  >\n\t\t\t\t<div class=\"col-inner text-left\"  >\n\t\t\t\n\t\t\t\n<p>\u00c9sa\u00efe 55, 3 (autre traduction)<\/p>\n<p>Cette gr\u00e2ce, que la Bible appelle curieusement la gr\u00e2ce de David, a donc deux caract\u00e9ristiques significatives. C\u2019est la gr\u00e2ce abondante qui a \u00e9t\u00e9 accord\u00e9e \u00e0 David, celle qui a pu faire de lui un homme selon le c\u0153ur de Dieu. Et il va de soi que les conditions \u00e0 remplir pour parvenir \u00e0 ce r\u00e9sultat sont extr\u00eamement exigeantes&nbsp;!<\/p>\n<p>Et \u00e0 l\u2019\u00e9poque de la nouvelle alliance, nous avons la possibilit\u00e9 de recevoir une gr\u00e2ce agissante qui est infiniment plus grande et plus agissante que ce qu\u2019on pouvait obtenir \u00e0 l\u2019\u00e9poque de l\u2019ancienne alliance&nbsp;!<\/p>\n<p>Mais Pierre et Jacques nous disent que nous ne pouvons recevoir cette gr\u00e2ce que si nous sommes humbles en v\u00e9rit\u00e9, et qu\u2019elle nous est accord\u00e9e seulement \u00e0 la mesure de notre humilit\u00e9. C\u2019est l\u00e0 une loi divine qui ne souffre aucune exception.<\/p>\n<p>C\u2019est certain et c\u2019est vrai \u00e0 tous \u00e9gards&nbsp;! Il n\u2019y a rien de plus s\u00fbr&nbsp;! Et il est tout aussi s\u00fbr que l\u2019orgueilleux trouve en Dieu un adversaire, qu\u2019il est vrai que Dieu fait gr\u00e2ce aux humbles. C\u2019est une loi de vie, tant dans le domaine spirituel que dans le domaine naturel. C\u2019est la vraie raison de toute \u00e9l\u00e9vation et de tout abaissement, selon les paroles de J\u00e9sus lui-m\u00eame&nbsp;: \u00ab&nbsp;Celui qui s\u2019\u00e9l\u00e8ve sera abaiss\u00e9, et celui qui s\u2019abaisse sera \u00e9lev\u00e9.&nbsp;\u00bb Cela aurait lieu m\u00eame si on ne le souhaitait pas soi-m\u00eame. Car c\u2019est Dieu lui-m\u00eame qui en a pris la r\u00e9solution ferme, selon sa propre nature divine.<\/p>\n<p>La richesse et l\u2019abondance de la gr\u00e2ce qui nous est accord\u00e9e sont donc exactement \u00e0 la mesure de notre humilit\u00e9&nbsp;! Et c\u2019est tout aussi s\u00fbr et aussi certain qu\u2019il est s\u00fbr et certain que nous sommes humbles en esprit et v\u00e9rit\u00e9, et que nous n\u2019avons pas une forme ou une autre de succ\u00e9dan\u00e9 d\u2019humilit\u00e9.<\/p>\n<p>L\u2019humilit\u00e9 a plusieurs signes caract\u00e9ristiques. Celui qui est humble n\u2019a pas d\u2019objections, d\u2019excuses, de protestations&nbsp;; il ne s\u2019oppose pas, ni ne met en doute ou h\u00e9site \u00e0 ob\u00e9ir \u00e0 la parole de Dieu et \u00e0 ses sup\u00e9rieurs dans ce monde, que ce soit au travail ou dans la famille. On accepte volontiers de se laisser exhorter et reprendre. \u2013 On sait se taire, ne pas ouvrir sa bouche, ou donner son opinion sur telle ou telle affaire, telle ou telle personne, en parlant de choses qu\u2019on ne conna\u00eet pas en r\u00e9alit\u00e9&nbsp;; car on aime s\u2019en tenir \u00e0 une position humble. On profite de toute occasion pour se maintenir dans cette position, car on y trouve une paix sans limite. \u2013<\/p>\n<p>Par-dessus tout, celui qui est humble s\u2019abstient de juger et de critiquer son prochain, car tout homme qui agit de la sorte s\u2019est ind\u00e9niablement \u00e9lev\u00e9 en s\u2019\u00e9rigeant en juge. \u2013<\/p>\n<p>On est alors aussi loin de l\u2019humilit\u00e9 que l\u2019Est est \u00e9loign\u00e9 de l\u2019Ouest. Et la v\u00e9ritable gr\u00e2ce de Dieu est tout aussi \u00e9loign\u00e9e de ce genre de personnes&nbsp;!<\/p>\n<p>Aussi longtemps qu\u2019on est humble, on a pour ainsi dire une assurance vie&nbsp;! Dieu est plein de gr\u00e2ce, de mis\u00e9ricorde et de compassion envers tous les hommes, sauf ceux qui sont fiers, orgueilleux, s\u00fbrs d\u2019eux-m\u00eames, sages \u00e0 leurs propres yeux et enfl\u00e9s d\u2019orgueil, car il leur r\u00e9siste&nbsp;! Pauvres hommes&nbsp;!<\/p>\n\t\t<\/div>\n\t\t\t\t\t<\/div>\n\n\t\n\n\t<div id=\"col-54740153\" class=\"col copyright small-12 large-12\"  >\n\t\t\t\t<div class=\"col-inner text-left\"  >\n\t\t\t\n\t\t\t\n<div>\u00a9 Copyright Stiftelsen Skjulte Skatters Forlag<\/div>\n\t\t<\/div>\n\t\t\t\t\t<\/div>\n\n\t\n\n\t<div id=\"col-1104612844\" class=\"col small-12 large-12\"  >\n\t\t\t\t<div class=\"col-inner text-left\"  >\n\t\t\t\n\t\t\t\n<div><a href=\"#\" class=\"read-more\">Lire plus<\/a><\/div>\n\t\t<\/div>\n\t\t\t\t\t<\/div>\n\n\t\n\n\t<div id=\"col-1551639501\" class=\"col small-12 large-12\"  >\n\t\t\t\t<div class=\"col-inner text-left\"  >\n\t\t\t\n\t\t\t\n<p class=\"next-previous-message\"><a class=\"previous\" href=\"\/fr\/bible-studies\/theme-4\/gods-method-of-working\/\"><i class=\"icon-angle-left\"><\/i> Previous<\/a><a class=\"next\" href=\"\/fr\/bible-studies\/theme-4\/humility-is-everything\/\">Next <i class=\"icon-angle-right\"><\/i><\/a><\/p>\n\t\t<\/div>\n\t\t\t\t\t<\/div>\n\n\t\n<\/div>\n\t\t<\/div>\n\n\t\t\n<style>\n#section_607720660 {\n  padding-top: 0px;\n  padding-bottom: 0px;\n  margin-bottom: 0px;\n}\n@media (min-width:550px) {\n  #section_607720660 {\n    padding-top: 0px;\n    padding-bottom: 0px;\n  }\n}\n<\/style>\n\t<\/section>\n\t\n\n\t<section class=\"section food-for-thought\" id=\"section_821330837\">\n\t\t<div class=\"section-bg fill\" >\n\t\t\t\t\t\t\t\t\t\n\t\t\t\n\n\t\t<\/div>\n\n\t\t\n\n\t\t<div class=\"section-content relative\">\n\t\t\t\n<div class=\"row align-center\"  id=\"row-1136061603\">\n\n\t<div id=\"col-918611228\" class=\"col title small-12 large-12\"  >\n\t\t\t\t<div class=\"col-inner text-left dark\"  >\n\t\t\t\n\t\t\t\n<h2>Devotional<\/h2>\n\t\t<\/div>\n\t\t\t\t\t<\/div>\n\n\t\n\n\t<div id=\"col-814657500\" class=\"col small-12 large-12\"  >\n\t\t\t\t<div class=\"col-inner dark\"  >\n\t\t\t\n\t\t\t\n<p>Dans l&#8217;article &#8220;La gr\u00e2ce riche et s\u00fbre accord\u00e9e \u00e0 David&#8221; il en ressort tr\u00e8s clairement que Dieu r\u00e9siste aux orgueilleux mais fait gr\u00e2ce aux humbles. Pourquoi penses-tu qu&#8217;il en est ainsi ? Peux-tu donner un exemple de la vie quotidienne o\u00f9 Dieu fait gr\u00e2ce aux humbles ?<\/p>\n<p class='info'>You have to <a href='\/login\/'>log in<\/a> if you want to save your answer.<\/p>\n\t\t<\/div>\n\t\t\t\t\t<\/div>\n\n\t\n<\/div>\n\t\t<\/div>\n\n\t\t\n<style>\n#section_821330837 {\n  padding-top: 30px;\n  padding-bottom: 30px;\n  background-color: rgb(73, 92, 94);\n}\n<\/style>\n\t<\/section>\n\t\n","protected":false},"excerpt":{"rendered":"","protected":false},"author":5,"featured_media":0,"parent":15408,"menu_order":6,"comment_status":"closed","ping_status":"closed","template":"page-blank.php","meta":{"footnotes":""},"class_list":["post-15518","page","type-page","status-publish","hentry"],"aioseo_notices":[],"_links":{"self":[{"href":"https:\/\/words-of-faith.org\/fr\/wp-json\/wp\/v2\/pages\/15518","targetHints":{"allow":["GET"]}}],"collection":[{"href":"https:\/\/words-of-faith.org\/fr\/wp-json\/wp\/v2\/pages"}],"about":[{"href":"https:\/\/words-of-faith.org\/fr\/wp-json\/wp\/v2\/types\/page"}],"author":[{"embeddable":true,"href":"https:\/\/words-of-faith.org\/fr\/wp-json\/wp\/v2\/users\/5"}],"replies":[{"embeddable":true,"href":"https:\/\/words-of-faith.org\/fr\/wp-json\/wp\/v2\/comments?post=15518"}],"version-history":[{"count":0,"href":"https:\/\/words-of-faith.org\/fr\/wp-json\/wp\/v2\/pages\/15518\/revisions"}],"up":[{"embeddable":true,"href":"https:\/\/words-of-faith.org\/fr\/wp-json\/wp\/v2\/pages\/15408"}],"wp:attachment":[{"href":"https:\/\/words-of-faith.org\/fr\/wp-json\/wp\/v2\/media?parent=15518"}],"curies":[{"name":"wp","href":"https:\/\/api.w.org\/{rel}","templated":true}]}}