{"id":18346,"date":"2020-07-21T10:16:11","date_gmt":"2020-07-21T08:16:11","guid":{"rendered":"https:\/\/aslaksen.bcc.no\/?page_id=18346"},"modified":"2020-08-21T11:34:10","modified_gmt":"2020-08-21T09:34:10","slug":"crois-au-dieu-des-miracles","status":"publish","type":"page","link":"https:\/\/words-of-faith.org\/fr\/bible-study\/theme-1\/crois-au-dieu-des-miracles\/","title":{"rendered":"Crois au Dieu des miracles"},"content":{"rendered":"\n\t<section class=\"section\" id=\"section_773785683\">\n\t\t<div class=\"section-bg fill\" >\n\t\t\t\t\t\t\t\t\t\n\t\t\t\n\n\t\t<\/div>\n\n\t\t\n\n\t\t<div class=\"section-content relative\">\n\t\t\t\n<div class=\"row align-center\"  id=\"row-1959522008\">\n\n\t<div id=\"col-310324108\" class=\"col small-12 large-12\"  >\n\t\t\t\t<div class=\"col-inner\"  >\n\t\t\t\n\t\t\t\n<p class=\"breadcrumbs\"><a href=\"..\/\">Theme 1<\/a> \/ Messages<\/p>\n<h1>Ce n\u2019est plus moi qui vis<\/h1>\n<p class=\"article-date\">Tr\u00e9sors Cach\u00e9s, publi\u00e9 en f\u00e9vrier 1963<\/p>\n<p class=\"article-author\">de Elias Aslaksen<\/p>\n\t\t<\/div>\n\t\t\t\t\t<\/div>\n\n\t\n\n<style>\n#row-1959522008 > .col > .col-inner {\n  padding: 30px 0px 0px 0px;\n}\n<\/style>\n<\/div>\n<div class=\"row align-center audio\"  id=\"row-106525060\">\n\n\t<div id=\"col-756280584\" class=\"col small-12 large-12\"  >\n\t\t\t\t<div class=\"col-inner\"  >\n\t\t\t\n\t\t\t\n<!--[if lt IE 9]><script>document.createElement('audio');<\/script><![endif]-->\n<audio class=\"wp-audio-shortcode\" id=\"audio-18346-1\" preload=\"none\" style=\"width: 100%;\" controls=\"controls\"><source type=\"audio\/mpeg\" src=\"\/audio\/Tema%202\/fr\/8%20J&#039;ai%20%C3%A9t%C3%A9%20crucifi%C3%A9%20avec%20Christ_MASTER.mp3?_=1\" \/><a href=\"\/audio\/Tema%202\/fr\/8%20J&#039;ai%20%C3%A9t%C3%A9%20crucifi%C3%A9%20avec%20Christ_MASTER.mp3\">\/audio\/Tema%202\/fr\/8%20J&#039;ai%20%C3%A9t%C3%A9%20crucifi%C3%A9%20avec%20Christ_MASTER.mp3<\/a><\/audio>\n<p class=\"click-to-listen\">Click to listen to the speech.<\/p>\n\t\t<\/div>\n\t\t\t\t\t<\/div>\n\n\t\n<\/div>\n<div class=\"row align-center article article-excerpt\"  id=\"row-1148145705\">\n\n\t<div id=\"col-1177256564\" class=\"col small-12 large-12\"  >\n\t\t\t\t<div class=\"col-inner text-left\"  >\n\t\t\t\n\t\t\t\n<p><strong>Ce n\u2019est plus moi qui vis<\/strong>\u2026<\/p>\n<p>Ga.2, 20<\/p>\n<p>Quel <em>miracle <\/em>a d\u00fb se produire pour que quelqu\u2019un puisse \u00e9crire de telles choses en v\u00e9rit\u00e9, alors qu\u2019il vit encore dans ce monde ! ?&nbsp; \u2026<\/p>\n<p>Comment puis-<em>je<\/em>encore p\u00e9cher si ce n\u2019est plus <em>moi <\/em>qui vis ? Comment <em>puis-je <\/em>me mettre en col\u00e8re, me vexer, \u00eatre amer, m\u00e9content, ingrat, en vouloir \u00e0 quelqu\u2019un, voler, mentir, m\u2019inqui\u00e9ter, \u00eatre vaniteux et coquet, me disputer, discuter, me d\u00e9courager, \u00eatre offens\u00e9, chercher les honneurs, ou \u00eatre orgueilleux, aimer l\u2019argent, ou me vanter ?<\/p>\n<p>R\u00e9ponds-moi donc&nbsp;! ? Comment celui qui ne vit plus du tout <em>peut-il <\/em>faire quelque chose de mal ? L\u2019homme p\u00e8che <em>aussi longtemps qu\u2019il vit lui-m\u00eame <\/em>! Comment puis-je <em>exiger <\/em>quelque chose <em>pour moi-m\u00eame <\/em>si je ne vis plus moi-m\u00eame ?<\/p>\n<p>Si je ne veux pas tout abandonner et mourir avec Christ, je suis <em>alors <\/em>oblig\u00e9 de continuer \u00e0 pratiquer le p\u00e9ch\u00e9.<\/p>\n<p>\u00ab Il ne peut p\u00e9cher, parce qu\u2019il est n\u00e9 de Dieu \u00bb est la m\u00eame chose que&nbsp;: il ne peut pas p\u00e9cher parce qu\u2019il est mort avec Christ = parce qu\u2019il ne vit plus lui-m\u00eame. 1 Jn. 3, 9.<\/p>\n<p>Comment puis-je m\u2019abstenir d\u2019aimer <em>si Christ vit en moi ? <\/em>Ga. 2, 20. Comment puis-je commettre des injustices si Christ vit en moi&nbsp;?<\/p>\n<p>Christ et le p\u00e9ch\u00e9 conscient ne peuvent pas \u00eatre <em>en m\u00eame temps <\/em>en moi ! Si Christ est <em>en moi, le <\/em>p\u00e9ch\u00e9 est <em>alors hors <\/em>de mon c\u0153ur. Si le p\u00e9ch\u00e9 est dans mon c\u0153ur, Christ est alors en dehors. C\u2019est justement pour cela qu\u2019il peut se tenir \u00e0 <em>la porte <\/em>du c\u0153ur des inconvertis et frapper comme il est \u00e9crit en Ap. 3, 20.<\/p>\n<p>Malheureusement, la plupart des gens continuent \u00e0 vivre eux-m\u00eames, car il est bien connu que la grande majorit\u00e9 des hommes peuvent commettre tel ou tel p\u00e9ch\u00e9, coup sur coup, et m\u00eame les p\u00e9ch\u00e9s les plus grossiers, comme <em>par exemple mentir ou en vouloir \u00e0 quelqu\u2019un ! <\/em><\/p>\n<p>Comment puis-je encore me d\u00e9fendre moi-m\u00eame ainsi que mes propres int\u00e9r\u00eats, et me justifier, si je suis mort?<\/p>\n<p>Comment peut-on \u00eatre <em>\u00e9go\u00efste <\/em>quand on <em>ne vit plus soi-m\u00eame ? <\/em>Comment peut-on <em>s\u2019int\u00e9resser vivement <\/em>aux ustensiles de m\u00e9nage, aux v\u00eatements et aux jolies couleurs quand on est mort ? Et quel int\u00e9r\u00eat cela peut- il avoir pour <em>le mort <\/em>de savoir ce que les gens disent ou pensent de lui? R\u00e9ponds-moi donc \u00e0 cela&nbsp;!<\/p>\n<p>Et quelle douleur cela peut-il provoquer chez moi quand on me cause du tort dans les choses terrestres si je suis <em>mort <\/em>\u00e0 cela? Et <em>quelle joie cela peut-il apporter au d\u00e9funt qu\u2019on fasse encore beaucoup de virements sur son compte&nbsp;? <\/em>Dis-le moi donc !<\/p>\n<p>Personne ne peut dire r\u00e9ellement qu\u2019il n\u2019a plus de volont\u00e9 propre, mais, par la grande gr\u00e2ce de Dieu, on peut arriver \u00e0 un point tel que les autres ont l\u2019impression qu\u2019on n\u2019en a pas. Comment puis-je aimer les choses qui sont dans le monde si je suis <em>mort <\/em>aumonde ?<\/p>\n<p>Il est \u00e9crit dans un cantique : <em>\u00ab Je ne veux plus&nbsp;\u00bb <\/em>= je ne veux plus vivre moi-m\u00eame. <em>Cela est-il vrai <\/em>pour ce qui te concerne ?<\/p>\n<p>En g\u00e9n\u00e9ral, les gens veulent toute une quantit\u00e9 de choses !<\/p>\n<p><em>Le d\u00e9funt<\/em>\u2013 celui qui ne vit plus lui-m\u00eame \u2013 <em>n\u2019a plus rien \u00e0 perdre, <\/em>car il a en v\u00e9rit\u00e9 tout quitt\u00e9, il s\u2019en est s\u00e9par\u00e9 par la mort.<\/p>\n<p>Mais celui qui vit lui-m\u00eame, a beaucoup de choses \u00e0 prot\u00e9ger. Il peut lui arriver beaucoup de malheurs, il peut subir de lourdes pertes, et \u00eatre consid\u00e9rablement tourment\u00e9 par son entourage. Mais cela ne le tourmente <em>pas <\/em>au point de lui faire perdre la vie, comme on le pr\u00e9tend souvent. Il a tout de m\u00eame la possibilit\u00e9 de perdre sa vie volontairement.<\/p>\n<p>Et<em>alors <\/em>le grand miracle se produirait&nbsp;: il serait d\u00e9barrass\u00e9 de tous ses soucis et tracas inutiles&nbsp;!!! \u2013 Comme ce serait merveilleux&nbsp;! Ainsi, tout ne serait <em>qu\u2019un <\/em>gain, absolument tout !<\/p>\n<p>\u00ab \u2026 afin qu\u2019\u00e9tant <em>morts<\/em>.&nbsp;\u00bb\u2026 1 Pi. 2, 24. \u00ab \u2026 nous qui <em>sommes morts. <\/em>\u00bb Ro. 6, 2. Si nous sommes morts avec Christ, pourquoi nous traiter \u00ab <em>comme si nous nous vivions dans le monde&nbsp;\u00bb&nbsp;?. <\/em>Col. 2, 20.<\/p>\n<p>As-tu d\u00e9j\u00e0 entendu chose pareille ?<\/p>\n<p>Il nous faut maintenant poser cette question : Que faut-il pour pouvoir parvenir en v\u00e9rit\u00e9 \u00e0 cet \u00e9tat inexprimablement magnifique ? Deux choses : <em>1. Vouloir <\/em>vraiment mourir \u00e0 soi-m\u00eame et \u00e0 toute sa vie propre. <em>2<\/em>. S\u2019approprier une <em>foi<\/em>vivante et personnelle qu\u2019on est mort avec Christ <em>lorsqu\u2019il est mort sur la croix de Golgotha. 1. <\/em>Le fait de <em>vouloir <\/em>cela fait que l\u2019on <em>peut <\/em>croire. 2. Et le fait qu\u2019on <em>croit <\/em>transforme cela en <em>r\u00e9alit\u00e9.<\/em><\/p>\n<p>Votre Elias ASLAKSEN<\/p>\n\t\t<\/div>\n\t\t\t\t\t<\/div>\n\n\t\n\n\t<div id=\"col-1315515403\" class=\"col copyright small-12 large-12\"  >\n\t\t\t\t<div class=\"col-inner text-left\"  >\n\t\t\t\n\t\t\t\n<div>\u00a9 Copyright Stiftelsen Skjulte Skatters Forlag<\/div>\n\t\t<\/div>\n\t\t\t\t\t<\/div>\n\n\t\n\n\t<div id=\"col-299950310\" class=\"col small-12 large-12\"  >\n\t\t\t\t<div class=\"col-inner text-left\"  >\n\t\t\t\n\t\t\t\n<div><a href=\"#\" class=\"read-more\">Lire plus<\/a><\/div>\n\t\t<\/div>\n\t\t\t\t\t<\/div>\n\n\t\n\n\t<div id=\"col-111340076\" class=\"col small-12 large-12\"  >\n\t\t\t\t<div class=\"col-inner text-left\"  >\n\t\t\t\n\t\t\t\n<p class=\"next-previous-message\"><a class=\"previous\" href=\"\/fr\/bible-studies\/theme-1\/god-is-truthful\/\"><i class=\"icon-angle-left\"><\/i> Previous<\/a><a class=\"next\" href=\"\/fr\/bible-studies\/theme-1\/his-name-is-wonder\/\">Next <i class=\"icon-angle-right\"><\/i><\/a><\/p>\n\t\t<\/div>\n\t\t\t\t\t<\/div>\n\n\t\n<\/div>\n\t\t<\/div>\n\n\t\t\n<style>\n#section_773785683 {\n  padding-top: 0px;\n  padding-bottom: 0px;\n  margin-bottom: 0px;\n}\n@media (min-width:550px) {\n  #section_773785683 {\n    padding-top: 0px;\n    padding-bottom: 0px;\n  }\n}\n<\/style>\n\t<\/section>\n\t\n\n\t<section class=\"section food-for-thought\" id=\"section_2069447642\">\n\t\t<div class=\"section-bg fill\" >\n\t\t\t\t\t\t\t\t\t\n\t\t\t\n\n\t\t<\/div>\n\n\t\t\n\n\t\t<div class=\"section-content relative\">\n\t\t\t\n<div class=\"row align-center\"  id=\"row-805300529\">\n\n\t<div id=\"col-530133050\" class=\"col title small-12 large-12\"  >\n\t\t\t\t<div class=\"col-inner text-left dark\"  >\n\t\t\t\n\t\t\t\n<h2>Devotional<\/h2>\n\t\t<\/div>\n\t\t\t\t\t<\/div>\n\n\t\n\n\t<div id=\"col-1488866706\" class=\"col small-12 large-12\"  >\n\t\t\t\t<div class=\"col-inner dark\"  >\n\t\t\t\n\t\t\t\n<p>Selon TOI, quelle est la chose la plus importante qu&#8217;Aslaksen veut mettre en avant dans le message &#8220;Crois au Dieu des miracles&#8221; ?<\/p>\n<ul class=\"question-answers\">\n<li>J&#8217;ai besoin d&#8217;un miracle dans ma vie &#8211; quelle qu&#8217;est \u00e9t\u00e9 ma situation auparavant<\/li>\n<li>Il y a de l&#8217;esp\u00e9rance pour tous ceux qui crois au Dieu des miracles<\/li>\n<li>Il n&#8217;y a rien d&#8217;impossible, lorsque nous avons \u00e0 faire avec Dieu<\/li>\n<\/ul>\n<p class='info'>You have to <a href='\/login\/'>log in<\/a> if you want to save your answer.<\/p>\n\t\t<\/div>\n\t\t\t\t\t<\/div>\n\n\t\n<\/div>\n\t\t<\/div>\n\n\t\t\n<style>\n#section_2069447642 {\n  padding-top: 30px;\n  padding-bottom: 30px;\n  background-color: rgb(73, 92, 94);\n}\n<\/style>\n\t<\/section>\n\t\n","protected":false},"excerpt":{"rendered":"","protected":false},"author":5,"featured_media":0,"parent":8095,"menu_order":0,"comment_status":"closed","ping_status":"closed","template":"page-blank.php","meta":{"footnotes":""},"class_list":["post-18346","page","type-page","status-publish","hentry"],"aioseo_notices":[],"_links":{"self":[{"href":"https:\/\/words-of-faith.org\/fr\/wp-json\/wp\/v2\/pages\/18346","targetHints":{"allow":["GET"]}}],"collection":[{"href":"https:\/\/words-of-faith.org\/fr\/wp-json\/wp\/v2\/pages"}],"about":[{"href":"https:\/\/words-of-faith.org\/fr\/wp-json\/wp\/v2\/types\/page"}],"author":[{"embeddable":true,"href":"https:\/\/words-of-faith.org\/fr\/wp-json\/wp\/v2\/users\/5"}],"replies":[{"embeddable":true,"href":"https:\/\/words-of-faith.org\/fr\/wp-json\/wp\/v2\/comments?post=18346"}],"version-history":[{"count":0,"href":"https:\/\/words-of-faith.org\/fr\/wp-json\/wp\/v2\/pages\/18346\/revisions"}],"up":[{"embeddable":true,"href":"https:\/\/words-of-faith.org\/fr\/wp-json\/wp\/v2\/pages\/8095"}],"wp:attachment":[{"href":"https:\/\/words-of-faith.org\/fr\/wp-json\/wp\/v2\/media?parent=18346"}],"curies":[{"name":"wp","href":"https:\/\/api.w.org\/{rel}","templated":true}]}}