{"id":18411,"date":"2020-07-21T10:28:57","date_gmt":"2020-07-21T08:28:57","guid":{"rendered":"https:\/\/aslaksen.bcc.no\/?page_id=18411"},"modified":"2020-08-21T11:43:50","modified_gmt":"2020-08-21T09:43:50","slug":"quil-te-soit-fait-selon-ta-foi","status":"publish","type":"page","link":"https:\/\/words-of-faith.org\/fr\/bible-study\/theme-1\/quil-te-soit-fait-selon-ta-foi\/","title":{"rendered":"Qu\u2019il te soit fait selon ta foi"},"content":{"rendered":"\n\t<section class=\"section\" id=\"section_507234850\">\n\t\t<div class=\"section-bg fill\" >\n\t\t\t\t\t\t\t\t\t\n\t\t\t\n\n\t\t<\/div>\n\n\t\t\n\n\t\t<div class=\"section-content relative\">\n\t\t\t\n<div class=\"row align-center\"  id=\"row-524912303\">\n\n\t<div id=\"col-362963687\" class=\"col small-12 large-12\"  >\n\t\t\t\t<div class=\"col-inner\"  >\n\t\t\t\n\t\t\t\n<p class=\"breadcrumbs\"><a href=\"..\/\">Theme 1<\/a> \/ Messages<\/p>\n<h1>La loi fondamentale de la vie divine<\/h1>\n<p class=\"article-date\">Tr\u00e9sors Cach\u00e9s, publi\u00e9 en<br \/>\nf\u00e9vrier 1932<\/p>\n<p class=\"article-author\">de Elias Aslaksen<\/p>\n\t\t<\/div>\n\t\t\t\t\t<\/div>\n\n\t\n\n<style>\n#row-524912303 > .col > .col-inner {\n  padding: 30px 0px 0px 0px;\n}\n<\/style>\n<\/div>\n<div class=\"row align-center audio\"  id=\"row-1734849442\">\n\n\t<div id=\"col-468425323\" class=\"col small-12 large-12\"  >\n\t\t\t\t<div class=\"col-inner\"  >\n\t\t\t\n\t\t\t\n<!--[if lt IE 9]><script>document.createElement('audio');<\/script><![endif]-->\n<audio class=\"wp-audio-shortcode\" id=\"audio-18411-1\" preload=\"none\" style=\"width: 100%;\" controls=\"controls\"><source type=\"audio\/mpeg\" src=\"\/audio\/Tema%204\/FR\/20_La%20loi%20fondamentale%20de%20la%20vie%20divine.mp3?_=1\" \/><a href=\"\/audio\/Tema%204\/FR\/20_La%20loi%20fondamentale%20de%20la%20vie%20divine.mp3\">\/audio\/Tema%204\/FR\/20_La%20loi%20fondamentale%20de%20la%20vie%20divine.mp3<\/a><\/audio>\n<p class=\"click-to-listen\">Click to listen to the speech.<\/p>\n\t\t<\/div>\n\t\t\t\t\t<\/div>\n\n\t\n<\/div>\n<div class=\"row align-center article article-excerpt\"  id=\"row-2130730304\">\n\n\t<div id=\"col-315446963\" class=\"col small-12 large-12\"  >\n\t\t\t\t<div class=\"col-inner text-left\"  >\n\t\t\t\n\t\t\t\n<p>\u00ab&nbsp;Mais Dieu est celui qui juge&nbsp;: il abaisse l\u2019un, et il \u00e9l\u00e8ve l\u2019autre.&nbsp;\u00bb Ps. 75, 7. \u00ab&nbsp;Ainsi donc, cela ne d\u00e9pend ni de celui qui veut, ni de celui qui court, mais de Dieu qui fait mis\u00e9ricorde. Ainsi, il fait mis\u00e9ricorde \u00e0 qui il veut, et il endurcit qui il veut.&nbsp;\u00bb Ro. 9, 16 et 18. \u00ab&nbsp;Quiconque s\u2019\u00e9l\u00e8vera sera abaiss\u00e9, et quiconque s\u2019abaissera sera \u00e9lev\u00e9.&nbsp;\u00bb Mt. 23, 12. \u00ab&nbsp;De m\u00eame, vous qui \u00eates jeunes, soyez soumis aux anciens. Et tous, dans vos rapports mutuels, rev\u00eatez-vous d\u2019humilit\u00e9&nbsp;; car Dieu r\u00e9siste aux orgueilleux, mais il fait gr\u00e2ce aux humbles.&nbsp;\u00bb 1 Pi. 5, 5. \u00ab&nbsp;Humiliez-vous devant le Seigneur, et il vous \u00e9l\u00e8vera.&nbsp;\u00bb Ja. 4, 10. \u00ab&nbsp;Avant d\u2019avoir \u00e9t\u00e9 humili\u00e9, je m\u2019\u00e9garais&nbsp;; maintenant j\u2019observe ta parole. Il m\u2019est bon d\u2019\u00eatre humili\u00e9, afin que j\u2019apprenne tes statuts. Je sais, \u00f4 \u00c9ternel&nbsp;! que tes jugements sont justes&nbsp;; c\u2019est par fid\u00e9lit\u00e9 que tu m\u2019as humili\u00e9.&nbsp;\u00bb Ps. 119, 67, 71, 75.<\/p>\n<p>Dieu ne fait rien <em>au hasard<\/em> \u2013 il n\u2019abaisse ni n\u2019\u00e9l\u00e8ve au hasard, il n\u2019endurcit ni ne b\u00e9nit au hasard, il ne donne pas la r\u00e9ussite ni n\u2019emp\u00eache la r\u00e9ussite au hasard. Dans tous les cas et envers toutes les personnes, il agit <em>selon des lois pr\u00e9cises<\/em>.<\/p>\n<p>La loi principale est la loi de l\u2019humilit\u00e9. Qu\u2019est-ce que l\u2019humilit\u00e9, en r\u00e9alit\u00e9&nbsp;? Ce n\u2019est pas de parler d\u2019un ton geignant ou d\u2019employer de belles phrases creuses. C\u2019est le fait de reconna\u00eetre son propre \u00e9tat et de se mettre \u00e0 la place qui convient. Quand par exemple celui qui est jeune est soumis \u00e0 celui qui est plus ancien, il est humble, car il reconna\u00eet qu\u2019il est jeune et se place en-dessous de celui qui est plus \u00e2g\u00e9.<\/p>\n<p>Dans les passages cit\u00e9s ci-dessus, il est question de deux degr\u00e9s principaux d\u2019humilit\u00e9. I. <em>S\u2019humilier soi-m\u00eame<\/em>. II. <em>se laisser humilier<\/em>. L\u2019humilit\u00e9 va de pair avec l\u2019amour pour la v\u00e9rit\u00e9. La v\u00e9rit\u00e9, c\u2019est qu\u2019on est fr\u00e9quemment trop \u00e9lev\u00e9 \u2013 dans tous les domaines. Par amour pour la v\u00e9rit\u00e9 (2 Th. 2, 10) on reconna\u00eet cet \u00e9tat de fait, on s\u2019humilie et on s\u2019abaisse, selon la lumi\u00e8re de la v\u00e9rit\u00e9 qui rayonne des \u00c9critures, quand on t\u00e9moigne ou d\u2019autres mani\u00e8res.<\/p>\n<p>L\u2019humilit\u00e9 de premi\u00e8re classe consiste \u00e0 se juger soi-m\u00eame de son propre gr\u00e9 (1 Co. 11, 31-32) et \u00e0 s\u2019abaisser soi-m\u00eame, de sa propre initiative. L\u2019humilit\u00e9 de seconde classe consiste \u00e0 reconna\u00eetre ce qu\u2019il en est quand Dieu nous humilie, quand on est jug\u00e9 par l\u2019interm\u00e9diaire d\u2019autres personnes ou par des situations ou \u00e9v\u00e9nements divers et vari\u00e9s. Dans ce dernier cas, on a donc besoin d\u2019une aide particuli\u00e8re pour \u00eatre humble. Sans cela, on ne reconna\u00eetrait pas sa propre mis\u00e8re. Quand la lumi\u00e8re brille dans l\u2019assembl\u00e9e sans qu\u2019elle s\u2019adresse sp\u00e9cifiquement \u00e0 une personne donn\u00e9e, on ne d\u00e9couvre pas qu\u2019elle touche quelque chose qu\u2019on a en soi-m\u00eame. On a besoin d\u2019une indication personnelle, donn\u00e9e d\u2019une mani\u00e8re ou d\u2019une autre, pour le d\u00e9couvrir.<\/p>\n<p>Dans le meilleur des cas, on prend soi-m\u00eame place plus loin vers l\u2019arri\u00e8re dans un lieu de rassemblement, parce qu\u2019on voit que c\u2019est l\u00e0 la place qu\u2019il est juste qu\u2019on occupe. Dans l\u2019autre cas, on se place plus loin vers l\u2019avant&nbsp;; mais d\u00e8s que le ma\u00eetre des lieux explique \u00e0 la personne en question que sa place est plus loin derri\u00e8re, elle a honte et elle se remet tout de suite \u00e0 la place qui convient.<\/p>\n<p>Si elle h\u00e9site \u00e0 le faire, on peut dire que c\u2019est de l\u2019humilit\u00e9 de troisi\u00e8me classe. Et si on ne le reconna\u00eet pas et qu\u2019on ne se laisse pas abaisser du tout, c\u2019est de l\u2019orgueil et de la fiert\u00e9 \u2013 et on ne re\u00e7oit aucune gr\u00e2ce, aucune aide pour \u00eatre sauv\u00e9. \u2013<\/p>\n<p>Tout cela concerne des r\u00e9alit\u00e9s, des faits. En plus de tout cela, il y a aussi une autre sorte d\u2019humilit\u00e9, \u00e0 savoir la fausse humilit\u00e9, l\u2019humilit\u00e9 hypocrite. Elle consiste en paroles, en inflexions de voix et en expressions du visage qui ont une apparence d\u2019humilit\u00e9, mais qui s\u2019av\u00e8rent n\u2019\u00eatre qu\u2019une com\u00e9die, si on examine leur force r\u00e9elle.<\/p>\n<p>S\u2019humilier, c\u2019est prendre de soi-m\u00eame la place qui convient.<\/p>\n<p>\u00catre humili\u00e9, c\u2019est \u00eatre remis \u00e0 sa place par d\u2019autres et \u00eatre d\u2019accord avec ce traitement. \u00catre orgueilleux, c\u2019est se d\u00e9fendre et vouloir garder la place qu\u2019il ne convient pas qu\u2019on occupe.<\/p>\n\t\t<\/div>\n\t\t\t\t\t<\/div>\n\n\t\n\n\t<div id=\"col-1140722832\" class=\"col copyright small-12 large-12\"  >\n\t\t\t\t<div class=\"col-inner text-left\"  >\n\t\t\t\n\t\t\t\n<div>\u00a9 Copyright Stiftelsen Skjulte Skatters Forlag<\/div>\n\t\t<\/div>\n\t\t\t\t\t<\/div>\n\n\t\n\n\t<div id=\"col-375387370\" class=\"col small-12 large-12\"  >\n\t\t\t\t<div class=\"col-inner text-left\"  >\n\t\t\t\n\t\t\t\n<div><a href=\"#\" class=\"read-more\">Lire plus<\/a><\/div>\n\t\t<\/div>\n\t\t\t\t\t<\/div>\n\n\t\n\n\t<div id=\"col-47298794\" class=\"col small-12 large-12\"  >\n\t\t\t\t<div class=\"col-inner text-left\"  >\n\t\t\t\n\t\t\t\n<p class=\"next-previous-message\"><a class=\"previous\" href=\"\/fr\/bible-studies\/theme-1\/his-name-is-wonder\/\"><i class=\"icon-angle-left\"><\/i> Previous<\/a><a class=\"next\" href=\"\/fr\/bible-studies\/theme-1\/rejoice-in-hope\/\">Next <i class=\"icon-angle-right\"><\/i><\/a><\/p>\n\t\t<\/div>\n\t\t\t\t\t<\/div>\n\n\t\n<\/div>\n\t\t<\/div>\n\n\t\t\n<style>\n#section_507234850 {\n  padding-top: 0px;\n  padding-bottom: 0px;\n  margin-bottom: 0px;\n}\n@media (min-width:550px) {\n  #section_507234850 {\n    padding-top: 0px;\n    padding-bottom: 0px;\n  }\n}\n<\/style>\n\t<\/section>\n\t\n\n\t<section class=\"section food-for-thought\" id=\"section_1576162214\">\n\t\t<div class=\"section-bg fill\" >\n\t\t\t\t\t\t\t\t\t\n\t\t\t\n\n\t\t<\/div>\n\n\t\t\n\n\t\t<div class=\"section-content relative\">\n\t\t\t\n<div class=\"row align-center\"  id=\"row-711630120\">\n\n\t<div id=\"col-1210983255\" class=\"col title small-12 large-12\"  >\n\t\t\t\t<div class=\"col-inner text-left dark\"  >\n\t\t\t\n\t\t\t\n<h2>Devotional<\/h2>\n\t\t<\/div>\n\t\t\t\t\t<\/div>\n\n\t\n\n\t<div id=\"col-779860768\" class=\"col small-12 large-12\"  >\n\t\t\t\t<div class=\"col-inner dark\"  >\n\t\t\t\n\t\t\t\n<p>Ouvres ta bible sur un des versets de l&#8217;article &#8220;Qu&#8217;il te soit fait selon ta foi&#8221;. Pourquoi crois-tu qu&#8217;Aslaksen a cit\u00e9 pr\u00e9cis\u00e9ment ce verset ?<\/p>\n<p class='info'>You have to <a href='\/login\/'>log in<\/a> if you want to save your answer.<\/p>\n\t\t<\/div>\n\t\t\t\t\t<\/div>\n\n\t\n<\/div>\n\t\t<\/div>\n\n\t\t\n<style>\n#section_1576162214 {\n  padding-top: 30px;\n  padding-bottom: 30px;\n  background-color: rgb(73, 92, 94);\n}\n<\/style>\n\t<\/section>\n\t\n","protected":false},"excerpt":{"rendered":"","protected":false},"author":5,"featured_media":0,"parent":8095,"menu_order":2,"comment_status":"closed","ping_status":"closed","template":"page-blank.php","meta":{"footnotes":""},"class_list":["post-18411","page","type-page","status-publish","hentry"],"aioseo_notices":[],"_links":{"self":[{"href":"https:\/\/words-of-faith.org\/fr\/wp-json\/wp\/v2\/pages\/18411","targetHints":{"allow":["GET"]}}],"collection":[{"href":"https:\/\/words-of-faith.org\/fr\/wp-json\/wp\/v2\/pages"}],"about":[{"href":"https:\/\/words-of-faith.org\/fr\/wp-json\/wp\/v2\/types\/page"}],"author":[{"embeddable":true,"href":"https:\/\/words-of-faith.org\/fr\/wp-json\/wp\/v2\/users\/5"}],"replies":[{"embeddable":true,"href":"https:\/\/words-of-faith.org\/fr\/wp-json\/wp\/v2\/comments?post=18411"}],"version-history":[{"count":0,"href":"https:\/\/words-of-faith.org\/fr\/wp-json\/wp\/v2\/pages\/18411\/revisions"}],"up":[{"embeddable":true,"href":"https:\/\/words-of-faith.org\/fr\/wp-json\/wp\/v2\/pages\/8095"}],"wp:attachment":[{"href":"https:\/\/words-of-faith.org\/fr\/wp-json\/wp\/v2\/media?parent=18411"}],"curies":[{"name":"wp","href":"https:\/\/api.w.org\/{rel}","templated":true}]}}