{"id":18443,"date":"2020-07-21T10:34:18","date_gmt":"2020-07-21T08:34:18","guid":{"rendered":"https:\/\/aslaksen.bcc.no\/?page_id=18443"},"modified":"2020-08-21T11:47:25","modified_gmt":"2020-08-21T09:47:25","slug":"rejouissez-vous-en-esperance","status":"publish","type":"page","link":"https:\/\/words-of-faith.org\/fr\/bible-study\/theme-1\/rejouissez-vous-en-esperance\/","title":{"rendered":"R\u00e9jouissez-vous en esp\u00e9rance"},"content":{"rendered":"\n\t<section class=\"section\" id=\"section_2028383706\">\n\t\t<div class=\"section-bg fill\" >\n\t\t\t\t\t\t\t\t\t\n\t\t\t\n\n\t\t<\/div>\n\n\t\t\n\n\t\t<div class=\"section-content relative\">\n\t\t\t\n<div class=\"row align-center\"  id=\"row-410024869\">\n\n\t<div id=\"col-1047805531\" class=\"col small-12 large-12\"  >\n\t\t\t\t<div class=\"col-inner\"  >\n\t\t\t\n\t\t\t\n<p class=\"breadcrumbs\"><a href=\"..\/\">Theme 1<\/a> \/ Messages<\/p>\n<h1>Du pur mensonge \u2013 \u00e0 la v\u00e9rit\u00e9 pleine et enti\u00e8re<\/h1>\n<p class=\"article-date\">Tr\u00e9sors Cach\u00e9s, publi\u00e9 en juin 1985<\/p>\n<p class=\"article-author\">de Elias Aslaksen<\/p>\n\t\t<\/div>\n\t\t\t\t\t<\/div>\n\n\t\n\n<style>\n#row-410024869 > .col > .col-inner {\n  padding: 30px 0px 0px 0px;\n}\n<\/style>\n<\/div>\n<div class=\"row align-center audio\"  id=\"row-712206350\">\n\n\t<div id=\"col-80542417\" class=\"col small-12 large-12\"  >\n\t\t\t\t<div class=\"col-inner\"  >\n\t\t\t\n\t\t\t\n<!--[if lt IE 9]><script>document.createElement('audio');<\/script><![endif]-->\n<audio class=\"wp-audio-shortcode\" id=\"audio-18443-1\" preload=\"none\" style=\"width: 100%;\" controls=\"controls\"><source type=\"audio\/mpeg\" src=\"\/audio\/Tema%204\/FR\/21_Du%20pur%20mensonge%20%C3%A0%20la%20v%C3%A9rit%C3%A9%20pleine%20et%20enti%C3%A8re.mp3?_=1\" \/><a href=\"\/audio\/Tema%204\/FR\/21_Du%20pur%20mensonge%20%C3%A0%20la%20v%C3%A9rit%C3%A9%20pleine%20et%20enti%C3%A8re.mp3\">\/audio\/Tema%204\/FR\/21_Du%20pur%20mensonge%20%C3%A0%20la%20v%C3%A9rit%C3%A9%20pleine%20et%20enti%C3%A8re.mp3<\/a><\/audio>\n<p class=\"click-to-listen\">Click to listen to the speech.<\/p>\n\t\t<\/div>\n\t\t\t\t\t<\/div>\n\n\t\n<\/div>\n<div class=\"row align-center article article-excerpt\"  id=\"row-1191372818\">\n\n\t<div id=\"col-1884716000\" class=\"col small-12 large-12\"  >\n\t\t\t\t<div class=\"col-inner text-left\"  >\n\t\t\t\n\t\t\t\n<p>Quel salut&nbsp;! Quelle transformation&nbsp;! Quel d\u00e9veloppement&nbsp;! Quelle vocation&nbsp;! Quel amour absolument indescriptible Dieu a pour nous, qui fait qu\u2019il veut vraiment faire une \u0153uvre aussi vertigineuse, grande et glorieuse, en tous ceux qui croient de tout leur c\u0153ur \u00e0 toutes les paroles de vie qui t\u00e9moignent de cela dans le Nouveau Testament&nbsp;!!!<\/p>\n<p>\u00ab&nbsp;Les fils de l\u2019homme ne sont que mensonge&nbsp;!&nbsp;\u00bb Voil\u00e0 ce que nous sommes par nous-m\u00eames, d\u00e9t\u00e9rior\u00e9s par le p\u00e9ch\u00e9. \u00ab&nbsp;Que Dieu soit reconnu pour vrai, et tout homme pour menteur.&nbsp;\u00bb J\u00e9sus a dit&nbsp;: \u00ab&nbsp;Je suis la v\u00e9rit\u00e9&nbsp;!&nbsp;\u00bb Ro. 3, 4 et Jn. 14, 6. Notre vocation c\u00e9leste est de devenir semblable \u00e0 lui, pendant ce temps de gr\u00e2ce, donc de devenir la v\u00e9rit\u00e9 \u2013 uniquement la v\u00e9rit\u00e9 en pratique, \u00e0 tous points de vue&nbsp;! La parole d\u2019\u00c9sa\u00efe 53 est vraiment pleinement \u00e0 sa place&nbsp;: \u00ab&nbsp;Qui a cru \u00e0 ce qui nous \u00e9tait annonc\u00e9&nbsp;?&nbsp;\u00bb<\/p>\n<p>Mais lou\u00e9 soit Dieu pour tous ceux qui s\u2019approprient vraiment une foi vivante aux paroles de J\u00e9sus et aux paroles des ap\u00f4tres&nbsp;!!! Car cela r\u00e9ussit par la foi. C\u2019est la m\u00eame chose que d\u2019\u00eatre sauv\u00e9 de l\u2019hypocrisie sous toutes ses formes, car l\u2019hypocrisie est du mensonge&nbsp;! Voir Lu. 12, 1. L\u2019hypocrisie, c\u2019est d\u2019user de toutes sortes de proc\u00e9d\u00e9s pour donner l\u2019impression qu\u2019on est meilleur que ce qu\u2019on est, que ce qui est la r\u00e9alit\u00e9. C\u2019est donc une repr\u00e9sentation, une com\u00e9die&nbsp;! On encaisse de l\u2019honneur pour quelque chose qu\u2019on n\u2019est pas en v\u00e9rit\u00e9, au lieu de protester au nom de la v\u00e9rit\u00e9&nbsp;!<\/p>\n<p>Cela va de pair avec la fraude et le manque de sinc\u00e9rit\u00e9 et d\u2019honn\u00eatet\u00e9. Il est dit de J\u00e9sus, comme une caract\u00e9ristique exceptionnelle, qu\u2019il \u00e9tait sans fraude. Il \u00e9tait en effet la v\u00e9rit\u00e9&nbsp;! \u2013 \u2013 \u2013<\/p>\n<p>On peut donc mentir de plusieurs mani\u00e8res, pas seulement par des mensonges directs et brutaux et par des \u00ab&nbsp;bobards&nbsp;\u00bb&nbsp;! Ce qui est habituel, c\u2019est malheureusement qu\u2019on dissimule sa m\u00e9diocrit\u00e9 et son manque de bonheur. \u2013 On a une peur bleue que quelqu\u2019un s\u2019en rende compte&nbsp;! Alors on s\u2019efforce de se d\u00e9fendre et de s\u2019excuser, selon toutes les r\u00e8gles de l\u2019art, au lieu de donner raison au jugement vrai de la lumi\u00e8re&nbsp;!<\/p>\n<p>De quoi a-t-on donc si peur&nbsp;? On a peur de baisser dans l\u2019estime des hommes. Mais on ne baisse que dans l\u2019estime des gens b\u00eates&nbsp;! Car s\u2019humilier, s\u2019abaisser, c\u2019est la vertu la plus b\u00e9n\u00e9fique qui soit&nbsp;! On monte dans l\u2019estime de Dieu&nbsp;!<\/p>\n<p>Spirituellement parlant, c\u2019est donc insens\u00e9 d\u2019avoir peur de s\u2019humilier&nbsp;!<\/p>\n<p>C\u2019est pour la m\u00eame raison que beaucoup de gens s\u2019abstiennent de demander pardon aux autres pour les choses qu\u2019ils ont faites&nbsp;! Bien qu\u2019ils aient de tr\u00e8s bonnes raisons de le faire, et que cela cr\u00e9erait du bonheur dans leur for int\u00e9rieur&nbsp;! En v\u00e9rit\u00e9&nbsp;! Le but, c\u2019est&nbsp;: Seulement la v\u00e9rit\u00e9&nbsp;!<\/p>\n\t\t<\/div>\n\t\t\t\t\t<\/div>\n\n\t\n\n\t<div id=\"col-2048717601\" class=\"col copyright small-12 large-12\"  >\n\t\t\t\t<div class=\"col-inner text-left\"  >\n\t\t\t\n\t\t\t\n<div>\u00a9 Copyright Stiftelsen Skjulte Skatters Forlag<\/div>\n\t\t<\/div>\n\t\t\t\t\t<\/div>\n\n\t\n\n\t<div id=\"col-377013411\" class=\"col small-12 large-12\"  >\n\t\t\t\t<div class=\"col-inner text-left\"  >\n\t\t\t\n\t\t\t\n<div><a href=\"#\" class=\"read-more\">Lire plus<\/a><\/div>\n\t\t<\/div>\n\t\t\t\t\t<\/div>\n\n\t\n\n\t<div id=\"col-1687368484\" class=\"col small-12 large-12\"  >\n\t\t\t\t<div class=\"col-inner text-left\"  >\n\t\t\t\n\t\t\t\n<p class=\"next-previous-message\"><a class=\"previous\" href=\"\/fr\/bible-studies\/theme-1\/as-you-have-believed-so-let-it-be-done-for-you\/\"><i class=\"icon-angle-left\"><\/i> Previous<\/a><a class=\"next\" href=\"\/fr\/bible-studies\/theme-1\/believe-like-abraham-did\/\">Next <i class=\"icon-angle-right\"><\/i><\/a><\/p>\n\t\t<\/div>\n\t\t\t\t\t<\/div>\n\n\t\n<\/div>\n\t\t<\/div>\n\n\t\t\n<style>\n#section_2028383706 {\n  padding-top: 0px;\n  padding-bottom: 0px;\n  margin-bottom: 0px;\n}\n@media (min-width:550px) {\n  #section_2028383706 {\n    padding-top: 0px;\n    padding-bottom: 0px;\n  }\n}\n<\/style>\n\t<\/section>\n\t\n\n\t<section class=\"section food-for-thought\" id=\"section_1219021545\">\n\t\t<div class=\"section-bg fill\" >\n\t\t\t\t\t\t\t\t\t\n\t\t\t\n\n\t\t<\/div>\n\n\t\t\n\n\t\t<div class=\"section-content relative\">\n\t\t\t\n<div class=\"row align-center\"  id=\"row-277946543\">\n\n\t<div id=\"col-685466132\" class=\"col title small-12 large-12\"  >\n\t\t\t\t<div class=\"col-inner text-left dark\"  >\n\t\t\t\n\t\t\t\n<h2>Devotional<\/h2>\n\t\t<\/div>\n\t\t\t\t\t<\/div>\n\n\t\n\n\t<div id=\"col-1010898639\" class=\"col small-12 large-12\"  >\n\t\t\t\t<div class=\"col-inner dark\"  >\n\t\t\t\n\t\t\t\n<p>Dans le message &#8220;R\u00e9jouissez vous en esp\u00e9rance&#8221;, Aslaksen dit que l&#8217;esp\u00e9rance c&#8217;est tout. Selon TOI, que veut-il dire par l\u00e0 ?<\/p>\n<p class='info'>You have to <a href='\/login\/'>log in<\/a> if you want to save your answer.<\/p>\n\t\t<\/div>\n\t\t\t\t\t<\/div>\n\n\t\n<\/div>\n\t\t<\/div>\n\n\t\t\n<style>\n#section_1219021545 {\n  padding-top: 30px;\n  padding-bottom: 30px;\n  background-color: rgb(73, 92, 94);\n}\n<\/style>\n\t<\/section>\n\t\n","protected":false},"excerpt":{"rendered":"","protected":false},"author":5,"featured_media":0,"parent":8095,"menu_order":3,"comment_status":"closed","ping_status":"closed","template":"page-blank.php","meta":{"footnotes":""},"class_list":["post-18443","page","type-page","status-publish","hentry"],"aioseo_notices":[],"_links":{"self":[{"href":"https:\/\/words-of-faith.org\/fr\/wp-json\/wp\/v2\/pages\/18443","targetHints":{"allow":["GET"]}}],"collection":[{"href":"https:\/\/words-of-faith.org\/fr\/wp-json\/wp\/v2\/pages"}],"about":[{"href":"https:\/\/words-of-faith.org\/fr\/wp-json\/wp\/v2\/types\/page"}],"author":[{"embeddable":true,"href":"https:\/\/words-of-faith.org\/fr\/wp-json\/wp\/v2\/users\/5"}],"replies":[{"embeddable":true,"href":"https:\/\/words-of-faith.org\/fr\/wp-json\/wp\/v2\/comments?post=18443"}],"version-history":[{"count":0,"href":"https:\/\/words-of-faith.org\/fr\/wp-json\/wp\/v2\/pages\/18443\/revisions"}],"up":[{"embeddable":true,"href":"https:\/\/words-of-faith.org\/fr\/wp-json\/wp\/v2\/pages\/8095"}],"wp:attachment":[{"href":"https:\/\/words-of-faith.org\/fr\/wp-json\/wp\/v2\/media?parent=18443"}],"curies":[{"name":"wp","href":"https:\/\/api.w.org\/{rel}","templated":true}]}}