{"id":18507,"date":"2020-07-21T10:48:00","date_gmt":"2020-07-21T08:48:00","guid":{"rendered":"https:\/\/aslaksen.bcc.no\/?page_id=18507"},"modified":"2020-08-21T11:55:26","modified_gmt":"2020-08-21T09:55:26","slug":"dieu-est-veritable","status":"publish","type":"page","link":"https:\/\/words-of-faith.org\/fr\/bible-study\/theme-1\/dieu-est-veritable\/","title":{"rendered":"Dieu est v\u00e9ritable"},"content":{"rendered":"\n\t<section class=\"section\" id=\"section_1169477168\">\n\t\t<div class=\"section-bg fill\" >\n\t\t\t\t\t\t\t\t\t\n\t\t\t\n\n\t\t<\/div>\n\n\t\t\n\n\t\t<div class=\"section-content relative\">\n\t\t\t\n<div class=\"row align-center\"  id=\"row-1570635676\">\n\n\t<div id=\"col-1576821317\" class=\"col small-12 large-12\"  >\n\t\t\t\t<div class=\"col-inner\"  >\n\t\t\t\n\t\t\t\n<p class=\"breadcrumbs\"><a href=\"..\/\">Theme 1<\/a> \/ Messages<\/p>\n<h1>La m\u00e9thode de travail de Dieu<\/h1>\n<p class=\"article-date\">Tr\u00e9sors Cach\u00e9s, publi\u00e9 en avril 1958<\/p>\n<p class=\"article-author\">de Elias Aslaksen<\/p>\n\t\t<\/div>\n\t\t\t\t\t<\/div>\n\n\t\n\n<style>\n#row-1570635676 > .col > .col-inner {\n  padding: 30px 0px 0px 0px;\n}\n<\/style>\n<\/div>\n<div class=\"row align-center audio\"  id=\"row-944205921\">\n\n\t<div id=\"col-1751245713\" class=\"col small-12 large-12\"  >\n\t\t\t\t<div class=\"col-inner\"  >\n\t\t\t\n\t\t\t\n<!--[if lt IE 9]><script>document.createElement('audio');<\/script><![endif]-->\n<audio class=\"wp-audio-shortcode\" id=\"audio-18507-1\" preload=\"none\" style=\"width: 100%;\" controls=\"controls\"><source type=\"audio\/mpeg\" src=\"\/audio\/Tema%204\/FR\/23_La%20m%C3%A9thode%20de%20travail%20de%20Dieu.mp3?_=1\" \/><a href=\"\/audio\/Tema%204\/FR\/23_La%20m%C3%A9thode%20de%20travail%20de%20Dieu.mp3\">\/audio\/Tema%204\/FR\/23_La%20m%C3%A9thode%20de%20travail%20de%20Dieu.mp3<\/a><\/audio>\n<p class=\"click-to-listen\">Click to listen to the speech.<\/p>\n\t\t<\/div>\n\t\t\t\t\t<\/div>\n\n\t\n<\/div>\n<div class=\"row align-center article article-excerpt\"  id=\"row-863479309\">\n\n\t<div id=\"col-580872542\" class=\"col small-12 large-12\"  >\n\t\t\t\t<div class=\"col-inner text-left\"  >\n\t\t\t\n\t\t\t\n<p>\u2026 est pour l\u2019essentiel toujours la m\u00eame. C\u2019est d\u2019ailleurs tout \u00e0 fait normal, puisque tous les hommes ont les m\u00eames tendances \u00e0 s\u2019enfler d\u2019orgueil, \u00e0 avoir une haute opinion d\u2019eux-m\u00eames, et \u00e0 prendre pour eux-m\u00eames l\u2019honneur qui revient \u00e0 Dieu pour ce qu\u2019il a produit en eux et par eux, dans sa grande gr\u00e2ce.<\/p>\n<p>C\u2019est justement pourquoi son plan et sa m\u00e9thode de travail ont constamment pour but d\u2019emp\u00eacher ces choses. Son travail consiste par cons\u00e9quent \u00e0 <em>nous briser selon la chair<\/em> et \u00e0 nous amener \u00e0 baisser suffisamment dans notre propre estime. Il fait par exemple en sorte que nous essuyions un \u00e9chec dans une entreprise ou une autre, en retirant sa gr\u00e2ce et en se retirant lui-m\u00eame dans certaines circonstances, et en nous laissant ainsi go\u00fbter le fruit de nos propres voies, le fruit de notre propre force, notre volont\u00e9 et notre raisonnement.<\/p>\n<p>Nous sommes ainsi humili\u00e9s, et cela cr\u00e9e du lest dans le bateau de notre vie, qui nous permet de supporter une navigation par tous les temps, sans tourner en rond, et d\u2019arriver sains et saufs au port \u00e9ternel.<\/p>\n<p>Sa volont\u00e9 pleine d\u2019amour et de bont\u00e9 est de nous \u00e9lever avec lui, et c\u2019est justement pour cela qu\u2019il doit nous briser fortement, pour que nous puissions supporter par la suite l\u2019\u00e9l\u00e9vation sans en retirer de l\u2019honneur pour nous-m\u00eames.<\/p>\n<p>Il poursuit ce but d\u2019une main ferme et d\u2019un c\u0153ur ferme, sans se laisser influencer le moins du monde par notre manque de compr\u00e9hension \u00e0 l\u2019\u00e9gard de sa mani\u00e8re d\u2019agir.<\/p>\n<p>Gloire, gloire, gloire \u00e0 son nom !<\/p>\n\t\t<\/div>\n\t\t\t\t\t<\/div>\n\n\t\n\n\t<div id=\"col-1011872429\" class=\"col copyright small-12 large-12\"  >\n\t\t\t\t<div class=\"col-inner text-left\"  >\n\t\t\t\n\t\t\t\n<div>\u00a9 Copyright Stiftelsen Skjulte Skatters Forlag<\/div>\n\t\t<\/div>\n\t\t\t\t\t<\/div>\n\n\t\n\n\t<div id=\"col-990789989\" class=\"col small-12 large-12\"  >\n\t\t\t\t<div class=\"col-inner text-left\"  >\n\t\t\t\n\t\t\t\n<div><a href=\"#\" class=\"read-more\">Lire plus<\/a><\/div>\n\t\t<\/div>\n\t\t\t\t\t<\/div>\n\n\t\n\n\t<div id=\"col-1507988528\" class=\"col small-12 large-12\"  >\n\t\t\t\t<div class=\"col-inner text-left\"  >\n\t\t\t\n\t\t\t\n<p class=\"next-previous-message\"><a class=\"previous\" href=\"\/fr\/bible-studies\/theme-1\/believe-like-abraham-did\/\"><i class=\"icon-angle-left\"><\/i> Previous<\/a><a class=\"next\" href=\"\/fr\/bible-studies\/theme-1\/believe-in-the-god-of-miracles\/\">Next <i class=\"icon-angle-right\"><\/i><\/a><\/p>\n\t\t<\/div>\n\t\t\t\t\t<\/div>\n\n\t\n<\/div>\n\t\t<\/div>\n\n\t\t\n<style>\n#section_1169477168 {\n  padding-top: 0px;\n  padding-bottom: 0px;\n  margin-bottom: 0px;\n}\n@media (min-width:550px) {\n  #section_1169477168 {\n    padding-top: 0px;\n    padding-bottom: 0px;\n  }\n}\n<\/style>\n\t<\/section>\n\t\n\n\t<section class=\"section food-for-thought\" id=\"section_1739580995\">\n\t\t<div class=\"section-bg fill\" >\n\t\t\t\t\t\t\t\t\t\n\t\t\t\n\n\t\t<\/div>\n\n\t\t\n\n\t\t<div class=\"section-content relative\">\n\t\t\t\n<div class=\"row align-center\"  id=\"row-1799988877\">\n\n\t<div id=\"col-1542220523\" class=\"col title small-12 large-12\"  >\n\t\t\t\t<div class=\"col-inner text-left dark\"  >\n\t\t\t\n\t\t\t\n<h2>Devotional<\/h2>\n\t\t<\/div>\n\t\t\t\t\t<\/div>\n\n\t\n\n\t<div id=\"col-871852239\" class=\"col small-12 large-12\"  >\n\t\t\t\t<div class=\"col-inner dark\"  >\n\t\t\t\n\t\t\t\n<p>Lis ou \u00e9coutes l&#8217;article &#8220;Dieu est v\u00e9ritable&#8221;. Trouves une promesse dans la Bible \u00e0 laquelle tu n&#8217;avais jamais pens\u00e9 et recopie le verset dans l&#8217;espace ci-dessous. Si tu veux tu peux aussi \u00e9crire ce qui t&#8217;arrivera personnellement, si tu crois exactement \u00e0 ce qui est \u00e9crit. Lis le contexte &#8211; est-ce que tu peux trouver des conditions li\u00e9es \u00e0 la promesse ?<\/p>\n<p class='info'>You have to <a href='\/login\/'>log in<\/a> if you want to save your answer.<\/p>\n\t\t<\/div>\n\t\t\t\t\t<\/div>\n\n\t\n<\/div>\n\t\t<\/div>\n\n\t\t\n<style>\n#section_1739580995 {\n  padding-top: 30px;\n  padding-bottom: 30px;\n  background-color: rgb(73, 92, 94);\n}\n<\/style>\n\t<\/section>\n\t\n","protected":false},"excerpt":{"rendered":"","protected":false},"author":5,"featured_media":0,"parent":8095,"menu_order":5,"comment_status":"closed","ping_status":"closed","template":"page-blank.php","meta":{"footnotes":""},"class_list":["post-18507","page","type-page","status-publish","hentry"],"aioseo_notices":[],"_links":{"self":[{"href":"https:\/\/words-of-faith.org\/fr\/wp-json\/wp\/v2\/pages\/18507","targetHints":{"allow":["GET"]}}],"collection":[{"href":"https:\/\/words-of-faith.org\/fr\/wp-json\/wp\/v2\/pages"}],"about":[{"href":"https:\/\/words-of-faith.org\/fr\/wp-json\/wp\/v2\/types\/page"}],"author":[{"embeddable":true,"href":"https:\/\/words-of-faith.org\/fr\/wp-json\/wp\/v2\/users\/5"}],"replies":[{"embeddable":true,"href":"https:\/\/words-of-faith.org\/fr\/wp-json\/wp\/v2\/comments?post=18507"}],"version-history":[{"count":0,"href":"https:\/\/words-of-faith.org\/fr\/wp-json\/wp\/v2\/pages\/18507\/revisions"}],"up":[{"embeddable":true,"href":"https:\/\/words-of-faith.org\/fr\/wp-json\/wp\/v2\/pages\/8095"}],"wp:attachment":[{"href":"https:\/\/words-of-faith.org\/fr\/wp-json\/wp\/v2\/media?parent=18507"}],"curies":[{"name":"wp","href":"https:\/\/api.w.org\/{rel}","templated":true}]}}