{"id":24374,"date":"2020-07-31T09:19:25","date_gmt":"2020-07-31T07:19:25","guid":{"rendered":"https:\/\/words-of-faith.org\/a-propos-de-nous\/"},"modified":"2020-10-05T12:39:12","modified_gmt":"2020-10-05T10:39:12","slug":"a-propos-de-nous","status":"publish","type":"page","link":"https:\/\/words-of-faith.org\/fr\/a-propos-de-nous\/","title":{"rendered":"A propos de nous"},"content":{"rendered":"\n\t<section class=\"section\" id=\"section_898318523\">\n\t\t<div class=\"section-bg fill\" >\n\t\t\t\t\t\t\t\t\t\n\t\t\t\n\n\t\t<\/div>\n\n\t\t\n\n\t\t<div class=\"section-content relative\">\n\t\t\t\n<div class=\"row align-center\"  id=\"row-1068483071\">\n\n\t<div id=\"col-1612536347\" class=\"col small-12 large-12\"  >\n\t\t\t\t<div class=\"col-inner\"  >\n\t\t\t\n\t\t\t\n<h1>A propos de nous<\/h1>\n\n\t\t<div class=\"tabbed-content\">\n\t\t\t\n\t\t\t<ul class=\"nav nav-simple nav-normal nav-size-normal nav-left\" role=\"tablist\"><li id=\"tab-paroles-de-foi\" class=\"tab active has-icon\" role=\"presentation\"><a href=\"#tab_paroles-de-foi\" role=\"tab\" aria-selected=\"true\" aria-controls=\"tab_paroles-de-foi\"><span>Paroles de foi<\/span><\/a><\/li>\n<li id=\"tab-au-sujet-d'elias-aslaksen\" class=\"tab has-icon\" role=\"presentation\"><a href=\"#tab_au-sujet-d'elias-aslaksen\" tabindex=\"-1\" role=\"tab\" aria-selected=\"false\" aria-controls=\"tab_au-sujet-d'elias-aslaksen\"><span>Au sujet d'Elias Aslaksen<\/span><\/a><\/li>\n<li id=\"tab-au-sujet-de-christianisme-actif\" class=\"tab has-icon\" role=\"presentation\"><a href=\"#tab_au-sujet-de-christianisme-actif\" tabindex=\"-1\" role=\"tab\" aria-selected=\"false\" aria-controls=\"tab_au-sujet-de-christianisme-actif\"><span>Au sujet de Christianisme Actif<\/span><\/a><\/li><\/ul><div class=\"tab-panels\"><div id=\"tab_paroles-de-foi\" class=\"panel active entry-content\" role=\"tabpanel\" aria-labelledby=\"tab-paroles-de-foi\">\n<h2>Paroles de foi<\/h2>\n<p style=\"text-align: center\"><img loading=\"lazy\" decoding=\"async\" class=\"aligncenter wp-image-7613\" src=\"https:\/\/words-of-faith.org\/wp-content\/uploads\/2020\/04\/EA-Logo-Final-7-275x400.png\" alt=\"\" width=\"150\" height=\"219\"><\/p>\n<p>&#8220;La foi en la Parole de Dieu est la plus grande puissance qui existe dans l&#8217;Univers.&#8221; Cette citation d&#8217;Elias Aslaksen r\u00e9sume sa vie et son enseignement.  <\/p>\n<p>&#8220;Paroles de foi&#8221; est une \u00e9tude biblique centr\u00e9e sur les messages \u00e9crits et oraux d&#8217;Elias Aslaksen (1888-1976). Sa pr\u00e9dication adh\u00e9rait \u00e0 100% \u00e0 la Parole de Dieu et \u00e0 l&#8217;ob\u00e9issance de la foi. Il croyait en une vie de victoire sur le p\u00e9ch\u00e9 et \u00e0 une compl\u00e8te transformation \u00e0 l&#8217;image de Christ, comme il est mentionn\u00e9 \u00e0 plusieurs endroits dans la Bible, et il avait la foi en un Dieu tout puissant qui a tout pouvoir sur terre et au ciel pour rendre cette vie pleinement possible \u00e0 ceux qui croient.   <\/p>\n<p>Il est \u00e9crit \u00e0 propos de Paul qu&#8217;il \u00e9tait un enseignant des Gentils en foi et en v\u00e9rit\u00e9 et c&#8217;est ce mod\u00e8le d&#8217;enseignement qu&#8217;Aslaksen a suivi. Premi\u00e8rement croire que la Parole est vraie et bonne en toutes circonstances. Ensuite, vivre une vie en accord avec cela en ayant une foi vivante dans sa vie personelle.   <\/p>\n<p>Gr\u00e2ce \u00e0 l&#8217;esprit de foi partag\u00e9 dans ces messages et \u00e9tudes bibliques contenus sur ce site, une foi pour vivre une vie victorieuse peut na\u00eetre et s&#8217;affermir dans chaque coeur qui veut combattre le bon combat de la foi et saisir la vie \u00e9ternelle.<\/p>\n<\/div>\n<div id=\"tab_au-sujet-d'elias-aslaksen\" class=\"panel entry-content\" role=\"tabpanel\" aria-labelledby=\"tab-au-sujet-d'elias-aslaksen\">\n<h2>Au sujet d&#8217;Elias Aslaksen (1888-1976)<\/h2>\n<p><img loading=\"lazy\" decoding=\"async\" class=\"alignnone size-medium wp-image-23812\" src=\"https:\/\/words-of-faith.org\/wp-content\/uploads\/2020\/09\/about-elias-aslaksen-632x400.png\" alt=\"\" width=\"632\" height=\"400\"><\/p>\n<p>Dans Philippiens 3:7-8 Paul \u00e9crit : &#8220;Mais ces choses qui \u00e9taient pour moi des gains, je les ai regard\u00e9es comme une perte, \u00e0 cause de Christ. Et m\u00eame je regarde toutes choses comme une perte, \u00e0 cause de l&#8217;excellence de la connaissance de J\u00e9sus-Christ mon Seigneur, pour lequel j&#8217;ai renonc\u00e9 \u00e0 tout, et je les regarde comme de la boue, afin de gagner Christ.&#8221;<\/p>\n<figure id=\"attachment_23780\" aria-describedby=\"caption-attachment-23780\" style=\"width: 154px\" class=\"wp-caption alignright\"><img loading=\"lazy\" decoding=\"async\" class=\"wp-image-23780\" src=\"https:\/\/words-of-faith.org\/wp-content\/uploads\/2020\/09\/elias-aslaksen-early-twenties-258x400.png\" alt=\"\" width=\"154\" height=\"239\"><figcaption id=\"caption-attachment-23780\" class=\"wp-caption-text\">Elias Aslaksen \u00e0 une vingtaine d&#8217;ann\u00e9e comme second lieutenant.C&#8217;\u00e9tait un homme tr\u00e8s intelligent, mais il a abandonn\u00e9 sa carri\u00e8re dans la marine apr\u00e8s avoir \u00e9t\u00e9 saisi par J\u00e9sus-Christ.<\/figcaption><\/figure>\n<p>Ces paroles ont fait \u00e9cho dans la vie d&#8217;Elias Aslaksen. Ce jeune homme exceptionnellement dou\u00e9, meilleur cadet de l&#8217;histoire de la Marine norv\u00e9gienne et promis \u00e0 la fin de ses \u00e9tudes \u00e0 une brillante carri\u00e8re, a tout abandonn\u00e9 pour &#8220;remporter le prix de la vocation c\u00e9leste de Dieu en J\u00e9sus-Christ.&#8221; (Philippiens 3:14). Il a donn\u00e9 sa vie enti\u00e8re pour le d\u00e9veloppement de l&#8217;Evangile, \u00e0 la fois par l&#8217;ob\u00e9issance de la foi dans sa vie personnelle et en pr\u00eachant sans rel\u00e2che les paroles de foi dans tant d&#8217;endroits du monde et pendant de nombreuses ann\u00e9es.  <\/p>\n<p>Ses nombreux messages \u00e9crits et sa pr\u00e9dication \u00e9taient bas\u00e9s sur une fid\u00e9lit\u00e9 \u00e0 la Parole de Dieu \u00e0 100%. C&#8217;est peut-\u00eatre ce qui rend ses messages si vivants et si puissants encore aujourd&#8217;hui, plus de 40 ans apr\u00e8s sa mort. Il n&#8217;a jamais tourn\u00e9 autour du p\u00f4t pour faire comprendre un sujet, il a annonc\u00e9 la Parole de Dieu de mani\u00e8re claire et directe, telle qu&#8217;il l&#8217;avait exp\u00e9riment\u00e9 dans sa propre vie.  <\/p>\n<figure id=\"attachment_23796\" aria-describedby=\"caption-attachment-23796\" style=\"width: 632px\" class=\"wp-caption alignnone\"><img loading=\"lazy\" decoding=\"async\" class=\"wp-image-23796 size-medium\" src=\"https:\/\/words-of-faith.org\/wp-content\/uploads\/2020\/09\/elias-aslaksen-preaching-632x400.png\" alt=\"\" width=\"632\" height=\"400\"><figcaption id=\"caption-attachment-23796\" class=\"wp-caption-text\">Elias Aslaksen pr\u00eache lors d&#8217;une r\u00e9union en plein air.<\/figcaption><\/figure>\n<p>Il annon\u00e7ait un \u00e9vangile de victoire sur le p\u00e9ch\u00e9. Son minist\u00e8re et son enseignement provenaient de sa propre vie, et ont fait na\u00eetre la foi dans beaucoup de coeurs. Il avait une foi si vivante en Dieu que lorsqu&#8217;il parlait de cet esprit de foi, il \u00e9tait presque impossible de ne pas se sentir fortifi\u00e9. Il avait un don particulier pour parler de telle mani\u00e8re que ses auditeurs restaient clou\u00e9s sur leurs chaises, et en l&#8217;\u00e9coutant, ils comprenaient qu&#8217;une vie de victoire sur le p\u00e9ch\u00e9 \u00e9tait possible pour eux.   <\/p>\n<figure id=\"attachment_23748\" aria-describedby=\"caption-attachment-23748\" style=\"width: 632px\" class=\"wp-caption alignnone\"><img loading=\"lazy\" decoding=\"async\" class=\"size-medium wp-image-23748\" src=\"https:\/\/words-of-faith.org\/wp-content\/uploads\/2020\/09\/elias-aslaksen-brilliant-speaker-632x400.png\" alt=\"\" width=\"632\" height=\"400\"><figcaption id=\"caption-attachment-23748\" class=\"wp-caption-text\">Aslaksen \u00e9tait un orateur tr\u00e8s dou\u00e9, et il parlait de telle fa\u00e7on qu&#8217;il captivait son auditoire.<\/figcaption><\/figure>\n<p>He was a warm and good-natured person, full of love and goodness. People were drawn to him like flies to honey, because of the atmosphere of life that was with him, but he always drew to the Head. He loved to sit and talk with young people about the Word of God, and when you got him started he could speak for an hour or two. He was faithful to the truth, but always in love. So he could exhort and encourage and always had something from God to give to bless with.    <\/p>\n<figure id=\"attachment_23764\" aria-describedby=\"caption-attachment-23764\" style=\"width: 632px\" class=\"wp-caption alignnone\"><img loading=\"lazy\" decoding=\"async\" class=\"size-medium wp-image-23764\" src=\"https:\/\/words-of-faith.org\/wp-content\/uploads\/2020\/09\/elias-aslaksen-good-atmosphere-632x400.png\" alt=\"\" width=\"632\" height=\"400\"><figcaption id=\"caption-attachment-23764\" class=\"wp-caption-text\">L\u00e0 o\u00f9 se trouvait Aslaksen, r\u00e9gnait toujours une bonne atmosph\u00e8re.<\/figcaption><\/figure>\n<p>His teaching lives on in the messages he left behind, and many have been strengthened in their faith through his words. Our hope is that you too will be strengthened and encouraged to fight the good fight of faith through the contents of this website. <\/p>\n<figure id=\"attachment_23732\" aria-describedby=\"caption-attachment-23732\" style=\"width: 632px\" class=\"wp-caption alignnone\"><img loading=\"lazy\" decoding=\"async\" class=\"size-medium wp-image-23732\" src=\"https:\/\/words-of-faith.org\/wp-content\/uploads\/2020\/09\/elias-aslaksen-active-writer-632x400.png\" alt=\"\" width=\"632\" height=\"400\"><figcaption id=\"caption-attachment-23732\" class=\"wp-caption-text\">Aslaksen \u00e9tait un \u00e9crivain tr\u00e8s actif, et il a \u00e9crit tout au long de sa vie des centaines de lettres, d&#8217;articles, de brochures et de cantiques.<\/figcaption><\/figure>\n<figure id=\"attachment_23716\" aria-describedby=\"caption-attachment-23716\" style=\"width: 318px\" class=\"wp-caption alignnone\"><img loading=\"lazy\" decoding=\"async\" class=\"size-medium wp-image-23716\" src=\"https:\/\/words-of-faith.org\/wp-content\/uploads\/2020\/09\/elias-aslaksen-70-years-318x400.png\" alt=\"\" width=\"318\" height=\"400\"><figcaption id=\"caption-attachment-23716\" class=\"wp-caption-text\">Elias Aslaksen \u00e0 environ 70 ans<\/figcaption><\/figure>\n<\/div>\n<div id=\"tab_au-sujet-de-christianisme-actif\" class=\"panel entry-content\" role=\"tabpanel\" aria-labelledby=\"tab-au-sujet-de-christianisme-actif\">\n<h2>Au sujet de Christianisme Actif<\/h2>\n<p><em>Pour plus d&#8217;informations sur Christianisme Actif, visitez le site officiel <a href=\"https:\/\/activechristianity.org\" target=\"_blank\" rel=\"noopener noreferrer\">christianismeactif.fr<\/a><\/em><\/p>\n<p>ChristianismeActif \u00ae de Brunstad Christian Church explore la fa\u00e7on dont la Parole de Dieu nous met au d\u00e9fi et nous permet de vivre \u00e0 100% selon sa volont\u00e9, afin que nous ne tombions plus dans le p\u00e9ch\u00e9 mais que nous parvenions \u00e0 une vie de victoire.<\/p>\n<\/div><\/div><\/div>\n\t\t<\/div>\n\t\t\t\t\n<style>\n#col-1612536347 > .col-inner {\n  margin: 0px 0px 20px 0px;\n}\n<\/style>\n\t<\/div>\n\n\t\n\n<style>\n#row-1068483071 > .col > .col-inner {\n  padding: 30px 0px 0px 0px;\n}\n<\/style>\n<\/div>\n\t\t<\/div>\n\n\t\t\n<style>\n#section_898318523 {\n  padding-top: 0px;\n  padding-bottom: 0px;\n}\n@media (min-width:550px) {\n  #section_898318523 {\n    padding-top: 30px;\n    padding-bottom: 30px;\n  }\n}\n<\/style>\n\t<\/section>\n\t\n","protected":false},"excerpt":{"rendered":"","protected":false},"author":5,"featured_media":0,"parent":0,"menu_order":0,"comment_status":"closed","ping_status":"closed","template":"page-blank.php","meta":{"footnotes":""},"class_list":["post-24374","page","type-page","status-publish","hentry"],"aioseo_notices":[],"_links":{"self":[{"href":"https:\/\/words-of-faith.org\/fr\/wp-json\/wp\/v2\/pages\/24374","targetHints":{"allow":["GET"]}}],"collection":[{"href":"https:\/\/words-of-faith.org\/fr\/wp-json\/wp\/v2\/pages"}],"about":[{"href":"https:\/\/words-of-faith.org\/fr\/wp-json\/wp\/v2\/types\/page"}],"author":[{"embeddable":true,"href":"https:\/\/words-of-faith.org\/fr\/wp-json\/wp\/v2\/users\/5"}],"replies":[{"embeddable":true,"href":"https:\/\/words-of-faith.org\/fr\/wp-json\/wp\/v2\/comments?post=24374"}],"version-history":[{"count":0,"href":"https:\/\/words-of-faith.org\/fr\/wp-json\/wp\/v2\/pages\/24374\/revisions"}],"wp:attachment":[{"href":"https:\/\/words-of-faith.org\/fr\/wp-json\/wp\/v2\/media?parent=24374"}],"curies":[{"name":"wp","href":"https:\/\/api.w.org\/{rel}","templated":true}]}}