{"id":10758,"date":"2020-05-14T20:00:25","date_gmt":"2020-05-14T18:00:25","guid":{"rendered":"https:\/\/aslaksen.bcc.no\/?page_id=10758"},"modified":"2020-08-21T12:04:26","modified_gmt":"2020-08-21T10:04:26","slug":"magunkat-megtagadni","status":"publish","type":"page","link":"https:\/\/words-of-faith.org\/hu\/bible-study\/tema-2\/magunkat-megtagadni\/","title":{"rendered":"Magunkat megtagadni"},"content":{"rendered":"\n\t<section class=\"section\" id=\"section_91334873\">\n\t\t<div class=\"section-bg fill\" >\n\t\t\t\t\t\t\t\t\t\n\t\t\t\n\n\t\t<\/div>\n\n\t\t\n\n\t\t<div class=\"section-content relative\">\n\t\t\t\n<div class=\"row align-center\"  id=\"row-981352065\">\n\n\t<div id=\"col-338833794\" class=\"col small-12 large-12\"  >\n\t\t\t\t<div class=\"col-inner\"  >\n\t\t\t\n\t\t\t\n<p class=\"breadcrumbs\"><a href=\"..\/\">Theme 2<\/a> \/ Messages<\/p>\n<h1>Magunkat megtagadni<\/h1>\n<p class=\"article-date\">Taleutdrag fra januar 1973<\/p>\n<p class=\"article-author\">av Elias Aslaksen<\/p>\n\t\t<\/div>\n\t\t\t\t\t<\/div>\n\n\t\n\n<style>\n#row-981352065 > .col > .col-inner {\n  padding: 30px 0px 0px 0px;\n}\n<\/style>\n<\/div>\n<div class=\"row align-center audio\"  id=\"row-266224004\">\n\n\t<div id=\"col-2037105423\" class=\"col small-12 large-12\"  >\n\t\t\t\t<div class=\"col-inner\"  >\n\t\t\t\n\t\t\t\n<!--[if lt IE 9]><script>document.createElement('audio');<\/script><![endif]-->\n<audio class=\"wp-audio-shortcode\" id=\"audio-10758-1\" preload=\"none\" style=\"width: 100%;\" controls=\"controls\"><source type=\"audio\/mpeg\" src=\"\/audio\/Tema%202\/hu\/07_Fornekte%20seg%20selv_HU.mp3?_=1\" \/><a href=\"\/audio\/Tema%202\/hu\/07_Fornekte%20seg%20selv_HU.mp3\">\/audio\/Tema%202\/hu\/07_Fornekte%20seg%20selv_HU.mp3<\/a><\/audio>\n<p class=\"click-to-listen\">Click to listen to the speech.<\/p>\n\t\t<\/div>\n\t\t\t\t\t<\/div>\n\n\t\n<\/div>\n<div class=\"row align-center article article-excerpt\"  id=\"row-2135213712\">\n\n\t<div id=\"col-1544587319\" class=\"col small-12 large-12\"  >\n\t\t\t\t<div class=\"col-inner text-left\"  >\n\t\t\t\n\t\t\t\n<p>A legt\u00f6bbeknek kezdetben, \u00e9s \u00e1ltal\u00e1ban a v\u00e9g\u00e9n is sok neh\u00e9zs\u00e9g\u00fck van \u00e9s sok akad\u00e1ly \u2013 \u00e9s \u0151 ilyen \u00e9s \u0151 meg olyan, \u00e9s \u0151 ezt csin\u00e1lta \u00e9s \u0151 pedig ezt mondta \u00e9s olyan sok neh\u00e9zs\u00e9g van.<\/p>\n<p>Ez nem igaz, ez nem helyes. Ez teljesen t\u00e9ves. \u00c9s ez ebben az Ig\u00e9ben van \u00edrva. De a helyzet az, hogy olyan fel\u00fcletesek vagyunk, \u00e9s ez\u00e9rt nem l\u00e1tjuk ezt.<\/p>\n<p>Nem az van \u00edrva, ha valaki ut\u00e1nam akar j\u00f6nni, akkor minden neh\u00e9zs\u00e9ggel \u00e9s helyzettel meg kell birk\u00f3znia \u2013 akkor meg kell tagadnia mag\u00e1t, ez van \u00edrva. Teh\u00e1t ez egy dics\u0151 mag. Egyetlen neh\u00e9zs\u00e9g van csak a nap alatt, csak egy akad\u00e1ly van a nap alatt, csak egyetlen probl\u00e9ma van, \u00e9s egyetlen bonyolult, \u00e9s ez mi magunk vagyunk. R\u00f6videbb, jobb \u00e9s egyszer\u0171bb nem is lehetne.<\/p>\n<p>\u00c9s ebb\u0151l ez a mondat k\u00f6vetkezik: aki legy\u0151zte \u00f6nmag\u00e1t, az minden l\u00e9tez\u0151t legy\u0151z\u00f6tt. Teh\u00e1t minden bele tartozik. A legrosszabbak sajn\u00e1lkoznak mindenf\u00e9le neh\u00e9zs\u00e9geik miatt, \u00e9s a betegs\u00e9geikr\u0151l papolnak k\u00e9s\u0151n \u00e9s kor\u00e1n, \u00e9s m\u00e1s emberekr\u0151l is. \u0150 ilyen neh\u00e9z, \u00e9s \u0151 olyan neh\u00e9z, \u00e9s \u0151 ezt tette, \u00e9s \u0151 ilyen \u00e9s amaz pedig olyan \u2013 \u00e9s ha ez nem t\u00f6rt\u00e9nt volna, akkor jobb lenne velem. Ez mer\u0151 hazugs\u00e1g! Amikor megtagadom magam, \u00e9s nem \u00e9n ker\u00fcl\u00f6k el\u0151t\u00e9rbe, akkor az \u00e9let \u00fatj\u00e1n vagyok, akkor a keskeny \u00faton vagyok, akkor \u00e1tmentem a szoros kapun, \u00e9s beker\u00fcltem a keskeny \u00fatra, \u00e9s ott csak annyi helyem van, amennyire sz\u00fcks\u00e9gem van, egy nagyon keskeny \u00fatra. Ott nagyon el\u0151ny\u00f6s \u00e9s nagyon kellemes.<\/p>\n<p>Ott megszabadultam mindent\u0151l, amit cipeltem, ami az eny\u00e9m, amire vigy\u00e1ztam, amit v\u00e9delmeztem \u00e9s \u00edgy tov\u00e1bb. Ott nincsenek probl\u00e9m\u00e1k, ott nincsenek komplexusok, ott nincsenek neh\u00e9zs\u00e9gek \u00e9s semmi bonyolult \u00e9s ehhez hasonl\u00f3.<\/p>\n<p>Gondold meg, mindent\u0151l megszabadult\u00e1l \u00e9s minden, amit\u0151l m\u00e9g nem szabadult\u00e1l meg, az okoz \u0151r\u00fcletet. P\u00e9ld\u00e1ul az a p\u00e9nz, amire nincs sz\u00fcks\u00e9ged \u2013 csak probl\u00e9m\u00e1t \u00e9s neh\u00e9zs\u00e9get okoz minden alkalommal, amikor a gy\u0171jt\u00e9sbe kell adnod, vagy legyen az b\u00e1rmi m\u00e1s, csak neh\u00e9zs\u00e9g. \u00c9s a dics\u0151s\u00e9g, amire vigy\u00e1znunk kell, igen, szinte mindannyian, gyakorlatilag minden h\u00edv\u0151t \u00e9s a legt\u00f6bb testv\u00e9rt \u00e9rdekli, hogy mi az emberek v\u00e9lem\u00e9nye \u00e9s mit gondolnak r\u00f3luk, \u00e9s sokszor emiatt nem tudnak bizonys\u00e1got tenni. Azon t\u00f6prengenek mi lesz a t\u00f6bbiek v\u00e9lem\u00e9nye. \u00c9s emiatt nem tudnak Istenhez megt\u00e9rni, azon t\u00f6prengenek mit fognak gondolni a csal\u00e1dtagok \u00e9s a bar\u00e1tok. Emberk\u00e9nt minden egyes\u00fcnk teljesen bolond, \u00e9s ez a neh\u00e9zs\u00e9g. M\u00e9lys\u00e9g\u00e9ben, sz\u00e9less\u00e9gben, hossz\u00fas\u00e1gban \u00e9s itt semmi nincs elfelejtve. Ez az egyetlen neh\u00e9zs\u00e9g a Nap alatt.<\/p>\n<p>\u00c9n magam, az \u00e9n akaratom, a v\u00e1gyam, az \u00edzl\u00e9sem, minden v\u00e9lem\u00e9nyem \u00e9s gondolatom, \u00e9n magam. Ha ezt megtagadom \u00e9s teljes sz\u00edvemb\u0151l k\u00f6vetem Isten szav\u00e1t, akkor \u00e1tmentem a szoros kapun \u00e9s bejutottam a keskeny \u00fatra, \u00e9s ott annyira j\u00f3. Ott nagyon j\u00f3l \u00e9rzi mag\u00e1t az ember.<\/p>\n<p>&nbsp;<\/p>\n<p>Elias Aslaksen<\/p>\n\t\t<\/div>\n\t\t\t\t\t<\/div>\n\n\t\n\n\t<div id=\"col-97625832\" class=\"col copyright small-12 large-12\"  >\n\t\t\t\t<div class=\"col-inner text-left\"  >\n\t\t\t\n\t\t\t\n<div>\u00a9 Copyright Stiftelsen Skjulte Skatters Forlag<\/div>\n\t\t<\/div>\n\t\t\t\t\t<\/div>\n\n\t\n\n\t<div id=\"col-738616977\" class=\"col small-12 large-12\"  >\n\t\t\t\t<div class=\"col-inner text-left\"  >\n\t\t\t\n\t\t\t\n<div><a href=\"#\" class=\"read-more\">Read more<\/a><\/div>\n\t\t<\/div>\n\t\t\t\t\t<\/div>\n\n\t\n\n\t<div id=\"col-389760132\" class=\"col small-12 large-12\"  >\n\t\t\t\t<div class=\"col-inner text-left\"  >\n\t\t\t\n\t\t\t\n<p class=\"next-previous-message\"><a class=\"previous\" href=\"\/hu\/bible-studies\/theme-2\/the-two-great-goals-in-a-christians-life\/\"><i class=\"icon-angle-left\"><\/i> Previous<\/a><a class=\"next\" href=\"\/hu\/bible-studies\/theme-2\/i-have-been-crucified-with-christ\/\">Next <i class=\"icon-angle-right\"><\/i><\/a><\/p>\n\t\t<\/div>\n\t\t\t\t\t<\/div>\n\n\t\n<\/div>\n\t\t<\/div>\n\n\t\t\n<style>\n#section_91334873 {\n  padding-top: 0px;\n  padding-bottom: 0px;\n  margin-bottom: 0px;\n}\n@media (min-width:550px) {\n  #section_91334873 {\n    padding-top: 0px;\n    padding-bottom: 0px;\n  }\n}\n<\/style>\n\t<\/section>\n\t\n\n\t<section class=\"section food-for-thought\" id=\"section_1862402857\">\n\t\t<div class=\"section-bg fill\" >\n\t\t\t\t\t\t\t\t\t\n\t\t\t\n\n\t\t<\/div>\n\n\t\t\n\n\t\t<div class=\"section-content relative\">\n\t\t\t\n<div class=\"row align-center\"  id=\"row-920106837\">\n\n\t<div id=\"col-125830932\" class=\"col title small-12 large-12\"  >\n\t\t\t\t<div class=\"col-inner text-left dark\"  >\n\t\t\t\n\t\t\t\n<h2>Devotional<\/h2>\n\t\t<\/div>\n\t\t\t\t\t<\/div>\n\n\t\n\n\t<div id=\"col-1577807592\" class=\"col small-12 large-12\"  >\n\t\t\t\t<div class=\"col-inner dark\"  >\n\t\t\t\n\t\t\t\n<p>A &#8220;Megtagadni magamat&#8221; besz\u00e9dben azt mondja Aslaksen, hogy a k\u00fcls\u0151 k\u00f6r\u00fclm\u00e9nyek nem neh\u00e9zs\u00e9gek, a neh\u00e9zs\u00e9g az \u00e9nn\u00e1lam van. Mindenki tal\u00e1lkozhat az \u00e9letben olyan helyzetekkel, amit neh\u00e9zs\u00e9gnek \u00e9l meg. Mi\u00e9rt mondja Aslaksen m\u00e9gis azt, hogy a keskeny \u00faton j\u00f3l \u00e9rezz\u00fck magunkat?<\/p>\n<p class='info'>You have to <a href='\/login\/'>log in<\/a> if you want to save your answer.<\/p>\n\t\t<\/div>\n\t\t\t\t\t<\/div>\n\n\t\n<\/div>\n\t\t<\/div>\n\n\t\t\n<style>\n#section_1862402857 {\n  padding-top: 30px;\n  padding-bottom: 30px;\n  background-color: rgb(73, 92, 94);\n}\n<\/style>\n\t<\/section>\n\t\n","protected":false},"excerpt":{"rendered":"","protected":false},"author":5,"featured_media":0,"parent":10115,"menu_order":0,"comment_status":"closed","ping_status":"closed","template":"page-blank.php","meta":{"footnotes":""},"class_list":["post-10758","page","type-page","status-publish","hentry"],"aioseo_notices":[],"_links":{"self":[{"href":"https:\/\/words-of-faith.org\/hu\/wp-json\/wp\/v2\/pages\/10758","targetHints":{"allow":["GET"]}}],"collection":[{"href":"https:\/\/words-of-faith.org\/hu\/wp-json\/wp\/v2\/pages"}],"about":[{"href":"https:\/\/words-of-faith.org\/hu\/wp-json\/wp\/v2\/types\/page"}],"author":[{"embeddable":true,"href":"https:\/\/words-of-faith.org\/hu\/wp-json\/wp\/v2\/users\/5"}],"replies":[{"embeddable":true,"href":"https:\/\/words-of-faith.org\/hu\/wp-json\/wp\/v2\/comments?post=10758"}],"version-history":[{"count":0,"href":"https:\/\/words-of-faith.org\/hu\/wp-json\/wp\/v2\/pages\/10758\/revisions"}],"up":[{"embeddable":true,"href":"https:\/\/words-of-faith.org\/hu\/wp-json\/wp\/v2\/pages\/10115"}],"wp:attachment":[{"href":"https:\/\/words-of-faith.org\/hu\/wp-json\/wp\/v2\/media?parent=10758"}],"curies":[{"name":"wp","href":"https:\/\/api.w.org\/{rel}","templated":true}]}}