{"id":10904,"date":"2020-05-14T20:00:43","date_gmt":"2020-05-14T18:00:43","guid":{"rendered":"https:\/\/aslaksen.bcc.no\/?page_id=10904"},"modified":"2020-08-21T12:12:24","modified_gmt":"2020-08-21T10:12:24","slug":"krisztussal-megfeszittettem","status":"publish","type":"page","link":"https:\/\/words-of-faith.org\/hu\/bible-study\/tema-2\/krisztussal-megfeszittettem\/","title":{"rendered":"Krisztussal megfesz\u00edttettem"},"content":{"rendered":"\n\t<section class=\"section\" id=\"section_1221474923\">\n\t\t<div class=\"section-bg fill\" >\n\t\t\t\t\t\t\t\t\t\n\t\t\t\n\n\t\t<\/div>\n\n\t\t\n\n\t\t<div class=\"section-content relative\">\n\t\t\t\n<div class=\"row align-center\"  id=\"row-368291042\">\n\n\t<div id=\"col-1396327313\" class=\"col small-12 large-12\"  >\n\t\t\t\t<div class=\"col-inner\"  >\n\t\t\t\n\t\t\t\n<p class=\"breadcrumbs\"><a href=\"..\/\">Theme 2<\/a> \/ Messages<\/p>\n<h1>Krisztussal megfesz\u00edttettem<\/h1>\n<p class=\"article-date\">Fra hefte \u201cHvile i Gud\u201d, utgitt 1950<\/p>\n<p class=\"article-author\">av Elias Aslaksen<\/p>\n\t\t<\/div>\n\t\t\t\t\t<\/div>\n\n\t\n\n<style>\n#row-368291042 > .col > .col-inner {\n  padding: 30px 0px 0px 0px;\n}\n<\/style>\n<\/div>\n<div class=\"row align-center audio\"  id=\"row-1965532994\">\n\n\t<div id=\"col-767259458\" class=\"col small-12 large-12\"  >\n\t\t\t\t<div class=\"col-inner\"  >\n\t\t\t\n\t\t\t\n<!--[if lt IE 9]><script>document.createElement('audio');<\/script><![endif]-->\n<audio class=\"wp-audio-shortcode\" id=\"audio-10904-1\" preload=\"none\" style=\"width: 100%;\" controls=\"controls\"><source type=\"audio\/mpeg\" src=\"\/audio\/Tema%202\/hu\/08_Jeg%20er%20korsfestet%20med%20Kristus_HU.mp3?_=1\" \/><a href=\"\/audio\/Tema%202\/hu\/08_Jeg%20er%20korsfestet%20med%20Kristus_HU.mp3\">\/audio\/Tema%202\/hu\/08_Jeg%20er%20korsfestet%20med%20Kristus_HU.mp3<\/a><\/audio>\n<p class=\"click-to-listen\">Click to listen to the speech.<\/p>\n\t\t<\/div>\n\t\t\t\t\t<\/div>\n\n\t\n<\/div>\n<div class=\"row align-center article article-excerpt\"  id=\"row-2106942266\">\n\n\t<div id=\"col-563086490\" class=\"col small-12 large-12\"  >\n\t\t\t\t<div class=\"col-inner text-left\"  >\n\t\t\t\n\t\t\t\n<p><strong><em>\u201eKrisztussal egy\u00fctt megfesz\u00edttettem. \u00c9lek pedig t\u00f6bb\u00e9 nem \u00e9n\u2026<\/em><em>\u201d&nbsp;<\/em>Gal.2,20.<\/strong><\/p>\n<p>Ezek kulcsszavak az Istenben val\u00f3 nyugalom el\u00e9r\u00e9s\u00e9hez. Ha <strong><em>hisz\u00fcnk<\/em><\/strong>ezekben a szavakban, ami sajnos rendk\u00edv\u00fcl ritka, akkor ez a kifejez\u00e9s \u00f6nmag\u00e1\u00e9rt besz\u00e9l. De pontosan ez az, amit \u00e1ltal\u00e1ban <strong><em>nem<\/em><\/strong>hisznek. Magyar\u00e1zkodnak, ahelyett, hogy hinn\u00e9nek, \u00e9s ezzel kimagyar\u00e1zz\u00e1k saj\u00e1t nyomor\u00fas\u00e1gukt\u00f3l val\u00f3 dics\u0151s\u00e9ges megv\u00e1lt\u00e1sukat, \u00e9s kiz\u00e1rj\u00e1k magukat az Istenben val\u00f3 nyugalomb\u00f3l, amelyre <strong>n\u00e9h\u00e1nyan<\/strong>eljuthatnak! Te, aki olvasod ezeket a sorokat, legy\u00e9l egy a \u201en\u00e9h\u00e1ny\u201d k\u00f6z\u00fcl!<\/p>\n<p>Mi\u00e9rt nem megy\u00fcnk be ink\u00e1bb a nyugalomba, minthogy megmaradn\u00e1nk a <em>gonosz \u00e9s bosszant\u00f3 nyugtalans\u00e1gban<\/em>, a <em>sz\u00fcks\u00e9gtelen, magunknak okozott<\/em>(hitetlens\u00e9g miatt) <em>k\u00ednban \u00e9s gy\u00f6trelemben<\/em>?<\/p>\n<p>Az igazs\u00e1g egyszer\u0171, egy\u00e9rtelm\u0171 \u00e9s krist\u00e1lytiszta: <em>Minden <\/em><em>nyugtalans\u00e1g az \u00f3 emberben van<\/em>. Ha ez az Ig\u00e9be vetett \u00e9l\u0151 hit \u00e1ltal (R\u00f3m.6,6.) val\u00f3ban <strong>meg lesz fesz\u00edtve<\/strong>Krisztussal, \u00e9s <strong>levetkezve<\/strong>(Ef.4,22.), akkor ezzel term\u00e9szetszer\u0171en megsz\u0171nik minden nyugtalans\u00e1g, \u00e9s ezzel azonos m\u00e9rt\u00e9k\u0171 nyugalom \u00e1ll be.<\/p>\n<p>Nincs jellemz\u0151bb p\u00e9lda, amit haszn\u00e1lhatn\u00e1nk ennek a m\u00e9ly titoknak a kifejez\u00e9s\u00e9re, mint a gy\u00e1szjelent\u00e9sb\u0151l ismert kifejez\u00e9s: <em>\u201eNyugalomra t\u00e9rt X.Y.\u201d. <\/em>Nevezetesen az elhal\u00e1loz\u00e1ssal! L\u00e1sd a fent eml\u00edtett Gal.2.20-at \u00e9s a R\u00f3m.6,7-et.<\/p>\n<p>Tudniillik a <strong>hitetlens\u00e9g<\/strong>miatt olyan titokzatos \u00e9s olyan ismeretlen az, hogy az Ig\u00e9be vetett \u00e9l\u0151 hit \u00e1ltal <strong>meghalhatunk, mik\u00f6zben m\u00e9g<\/strong>ebben a testben <strong>\u00e9l\u00fcnk<\/strong>, meghalva a b\u0171nnek, \u00e9s ez\u00e1ltal a sz\u00edvben \u00e9s elm\u00e9ben l\u00e9v\u0151 sokf\u00e9le nyugtalans\u00e1gnak, m\u00edg a test a muland\u00f3s\u00e1g rabs\u00e1g\u00e1ban munk\u00e1lkodik. Ugyanis ez a k\u00e9t dolog joggal nem tartozik \u00f6ssze. Az Ige v\u00e1g \u00e9s elv\u00e1laszt.&nbsp;\u2013 Az egyik r\u00e9sz most lesz elv\u00e1lasztva, \u00e9s az a rem\u00e9nys\u00e9g\u00fcnk, hogy a m\u00e1sik r\u00e9szt\u0151l hamarosan \u00f6r\u00f6kre megszabadulunk! Halleluja!<\/p>\n<p>Az a legnagyobb dolog, ami egy emberrel itt az idegenben t\u00f6rt\u00e9nhet, <em>ha val\u00f3ban elmondhat\u00f3 r\u00f3la, hogy m\u00e9g mikor e hal\u00e1l test\u00e9t hordozta, bement a nyugalomba.<\/em><\/p>\n<p>Elias Aslaksen<\/p>\n\t\t<\/div>\n\t\t\t\t\t<\/div>\n\n\t\n\n\t<div id=\"col-857563234\" class=\"col copyright small-12 large-12\"  >\n\t\t\t\t<div class=\"col-inner text-left\"  >\n\t\t\t\n\t\t\t\n<div>\u00a9 Copyright Stiftelsen Skjulte Skatters Forlag<\/div>\n\t\t<\/div>\n\t\t\t\t\t<\/div>\n\n\t\n\n\t<div id=\"col-1049429559\" class=\"col small-12 large-12\"  >\n\t\t\t\t<div class=\"col-inner text-left\"  >\n\t\t\t\n\t\t\t\n<div><a href=\"#\" class=\"read-more\">Read more<\/a><\/div>\n\t\t<\/div>\n\t\t\t\t\t<\/div>\n\n\t\n\n\t<div id=\"col-1805784661\" class=\"col small-12 large-12\"  >\n\t\t\t\t<div class=\"col-inner text-left\"  >\n\t\t\t\n\t\t\t\n<p class=\"next-previous-message\"><a class=\"previous\" href=\"\/hu\/bible-studies\/theme-2\/deny-oneself\/\"><i class=\"icon-angle-left\"><\/i> Previous<\/a><a class=\"next\" href=\"\/hu\/bible-studies\/theme-2\/it-is-no-longer-i-who-live\/\">Next <i class=\"icon-angle-right\"><\/i><\/a><\/p>\n\t\t<\/div>\n\t\t\t\t\t<\/div>\n\n\t\n<\/div>\n\t\t<\/div>\n\n\t\t\n<style>\n#section_1221474923 {\n  padding-top: 0px;\n  padding-bottom: 0px;\n  margin-bottom: 0px;\n}\n@media (min-width:550px) {\n  #section_1221474923 {\n    padding-top: 0px;\n    padding-bottom: 0px;\n  }\n}\n<\/style>\n\t<\/section>\n\t\n\n\t<section class=\"section food-for-thought\" id=\"section_1490765226\">\n\t\t<div class=\"section-bg fill\" >\n\t\t\t\t\t\t\t\t\t\n\t\t\t\n\n\t\t<\/div>\n\n\t\t\n\n\t\t<div class=\"section-content relative\">\n\t\t\t\n<div class=\"row align-center\"  id=\"row-882369202\">\n\n\t<div id=\"col-162320930\" class=\"col title small-12 large-12\"  >\n\t\t\t\t<div class=\"col-inner text-left dark\"  >\n\t\t\t\n\t\t\t\n<h2>Devotional<\/h2>\n\t\t<\/div>\n\t\t\t\t\t<\/div>\n\n\t\n\n\t<div id=\"col-156622729\" class=\"col small-12 large-12\"  >\n\t\t\t\t<div class=\"col-inner dark\"  >\n\t\t\t\n\t\t\t\n<p>A &#8220;Krisztussal egy\u00fctt megfesz\u00edttettem&#8221; c\u00edm\u0171 cikkben \u00edr Aslaksen &#8220;a nyugalomba val\u00f3 bemenetelr\u0151l&#8221;. Hogyan magyar\u00e1zn\u00e1d ezt el m\u00e1snak?<\/p>\n<p class='info'>You have to <a href='\/login\/'>log in<\/a> if you want to save your answer.<\/p>\n\t\t<\/div>\n\t\t\t\t\t<\/div>\n\n\t\n<\/div>\n\t\t<\/div>\n\n\t\t\n<style>\n#section_1490765226 {\n  padding-top: 30px;\n  padding-bottom: 30px;\n  background-color: rgb(73, 92, 94);\n}\n<\/style>\n\t<\/section>\n\t\n","protected":false},"excerpt":{"rendered":"","protected":false},"author":5,"featured_media":0,"parent":10115,"menu_order":0,"comment_status":"closed","ping_status":"closed","template":"page-blank.php","meta":{"footnotes":""},"class_list":["post-10904","page","type-page","status-publish","hentry"],"aioseo_notices":[],"_links":{"self":[{"href":"https:\/\/words-of-faith.org\/hu\/wp-json\/wp\/v2\/pages\/10904","targetHints":{"allow":["GET"]}}],"collection":[{"href":"https:\/\/words-of-faith.org\/hu\/wp-json\/wp\/v2\/pages"}],"about":[{"href":"https:\/\/words-of-faith.org\/hu\/wp-json\/wp\/v2\/types\/page"}],"author":[{"embeddable":true,"href":"https:\/\/words-of-faith.org\/hu\/wp-json\/wp\/v2\/users\/5"}],"replies":[{"embeddable":true,"href":"https:\/\/words-of-faith.org\/hu\/wp-json\/wp\/v2\/comments?post=10904"}],"version-history":[{"count":0,"href":"https:\/\/words-of-faith.org\/hu\/wp-json\/wp\/v2\/pages\/10904\/revisions"}],"up":[{"embeddable":true,"href":"https:\/\/words-of-faith.org\/hu\/wp-json\/wp\/v2\/pages\/10115"}],"wp:attachment":[{"href":"https:\/\/words-of-faith.org\/hu\/wp-json\/wp\/v2\/media?parent=10904"}],"curies":[{"name":"wp","href":"https:\/\/api.w.org\/{rel}","templated":true}]}}