{"id":11002,"date":"2020-05-14T20:00:23","date_gmt":"2020-05-14T18:00:23","guid":{"rendered":"https:\/\/aslaksen.bcc.no\/?page_id=11002"},"modified":"2020-08-21T12:08:35","modified_gmt":"2020-08-21T10:08:35","slug":"mindent-feladni","status":"publish","type":"page","link":"https:\/\/words-of-faith.org\/hu\/bible-study\/tema-2\/mindent-feladni\/","title":{"rendered":"Mindent feladni"},"content":{"rendered":"\n\t<section class=\"section\" id=\"section_2127703812\">\n\t\t<div class=\"section-bg fill\" >\n\t\t\t\t\t\t\t\t\t\n\t\t\t\n\n\t\t<\/div>\n\n\t\t\n\n\t\t<div class=\"section-content relative\">\n\t\t\t\n<div class=\"row align-center\"  id=\"row-1984256603\">\n\n\t<div id=\"col-1963128050\" class=\"col small-12 large-12\"  >\n\t\t\t\t<div class=\"col-inner\"  >\n\t\t\t\n\t\t\t\n<p class=\"breadcrumbs\"><a href=\"..\/\">Theme 2<\/a> \/ Messages<\/p>\n<h1>Mindent feladni<\/h1>\n<p class=\"article-date\">Taleutdrag fra januar 1969<\/p>\n<p class=\"article-author\">av Elias Aslaksen<\/p>\n\t\t<\/div>\n\t\t\t\t\t<\/div>\n\n\t\n\n<style>\n#row-1984256603 > .col > .col-inner {\n  padding: 30px 0px 0px 0px;\n}\n<\/style>\n<\/div>\n<div class=\"row align-center audio\"  id=\"row-779096707\">\n\n\t<div id=\"col-1241461338\" class=\"col small-12 large-12\"  >\n\t\t\t\t<div class=\"col-inner\"  >\n\t\t\t\n\t\t\t\n<!--[if lt IE 9]><script>document.createElement('audio');<\/script><![endif]-->\n<audio class=\"wp-audio-shortcode\" id=\"audio-11002-1\" preload=\"none\" style=\"width: 100%;\" controls=\"controls\"><source type=\"audio\/mpeg\" src=\"\/audio\/Tema%202\/hu\/10_Oppgi%20alt_HU.mp3?_=1\" \/><a href=\"\/audio\/Tema%202\/hu\/10_Oppgi%20alt_HU.mp3\">\/audio\/Tema%202\/hu\/10_Oppgi%20alt_HU.mp3<\/a><\/audio>\n<p class=\"click-to-listen\">Click to listen to the speech.<\/p>\n\t\t<\/div>\n\t\t\t\t\t<\/div>\n\n\t\n<\/div>\n<div class=\"row align-center article article-excerpt\"  id=\"row-185235533\">\n\n\t<div id=\"col-176532166\" class=\"col small-12 large-12\"  >\n\t\t\t\t<div class=\"col-inner text-left\"  >\n\t\t\t\n\t\t\t\n<p>\u00c9s aki nem hordozza a keresztj\u00e9t \u00e9s k\u00f6vet engem \u2013 teh\u00e1t hordozni azt a keresztet, amire \u00e9n magam leszek felszegezve, azaz seg\u00e9dkezni, egyszer\u0171en sz\u00f3lva, a saj\u00e1t megfesz\u00edt\u00e9semben. Most meg leszek fesz\u00edtve Krisztussal egy\u00fctt \u00e9s az \u00e9letem ki lesz oltva. \u00c9s ebben \u00e9n magam fogok seg\u00edteni. Ezt nekem rettenetesen akarnom kell. Aki nem hordozza a keresztj\u00e9t \u00e9s \u00e9n ut\u00e1nam j\u00f6n, nem lehet az \u00e9n tan\u00edtv\u00e1nyom. M\u00e1r k\u00e9tszer mondta ezt. \u00c9s ekkor j\u00f6n a 33. vers: Ezenk\u00e9ppen k\u00f6z\u00fcletek nem lehet senki az \u00e9n tan\u00edtv\u00e1nyom. Teh\u00e1t ez a megh\u00edv\u00f3 t\u0151le a felv\u00e9telre az iskol\u00e1j\u00e1ba, miut\u00e1n megt\u00e9rt\u00fcnk. Harmadszor \u2013 \u00e9s ezzel minden el lett mondva. Itt teljesen m\u00e1shogy van \u00edrva, eg\u00e9szen m\u00e1shogy, \u00e9s folytatja: Ezenk\u00e9ppen k\u00f6z\u00fcletek \u2013 ezek azok voltak, akik hozz\u00e1 j\u00f6ttek \u00e9s k\u00f6vett\u00e9k \u0151t \u2013 senki nem lehet az \u00e9n tan\u00edtv\u00e1nyom, sem tanul\u00f3, vagy felv\u00e9ve az iskol\u00e1j\u00e1ba \u2013 an\u00e9lk\u00fcl, hogy mindent feladna, amije van. M I N D E N T. Mindent, amije van.<\/p>\n\t\t<\/div>\n\t\t\t\t\t<\/div>\n\n\t\n\n\t<div id=\"col-1167001818\" class=\"col copyright small-12 large-12\"  >\n\t\t\t\t<div class=\"col-inner text-left\"  >\n\t\t\t\n\t\t\t\n<div>\u00a9 Copyright Stiftelsen Skjulte Skatters Forlag<\/div>\n\t\t<\/div>\n\t\t\t\t\t<\/div>\n\n\t\n\n\t<div id=\"col-1713651974\" class=\"col small-12 large-12\"  >\n\t\t\t\t<div class=\"col-inner text-left\"  >\n\t\t\t\n\t\t\t\n<div><a href=\"#\" class=\"read-more\">Read more<\/a><\/div>\n\t\t<\/div>\n\t\t\t\t\t<\/div>\n\n\t\n\n\t<div id=\"col-445126509\" class=\"col small-12 large-12\"  >\n\t\t\t\t<div class=\"col-inner text-left\"  >\n\t\t\t\n\t\t\t\n<p class=\"next-previous-message\"><a class=\"previous\" href=\"\/hu\/bible-studies\/theme-2\/it-is-no-longer-i-who-live\/\"><i class=\"icon-angle-left\"><\/i> Previous<\/a><a class=\"next\" href=\"\/hu\/bible-studies\/theme-2\/taking-up-your-cross\/\">Next <i class=\"icon-angle-right\"><\/i><\/a><\/p>\n\t\t<\/div>\n\t\t\t\t\t<\/div>\n\n\t\n<\/div>\n\t\t<\/div>\n\n\t\t\n<style>\n#section_2127703812 {\n  padding-top: 0px;\n  padding-bottom: 0px;\n  margin-bottom: 0px;\n}\n@media (min-width:550px) {\n  #section_2127703812 {\n    padding-top: 0px;\n    padding-bottom: 0px;\n  }\n}\n<\/style>\n\t<\/section>\n\t\n\n\t<section class=\"section food-for-thought\" id=\"section_1975370810\">\n\t\t<div class=\"section-bg fill\" >\n\t\t\t\t\t\t\t\t\t\n\t\t\t\n\n\t\t<\/div>\n\n\t\t\n\n\t\t<div class=\"section-content relative\">\n\t\t\t\n<div class=\"row align-center\"  id=\"row-664698669\">\n\n\t<div id=\"col-1931877841\" class=\"col title small-12 large-12\"  >\n\t\t\t\t<div class=\"col-inner text-left dark\"  >\n\t\t\t\n\t\t\t\n<h2>Devotional<\/h2>\n\t\t<\/div>\n\t\t\t\t\t<\/div>\n\n\t\n\n\t<div id=\"col-1140570767\" class=\"col small-12 large-12\"  >\n\t\t\t\t<div class=\"col-inner dark\"  >\n\t\t\t\n\t\t\t\n<p>&#8220;Mindent feladni&#8221;: Mi a felt\u00e9tele annak, hogy J\u00e9zus tanonca lehess\u00fcnk \u2013 \u00e9s mit jelent ez?<\/p>\n<p class='info'>You have to <a href='\/login\/'>log in<\/a> if you want to save your answer.<\/p>\n\t\t<\/div>\n\t\t\t\t\t<\/div>\n\n\t\n<\/div>\n\t\t<\/div>\n\n\t\t\n<style>\n#section_1975370810 {\n  padding-top: 30px;\n  padding-bottom: 30px;\n  background-color: rgb(73, 92, 94);\n}\n<\/style>\n\t<\/section>\n\t\n","protected":false},"excerpt":{"rendered":"","protected":false},"author":5,"featured_media":0,"parent":10115,"menu_order":0,"comment_status":"closed","ping_status":"closed","template":"page-blank.php","meta":{"footnotes":""},"class_list":["post-11002","page","type-page","status-publish","hentry"],"aioseo_notices":[],"_links":{"self":[{"href":"https:\/\/words-of-faith.org\/hu\/wp-json\/wp\/v2\/pages\/11002","targetHints":{"allow":["GET"]}}],"collection":[{"href":"https:\/\/words-of-faith.org\/hu\/wp-json\/wp\/v2\/pages"}],"about":[{"href":"https:\/\/words-of-faith.org\/hu\/wp-json\/wp\/v2\/types\/page"}],"author":[{"embeddable":true,"href":"https:\/\/words-of-faith.org\/hu\/wp-json\/wp\/v2\/users\/5"}],"replies":[{"embeddable":true,"href":"https:\/\/words-of-faith.org\/hu\/wp-json\/wp\/v2\/comments?post=11002"}],"version-history":[{"count":0,"href":"https:\/\/words-of-faith.org\/hu\/wp-json\/wp\/v2\/pages\/11002\/revisions"}],"up":[{"embeddable":true,"href":"https:\/\/words-of-faith.org\/hu\/wp-json\/wp\/v2\/pages\/10115"}],"wp:attachment":[{"href":"https:\/\/words-of-faith.org\/hu\/wp-json\/wp\/v2\/media?parent=11002"}],"curies":[{"name":"wp","href":"https:\/\/api.w.org\/{rel}","templated":true}]}}