{"id":11020,"date":"2020-05-14T20:00:55","date_gmt":"2020-05-14T18:00:55","guid":{"rendered":"https:\/\/aslaksen.bcc.no\/?page_id=11020"},"modified":"2020-08-21T12:16:10","modified_gmt":"2020-08-21T10:16:10","slug":"felvenni-keresztunket","status":"publish","type":"page","link":"https:\/\/words-of-faith.org\/hu\/bible-study\/tema-2\/felvenni-keresztunket\/","title":{"rendered":"Felvenni kereszt\u00fcnket"},"content":{"rendered":"\n\t<section class=\"section\" id=\"section_811100922\">\n\t\t<div class=\"section-bg fill\" >\n\t\t\t\t\t\t\t\t\t\n\t\t\t\n\n\t\t<\/div>\n\n\t\t\n\n\t\t<div class=\"section-content relative\">\n\t\t\t\n<div class=\"row align-center\"  id=\"row-954164716\">\n\n\t<div id=\"col-364862958\" class=\"col small-12 large-12\"  >\n\t\t\t\t<div class=\"col-inner\"  >\n\t\t\t\n\t\t\t\n<p class=\"breadcrumbs\"><a href=\"..\/\">Theme 2<\/a> \/ Messages<\/p>\n<h1>Felvenni kereszt\u00fcnket<\/h1>\n<p class=\"article-date\">Skjulte Skatter, publisert februar 1970<\/p>\n<p class=\"article-author\">av Elias Aslaksen<\/p>\n\t\t<\/div>\n\t\t\t\t\t<\/div>\n\n\t\n\n<style>\n#row-954164716 > .col > .col-inner {\n  padding: 30px 0px 0px 0px;\n}\n<\/style>\n<\/div>\n<div class=\"row align-center audio\"  id=\"row-857116283\">\n\n\t<div id=\"col-1589732863\" class=\"col small-12 large-12\"  >\n\t\t\t\t<div class=\"col-inner\"  >\n\t\t\t\n\t\t\t\n<!--[if lt IE 9]><script>document.createElement('audio');<\/script><![endif]-->\n<audio class=\"wp-audio-shortcode\" id=\"audio-11020-1\" preload=\"none\" style=\"width: 100%;\" controls=\"controls\"><source type=\"audio\/mpeg\" src=\"\/audio\/Tema%202\/hu\/11_Ta%20sitt%20kors%20opp_HU.mp3?_=1\" \/><a href=\"\/audio\/Tema%202\/hu\/11_Ta%20sitt%20kors%20opp_HU.mp3\">\/audio\/Tema%202\/hu\/11_Ta%20sitt%20kors%20opp_HU.mp3<\/a><\/audio>\n<p class=\"click-to-listen\">Click to listen to the speech.<\/p>\n\t\t<\/div>\n\t\t\t\t\t<\/div>\n\n\t\n<\/div>\n<div class=\"row align-center article article-excerpt\"  id=\"row-631554686\">\n\n\t<div id=\"col-968586083\" class=\"col small-12 large-12\"  >\n\t\t\t\t<div class=\"col-inner text-left\"  >\n\t\t\t\n\t\t\t\n<div id=\"chapter-element-2\" data-v-7f3df67e=\"\">\n<p>\u00e9s <strong>hordozni a keresztemet<\/strong>, azt jelenti, seg\u00e9dkezni a saj\u00e1t keresztre fesz\u00edt\u00e9semben. Keresztemet jelenti mindaz, ami keresztezi akaratomat, emberi akaratomat, a term\u00e9szeti test akarat\u00e1t.<\/p>\n<p>Ha nem veszem fel a keresztemet, <strong>akkor nem vagyok m\u00e9lt\u00f3 Krisztushoz! <\/strong>Ez sok h\u00edv\u0151vel \u00edgy van. Igen, \u00fagy j\u00e1rnak, mondja P\u00e1l, mint <strong>Krisztus keresztj\u00e9nek ellens\u00e9gei<\/strong>, m\u00e1s sz\u00f3val annak a keresztnek az ellens\u00e9gei, melyet fel kellene venni\u00fck, \u00e9s amire az \u00f6n\u00f6s akaratukat fel kellene sz\u00f6gezni\u00fck.<\/p>\n<p>Gal.5,24-ben tal\u00e1ljuk ezt a hal\u00e1losan komoly igazs\u00e1got: \u201eAkik pedig Krisztus\u00e9i, a term\u00e9szeti testet <strong>megfesz\u00edtett\u00e9k <\/strong>indulataival \u00e9s k\u00edv\u00e1ns\u00e1gaival egy\u00fctt.\u201d Akik ezt nem tett\u00e9k meg, \u00e9s nem is teszik meg, <strong>nem<\/strong>tartoznak teh\u00e1t \u0150 hozz\u00e1! \u0150k <strong>nem <\/strong>a tan\u00edtv\u00e1nyai.<\/p>\n<p>A legcsod\u00e1latosabb az volt, hogy J\u00e9zus \u00f6nk\u00e9nt engedte mag\u00e1t keresztre fesz\u00edteni, \u00e9s m\u00e9g seg\u00e9dkezett is benne! A m\u00e1sodik legcsod\u00e1latosabb dolog az, amikor egy ember \u00f6nk\u00e9nt hagyja mag\u00e1t megfesz\u00edttetni \u0150vele egy\u00fctt, hit \u00e1ltal \u00e9s a hit engedemess\u00e9ge \u00e1ltal \u00e9s minden nap igaz bar\u00e1tjak\u00e9nt j\u00e1r annak a keresztnek, amire az \u00f6n\u00f6s akarata fel lesz szegezve.<\/p>\n<p>Ez volt a dics\u0151 P\u00e1l apostol sz\u00e1m\u00e1ra az egyetlen dolog, amivel dicsekedni akart, \u00e9s ez volt a legnagyobb, amit tudott! \u00c9lete \u00e9s tan\u00edt\u00e1sa ezt vil\u00e1gosan hirdeti!<\/p>\n<p>Nem csak lelkesedett ez\u00e9rt a csod\u00e1latos elm\u00e9let\u00e9rt! Nem, teljes eg\u00e9sz\u00e9ben \u00e9lte ezt, \u00e9s arra intett, hogy k\u00f6vess\u00fck \u0151t! Tegy\u00fck mi is ugyanezt kedves bar\u00e1taim!<\/p>\n<p>Halld mit mond: \u201eKrisztussal egy\u00fctt megfesz\u00edttettem, \u00e9lek pedig t\u00f6bb\u00e9 <strong>nem <\/strong>\u00e9n\u2026\u201d Gal.2,20. \u00c9s \u201eN\u00e9kem pedig <strong>ne<\/strong>l\u00e9gyen m\u00e1sban dicseked\u00e9sem, hanem a mi Urunk J\u00e9zus Krisztus keresztj\u00e9ben, aki \u00e1ltal n\u00e9kem <strong>megfesz\u00edttetett a vil\u00e1g, \u00e9s \u00e9n is a vil\u00e1gnak<\/strong>.\u201d Gal.6,14.<\/p>\n<p>Sz\u00e1m\u00e1ra teh\u00e1t mindenek k\u00f6z\u00fcl ez volt a legnagyobb, a mindenn\u00e9l csod\u00e1latosabb \u00e9s mindenn\u00e9l hat\u00e1sosabb, \u00e9s a leges-legnagyobb boldogs\u00e1g titka, melyet egy ember el\u00e9rhet itt idegenben!<\/p>\n<p><strong>\u201eNe az \u00e9n akaratom legyen meg, hanem a tied!\u201d <\/strong>Ez legyen \u00e9let\u00fcnk minden napj\u00e1n a <strong>f\u0151dolog,<\/strong>igen, a <strong>legfontosabb!<\/strong>Tulajdonk\u00e9ppen nincs egy\u00e1ltal\u00e1n m\u00e1sik dolog! Luk.11,2. <strong>\u201eLegyen meg a te akaratod, mint a mennyben, \u00fagy e f\u00f6ld\u00f6n is!\u201d <\/strong>Ott <strong>pontosan <\/strong>\u00e9s <strong>vill\u00e1mgyorsan t\u00f6rt\u00e9nik!<\/strong><\/p>\n<p>\u00c9s akkor mag\u00e1t\u00f3l \u00e9rtet\u0151d\u0151, hogy el kell jutnunk id\u00e1ig: <strong>vill\u00e1mgyorsan feladni \u00e9s megfesz\u00edteni \u00f6n\u00f6s akaratunkat,<\/strong>k\u00fcl\u00f6nben Isten akarata nem mehet v\u00e9ge \u00fagy a f\u00f6ld\u00f6n, mint a mennyben! \u2013<\/p>\n<p>De kinek van ilyen magasztos c\u00e9lja \u00e9s ilyen hite??? \u2013<\/p>\n<p>Amennyiben nek\u00fcnk m\u00e9g nem lenne, akkor most komolyan \u00e9bredj\u00fcnk fel arra, hogy ez legyen a c\u00e9lunk, \u00e9s \u00e9l\u0151 hitre, hogy Isten rendk\u00edv\u00fcl er\u0151teljes seg\u00edts\u00e9g\u00e9ben el\u00e9rj\u00fck azt! Legyen \u00edgy!<\/p>\n<p>A szellemi alv\u00e1s miatt m\u00e9lys\u00e9gesen szomor\u00fa testv\u00e9retek,<\/p>\n<p><em>Elias Aslaksen<\/em><\/p>\n<\/div>\n\t\t<\/div>\n\t\t\t\t\t<\/div>\n\n\t\n\n\t<div id=\"col-1109901151\" class=\"col copyright small-12 large-12\"  >\n\t\t\t\t<div class=\"col-inner text-left\"  >\n\t\t\t\n\t\t\t\n<div>\u00a9 Copyright Stiftelsen Skjulte Skatters Forlag<\/div>\n\t\t<\/div>\n\t\t\t\t\t<\/div>\n\n\t\n\n\t<div id=\"col-442026727\" class=\"col small-12 large-12\"  >\n\t\t\t\t<div class=\"col-inner text-left\"  >\n\t\t\t\n\t\t\t\n<div><a href=\"#\" class=\"read-more\">Read more<\/a><\/div>\n\t\t<\/div>\n\t\t\t\t\t<\/div>\n\n\t\n\n\t<div id=\"col-1348494316\" class=\"col small-12 large-12\"  >\n\t\t\t\t<div class=\"col-inner text-left\"  >\n\t\t\t\n\t\t\t\n<p class=\"next-previous-message\"><a class=\"previous\" href=\"\/hu\/bible-studies\/theme-2\/give-up-everything\/\"><i class=\"icon-angle-left\"><\/i> Previous<\/a><a class=\"next\" href=\"\/hu\/bible-studies\/theme-2\/the-two-great-goals-in-a-christians-life\/\">Next <i class=\"icon-angle-right\"><\/i><\/a><\/p>\n\t\t<\/div>\n\t\t\t\t\t<\/div>\n\n\t\n<\/div>\n\t\t<\/div>\n\n\t\t\n<style>\n#section_811100922 {\n  padding-top: 0px;\n  padding-bottom: 0px;\n  margin-bottom: 0px;\n}\n@media (min-width:550px) {\n  #section_811100922 {\n    padding-top: 0px;\n    padding-bottom: 0px;\n  }\n}\n<\/style>\n\t<\/section>\n\t\n\n\t<section class=\"section food-for-thought\" id=\"section_1154005288\">\n\t\t<div class=\"section-bg fill\" >\n\t\t\t\t\t\t\t\t\t\n\t\t\t\n\n\t\t<\/div>\n\n\t\t\n\n\t\t<div class=\"section-content relative\">\n\t\t\t\n<div class=\"row align-center\"  id=\"row-503640697\">\n\n\t<div id=\"col-1217396733\" class=\"col title small-12 large-12\"  >\n\t\t\t\t<div class=\"col-inner text-left dark\"  >\n\t\t\t\n\t\t\t\n<h2>Devotional<\/h2>\n\t\t<\/div>\n\t\t\t\t\t<\/div>\n\n\t\n\n\t<div id=\"col-1308979263\" class=\"col small-12 large-12\"  >\n\t\t\t\t<div class=\"col-inner dark\"  >\n\t\t\t\n\t\t\t\n<p>Ha feltehetn\u00e9l Aslaksennek egy k\u00e9rd\u00e9st azut\u00e1n, hogy elolvastad a &#8220;Felvenni a keresztemet&#8221; c\u00edm\u0171 cikket, mit k\u00e9rdezn\u00e9l?<\/p>\n<p class='info'>You have to <a href='\/login\/'>log in<\/a> if you want to save your answer.<\/p>\n\t\t<\/div>\n\t\t\t\t\t<\/div>\n\n\t\n<\/div>\n\t\t<\/div>\n\n\t\t\n<style>\n#section_1154005288 {\n  padding-top: 30px;\n  padding-bottom: 30px;\n  background-color: rgb(73, 92, 94);\n}\n<\/style>\n\t<\/section>\n\t\n","protected":false},"excerpt":{"rendered":"","protected":false},"author":5,"featured_media":0,"parent":10115,"menu_order":0,"comment_status":"closed","ping_status":"closed","template":"page-blank.php","meta":{"footnotes":""},"class_list":["post-11020","page","type-page","status-publish","hentry"],"aioseo_notices":[],"_links":{"self":[{"href":"https:\/\/words-of-faith.org\/hu\/wp-json\/wp\/v2\/pages\/11020","targetHints":{"allow":["GET"]}}],"collection":[{"href":"https:\/\/words-of-faith.org\/hu\/wp-json\/wp\/v2\/pages"}],"about":[{"href":"https:\/\/words-of-faith.org\/hu\/wp-json\/wp\/v2\/types\/page"}],"author":[{"embeddable":true,"href":"https:\/\/words-of-faith.org\/hu\/wp-json\/wp\/v2\/users\/5"}],"replies":[{"embeddable":true,"href":"https:\/\/words-of-faith.org\/hu\/wp-json\/wp\/v2\/comments?post=11020"}],"version-history":[{"count":0,"href":"https:\/\/words-of-faith.org\/hu\/wp-json\/wp\/v2\/pages\/11020\/revisions"}],"up":[{"embeddable":true,"href":"https:\/\/words-of-faith.org\/hu\/wp-json\/wp\/v2\/pages\/10115"}],"wp:attachment":[{"href":"https:\/\/words-of-faith.org\/hu\/wp-json\/wp\/v2\/media?parent=11020"}],"curies":[{"name":"wp","href":"https:\/\/api.w.org\/{rel}","templated":true}]}}