{"id":13325,"date":"2020-05-29T20:00:19","date_gmt":"2020-05-29T18:00:19","guid":{"rendered":"https:\/\/aslaksen.bcc.no\/?page_id=13325"},"modified":"2020-08-21T12:29:17","modified_gmt":"2020-08-21T10:29:17","slug":"istenfelelem","status":"publish","type":"page","link":"https:\/\/words-of-faith.org\/hu\/bible-study\/tema-3\/istenfelelem\/","title":{"rendered":"Istenf\u00e9lelem"},"content":{"rendered":"\n\t<section class=\"section\" id=\"section_945404307\">\n\t\t<div class=\"section-bg fill\" >\n\t\t\t\t\t\t\t\t\t\n\t\t\t\n\n\t\t<\/div>\n\n\t\t\n\n\t\t<div class=\"section-content relative\">\n\t\t\t\n<div class=\"row align-center\"  id=\"row-543149128\">\n\n\t<div id=\"col-1221266984\" class=\"col small-12 large-12\"  >\n\t\t\t\t<div class=\"col-inner\"  >\n\t\t\t\n\t\t\t\n<p class=\"breadcrumbs\"><a href=\"..\/\">Theme 3<\/a> \/ Messages<\/p>\n<h1>Istenf\u00e9lelem<\/h1>\n<p class=\"article-date\">Elrejtett Kincsek, k\u00f6zz\u00e9tett: \u00e1prilis 1991<\/p>\n<p class=\"article-author\">Elias Aslaksent\u0151l<\/p>\n\t\t<\/div>\n\t\t\t\t\t<\/div>\n\n\t\n\n<style>\n#row-543149128 > .col > .col-inner {\n  padding: 30px 0px 0px 0px;\n}\n<\/style>\n<\/div>\n<div class=\"row align-center audio\"  id=\"row-267003710\">\n\n\t<div id=\"col-1908542441\" class=\"col small-12 large-12\"  >\n\t\t\t\t<div class=\"col-inner\"  >\n\t\t\t\n\t\t\t\n<!--[if lt IE 9]><script>document.createElement('audio');<\/script><![endif]-->\n<audio class=\"wp-audio-shortcode\" id=\"audio-13325-1\" preload=\"none\" style=\"width: 100%;\" controls=\"controls\"><source type=\"audio\/mpeg\" src=\"\/audio\/Tema%203\/HU\/14_Gudsfrykt_HU.mp3?_=1\" \/><a href=\"\/audio\/Tema%203\/HU\/14_Gudsfrykt_HU.mp3\">\/audio\/Tema%203\/HU\/14_Gudsfrykt_HU.mp3<\/a><\/audio>\n<p class=\"click-to-listen\">Click to listen to the speech.<\/p>\n\t\t<\/div>\n\t\t\t\t\t<\/div>\n\n\t\n<\/div>\n<div class=\"row align-center article article-excerpt\"  id=\"row-214722414\">\n\n\t<div id=\"col-572847365\" class=\"col small-12 large-12\"  >\n\t\t\t\t<div class=\"col-inner text-left\"  >\n\t\t\t\n\t\t\t\n<p>A sz\u00f3 m\u00e9ly \u00e9rtelm\u00e9ben vett istenf\u00e9lelem \u2013 Isten Ig\u00e9j\u00e9nek m\u00e9rc\u00e9je szerint \u2013 szinte nem tal\u00e1lhat\u00f3 ezen a vil\u00e1gon!!! Sajnos, sajnos, sajnos! <em>\u201eMi\u00e9rt mondj\u00e1tok pedig nekem: Uram, Uram! ha nem m\u0171velitek, amiket mondok?\u201d <\/em>\u2013 mondja J\u00e9zus. Ha \u0150 a mi Urunk, akkor mi a szolg\u00e1i vagyunk, \u00e9s k\u00f6telesek vagyunk engedelmeskedni \u0150neki mindenben! Szinte senki sem tesz \u00edgy. Luk.6,46.<\/p>\n<p><em>\u201eKi tudhatja a te haragodnak erej\u00e9t, \u00e9s a te f\u00e9lelmetess\u00e9ged szerint val\u00f3 bossz\u00fa\u00e1ll\u00e1sodat?\u201d <\/em>Zsolt.90,11. Igazi \u00e9s m\u00e9ly istenf\u00e9lelem \u00e1ltal meg\u00e9rtj\u00fck \u00e9s tudjuk, hogy Isten rettenetesen haragszik \u00e9s m\u00e9rges mindenf\u00e9le b\u0171nre, a b\u0171n minden form\u00e1j\u00e1ra \u00e9s fokozat\u00e1ra!<\/p>\n<p>Min\u00e9l ink\u00e1bb f\u00e9l\u00fcnk att\u00f3l, hogy elvesz\u00edtj\u00fck Isten j\u00f3tetsz\u00e9s\u00e9t, \u00e9s hogy \u00e1th\u00e1gjuk t\u00f6rv\u00e9nyeit \u00e9s parancsolatait, ann\u00e1l gyorsabban \u00e9s ann\u00e1l t\u00e1volabb ker\u00fcl\u00fcnk minden b\u0171nt\u0151l \u00e9s kih\u00e1g\u00e1st\u00f3l. Ann\u00e1l pontosabban, \u00e9s ann\u00e1l nagyobb \u00f6r\u00f6mmel \u00e9s komolys\u00e1ggal, \u00e9s ann\u00e1l k\u00e9szs\u00e9gesebben tartjuk meg teljes sz\u00edv\u00fcnkb\u0151l az \u0150 Ig\u00e9j\u00e9t! Ki f\u00e9l hal\u00e1los komolys\u00e1ggal att\u00f3l, hogy elszalasztja az eg\u00e9sz \u00fcdv\u00f6ss\u00e9g\u00e9t \u00fcres besz\u00e9d miatt??? Jak.1,26. Vagy elmulasztja a j\u00f3t megtenni, amit tehetne??? Jak.4,17.<\/p>\n<p>Val\u00f3ban f\u00e9lsz ett\u0151l, kedves bar\u00e1tom?<\/p>\n\t\t<\/div>\n\t\t\t\t\t<\/div>\n\n\t\n\n\t<div id=\"col-19355908\" class=\"col copyright small-12 large-12\"  >\n\t\t\t\t<div class=\"col-inner text-left\"  >\n\t\t\t\n\t\t\t\n<div>\u00a9 Copyright Stiftelsen Skjulte Skatters Forlag<\/div>\n\t\t<\/div>\n\t\t\t\t\t<\/div>\n\n\t\n\n\t<div id=\"col-2062033544\" class=\"col small-12 large-12\"  >\n\t\t\t\t<div class=\"col-inner text-left\"  >\n\t\t\t\n\t\t\t\n<div><a href=\"#\" class=\"read-more\">Olvass t\u00f6bbet<\/a><\/div>\n\t\t<\/div>\n\t\t\t\t\t<\/div>\n\n\t\n\n\t<div id=\"col-732557905\" class=\"col small-12 large-12\"  >\n\t\t\t\t<div class=\"col-inner text-left\"  >\n\t\t\t\n\t\t\t\n<p class=\"next-previous-message\"><a class=\"previous\" href=\"\/hu\/bible-studies\/theme-3\/judge-not\/\"><i class=\"icon-angle-left\"><\/i> Previous<\/a><a class=\"next\" href=\"\/hu\/bible-studies\/theme-3\/keep-yourselves-from-idols\/\">Next <i class=\"icon-angle-right\"><\/i><\/a><\/p>\n\t\t<\/div>\n\t\t\t\t\t<\/div>\n\n\t\n<\/div>\n\t\t<\/div>\n\n\t\t\n<style>\n#section_945404307 {\n  padding-top: 0px;\n  padding-bottom: 0px;\n  margin-bottom: 0px;\n}\n@media (min-width:550px) {\n  #section_945404307 {\n    padding-top: 0px;\n    padding-bottom: 0px;\n  }\n}\n<\/style>\n\t<\/section>\n\t\n\n\t<section class=\"section food-for-thought\" id=\"section_1243511045\">\n\t\t<div class=\"section-bg fill\" >\n\t\t\t\t\t\t\t\t\t\n\t\t\t\n\n\t\t<\/div>\n\n\t\t\n\n\t\t<div class=\"section-content relative\">\n\t\t\t\n<div class=\"row align-center\"  id=\"row-566864873\">\n\n\t<div id=\"col-1865966957\" class=\"col title small-12 large-12\"  >\n\t\t\t\t<div class=\"col-inner text-left dark\"  >\n\t\t\t\n\t\t\t\n<h2>Devotional<\/h2>\n\t\t<\/div>\n\t\t\t\t\t<\/div>\n\n\t\n\n\t<div id=\"col-1707861775\" class=\"col small-12 large-12\"  >\n\t\t\t\t<div class=\"col-inner dark\"  >\n\t\t\t\n\t\t\t\n<p>Az &#8220;Istenf\u00e9lelem&#8221; c\u00edm\u0171 cikkben \u00edr Aslaksen arr\u00f3l, hogy Isten mennyire haragszik a b\u0171nre. Jegyezz fel egy igeverset, ami ezt \u00edrja le. \u00c9s keress egy igeverset, ami megmutatja, hogy mennyire szeret \u0150 t\u00e9ged!<\/p>\n<p class='info'>You have to <a href='\/login\/'>log in<\/a> if you want to save your answer.<\/p>\n\t\t<\/div>\n\t\t\t\t\t<\/div>\n\n\t\n<\/div>\n\t\t<\/div>\n\n\t\t\n<style>\n#section_1243511045 {\n  padding-top: 30px;\n  padding-bottom: 30px;\n  background-color: rgb(73, 92, 94);\n}\n<\/style>\n\t<\/section>\n\t\n","protected":false},"excerpt":{"rendered":"","protected":false},"author":5,"featured_media":0,"parent":12613,"menu_order":2,"comment_status":"closed","ping_status":"closed","template":"page-blank.php","meta":{"footnotes":""},"class_list":["post-13325","page","type-page","status-publish","hentry"],"aioseo_notices":[],"_links":{"self":[{"href":"https:\/\/words-of-faith.org\/hu\/wp-json\/wp\/v2\/pages\/13325","targetHints":{"allow":["GET"]}}],"collection":[{"href":"https:\/\/words-of-faith.org\/hu\/wp-json\/wp\/v2\/pages"}],"about":[{"href":"https:\/\/words-of-faith.org\/hu\/wp-json\/wp\/v2\/types\/page"}],"author":[{"embeddable":true,"href":"https:\/\/words-of-faith.org\/hu\/wp-json\/wp\/v2\/users\/5"}],"replies":[{"embeddable":true,"href":"https:\/\/words-of-faith.org\/hu\/wp-json\/wp\/v2\/comments?post=13325"}],"version-history":[{"count":0,"href":"https:\/\/words-of-faith.org\/hu\/wp-json\/wp\/v2\/pages\/13325\/revisions"}],"up":[{"embeddable":true,"href":"https:\/\/words-of-faith.org\/hu\/wp-json\/wp\/v2\/pages\/12613"}],"wp:attachment":[{"href":"https:\/\/words-of-faith.org\/hu\/wp-json\/wp\/v2\/media?parent=13325"}],"curies":[{"name":"wp","href":"https:\/\/api.w.org\/{rel}","templated":true}]}}