{"id":13343,"date":"2020-05-29T20:00:12","date_gmt":"2020-05-29T18:00:12","guid":{"rendered":"https:\/\/aslaksen.bcc.no\/?page_id=13343"},"modified":"2020-08-21T13:35:03","modified_gmt":"2020-08-21T11:35:03","slug":"ovakodajtok-a-balvanyoktol","status":"publish","type":"page","link":"https:\/\/words-of-faith.org\/hu\/bible-study\/tema-3\/ovakodajtok-a-balvanyoktol\/","title":{"rendered":"\u00d3vakodajtok a b\u00e1lv\u00e1nyokt\u00f3l"},"content":{"rendered":"\n\t<section class=\"section\" id=\"section_2033028773\">\n\t\t<div class=\"section-bg fill\" >\n\t\t\t\t\t\t\t\t\t\n\t\t\t\n\n\t\t<\/div>\n\n\t\t\n\n\t\t<div class=\"section-content relative\">\n\t\t\t\n<div class=\"row align-center\"  id=\"row-171850169\">\n\n\t<div id=\"col-417707537\" class=\"col small-12 large-12\"  >\n\t\t\t\t<div class=\"col-inner\"  >\n\t\t\t\n\t\t\t\n<p class=\"breadcrumbs\"><a href=\"..\/\">Theme 3<\/a> \/ Messages<\/p>\n<h1>\u00d3vakodajtok a b\u00e1lv\u00e1nyokt\u00f3l<\/h1>\n<p class=\"article-date\">Elrejtett Kincsek, k\u00f6zz\u00e9tett: febru\u00e1r\u00a01991<\/p>\n<p class=\"article-author\">Elias Aslaksent\u0151l<\/p>\n\t\t<\/div>\n\t\t\t\t\t<\/div>\n\n\t\n\n<style>\n#row-171850169 > .col > .col-inner {\n  padding: 30px 0px 0px 0px;\n}\n<\/style>\n<\/div>\n<div class=\"row align-center audio\"  id=\"row-467615972\">\n\n\t<div id=\"col-1220542972\" class=\"col small-12 large-12\"  >\n\t\t\t\t<div class=\"col-inner\"  >\n\t\t\t\n\t\t\t\n<!--[if lt IE 9]><script>document.createElement('audio');<\/script><![endif]-->\n<audio class=\"wp-audio-shortcode\" id=\"audio-13343-1\" preload=\"none\" style=\"width: 100%;\" controls=\"controls\"><source type=\"audio\/mpeg\" src=\"\/audio\/Tema%203\/HU\/15_Vokt%20eder_HU.mp3?_=1\" \/><a href=\"\/audio\/Tema%203\/HU\/15_Vokt%20eder_HU.mp3\">\/audio\/Tema%203\/HU\/15_Vokt%20eder_HU.mp3<\/a><\/audio>\n<p class=\"click-to-listen\">Click to listen to the speech.<\/p>\n\t\t<\/div>\n\t\t\t\t\t<\/div>\n\n\t\n<\/div>\n<div class=\"row align-center article article-excerpt\"  id=\"row-1711418374\">\n\n\t<div id=\"col-1944596547\" class=\"col small-12 large-12\"  >\n\t\t\t\t<div class=\"col-inner text-left\"  >\n\t\t\t\n\t\t\t\n<p>A 2. r\u00e9sz 15. vers\u00e9ben van megfogalmazva, hogy mik is a b\u00e1lv\u00e1nyok: Azok a dolgok, amik a vil\u00e1gban vannak! Ez \u00f6sszhangban van P\u00e1l apostol magyar\u00e1zat\u00e1val: a f\u00f6sv\u00e9nys\u00e9g, ami b\u00e1lv\u00e1nyim\u00e1d\u00e1s.<\/p>\n<p>Azok a b\u00e1lv\u00e1nyok, amik\u00e9rt majd meghalunk, annyira akarjuk birtokolni, megkapni, megszerezni. Hal\u00e1losan komoly magyar\u00e1zat van erre a b\u00e1lv\u00e1nyim\u00e1d\u00e1sra a Fil.3,18-19-ben: <em>\u201eKiknek v\u00e9g\u00fck veszedelem, <\/em><em>kiknek Isten\u00fck az \u0151 hasuk (\u2026) kik a f\u00f6ldiekkel t\u00f6r\u0151dnek.\u201d<\/em> Annyira szerethetj\u00fck \u00e9s csod\u00e1lhatjuk a j\u00f3 \u00e9telt, hogy a hasunk, azaz a j\u00f3 \u00e9tel \u00e9s a sok \u00e9tel az isten\u00fcnk. P\u00e1l gyakran mondta ezt nekik \u00e9s s\u00edrt a szomor\u00fas\u00e1gt\u00f3l efelett. 18. vers. \u00c9s ez egyezik azzal, amit a R\u00f3m.1,25-ben \u00edr: a teremtm\u00e9nyt szolg\u00e1lt\u00e1k a teremt\u0151 helyett!<\/p>\n<p>B\u00e1lv\u00e1nyim\u00e1d\u00e1sra megy el a legt\u00f6bb p\u00e9nz! \u00c9ppen ez\u00e9rt nem lehet egyszerre a p\u00e9nzt \u00e9s Istent is szeretni!!!<\/p>\n<p>\u00c9zsai\u00e1s, a nagy pr\u00f3f\u00e9ta is komolys\u00e1ggal besz\u00e9l err\u0151l. \u00c9zs.2,21-22. \u00e9s 3,16-24. A 2,18-ban ez \u00e1ll: <em>\u201e\u00c9s b\u00e1lv\u00e1nyokat teljess\u00e9ggel elveszti.\u201d<\/em> M\u00e9gpedig azon a napon, amikor Isten haragja \u00e9s \u00edt\u00e9lete megjelenik ezekre! (12. vers) De most a helyzet az, hogy J\u00e9zus t\u00f6k\u00e9letes megv\u00e1lt\u00e1ssal j\u00f6tt ezekt\u0151l az \u00e1ltal\u00e1nos nyomor\u00fas\u00e1gokt\u00f3l!!!<\/p>\n<p>Teh\u00e1t most mindannyiunknak teljes lehet\u0151s\u00e9ge van arra, hogy a b\u00e1lv\u00e1nyim\u00e1d\u00e1snak v\u00e9ge legyen az \u00e9let\u00fcnkben! \u00c1ldva legyen az \u00dar!<\/p>\n\t\t<\/div>\n\t\t\t\t\t<\/div>\n\n\t\n\n\t<div id=\"col-1330402324\" class=\"col copyright small-12 large-12\"  >\n\t\t\t\t<div class=\"col-inner text-left\"  >\n\t\t\t\n\t\t\t\n<div>\u00a9 Copyright Stiftelsen Skjulte Skatters Forlag<\/div>\n\t\t<\/div>\n\t\t\t\t\t<\/div>\n\n\t\n\n\t<div id=\"col-1128691955\" class=\"col small-12 large-12\"  >\n\t\t\t\t<div class=\"col-inner text-left\"  >\n\t\t\t\n\t\t\t\n<div><a href=\"#\" class=\"read-more\">Olvass t\u00f6bbet<\/a><\/div>\n\t\t<\/div>\n\t\t\t\t\t<\/div>\n\n\t\n\n\t<div id=\"col-1611908483\" class=\"col small-12 large-12\"  >\n\t\t\t\t<div class=\"col-inner text-left\"  >\n\t\t\t\n\t\t\t\n<p class=\"next-previous-message\"><a class=\"previous\" href=\"\/hu\/bible-studies\/theme-3\/the-fear-of-god\/\"><i class=\"icon-angle-left\"><\/i> Previous<\/a><a class=\"next\" href=\"\/hu\/bible-studies\/theme-3\/do-gods-will\/\">Next <i class=\"icon-angle-right\"><\/i><\/a><\/p>\n\t\t<\/div>\n\t\t\t\t\t<\/div>\n\n\t\n<\/div>\n\t\t<\/div>\n\n\t\t\n<style>\n#section_2033028773 {\n  padding-top: 0px;\n  padding-bottom: 0px;\n  margin-bottom: 0px;\n}\n@media (min-width:550px) {\n  #section_2033028773 {\n    padding-top: 0px;\n    padding-bottom: 0px;\n  }\n}\n<\/style>\n\t<\/section>\n\t\n\n\t<section class=\"section food-for-thought\" id=\"section_1784847926\">\n\t\t<div class=\"section-bg fill\" >\n\t\t\t\t\t\t\t\t\t\n\t\t\t\n\n\t\t<\/div>\n\n\t\t\n\n\t\t<div class=\"section-content relative\">\n\t\t\t\n<div class=\"row align-center\"  id=\"row-1221853386\">\n\n\t<div id=\"col-1689724246\" class=\"col title small-12 large-12\"  >\n\t\t\t\t<div class=\"col-inner text-left dark\"  >\n\t\t\t\n\t\t\t\n<h2>Devotional<\/h2>\n\t\t<\/div>\n\t\t\t\t\t<\/div>\n\n\t\n\n\t<div id=\"col-1986753688\" class=\"col small-12 large-12\"  >\n\t\t\t\t<div class=\"col-inner dark\"  >\n\t\t\t\n\t\t\t\n<p>Aslaksen az &#8220;\u0150rizkedjetek a b\u00e1lv\u00e1nyokt\u00f3l&#8221; c\u00edm\u0171 cikkben megnevez b\u00e1lv\u00e1nyokat. Mikor lesz valami b\u00e1lv\u00e1ny sz\u00e1modra?<\/p>\n<p class='info'>You have to <a href='\/login\/'>log in<\/a> if you want to save your answer.<\/p>\n\t\t<\/div>\n\t\t\t\t\t<\/div>\n\n\t\n<\/div>\n\t\t<\/div>\n\n\t\t\n<style>\n#section_1784847926 {\n  padding-top: 30px;\n  padding-bottom: 30px;\n  background-color: rgb(73, 92, 94);\n}\n<\/style>\n\t<\/section>\n\t\n","protected":false},"excerpt":{"rendered":"","protected":false},"author":5,"featured_media":0,"parent":12613,"menu_order":3,"comment_status":"closed","ping_status":"closed","template":"page-blank.php","meta":{"footnotes":""},"class_list":["post-13343","page","type-page","status-publish","hentry"],"aioseo_notices":[],"_links":{"self":[{"href":"https:\/\/words-of-faith.org\/hu\/wp-json\/wp\/v2\/pages\/13343","targetHints":{"allow":["GET"]}}],"collection":[{"href":"https:\/\/words-of-faith.org\/hu\/wp-json\/wp\/v2\/pages"}],"about":[{"href":"https:\/\/words-of-faith.org\/hu\/wp-json\/wp\/v2\/types\/page"}],"author":[{"embeddable":true,"href":"https:\/\/words-of-faith.org\/hu\/wp-json\/wp\/v2\/users\/5"}],"replies":[{"embeddable":true,"href":"https:\/\/words-of-faith.org\/hu\/wp-json\/wp\/v2\/comments?post=13343"}],"version-history":[{"count":0,"href":"https:\/\/words-of-faith.org\/hu\/wp-json\/wp\/v2\/pages\/13343\/revisions"}],"up":[{"embeddable":true,"href":"https:\/\/words-of-faith.org\/hu\/wp-json\/wp\/v2\/pages\/12613"}],"wp:attachment":[{"href":"https:\/\/words-of-faith.org\/hu\/wp-json\/wp\/v2\/media?parent=13343"}],"curies":[{"name":"wp","href":"https:\/\/api.w.org\/{rel}","templated":true}]}}