{"id":13362,"date":"2020-05-29T20:00:56","date_gmt":"2020-05-29T18:00:56","guid":{"rendered":"https:\/\/aslaksen.bcc.no\/?page_id=13362"},"modified":"2020-08-21T13:42:39","modified_gmt":"2020-08-21T11:42:39","slug":"isten-akaratat-tenni-ahogy-az-a-mennyben-tortenik","status":"publish","type":"page","link":"https:\/\/words-of-faith.org\/hu\/bible-study\/tema-3\/isten-akaratat-tenni-ahogy-az-a-mennyben-tortenik\/","title":{"rendered":"Isten akarat\u00e1t tenni, ahogy az a mennyben t\u00f6rt\u00e9nik"},"content":{"rendered":"\n\t<section class=\"section\" id=\"section_2004790252\">\n\t\t<div class=\"section-bg fill\" >\n\t\t\t\t\t\t\t\t\t\n\t\t\t\n\n\t\t<\/div>\n\n\t\t\n\n\t\t<div class=\"section-content relative\">\n\t\t\t\n<div class=\"row align-center\"  id=\"row-1612984144\">\n\n\t<div id=\"col-1410105803\" class=\"col small-12 large-12\"  >\n\t\t\t\t<div class=\"col-inner\"  >\n\t\t\t\n\t\t\t\n<p class=\"breadcrumbs\"><a href=\"..\/\">Theme 3<\/a> \/ Messages<\/p>\n<h1>Isten akarat\u00e1t tenni, ahogy az a mennyben t\u00f6rt\u00e9nik<\/h1>\n<p class=\"article-date\">Kivonat besz\u00e9db\u0151l janu\u00e1r 1965<\/p>\n<p class=\"article-author\">Elias Aslaksent\u0151l<\/p>\n\t\t<\/div>\n\t\t\t\t\t<\/div>\n\n\t\n\n<style>\n#row-1612984144 > .col > .col-inner {\n  padding: 30px 0px 0px 0px;\n}\n<\/style>\n<\/div>\n<div class=\"row align-center audio\"  id=\"row-775960841\">\n\n\t<div id=\"col-1773362769\" class=\"col small-12 large-12\"  >\n\t\t\t\t<div class=\"col-inner\"  >\n\t\t\t\n\t\t\t\n<!--[if lt IE 9]><script>document.createElement('audio');<\/script><![endif]-->\n<audio class=\"wp-audio-shortcode\" id=\"audio-13362-1\" preload=\"none\" style=\"width: 100%;\" controls=\"controls\"><source type=\"audio\/mpeg\" src=\"\/audio\/Tema%203\/HU\/16_Gjore%20Guds%20vilje_HU.mp3?_=1\" \/><a href=\"\/audio\/Tema%203\/HU\/16_Gjore%20Guds%20vilje_HU.mp3\">\/audio\/Tema%203\/HU\/16_Gjore%20Guds%20vilje_HU.mp3<\/a><\/audio>\n<p class=\"click-to-listen\">Click to listen to the speech.<\/p>\n\t\t<\/div>\n\t\t\t\t\t<\/div>\n\n\t\n<\/div>\n<div class=\"row align-center article article-excerpt\"  id=\"row-535585170\">\n\n\t<div id=\"col-263722488\" class=\"col small-12 large-12\"  >\n\t\t\t\t<div class=\"col-inner text-left\"  >\n\t\t\t\n\t\t\t\n<p>Vi arme stakkarer her i denne onde verden med et kj\u00f8d som det ikke bor noe godt i, med sterk egenvilje, sterke lyster og sterke meninger. S\u00e5 bli i den grad frelst at Guds vilje kan skje i v\u00e5rt liv, at vi personlig \u2013 hver enkelt en \u2013 gj\u00f8r Guds vilje slik som den blir gjort i himmelen. Og de i himmelen har ikke noen slik egenvilje \u00e5 fornekte, men det har vi! ENDA gj\u00f8re Guds vilje slik som den skjer i himmelen. Ja hvem mener seg \u00e5 ha gjort det slik?<\/p>\n<p>Hva om vi spurte hver enkelt om de mente at de gjorde Guds vilje? S\u00e5 ville vel de fleste dra p\u00e5 det tenker jeg. Og om du skulle tilh\u00f8re en av de f\u00e5, s\u00e5 ville du si ja uten \u00e5 dra p\u00e5 det, s\u00e5 var det da allikevel n\u00f8dvendig med det tilleggssp\u00f8rsm\u00e5let, slik at du blir i overenstemmelse med dette ordet her: mener du at du gj\u00f8r den slik som den skjer i himmelen? All Guds vilje blir av deg gjort slik p\u00e5 jorden som den skjer i himmelen.<\/p>\n<p>S\u00e5 kan vi sp\u00f8rre, hvorledes skjer den i himmelen? Ja det er det letteste \u00e5 svare p\u00e5 av alt sammen. Eller rettere sagt det er det eneste som er lett \u00e5 svare p\u00e5. Det skal det ikke stort til \u00e5 skj\u00f8nne. Men det er ikke sikkert vi har tenkt noe st\u00f8rre over det, og derfor s\u00e5 gj\u00f8r det ikke noe st\u00f8rre virkning heller. Derfor er jeg glad for \u00e5 kunne fremlegge det her n\u00e5, for at det kan gj\u00f8re st\u00f8rre virkning \u2013 stor virkning. I himmelen skjer selvf\u00f8lgelig Guds vilje slik at den blir gjort med en eneste gang. Det er ikke f\u00f8r sakt f\u00f8r det er gjort. Den blir gjort straks!<\/p>\n\t\t<\/div>\n\t\t\t\t\t<\/div>\n\n\t\n\n\t<div id=\"col-1508695180\" class=\"col copyright small-12 large-12\"  >\n\t\t\t\t<div class=\"col-inner text-left\"  >\n\t\t\t\n\t\t\t\n<div>\u00a9 Copyright Stiftelsen Skjulte Skatters Forlag<\/div>\n\t\t<\/div>\n\t\t\t\t\t<\/div>\n\n\t\n\n\t<div id=\"col-514917821\" class=\"col small-12 large-12\"  >\n\t\t\t\t<div class=\"col-inner text-left\"  >\n\t\t\t\n\t\t\t\n<div><a href=\"#\" class=\"read-more\">Olvass t\u00f6bbet<\/a><\/div>\n\t\t<\/div>\n\t\t\t\t\t<\/div>\n\n\t\n\n\t<div id=\"col-1300473050\" class=\"col small-12 large-12\"  >\n\t\t\t\t<div class=\"col-inner text-left\"  >\n\t\t\t\n\t\t\t\n<p class=\"next-previous-message\"><a class=\"previous\" href=\"\/hu\/bible-studies\/theme-3\/keep-yourselves-from-idols\/\"><i class=\"icon-angle-left\"><\/i> Previous<\/a><a class=\"next\" href=\"\/hu\/bible-studies\/theme-3\/commit-your-souls-to-the-faithful-creator\/\">Next <i class=\"icon-angle-right\"><\/i><\/a><\/p>\n\t\t<\/div>\n\t\t\t\t\t<\/div>\n\n\t\n<\/div>\n\t\t<\/div>\n\n\t\t\n<style>\n#section_2004790252 {\n  padding-top: 0px;\n  padding-bottom: 0px;\n  margin-bottom: 0px;\n}\n@media (min-width:550px) {\n  #section_2004790252 {\n    padding-top: 0px;\n    padding-bottom: 0px;\n  }\n}\n<\/style>\n\t<\/section>\n\t\n\n\t<section class=\"section food-for-thought\" id=\"section_1381073065\">\n\t\t<div class=\"section-bg fill\" >\n\t\t\t\t\t\t\t\t\t\n\t\t\t\n\n\t\t<\/div>\n\n\t\t\n\n\t\t<div class=\"section-content relative\">\n\t\t\t\n<div class=\"row align-center\"  id=\"row-387479591\">\n\n\t<div id=\"col-532699442\" class=\"col title small-12 large-12\"  >\n\t\t\t\t<div class=\"col-inner text-left dark\"  >\n\t\t\t\n\t\t\t\n<h2>Devotional<\/h2>\n\t\t<\/div>\n\t\t\t\t\t<\/div>\n\n\t\n\n\t<div id=\"col-331553889\" class=\"col small-12 large-12\"  >\n\t\t\t\t<div class=\"col-inner dark\"  >\n\t\t\t\n\t\t\t\n<p>Hallgasd meg az &#8220;Isten akarat\u00e1t tenni&#8221; c\u00edm\u0171 besz\u00e9det. Jegyezz fel egy konkr\u00e9t dolgot, ami ma Isten akarata volt a sz\u00e1modra. Gondolkodj el rajta, hogyan lehet azt itt a f\u00f6ld\u00f6n \u00fagy megtenni, ahogyan a mennyben!<\/p>\n<p class='info'>You have to <a href='\/login\/'>log in<\/a> if you want to save your answer.<\/p>\n\t\t<\/div>\n\t\t\t\t\t<\/div>\n\n\t\n<\/div>\n\t\t<\/div>\n\n\t\t\n<style>\n#section_1381073065 {\n  padding-top: 30px;\n  padding-bottom: 30px;\n  background-color: rgb(73, 92, 94);\n}\n<\/style>\n\t<\/section>\n\t\n","protected":false},"excerpt":{"rendered":"","protected":false},"author":5,"featured_media":0,"parent":12613,"menu_order":4,"comment_status":"closed","ping_status":"closed","template":"page-blank.php","meta":{"footnotes":""},"class_list":["post-13362","page","type-page","status-publish","hentry"],"aioseo_notices":[],"_links":{"self":[{"href":"https:\/\/words-of-faith.org\/hu\/wp-json\/wp\/v2\/pages\/13362","targetHints":{"allow":["GET"]}}],"collection":[{"href":"https:\/\/words-of-faith.org\/hu\/wp-json\/wp\/v2\/pages"}],"about":[{"href":"https:\/\/words-of-faith.org\/hu\/wp-json\/wp\/v2\/types\/page"}],"author":[{"embeddable":true,"href":"https:\/\/words-of-faith.org\/hu\/wp-json\/wp\/v2\/users\/5"}],"replies":[{"embeddable":true,"href":"https:\/\/words-of-faith.org\/hu\/wp-json\/wp\/v2\/comments?post=13362"}],"version-history":[{"count":0,"href":"https:\/\/words-of-faith.org\/hu\/wp-json\/wp\/v2\/pages\/13362\/revisions"}],"up":[{"embeddable":true,"href":"https:\/\/words-of-faith.org\/hu\/wp-json\/wp\/v2\/pages\/12613"}],"wp:attachment":[{"href":"https:\/\/words-of-faith.org\/hu\/wp-json\/wp\/v2\/media?parent=13362"}],"curies":[{"name":"wp","href":"https:\/\/api.w.org\/{rel}","templated":true}]}}