{"id":13380,"date":"2020-05-29T20:00:06","date_gmt":"2020-05-29T18:00:06","guid":{"rendered":"https:\/\/aslaksen.bcc.no\/?page_id=13380"},"modified":"2020-08-21T16:13:19","modified_gmt":"2020-08-21T14:13:19","slug":"lelkunket-atadni-a-hu-teremtonek","status":"publish","type":"page","link":"https:\/\/words-of-faith.org\/hu\/bible-study\/tema-3\/lelkunket-atadni-a-hu-teremtonek\/","title":{"rendered":"Lelk\u00fcnket \u00e1tadni a h\u0171 teremt\u0151nek"},"content":{"rendered":"\n\t<section class=\"section\" id=\"section_1186010287\">\n\t\t<div class=\"section-bg fill\" >\n\t\t\t\t\t\t\t\t\t\n\t\t\t\n\n\t\t<\/div>\n\n\t\t\n\n\t\t<div class=\"section-content relative\">\n\t\t\t\n<div class=\"row align-center\"  id=\"row-837768954\">\n\n\t<div id=\"col-496853357\" class=\"col small-12 large-12\"  >\n\t\t\t\t<div class=\"col-inner\"  >\n\t\t\t\n\t\t\t\n<p class=\"breadcrumbs\"><a href=\"..\/\">Theme 3<\/a> \/ Messages<\/p>\n<h1>Lelk\u00fcnket \u00e1tadni a h\u0171 teremt\u0151nek<\/h1>\n<p class=\"article-date\">Elrejtett Kincsek, k\u00f6zz\u00e9tett: m\u00e1rcius 1989<\/p>\n<p class=\"article-author\">Elias Aslaksent\u0151l<\/p>\n\t\t<\/div>\n\t\t\t\t\t<\/div>\n\n\t\n\n<style>\n#row-837768954 > .col > .col-inner {\n  padding: 30px 0px 0px 0px;\n}\n<\/style>\n<\/div>\n<div class=\"row align-center audio\"  id=\"row-508165727\">\n\n\t<div id=\"col-1973870295\" class=\"col small-12 large-12\"  >\n\t\t\t\t<div class=\"col-inner\"  >\n\t\t\t\n\t\t\t\n<!--[if lt IE 9]><script>document.createElement('audio');<\/script><![endif]-->\n<audio class=\"wp-audio-shortcode\" id=\"audio-13380-1\" preload=\"none\" style=\"width: 100%;\" controls=\"controls\"><source type=\"audio\/mpeg\" src=\"\/audio\/Tema%203\/HU\/17_Overgi%20sin%20sjel_HU.mp3?_=1\" \/><a href=\"\/audio\/Tema%203\/HU\/17_Overgi%20sin%20sjel_HU.mp3\">\/audio\/Tema%203\/HU\/17_Overgi%20sin%20sjel_HU.mp3<\/a><\/audio>\n<p class=\"click-to-listen\">Click to listen to the speech.<\/p>\n\t\t<\/div>\n\t\t\t\t\t<\/div>\n\n\t\n<\/div>\n<div class=\"row align-center article article-excerpt\"  id=\"row-1247022425\">\n\n\t<div id=\"col-659123050\" class=\"col small-12 large-12\"  >\n\t\t\t\t<div class=\"col-inner text-left\"  >\n\t\t\t\n\t\t\t\n<p>1.P\u00e9t.4,19.<\/p>\n<p>Milyen tal\u00e1l\u00f3 \u00e9s tartalomban gazdag kifejez\u00e9s!!! Teh\u00e1t: nem tartjuk meg lelk\u00fcnket magunknak, nem \u00e9l\u00fcnk magunknak, nem tessz\u00fck azt, amit magunk gondolunk, hanem \u00e1tadjuk lelk\u00fcnket \u0150neki. Adjuk sz\u0151r\u00f6st\u00fcl-b\u0151r\u00f6st\u00fcl az \u0150 hatalm\u00e1ba magunkat, \u00e9s mindazt, ami benn\u00fcnk van, teljes bizalommal ir\u00e1nta, igen, a teremt\u0151nek, aki mindent teremtett, \u00e9s aki most a bens\u0151nkben akar teljesen \u00faj dolgokat teremteni! Ne b\u00edzzunk \u00e9rtelm\u00fcnkben \u00e9s \u00e9rz\u00e9seinkben, hanem hagyatkozzunk teljesen \u00e9s eg\u00e9szen \u0150re\u00e1, Ig\u00e9j\u00e9re, az \u00fajsz\u00f6vets\u00e9g t\u00f6k\u00e9letes vil\u00e1goss\u00e1ga szerint. Mott\u00f3: vak bizalom \u00e9s egy\u00fcgy\u0171 h\u0171s\u00e9g kicsiben \u00e9s nagyban. Nem mondhatjuk meg a teremt\u0151nknek, hogy hogyan kell teremteni! Ez az \u0150 dolga, a mi dolgunk pedig az, hogy \u00e1tadjuk magunkat akarat\u00e1nak. Minden dics\u0151s\u00e9g \u00e9s tisztelet az \u00d6v\u00e9.<\/p>\n<p>Vizsg\u00e1ld meg magad, hogy val\u00f3ban teljesen \u00e9s eg\u00e9szen \u00e9s \u00f6n\u00f6s akaratt\u00f3l mentesen \u00e1tadtad-e magad. Ha nincs \u00edgy, akkor add \u00e1t magad most, mert sokkal jobb k\u00e9s\u0151n, mint soha!<\/p>\n<p>Ha a l\u00e9lek Krisztus hal\u00e1l\u00e1ban meg\u00fcres\u00edttetik, akkor \u00e9rz\u00e9ket kapunk a szellemiek ir\u00e1nt. Akik lelkiesek, nem adt\u00e1k m\u00e9g \u00e1t lelk\u00fcket \u0150neki.<\/p>\n\t\t<\/div>\n\t\t\t\t\t<\/div>\n\n\t\n\n\t<div id=\"col-1492085514\" class=\"col copyright small-12 large-12\"  >\n\t\t\t\t<div class=\"col-inner text-left\"  >\n\t\t\t\n\t\t\t\n<div>\u00a9 Copyright Stiftelsen Skjulte Skatters Forlag<\/div>\n\t\t<\/div>\n\t\t\t\t\t<\/div>\n\n\t\n\n\t<div id=\"col-1893815410\" class=\"col small-12 large-12\"  >\n\t\t\t\t<div class=\"col-inner text-left\"  >\n\t\t\t\n\t\t\t\n<div><a href=\"#\" class=\"read-more\">Olvass t\u00f6bbet<\/a><\/div>\n\t\t<\/div>\n\t\t\t\t\t<\/div>\n\n\t\n\n\t<div id=\"col-2138933735\" class=\"col small-12 large-12\"  >\n\t\t\t\t<div class=\"col-inner text-left\"  >\n\t\t\t\n\t\t\t\n<p class=\"next-previous-message\"><a class=\"previous\" href=\"\/hu\/bible-studies\/theme-3\/do-gods-will\/\"><i class=\"icon-angle-left\"><\/i> Previous<\/a><a class=\"next\" href=\"\/hu\/bible-studies\/theme-3\/you-are-loved-and-should-love-in-return\/\">Next <i class=\"icon-angle-right\"><\/i><\/a><\/p>\n\t\t<\/div>\n\t\t\t\t\t<\/div>\n\n\t\n<\/div>\n\t\t<\/div>\n\n\t\t\n<style>\n#section_1186010287 {\n  padding-top: 0px;\n  padding-bottom: 0px;\n  margin-bottom: 0px;\n}\n@media (min-width:550px) {\n  #section_1186010287 {\n    padding-top: 0px;\n    padding-bottom: 0px;\n  }\n}\n<\/style>\n\t<\/section>\n\t\n\n\t<section class=\"section food-for-thought\" id=\"section_1781724058\">\n\t\t<div class=\"section-bg fill\" >\n\t\t\t\t\t\t\t\t\t\n\t\t\t\n\n\t\t<\/div>\n\n\t\t\n\n\t\t<div class=\"section-content relative\">\n\t\t\t\n<div class=\"row align-center\"  id=\"row-1201609688\">\n\n\t<div id=\"col-604688015\" class=\"col title small-12 large-12\"  >\n\t\t\t\t<div class=\"col-inner text-left dark\"  >\n\t\t\t\n\t\t\t\n<h2>Devotional<\/h2>\n\t\t<\/div>\n\t\t\t\t\t<\/div>\n\n\t\n\n\t<div id=\"col-672124966\" class=\"col small-12 large-12\"  >\n\t\t\t\t<div class=\"col-inner dark\"  >\n\t\t\t\n\t\t\t\n<p>Azt \u00edrja Aslaksen az &#8220;Aj\u00e1nljuk lelk\u00fcnket h\u0171 teremt\u0151nknek&#8221; c\u00edm\u0171 cikkben, hogy \u00f6n\u00f6s akaratunkt\u00f3l mentesen \u00e1tadni magunkat. Mit gondolsz mire gondolt \u0151 ezzel?<\/p>\n<p class='info'>You have to <a href='\/login\/'>log in<\/a> if you want to save your answer.<\/p>\n\t\t<\/div>\n\t\t\t\t\t<\/div>\n\n\t\n<\/div>\n\t\t<\/div>\n\n\t\t\n<style>\n#section_1781724058 {\n  padding-top: 30px;\n  padding-bottom: 30px;\n  background-color: rgb(73, 92, 94);\n}\n<\/style>\n\t<\/section>\n\t\n","protected":false},"excerpt":{"rendered":"","protected":false},"author":5,"featured_media":0,"parent":12613,"menu_order":5,"comment_status":"closed","ping_status":"closed","template":"page-blank.php","meta":{"footnotes":""},"class_list":["post-13380","page","type-page","status-publish","hentry"],"aioseo_notices":[],"_links":{"self":[{"href":"https:\/\/words-of-faith.org\/hu\/wp-json\/wp\/v2\/pages\/13380","targetHints":{"allow":["GET"]}}],"collection":[{"href":"https:\/\/words-of-faith.org\/hu\/wp-json\/wp\/v2\/pages"}],"about":[{"href":"https:\/\/words-of-faith.org\/hu\/wp-json\/wp\/v2\/types\/page"}],"author":[{"embeddable":true,"href":"https:\/\/words-of-faith.org\/hu\/wp-json\/wp\/v2\/users\/5"}],"replies":[{"embeddable":true,"href":"https:\/\/words-of-faith.org\/hu\/wp-json\/wp\/v2\/comments?post=13380"}],"version-history":[{"count":0,"href":"https:\/\/words-of-faith.org\/hu\/wp-json\/wp\/v2\/pages\/13380\/revisions"}],"up":[{"embeddable":true,"href":"https:\/\/words-of-faith.org\/hu\/wp-json\/wp\/v2\/pages\/12613"}],"wp:attachment":[{"href":"https:\/\/words-of-faith.org\/hu\/wp-json\/wp\/v2\/media?parent=13380"}],"curies":[{"name":"wp","href":"https:\/\/api.w.org\/{rel}","templated":true}]}}