{"id":13398,"date":"2020-05-29T20:00:10","date_gmt":"2020-05-29T18:00:10","guid":{"rendered":"https:\/\/aslaksen.bcc.no\/?page_id=13398"},"modified":"2020-08-21T13:49:50","modified_gmt":"2020-08-21T11:49:50","slug":"szeretve-vagy-es-viszont-kell-szeretned","status":"publish","type":"page","link":"https:\/\/words-of-faith.org\/hu\/bible-study\/tema-3\/szeretve-vagy-es-viszont-kell-szeretned\/","title":{"rendered":"Szeretve vagy \u00e9s viszont kell szeretned"},"content":{"rendered":"\n\t<section class=\"section\" id=\"section_418810463\">\n\t\t<div class=\"section-bg fill\" >\n\t\t\t\t\t\t\t\t\t\n\t\t\t\n\n\t\t<\/div>\n\n\t\t\n\n\t\t<div class=\"section-content relative\">\n\t\t\t\n<div class=\"row align-center\"  id=\"row-1487582526\">\n\n\t<div id=\"col-1951343869\" class=\"col small-12 large-12\"  >\n\t\t\t\t<div class=\"col-inner\"  >\n\t\t\t\n\t\t\t\n<p class=\"breadcrumbs\"><a href=\"..\/\">Theme 3<\/a> \/ Messages<\/p>\n<h1>Szeretve vagy \u00e9s viszont kell szeretned<\/h1>\n<p class=\"article-date\">Elrejtett Kincsek, k\u00f6zz\u00e9tett: \u00e1prilis 1938<\/p>\n<p class=\"article-author\">Elias Aslaksent\u0151l<\/p>\n\t\t<\/div>\n\t\t\t\t\t<\/div>\n\n\t\n\n<style>\n#row-1487582526 > .col > .col-inner {\n  padding: 30px 0px 0px 0px;\n}\n<\/style>\n<\/div>\n<div class=\"row align-center audio\"  id=\"row-1417284322\">\n\n\t<div id=\"col-3996052\" class=\"col small-12 large-12\"  >\n\t\t\t\t<div class=\"col-inner\"  >\n\t\t\t\n\t\t\t\n<!--[if lt IE 9]><script>document.createElement('audio');<\/script><![endif]-->\n<audio class=\"wp-audio-shortcode\" id=\"audio-13398-1\" preload=\"none\" style=\"width: 100%;\" controls=\"controls\"><source type=\"audio\/mpeg\" src=\"\/audio\/Tema%203\/HU\/18_Du%20er%20elsket_HU.mp3?_=1\" \/><a href=\"\/audio\/Tema%203\/HU\/18_Du%20er%20elsket_HU.mp3\">\/audio\/Tema%203\/HU\/18_Du%20er%20elsket_HU.mp3<\/a><\/audio>\n<p class=\"click-to-listen\">Click to listen to the speech.<\/p>\n\t\t<\/div>\n\t\t\t\t\t<\/div>\n\n\t\n<\/div>\n<div class=\"row align-center article article-excerpt\"  id=\"row-166552365\">\n\n\t<div id=\"col-637323855\" class=\"col small-12 large-12\"  >\n\t\t\t\t<div class=\"col-inner text-left\"  >\n\t\t\t\n\t\t\t\n<p>Kereszt\u00e9nys\u00e9g, megt\u00e9r\u00e9s, \u00fcdv\u00f6ss\u00e9g, evang\u00e9lium \u2013 mit jelentenek ezek? Mi Isten sz\u00e1nd\u00e9ka vel\u00fcnk? Mire megy ki ez? K\u00e9t dolog a l\u00e9nyeg:<\/p>\n<p>I) Hogy Isten szeret benn\u00fcnket. <em>\u201eMert \u00fagy szerette Isten a vil\u00e1got, hogy \u2026\u201d<\/em> J\u00e1n.3,16.<\/p>\n<p>II) Hogy mi viszont szeretj\u00fck \u0150t: <em>\u201eMi szeress\u00fck \u0151t, mert \u0151 el\u0151bb szeretett minket!\u201d<\/em>J\u00e1n.4,19.<\/p>\n<p>Nincs itt m\u00e1sr\u00f3l is sz\u00f3? Nem, nincs semmi m\u00e1sr\u00f3l! Minden m\u00e1s j\u00f3 ennek elker\u00fclhetetlen k\u00f6vetkezm\u00e9nye! Ki szeret benn\u00fcnket hatalmas \u00e9s tiszta szeretettel? J\u00e9zus Krisztus. Ezt \u0150 alaposan bebizony\u00edtotta. Ki szereti \u0150t viszont? Term\u00e9szetesen azok, akik felfigyelnek magasztos szeretet\u00e9re.&nbsp;<\/p>\n<p>Mivel Isten szeret t\u00e9ged, t\u00f6k\u00e9letes szeretettel, \u00edgy csak egyes-egyed\u00fcl egy dologra gondol veled kapcsolatban, m\u00e9gpedig, hogy j\u00f3t tegyen veled. Csakis ez az egyetlen terve \u00e9s gondolata veled. Ett\u0151l rosszabb terve nincs! Ha egy f\u00e9rfi szeret egy n\u0151t, akkor j\u00f3t akar vele tenni, aj\u00e1nd\u00e9kokat vesz neki stb., \u00e9s ha a n\u0151nek tetszik a l\u00e9nye \u00e9s szem\u00e9lye, akkor viszont szereti \u0151t, \u00e9s viszonylag boldogok ezen a vil\u00e1gon, ameddig ez a kapcsolat tart. De ez a boldogs\u00e1g \u00f6ssze sem hasonl\u00edthat\u00f3 azzal a boldogs\u00e1ggal, ami az\u00e1ltal j\u00f6n, hogy Isten szeret minket t\u00f6k\u00e9letes Fia, J\u00e9zus Krisztus \u00e1ltal, \u00e9s az\u00e1ltal, hogy viszont szeretj\u00fck \u0150t!<\/p>\n<p>Mi\u00e9rt?<\/p>\n<p>Mert az \u0150 szeretete kimondhatatlanul nagyobb! Mert \u0150 annyival gazdagabb \u00e9s hatalmasabb! \u00c9s f\u0151k\u00e9nt az\u00e9rt, mert l\u00e9nye \u00e9s szem\u00e9lyis\u00e9ge, gondolkod\u00e1sm\u00f3dja sokkal-sokkal jobb, nemesebb \u00e9s csod\u00e1latosabb minden szempontb\u00f3l!<\/p>\n<p>Gondold meg \u2013 szeretve lenni \u00e1ltala!!!??? \u2014<\/p>\n<p>Micsoda boldogs\u00e1g! Milyen hatalmas dolog! Micsoda aj\u00e1nlat! Nem csoda, hogy az evang\u00e9liumot \u00f6r\u00f6m\u00fczenetnek h\u00edvj\u00e1k!<\/p>\n<p>Ki vagy te, kedves l\u00e9lek, aki erre azt mondod: \u201ek\u00f6sz\u00f6n\u00f6m, nem\u201d? Elutas\u00edtod \u0151t? Hogy ink\u00e1bb azt v\u00e1lasszad, hogy \u0150 n\u00e9lk\u00fcle \u00e9lj? \u00c9let\u00e9t adta \u00e9rted, mindent elszenvedett \u00e9rted, megb\u0171nh\u0151d\u00f6tt \u00f6sszes v\u00e9tked miatt, kiutat nyitott minden b\u0171nb\u0151l \u00e9s \u00e1tokb\u00f3l, hogy lehet\u0151s\u00e9ged legyen j\u00e1rni azon!<\/p>\n<p><em>\u201eMert Krisztus is szenvedett egyszer a b\u0171n\u00f6k\u00e9rt, mint igaz a nem igazak\u00e9rt.\u201d<\/em> 1.P\u00e9t.3,18.<\/p>\n<p>Valld meg b\u0171neidet \u00e9s \u0150 megbocs\u00e1tja minden b\u0171n\u00f6det! 1.J\u00e1n.1,9.<\/p>\n<p>K\u00e9rj er\u0151t \u00e9s \u0150 meger\u0151s\u00edt! Hitet, szeretetet, szellemet \u00e9s er\u0151t ad, hogy megtehesd ami az \u0150 szemeiben helyes \u00e9s j\u00f3 \u2013 \u00e9s boldog leszel, \u00e1lland\u00f3an boldog! Megkapsz mindent, amire sz\u00fcks\u00e9ged van ahhoz, hogy rendbe hozd dolgaidat, megvalljad \u00e9s j\u00f3v\u00e1 tegyed, amit rosszul tett\u00e9l.<\/p>\n<p>Mindent megkapsz, amire sz\u00fcks\u00e9ged van, \u0150t\u0151le, aki b\u0151v\u00f6lk\u00f6dik er\u0151ben \u00e9s j\u00f3s\u00e1gban, aki szeret t\u00e9ged, \u00e9s k\u00e9pes leszel megtenni azt, amit most nem tudsz, nevezetesen a j\u00f3t, \u00e9s felhagysz a rossz cselekv\u00e9s\u00e9vel.<\/p>\n<p>Ragadd meg a szeretetet ir\u00e1nta! \u0150 szeret t\u00e9ged. Mondj \u201eigent\u201d neki! Szeresd \u0150t viszont! Akkor meg fogod tapasztalni, hogy kimondhatatlanul nagy szeretete elk\u00e9pzelhetetlen\u00fcl \u00e9s kimondhatatlanul nagy boldogs\u00e1got \u00e9s dics\u0151s\u00e9get hoz sz\u00edvedbe. Nincs jobb ann\u00e1l, mintsem szeretni \u00e9s szeretve lenni! K\u00fcl\u00f6n\u00f6sen akkor, ha egy ilyen szem\u00e9ly szeret benn\u00fcnket, \u00e9s ha egy ilyen szem\u00e9lyt szerethet\u00fcnk viszont. Ne mondj \u201enem\u201d-et \u0150neki! J\u00e9zus most h\u00edv t\u00e9ged. \u2013<\/p>\n\t\t<\/div>\n\t\t\t\t\t<\/div>\n\n\t\n\n\t<div id=\"col-425841709\" class=\"col copyright small-12 large-12\"  >\n\t\t\t\t<div class=\"col-inner text-left\"  >\n\t\t\t\n\t\t\t\n<div>\u00a9 Copyright Stiftelsen Skjulte Skatters Forlag<\/div>\n\t\t<\/div>\n\t\t\t\t\t<\/div>\n\n\t\n\n\t<div id=\"col-1397946181\" class=\"col small-12 large-12\"  >\n\t\t\t\t<div class=\"col-inner text-left\"  >\n\t\t\t\n\t\t\t\n<div><a href=\"#\" class=\"read-more\">Olvass t\u00f6bbet<\/a><\/div>\n\t\t<\/div>\n\t\t\t\t\t<\/div>\n\n\t\n\n\t<div id=\"col-1283158628\" class=\"col small-12 large-12\"  >\n\t\t\t\t<div class=\"col-inner text-left\"  >\n\t\t\t\n\t\t\t\n<p class=\"next-previous-message\"><a class=\"previous\" href=\"\/hu\/bible-studies\/theme-3\/commit-your-souls-to-the-faithful-creator\/\"><i class=\"icon-angle-left\"><\/i> Previous<\/a><a class=\"next\" href=\"\/hu\/bible-studies\/theme-3\/judge-not\/\">Next <i class=\"icon-angle-right\"><\/i><\/a><\/p>\n\t\t<\/div>\n\t\t\t\t\t<\/div>\n\n\t\n<\/div>\n\t\t<\/div>\n\n\t\t\n<style>\n#section_418810463 {\n  padding-top: 0px;\n  padding-bottom: 0px;\n  margin-bottom: 0px;\n}\n@media (min-width:550px) {\n  #section_418810463 {\n    padding-top: 0px;\n    padding-bottom: 0px;\n  }\n}\n<\/style>\n\t<\/section>\n\t\n\n\t<section class=\"section food-for-thought\" id=\"section_604826492\">\n\t\t<div class=\"section-bg fill\" >\n\t\t\t\t\t\t\t\t\t\n\t\t\t\n\n\t\t<\/div>\n\n\t\t\n\n\t\t<div class=\"section-content relative\">\n\t\t\t\n<div class=\"row align-center\"  id=\"row-1787964404\">\n\n\t<div id=\"col-619786814\" class=\"col title small-12 large-12\"  >\n\t\t\t\t<div class=\"col-inner text-left dark\"  >\n\t\t\t\n\t\t\t\n<h2>Devotional<\/h2>\n\t\t<\/div>\n\t\t\t\t\t<\/div>\n\n\t\n\n\t<div id=\"col-484917511\" class=\"col small-12 large-12\"  >\n\t\t\t\t<div class=\"col-inner dark\"  >\n\t\t\t\n\t\t\t\n<p>Olvasd el\/hallgasd meg a &#8220;Szeretve vagy, \u00e9s viszont kell szeretned&#8221; c\u00edm\u0171 cikket. Mit jelent sz\u00e1modra J\u00e9zust viszont szeretni? Jegyezz fel n\u00e9h\u00e1ny konkr\u00e9t pontot!<\/p>\n<p class='info'>You have to <a href='\/login\/'>log in<\/a> if you want to save your answer.<\/p>\n\t\t<\/div>\n\t\t\t\t\t<\/div>\n\n\t\n<\/div>\n\t\t<\/div>\n\n\t\t\n<style>\n#section_604826492 {\n  padding-top: 30px;\n  padding-bottom: 30px;\n  background-color: rgb(73, 92, 94);\n}\n<\/style>\n\t<\/section>\n\t\n","protected":false},"excerpt":{"rendered":"","protected":false},"author":5,"featured_media":0,"parent":12613,"menu_order":6,"comment_status":"closed","ping_status":"closed","template":"page-blank.php","meta":{"footnotes":""},"class_list":["post-13398","page","type-page","status-publish","hentry"],"aioseo_notices":[],"_links":{"self":[{"href":"https:\/\/words-of-faith.org\/hu\/wp-json\/wp\/v2\/pages\/13398","targetHints":{"allow":["GET"]}}],"collection":[{"href":"https:\/\/words-of-faith.org\/hu\/wp-json\/wp\/v2\/pages"}],"about":[{"href":"https:\/\/words-of-faith.org\/hu\/wp-json\/wp\/v2\/types\/page"}],"author":[{"embeddable":true,"href":"https:\/\/words-of-faith.org\/hu\/wp-json\/wp\/v2\/users\/5"}],"replies":[{"embeddable":true,"href":"https:\/\/words-of-faith.org\/hu\/wp-json\/wp\/v2\/comments?post=13398"}],"version-history":[{"count":0,"href":"https:\/\/words-of-faith.org\/hu\/wp-json\/wp\/v2\/pages\/13398\/revisions"}],"up":[{"embeddable":true,"href":"https:\/\/words-of-faith.org\/hu\/wp-json\/wp\/v2\/pages\/12613"}],"wp:attachment":[{"href":"https:\/\/words-of-faith.org\/hu\/wp-json\/wp\/v2\/media?parent=13398"}],"curies":[{"name":"wp","href":"https:\/\/api.w.org\/{rel}","templated":true}]}}