{"id":15519,"date":"2020-06-10T19:43:04","date_gmt":"2020-06-10T17:43:04","guid":{"rendered":"https:\/\/aslaksen.bcc.no\/?page_id=15519"},"modified":"2020-08-21T14:10:40","modified_gmt":"2020-08-21T12:10:40","slug":"david-irant-valo","status":"publish","type":"page","link":"https:\/\/words-of-faith.org\/hu\/bible-study\/tema-4\/david-irant-valo\/","title":{"rendered":"D\u00e1vid ir\u00e1nt val\u00f3"},"content":{"rendered":"\n\t<section class=\"section\" id=\"section_1792137764\">\n\t\t<div class=\"section-bg fill\" >\n\t\t\t\t\t\t\t\t\t\n\t\t\t\n\n\t\t<\/div>\n\n\t\t\n\n\t\t<div class=\"section-content relative\">\n\t\t\t\n<div class=\"row align-center\"  id=\"row-1101454014\">\n\n\t<div id=\"col-524456827\" class=\"col small-12 large-12\"  >\n\t\t\t\t<div class=\"col-inner\"  >\n\t\t\t\n\t\t\t\n<p class=\"breadcrumbs\"><a href=\"..\/\">Theme 4<\/a> \/ Messages<\/p>\n<h1>\u201cD\u00e1vid ir\u00e1nt val\u00f3 v\u00e1ltozhatatlan kegyelmess\u00e9gem\u201d<\/h1>\n<p class=\"article-date\">Elrejtett Kincsek, k\u00f6zz\u00e9tett: 1985 \u00e1prilis<\/p>\n<p class=\"article-author\">Elias Aslaksent\u0151l<\/p>\n\t\t<\/div>\n\t\t\t\t\t<\/div>\n\n\t\n\n<style>\n#row-1101454014 > .col > .col-inner {\n  padding: 30px 0px 0px 0px;\n}\n<\/style>\n<\/div>\n<div class=\"row align-center audio\"  id=\"row-1781360070\">\n\n\t<div id=\"col-1667964598\" class=\"col small-12 large-12\"  >\n\t\t\t\t<div class=\"col-inner\"  >\n\t\t\t\n\t\t\t\n<!--[if lt IE 9]><script>document.createElement('audio');<\/script><![endif]-->\n<audio class=\"wp-audio-shortcode\" id=\"audio-15519-1\" preload=\"none\" style=\"width: 100%;\" controls=\"controls\"><source type=\"audio\/mpeg\" src=\"\/audio\/Tema%204\/HU\/24%20Davids%20naade_HU.mp3?_=1\" \/><a href=\"\/audio\/Tema%204\/HU\/24%20Davids%20naade_HU.mp3\">\/audio\/Tema%204\/HU\/24%20Davids%20naade_HU.mp3<\/a><\/audio>\n<p class=\"click-to-listen\">Click to listen to the speech.<\/p>\n\t\t<\/div>\n\t\t\t\t\t<\/div>\n\n\t\n<\/div>\n<div class=\"row align-center article article-excerpt\"  id=\"row-184028594\">\n\n\t<div id=\"col-321078114\" class=\"col small-12 large-12\"  >\n\t\t\t\t<div class=\"col-inner text-left\"  >\n\t\t\t\n\t\t\t\n<p>\u00c9zs.55,3.<\/p>\n<p>Erre a kegyelemre teh\u00e1t k\u00e9t dolog jellemz\u0151, k\u00fcl\u00f6n\u00f6s, hogy D\u00e1vid kegyelm\u00e9nek h\u00edvj\u00e1k, a hatalmas kegyelemet, amit D\u00e1vid kapott, amely k\u00e9pes volt \u0151t Isten sz\u00edve szerint val\u00f3 f\u00e9rfiv\u00e1 tenni. Mag\u00e1t\u00f3l \u00e9rtet\u0151d\u0151, hogy igen sok kellett ahhoz, hogy azz\u00e1 legyen! \u2013 \u00c9s minden munk\u00e1lkod\u00f3 kegyelem, amelyet lehet\u0151s\u00e9g\u00fcnk van megkapni az \u00fajsz\u00f6vets\u00e9g idej\u00e9ben, sokszorosan nagyobb \u00e9s munk\u00e1lkod\u00f3bb, mint amit az \u00f3sz\u00f6vets\u00e9gben kaphattak!<\/p>\n<p>De \u2013 az isteni t\u00f6rv\u00e9ny szerint \u2013 abszol\u00fat kiv\u00e9tel n\u00e9lk\u00fcl \u2013 P\u00e9ter \u00e9s Jakab szerint \u2013 csak akkor kaphatjuk meg ezt a kegyelmet, ha val\u00f3ban al\u00e1zatosak vagyunk, \u00e9s csak olyan m\u00e9rt\u00e9kben, amennyire al\u00e1zatosak vagyunk.<\/p>\n<p>Ez biztos \u00e9s igaz minden szempontb\u00f3l! Igen, ez ma a biztos dolgok k\u00f6z\u00fcl a legbiztosabb! \u00c9s \u00e9ppen olyan biztos, hogy Isten ellen\u00e1ll a b\u00fcszk\u00e9knek, mint ahogy az al\u00e1zatos kegyelmet kap. Ez term\u00e9szetes t\u00f6rv\u00e9nye a szellemi \u00e9s az emberi \u00e9letnek is. Ez az igazi alapja minden felmagasztal\u00e1snak \u00e9s megal\u00e1ztat\u00e1snak J\u00e9zus saj\u00e1t szavai alapj\u00e1n: <em>\u201eMert aki mag\u00e1t felmagasztalja, megal\u00e1ztatik; \u00e9s aki mag\u00e1t megal\u00e1zza, felmagasztaltatik.\u201d<\/em> Igen, m\u00e9g akkor is, ha nem akarja. Mert ez Isten hat\u00e1rozott d\u00f6nt\u00e9se, saj\u00e1t isteni l\u00e9nye \u00e9rtelm\u00e9ben.<\/p>\n<p>Teh\u00e1t pontosan olyan gazdag \u00e9s b\u0151s\u00e9ges kegyelmet kapunk, amennyire al\u00e1zatosak vagyunk! \u00c9s ez akkor biztos, ha az is biztos, hogy igaz\u00e1n szellemben \u00e9s igazs\u00e1gban al\u00e1zat van benn\u00fcnk, \u00e9s nem az al\u00e1zatnak valamilyen ut\u00e1nzata.&nbsp; \u2013<\/p>\n<p>Az al\u00e1zatnak t\u00f6bb ismertet\u0151jele van. Az al\u00e1zatos nem kifog\u00e1sol vagy magyar\u00e1zkodik, vagy tiltakozik, vagy ellenkezik, vagy k\u00e9telkedik, vagy habozik sz\u00f3t fogadni Isten Ig\u00e9j\u00e9nek \u00e9s feletteseinek e vil\u00e1gon, mind a munkahelyen, mind a csal\u00e1di \u00e9letben. Engedi, hogy ints\u00e9k \u00e9s rendreutas\u00edts\u00e1k. \u2013 K\u00e9pes csendben maradni, \u00e9s sz\u00e1j\u00e1t befogni, nem nyilv\u00e1n\u00edt v\u00e9lem\u00e9nyt err\u0151l \u00e9s arr\u00f3l, vagy egyikr\u0151l \u00e9s a m\u00e1sikr\u00f3l, \u00e9s nem besz\u00e9l arr\u00f3l, amihez nem \u00e9rt, mert az al\u00e1zathoz tartja mag\u00e1t. Igen, megragadja a lehet\u0151s\u00e9get, hogy al\u00e1zatban maradjon, mert ott v\u00e9g n\u00e9lk\u00fcli b\u00e9kess\u00e9g van. \u2013<\/p>\n<p>Az al\u00e1zatos mindenekel\u0151tt tart\u00f3zkodik att\u00f3l, hogy meg\u00edt\u00e9lje vagy kritiz\u00e1lja a m\u00e1sikat, mert aki ilyet tesz, tagadhatatlanul felmagasztalja mag\u00e1t, \u00e9s \u00edt\u00e9l\u0151 sz\u00e9kben foglal helyet.<\/p>\n<p>Mert a b\u00edr\u00f3 ugye ott \u00fcl. \u2013<\/p>\n<p>Akkor olyan t\u00e1vol van az al\u00e1zatt\u00f3l, amilyen t\u00e1vol van az \u00e9g a f\u00f6ldt\u0151l. \u00c9s ugyanolyan t\u00e1vol van Isten igaz kegyelme az ilyen szem\u00e9lyt\u0151l!<\/p>\n<p>Am\u00edg az ember al\u00e1zatos, addig mondhatjuk, \u00e9letbiztos\u00edt\u00e1sa van! Isten kegyelmes, irgalmas \u00e9s k\u00f6ny\u00f6r\u00fcl\u0151 minden emberhez, kiv\u00e9ve a b\u00fcszke, g\u0151g\u00f6s, \u00f6ntelt, \u00f6nb\u00f6lcs \u00e9s felfuvalkodott emberhez, mert Isten az ilyeneknek ellen\u00e1ll! Szeg\u00e9ny emberek!<\/p>\n\t\t<\/div>\n\t\t\t\t\t<\/div>\n\n\t\n\n\t<div id=\"col-523267899\" class=\"col copyright small-12 large-12\"  >\n\t\t\t\t<div class=\"col-inner text-left\"  >\n\t\t\t\n\t\t\t\n<div>\u00a9 Copyright Stiftelsen Skjulte Skatters Forlag<\/div>\n\t\t<\/div>\n\t\t\t\t\t<\/div>\n\n\t\n\n\t<div id=\"col-26605982\" class=\"col small-12 large-12\"  >\n\t\t\t\t<div class=\"col-inner text-left\"  >\n\t\t\t\n\t\t\t\n<div><a href=\"#\" class=\"read-more\">Olvass t\u00f6bbet<\/a><\/div>\n\t\t<\/div>\n\t\t\t\t\t<\/div>\n\n\t\n\n\t<div id=\"col-275764727\" class=\"col small-12 large-12\"  >\n\t\t\t\t<div class=\"col-inner text-left\"  >\n\t\t\t\n\t\t\t\n<p class=\"next-previous-message\"><a class=\"previous\" href=\"\/hu\/bible-studies\/theme-4\/gods-method-of-working\/\"><i class=\"icon-angle-left\"><\/i> Previous<\/a><a class=\"next\" href=\"\/hu\/bible-studies\/theme-4\/humility-is-everything\/\">Next <i class=\"icon-angle-right\"><\/i><\/a><\/p>\n\t\t<\/div>\n\t\t\t\t\t<\/div>\n\n\t\n<\/div>\n\t\t<\/div>\n\n\t\t\n<style>\n#section_1792137764 {\n  padding-top: 0px;\n  padding-bottom: 0px;\n  margin-bottom: 0px;\n}\n@media (min-width:550px) {\n  #section_1792137764 {\n    padding-top: 0px;\n    padding-bottom: 0px;\n  }\n}\n<\/style>\n\t<\/section>\n\t\n\n\t<section class=\"section food-for-thought\" id=\"section_1748842278\">\n\t\t<div class=\"section-bg fill\" >\n\t\t\t\t\t\t\t\t\t\n\t\t\t\n\n\t\t<\/div>\n\n\t\t\n\n\t\t<div class=\"section-content relative\">\n\t\t\t\n<div class=\"row align-center\"  id=\"row-1647411142\">\n\n\t<div id=\"col-1351559142\" class=\"col title small-12 large-12\"  >\n\t\t\t\t<div class=\"col-inner text-left dark\"  >\n\t\t\t\n\t\t\t\n<h2>Devotional<\/h2>\n\t\t<\/div>\n\t\t\t\t\t<\/div>\n\n\t\n\n\t<div id=\"col-1555409808\" class=\"col small-12 large-12\"  >\n\t\t\t\t<div class=\"col-inner dark\"  >\n\t\t\t\n\t\t\t\n<p>A &#8220;D\u00e1vid gazdag \u00e9s v\u00e1ltozhatatlan kegyeleme&#8221; c\u00edm\u0171 cikkben nagyon vil\u00e1gosan le van \u00edrva, hogy Isten a kev\u00e9lyeknek ellene \u00e1ll, de az al\u00e1zatosaknak kegyelmet ad. Mib\u0151l gondolod, hogy ez \u00edgy van? Tudsz egy p\u00e9ld\u00e1t mondani a mindennapokb\u00f3l, amikor Isten kegyelmet ad az al\u00e1zatosnak?<\/p>\n<p class='info'>You have to <a href='\/login\/'>log in<\/a> if you want to save your answer.<\/p>\n\t\t<\/div>\n\t\t\t\t\t<\/div>\n\n\t\n<\/div>\n\t\t<\/div>\n\n\t\t\n<style>\n#section_1748842278 {\n  padding-top: 30px;\n  padding-bottom: 30px;\n  background-color: rgb(73, 92, 94);\n}\n<\/style>\n\t<\/section>\n\t\n","protected":false},"excerpt":{"rendered":"","protected":false},"author":5,"featured_media":0,"parent":15409,"menu_order":6,"comment_status":"closed","ping_status":"closed","template":"page-blank.php","meta":{"footnotes":""},"class_list":["post-15519","page","type-page","status-publish","hentry"],"aioseo_notices":[],"_links":{"self":[{"href":"https:\/\/words-of-faith.org\/hu\/wp-json\/wp\/v2\/pages\/15519","targetHints":{"allow":["GET"]}}],"collection":[{"href":"https:\/\/words-of-faith.org\/hu\/wp-json\/wp\/v2\/pages"}],"about":[{"href":"https:\/\/words-of-faith.org\/hu\/wp-json\/wp\/v2\/types\/page"}],"author":[{"embeddable":true,"href":"https:\/\/words-of-faith.org\/hu\/wp-json\/wp\/v2\/users\/5"}],"replies":[{"embeddable":true,"href":"https:\/\/words-of-faith.org\/hu\/wp-json\/wp\/v2\/comments?post=15519"}],"version-history":[{"count":0,"href":"https:\/\/words-of-faith.org\/hu\/wp-json\/wp\/v2\/pages\/15519\/revisions"}],"up":[{"embeddable":true,"href":"https:\/\/words-of-faith.org\/hu\/wp-json\/wp\/v2\/pages\/15409"}],"wp:attachment":[{"href":"https:\/\/words-of-faith.org\/hu\/wp-json\/wp\/v2\/media?parent=15519"}],"curies":[{"name":"wp","href":"https:\/\/api.w.org\/{rel}","templated":true}]}}