{"id":18347,"date":"2020-07-21T10:16:11","date_gmt":"2020-07-21T08:16:11","guid":{"rendered":"https:\/\/aslaksen.bcc.no\/?page_id=18347"},"modified":"2020-08-21T11:34:49","modified_gmt":"2020-08-21T09:34:49","slug":"higgyel-a-csoda-isteneben","status":"publish","type":"page","link":"https:\/\/words-of-faith.org\/hu\/bible-study\/tema-1\/higgyel-a-csoda-isteneben\/","title":{"rendered":"Higgy\u00e9l a csoda Isten\u00e9ben"},"content":{"rendered":"\n\t<section class=\"section\" id=\"section_875114543\">\n\t\t<div class=\"section-bg fill\" >\n\t\t\t\t\t\t\t\t\t\n\t\t\t\n\n\t\t<\/div>\n\n\t\t\n\n\t\t<div class=\"section-content relative\">\n\t\t\t\n<div class=\"row align-center\"  id=\"row-1978481806\">\n\n\t<div id=\"col-701131955\" class=\"col small-12 large-12\"  >\n\t\t\t\t<div class=\"col-inner\"  >\n\t\t\t\n\t\t\t\n<p class=\"breadcrumbs\"><a href=\"..\/\">Theme 1<\/a> \/ Messages<\/p>\n<h1>\u201c\u2026\u00e9lek pedig t\u00f6bb\u00e9 nem \u00e9n\u2026\u201d<\/h1>\n<p class=\"article-date\">Skjulte Skatter, publisert februar 1963<\/p>\n<p class=\"article-author\">av Elias Aslaksen<\/p>\n\t\t<\/div>\n\t\t\t\t\t<\/div>\n\n\t\n\n<style>\n#row-1978481806 > .col > .col-inner {\n  padding: 30px 0px 0px 0px;\n}\n<\/style>\n<\/div>\n<div class=\"row align-center audio\"  id=\"row-421087412\">\n\n\t<div id=\"col-1564560930\" class=\"col small-12 large-12\"  >\n\t\t\t\t<div class=\"col-inner\"  >\n\t\t\t\n\t\t\t\n<!--[if lt IE 9]><script>document.createElement('audio');<\/script><![endif]-->\n<audio class=\"wp-audio-shortcode\" id=\"audio-18347-1\" preload=\"none\" style=\"width: 100%;\" controls=\"controls\"><source type=\"audio\/mpeg\" src=\"\/audio\/Tema%202\/hu\/09_Jeg%20lever%20ikke%20lenger%20selv_HU.mp3?_=1\" \/><a href=\"\/audio\/Tema%202\/hu\/09_Jeg%20lever%20ikke%20lenger%20selv_HU.mp3\">\/audio\/Tema%202\/hu\/09_Jeg%20lever%20ikke%20lenger%20selv_HU.mp3<\/a><\/audio>\n<p class=\"click-to-listen\">Click to listen to the speech.<\/p>\n\t\t<\/div>\n\t\t\t\t\t<\/div>\n\n\t\n<\/div>\n<div class=\"row align-center article article-excerpt\"  id=\"row-352155543\">\n\n\t<div id=\"col-1990570529\" class=\"col small-12 large-12\"  >\n\t\t\t\t<div class=\"col-inner text-left\"  >\n\t\t\t\n\t\t\t\n<p><strong>\u201e\u2026\u00e9lek pedig t\u00f6bb\u00e9 nem \u00e9n\u2026\u201d&nbsp;<em>Gal.2,20.<\/em><\/strong><\/p>\n<p>Milyen nagy <strong>mir\u00e1kulumnak<\/strong>kell t\u00f6rt\u00e9nnie ahhoz, hogy val\u00f3ban ezt \u00edrhassuk, mikor m\u00e9g itt \u00e9l\u00fcnk ezen a f\u00f6ld\u00f6n? \u2014<\/p>\n<p>Hogyan <strong>tudn\u00e9k<\/strong>tov\u00e1bbra is v\u00e9tkezni, ha \u00e9n <strong>magam<\/strong>m\u00e1r nem \u00e9lek? Hogyan <strong>lehetek<\/strong>haragos, megs\u00e9rt\u0151d\u00f6tt, keser\u0171, el\u00e9gedetlen, h\u00e1l\u00e1tlan, hogyan lehet bennem m\u00e1s ellen valami, hogyan lophatok, hazudhatok, aggodalmaskodhatok, hogyan lehetek hi\u00fa, d\u00edsz\u00edt\u0151 m\u00e1ni\u00e1s, civakod\u00f3, vitatkoz\u00f3, cs\u00fcggedt, s\u00e9rt\u0151d\u00f6tt, becsv\u00e1gy\u00f3 vagy g\u0151g\u00f6s vagy p\u00e9nzszeret\u0151, vagy hogyan dicsekedhetek magammal?<\/p>\n<p>Nos, v\u00e1laszolj nekem erre! Hogy okozhat \u00e1rtalmat az, aki egy\u00e1ltal\u00e1n nem \u00e9l t\u00f6bb\u00e9 maga? Addig v\u00e9tkez\u00fcnk, <strong>ameddig<\/strong><strong>mi<\/strong><strong>magunk<\/strong><strong>\u00e9l\u00fcnk<\/strong>!!! Hogyan <strong>k\u00f6vetelhetek<\/strong>valamit <strong>magamnak<\/strong>, ha \u00e9n magam t\u00f6bb\u00e9 nem \u00e9lek?<\/p>\n<p>Ha nem akarok mindent feladni, \u00e9s Krisztussal meghalni, <strong>akkor<\/strong>k\u00e9nytelen vagyok tov\u00e1bb v\u00e9tkezni.<\/p>\n<p>\u201eNem cselekedhetik b\u0171nt, mivelhogy Istent\u0151l sz\u00fcletett\u201d, ami azt jelenti: nem v\u00e9tkezhet, mert meghalt Krisztussal = mert t\u00f6bb\u00e9 nem \u00e9l maga. 1.J\u00e1n.3,9.<\/p>\n<p>Hogy lehets\u00e9ges nem szeretni, mikor <strong>Krisztus \u00e9l bennem? <\/strong>Gal.2,20. Hogyan tehetn\u00e9k igazs\u00e1gtalans\u00e1got, ha Krisztus \u00e9l bennem?<\/p>\n<p>Nem lehet bennem <strong>egy id\u0151ben<\/strong>Krisztus \u00e9s tudatos b\u0171n! Ha Krisztus <strong>bennem<\/strong>van, <strong>akkor<\/strong>a b\u0171n a sz\u00edvemen <strong>k\u00edv\u00fcl<\/strong>van. Ha b\u0171n van a sz\u00edvemben, <strong>akkor<\/strong>Krisztus k\u00edv\u00fcl van. \u2013 \u00c9ppen ez\u00e9rt \u00e1llhat a megt\u00e9rt ember <strong>sz\u00edv\u00e9nek<\/strong><strong>ajtaja<\/strong><strong>el\u0151tt<\/strong>\u00e9s z\u00f6rgethet, ahogy a Jel.3,20-ban van \u00edrva.<\/p>\n<p>Sajnos a legt\u00f6bben tov\u00e1bbra is maguknak \u00e9lnek, mert k\u00f6ztudott, hogy a legt\u00f6bben ezt vagy azt a b\u0171nt elk\u00f6vetik, alkalomr\u00f3l alkalomra, igen, m\u00e9g a legdurv\u00e1bb b\u0171n\u00f6ket is, mint <strong>pl. hazudnak vagy van valami benn\u00fck a m\u00e1sik ellen!<\/strong><\/p>\n<p>Hogyan v\u00e9dhetn\u00e9m magamat \u00e9s a saj\u00e1tomat, \u00e9s menteget\u0151zhetek, ha halott vagyok?<\/p>\n<p>Hogyan lehetek <strong>\u00f6nz\u0151<\/strong>, ha <strong>\u00e9n magam nem \u00e9lek<\/strong>? Hogyan lehet eleven \u00e9rdekl\u0151d\u00e9sem a h\u00e1ztart\u00e1si eszk\u00f6z\u00f6kben, ruh\u00e1zatban \u00e9s a sz\u00e9p sz\u00ednekben, ha meghaltam? Mit \u00e9rdekli az a halottat, hogy mit mondanak vagy v\u00e9lnek az emberek r\u00f3la??? Nos, v\u00e1laszolj nekem erre! \u2013<\/p>\n<p>\u00c9s milyen f\u00e1jdalmat okozhat az nekem, ha valaki megk\u00e1ros\u00edt a f\u00f6ldi dolgokban, ha \u00e9n magam <strong>meghaltam<\/strong>annak? Mekkora<strong>\u00f6r\u00f6met<\/strong>adhat a halottnak, ha tov\u00e1bbra is sok p\u00e9nz j\u00f6n a sz\u00e1ml\u00e1j\u00e1ra? Nos, mondd meg nekem!<\/p>\n<p>Senkinek nem \u00e1ll jog\u00e1ban azt mondani, hogy nincs m\u00e1r \u00f6n\u00f6s akarata, de Isten nagy kegyelme \u00e1ltal lehets\u00e9ges \u00fagy t\u0171nnie, hogy nincs. \u2013 Hogyan szerethetem a vil\u00e1gban l\u00e9v\u0151 dolgokat, ha <strong>meghaltam<\/strong>azoknak?<\/p>\n<p>Az \u00e1ll az egyik \u00e9nekben: <strong>\u201et\u00f6bb\u00e9 nem akarok\u201d <\/strong>= nem akarok magamnak \u00e9lni. <strong>Igaz ez<\/strong>ter\u00e1d n\u00e9zve?<\/p>\n<p>\u00c1ltal\u00e1ban igen sokat akarunk!!!<\/p>\n<p><strong>A halottnak<\/strong>\u2013 aki maga m\u00e1r nem \u00e9l \u2013 <strong>nincs m\u00e1r vesz\u00edteni val\u00f3ja, <\/strong>mivel val\u00f3ban elt\u00e1vozott mindent\u0151l (elhal\u00e1lozott).<\/p>\n<p>Sok v\u00e9delmezni val\u00f3ja van annak, aki m\u00e9g \u00e9l maga. Sok szerencs\u00e9tlens\u00e9g \u00e9rheti, hatalmas vesztes\u00e9get szenvedhet, \u00e9s embert\u00e1rasai rettenetesen gy\u00f6t\u00f6rhetik. De ezek <strong>nem<\/strong>veszik el az \u00e9let\u00e9t, amint azt gyakran \u00e1ll\u00edtj\u00e1k. Hanem lehet\u0151s\u00e9ge van mag\u00e1t\u00f3l letenni. \u2013<\/p>\n<p>\u00c9s akkor megt\u00f6rt\u00e9nne az a nagy csoda, vagy mir\u00e1kulum, hogy minden sz\u00fcks\u00e9gtelen aggodalomt\u00f3l \u00e9s gy\u00f6trelm\u00e9t\u0151l megszabadult!!! \u2013 Csod\u00e1latos! \u00cdgy minden csak nyeres\u00e9g lesz, kiv\u00e9tel n\u00e9lk\u00fcl! \u2013<\/p>\n<p><em>\u201e\u2026a b\u0171n\u00f6knek <strong>meghalv\u00e1n<\/strong>\u2026\u201d<\/em>1.P\u00e9t.2,24. \u201e\u2026akik <strong>meghaltunk<\/strong>\u2026\u201d R\u00f3m.6,2. Ha meghaltunk Krisztussal, mi\u00e9rt kezelnek benn\u00fcnket \u00fagy, <strong>\u201emintha e vil\u00e1gban \u00e9l\u0151k voln\u00e1nk\u2026\u201d<\/strong>? Kol.2,20.<\/p>\n<p>Hallott\u00e1l valaha is ehhez hasonl\u00f3t???<\/p>\n<p>Meg kell k\u00e9rdezn\u00fcnk: Mi kell ahhoz, hogy val\u00f3ban eljussunk erre a le\u00edrhatatlanul dics\u0151s\u00e9ges \u00e1llapotra? K\u00e9t dolog: I. Hogy igaz\u00e1n<strong>akarjunk<\/strong>meghalni \u00f6nmagunknak \u00e9s minden saj\u00e1tunknak. II. \u00c9l\u0151, szem\u00e9lyes eltulajdon\u00edtott <strong>hit<\/strong>, hogy meghaltunk Krisztussal, a<strong>mikor \u0150 meghalt a Golgota kereszten.<\/strong>I. Ha <strong>akarjuk ezt<\/strong>, akkor <strong>tudunk <\/strong>hinni. <br \/>II. \u00c9s az \u00e1ltal, hogy hisz\u00fcnk, <strong>val\u00f3ss\u00e1gg\u00e1 lesz<\/strong>.<\/p>\n<p>A ti <em>Elias Aslaksenetek.<\/em><\/p>\n<p>&nbsp;<\/p>\n\t\t<\/div>\n\t\t\t\t\t<\/div>\n\n\t\n\n\t<div id=\"col-675728945\" class=\"col copyright small-12 large-12\"  >\n\t\t\t\t<div class=\"col-inner text-left\"  >\n\t\t\t\n\t\t\t\n<div>\u00a9 Copyright Stiftelsen Skjulte Skatters Forlag<\/div>\n\t\t<\/div>\n\t\t\t\t\t<\/div>\n\n\t\n\n\t<div id=\"col-2131550710\" class=\"col small-12 large-12\"  >\n\t\t\t\t<div class=\"col-inner text-left\"  >\n\t\t\t\n\t\t\t\n<div><a href=\"#\" class=\"read-more\">Read more<\/a><\/div>\n\t\t<\/div>\n\t\t\t\t\t<\/div>\n\n\t\n\n\t<div id=\"col-270766101\" class=\"col small-12 large-12\"  >\n\t\t\t\t<div class=\"col-inner text-left\"  >\n\t\t\t\n\t\t\t\n<p class=\"next-previous-message\"><a class=\"previous\" href=\"\/hu\/bible-studies\/theme-1\/god-is-truthful\/\"><i class=\"icon-angle-left\"><\/i> Previous<\/a><a class=\"next\" href=\"\/hu\/bible-studies\/theme-1\/his-name-is-wonder\/\">Next <i class=\"icon-angle-right\"><\/i><\/a><\/p>\n\t\t<\/div>\n\t\t\t\t\t<\/div>\n\n\t\n<\/div>\n\t\t<\/div>\n\n\t\t\n<style>\n#section_875114543 {\n  padding-top: 0px;\n  padding-bottom: 0px;\n  margin-bottom: 0px;\n}\n@media (min-width:550px) {\n  #section_875114543 {\n    padding-top: 0px;\n    padding-bottom: 0px;\n  }\n}\n<\/style>\n\t<\/section>\n\t\n\n\t<section class=\"section food-for-thought\" id=\"section_1237295557\">\n\t\t<div class=\"section-bg fill\" >\n\t\t\t\t\t\t\t\t\t\n\t\t\t\n\n\t\t<\/div>\n\n\t\t\n\n\t\t<div class=\"section-content relative\">\n\t\t\t\n<div class=\"row align-center\"  id=\"row-1653950680\">\n\n\t<div id=\"col-140811148\" class=\"col title small-12 large-12\"  >\n\t\t\t\t<div class=\"col-inner text-left dark\"  >\n\t\t\t\n\t\t\t\n<h2>Devotional<\/h2>\n\t\t<\/div>\n\t\t\t\t\t<\/div>\n\n\t\n\n\t<div id=\"col-1696702377\" class=\"col small-12 large-12\"  >\n\t\t\t\t<div class=\"col-inner dark\"  >\n\t\t\t\n\t\t\t\n<p>TE mit gondolsz, mi a legfontosabb mondanival\u00f3ja Aslaksennek a &#8220;Higgy\u00e9l a csod\u00e1k Isten\u00e9ben&#8221; c\u00edm\u0171 besz\u00e9d\u00e9ben<\/p>\n<ul class=\"question-answers\">\n<li>Mir\u00e1kulumnak kell t\u00f6rt\u00e9nnie az \u00e9letemben \u2013 f\u00fcggetlen att\u00f3l, hogyan volt ezel\u0151tt<\/li>\n<li>Mindenki sz\u00e1m\u00e1ra van rem\u00e9nys\u00e9g, aki hisz a csod\u00e1k Isten\u00e9ben<\/li>\n<li>Semmi sem lehetetlen, ha Istennel van dolgunk<\/li>\n<\/ul>\n<p class='info'>You have to <a href='\/login\/'>log in<\/a> if you want to save your answer.<\/p>\n\t\t<\/div>\n\t\t\t\t\t<\/div>\n\n\t\n<\/div>\n\t\t<\/div>\n\n\t\t\n<style>\n#section_1237295557 {\n  padding-top: 30px;\n  padding-bottom: 30px;\n  background-color: rgb(73, 92, 94);\n}\n<\/style>\n\t<\/section>\n\t\n","protected":false},"excerpt":{"rendered":"","protected":false},"author":5,"featured_media":0,"parent":8254,"menu_order":0,"comment_status":"closed","ping_status":"closed","template":"page-blank.php","meta":{"footnotes":""},"class_list":["post-18347","page","type-page","status-publish","hentry"],"aioseo_notices":[],"_links":{"self":[{"href":"https:\/\/words-of-faith.org\/hu\/wp-json\/wp\/v2\/pages\/18347","targetHints":{"allow":["GET"]}}],"collection":[{"href":"https:\/\/words-of-faith.org\/hu\/wp-json\/wp\/v2\/pages"}],"about":[{"href":"https:\/\/words-of-faith.org\/hu\/wp-json\/wp\/v2\/types\/page"}],"author":[{"embeddable":true,"href":"https:\/\/words-of-faith.org\/hu\/wp-json\/wp\/v2\/users\/5"}],"replies":[{"embeddable":true,"href":"https:\/\/words-of-faith.org\/hu\/wp-json\/wp\/v2\/comments?post=18347"}],"version-history":[{"count":0,"href":"https:\/\/words-of-faith.org\/hu\/wp-json\/wp\/v2\/pages\/18347\/revisions"}],"up":[{"embeddable":true,"href":"https:\/\/words-of-faith.org\/hu\/wp-json\/wp\/v2\/pages\/8254"}],"wp:attachment":[{"href":"https:\/\/words-of-faith.org\/hu\/wp-json\/wp\/v2\/media?parent=18347"}],"curies":[{"name":"wp","href":"https:\/\/api.w.org\/{rel}","templated":true}]}}