{"id":18379,"date":"2020-07-21T10:24:03","date_gmt":"2020-07-21T08:24:03","guid":{"rendered":"https:\/\/aslaksen.bcc.no\/?page_id=18379"},"modified":"2020-08-21T11:40:41","modified_gmt":"2020-08-21T09:40:41","slug":"csoda-az-o-neve","status":"publish","type":"page","link":"https:\/\/words-of-faith.org\/hu\/bible-study\/tema-1\/csoda-az-o-neve\/","title":{"rendered":"Csoda az \u0150 neve"},"content":{"rendered":"\n\t<section class=\"section\" id=\"section_1907351960\">\n\t\t<div class=\"section-bg fill\" >\n\t\t\t\t\t\t\t\t\t\n\t\t\t\n\n\t\t<\/div>\n\n\t\t\n\n\t\t<div class=\"section-content relative\">\n\t\t\t\n<div class=\"row align-center\"  id=\"row-929791878\">\n\n\t<div id=\"col-1740310435\" class=\"col small-12 large-12\"  >\n\t\t\t\t<div class=\"col-inner\"  >\n\t\t\t\n\t\t\t\n<p class=\"breadcrumbs\"><a href=\"..\/\">Theme 1<\/a> \/ Messages<\/p>\n<h1>Az al\u00e1zat maga a l\u00e9nyeg<\/h1>\n<p class=\"article-date\">Kivonat besz\u00e9db\u0151l janu\u00e1r 1976<\/p>\n<p class=\"article-author\">Elias Aslaksent\u0151l<\/p>\n\t\t<\/div>\n\t\t\t\t\t<\/div>\n\n\t\n\n<style>\n#row-929791878 > .col > .col-inner {\n  padding: 30px 0px 0px 0px;\n}\n<\/style>\n<\/div>\n<div class=\"row align-center audio\"  id=\"row-1528268229\">\n\n\t<div id=\"col-1239021944\" class=\"col small-12 large-12\"  >\n\t\t\t\t<div class=\"col-inner\"  >\n\t\t\t\n\t\t\t\n<!--[if lt IE 9]><script>document.createElement('audio');<\/script><![endif]-->\n<audio class=\"wp-audio-shortcode\" id=\"audio-18379-1\" preload=\"none\" style=\"width: 100%;\" controls=\"controls\"><source type=\"audio\/mpeg\" src=\"\/audio\/Tema%204\/HU\/19%20Ydmyk%20er%20selve%20saken_HU.mp3?_=1\" \/><a href=\"\/audio\/Tema%204\/HU\/19%20Ydmyk%20er%20selve%20saken_HU.mp3\">\/audio\/Tema%204\/HU\/19%20Ydmyk%20er%20selve%20saken_HU.mp3<\/a><\/audio>\n<p class=\"click-to-listen\">Click to listen to the speech.<\/p>\n\t\t<\/div>\n\t\t\t\t\t<\/div>\n\n\t\n<\/div>\n<div class=\"row align-center article article-excerpt\"  id=\"row-1604092640\">\n\n\t<div id=\"col-149638655\" class=\"col small-12 large-12\"  >\n\t\t\t\t<div class=\"col-inner text-left\"  >\n\t\t\t\n\t\t\t\n<p>Isten az al\u00e1zatosnak kegyelmet ad. Akkor teljesen mindegy, \u00edrd csak fel, teljesen mindegy, mit tesz mindenki m\u00e1s. Mert ez annyira napvil\u00e1gos, amennyire csak lehet, hogy a megv\u00e1lt\u00e1s szem\u00e9lyes \u00fcgy Isten \u00e9s az egyesek k\u00f6z\u00f6tt. M\u00e1s ember nem ker\u00fclhet k\u00f6zz\u00e9. Ez egy egyenes kapcsolat Isten \u00e9s minden egyes szem\u00e9ly k\u00f6z\u00f6tt. Nem ker\u00fclhet a kett\u0151 k\u00e9z\u00e9 m\u00e1s szem\u00e9ly. Rem\u00e9lem, hogy meg\u00e9rtitek ezt. Rem\u00e9lem, meg\u00e9rtitek, amit mondok. Isten az al\u00e1zatosnak kegyelmet ad. Igen, ki tudna itt k\u00f6zbesz\u00f3lni? Ki tudn\u00e1 ezt megakad\u00e1lyozni? Az \u0150 kegyelme \u00e1ltal siker\u00fcl ez, a kegyelem teh\u00e1t seg\u00edts\u00e9get jelent.<\/p>\n<p>A kegyelemre 2 fogalmunk van: az egyik a megkegyelmez\u00e9s, a m\u00e1sik pedig a kegyelem. A megkegyelmez\u00e9s \u2013 megb\u00e9k\u00e9l\u00e9s \u00e9s b\u0171nbocs\u00e1nat. Ez a megkegyelmez\u00e9s.<\/p>\n<p>\u00c9s a kegyelem \u2013 az seg\u00edts\u00e9g. Er\u0151teljes seg\u00edts\u00e9g!<\/p>\n<p>Igazi vil\u00e1goss\u00e1gra van sz\u00fcks\u00e9g\u00fcnk, igaz \u00e9letre \u00e9s gy\u0151zelemre, hogy vil\u00e1goss\u00e1gr\u00f3l vil\u00e1goss\u00e1gra mehess\u00fcnk, gy\u0151zelemr\u0151l gy\u0151zelemre, dics\u0151s\u00e9gr\u0151l dics\u0151s\u00e9gre. Ezt tessz\u00fck az al\u00e1zat t\u00f6rv\u00e9nye alapj\u00e1n.<\/p>\n<p>De van egy m\u00e1sik buta gondolat: bizonyos szer\u00e9nys\u00e9g miatt \u00fagy gondolkodhatunk magunkr\u00f3l, hogy \u00e9n k\u00fcl\u00f6n\u00f6sen nagyon szerencs\u00e9tlen vagyok, bel\u0151lem nem lesz semmi. Ez 100%-os hazugs\u00e1g.<\/p>\n<p>Ugyan annyi rem\u00e9nys\u00e9g van a legnagyobb, a legnagyobb b\u0171n\u00f6s sz\u00e1m\u00e1ra a f\u00f6ld\u00f6n.&nbsp; Nem az a k\u00e9rd\u00e9s, kik voltunk! Az a k\u00e9rd\u00e9s, mennyire vagyunk \u00e9s maradunk al\u00e1zatosok, \u00e9s hogy mi lesz bel\u0151l\u00fcnk ez\u00e1ltal. Mert ez\u00e1ltal val\u00f3ban lesz valami bel\u0151l\u00fcnk. Ez millim\u00e9ter \u00e9s milligramm pontoss\u00e1ggal megy. Isten teljesen igazs\u00e1gos. Nincs szem\u00e9lyv\u00e1logat\u00e1s. Mindegy, hogy \u00fajonnan megt\u00e9rtr\u0151l van sz\u00f3 vagy v\u00e9ntestv\u00e9rr\u0151l vagy ak\u00e1r kir\u0151l. Ez teljesen mindegy. A t\u00f6rv\u00e9ny sz\u00e1m\u00e1ra mindenki egyenl\u0151. Nyoma sincs a szem\u00e9lyv\u00e1logat\u00e1snak.<\/p>\n<p>Ez\u00e9rt el\u0151fordulhat, hogy n\u00e9melyekkel viszonylag nagyon j\u00f3l megy, de ez a fej\u00fckbe sz\u00e1ll, \u00e9s azt\u00e1n t\u00f6nkre mehetnek, teljesen t\u00f6nkre. \u00c9s k\u00edv\u00fclre ker\u00fclnek. Minden nap v\u00e1laszt\u00e1s el\u00e9 ker\u00fcl\u00fcnk sz\u00e1mtalanszor, sz\u00e1sz vagy ezer alkalommal. \u00c9s ezekben megmutatkozik az al\u00e1zat, vagy az ellenkez\u0151je.<\/p>\n\t\t<\/div>\n\t\t\t\t\t<\/div>\n\n\t\n\n\t<div id=\"col-1135049912\" class=\"col copyright small-12 large-12\"  >\n\t\t\t\t<div class=\"col-inner text-left\"  >\n\t\t\t\n\t\t\t\n<div>\u00a9 Copyright Stiftelsen Skjulte Skatters Forlag<\/div>\n\t\t<\/div>\n\t\t\t\t\t<\/div>\n\n\t\n\n\t<div id=\"col-1234030809\" class=\"col small-12 large-12\"  >\n\t\t\t\t<div class=\"col-inner text-left\"  >\n\t\t\t\n\t\t\t\n<div><a href=\"#\" class=\"read-more\">Olvass t\u00f6bbet<\/a><\/div>\n\t\t<\/div>\n\t\t\t\t\t<\/div>\n\n\t\n\n\t<div id=\"col-1458728055\" class=\"col small-12 large-12\"  >\n\t\t\t\t<div class=\"col-inner text-left\"  >\n\t\t\t\n\t\t\t\n<p class=\"next-previous-message\"><a class=\"previous\" href=\"\/hu\/bible-studies\/theme-1\/believe-in-the-god-of-miracles\/\"><i class=\"icon-angle-left\"><\/i> Previous<\/a><a class=\"next\" href=\"\/hu\/bible-studies\/theme-1\/as-you-have-believed-so-let-it-be-done-for-you\/\">Next <i class=\"icon-angle-right\"><\/i><\/a><\/p>\n\t\t<\/div>\n\t\t\t\t\t<\/div>\n\n\t\n<\/div>\n\t\t<\/div>\n\n\t\t\n<style>\n#section_1907351960 {\n  padding-top: 0px;\n  padding-bottom: 0px;\n  margin-bottom: 0px;\n}\n@media (min-width:550px) {\n  #section_1907351960 {\n    padding-top: 0px;\n    padding-bottom: 0px;\n  }\n}\n<\/style>\n\t<\/section>\n\t\n\n\t<section class=\"section food-for-thought\" id=\"section_1929628181\">\n\t\t<div class=\"section-bg fill\" >\n\t\t\t\t\t\t\t\t\t\n\t\t\t\n\n\t\t<\/div>\n\n\t\t\n\n\t\t<div class=\"section-content relative\">\n\t\t\t\n<div class=\"row align-center\"  id=\"row-1564260753\">\n\n\t<div id=\"col-1013700734\" class=\"col title small-12 large-12\"  >\n\t\t\t\t<div class=\"col-inner text-left dark\"  >\n\t\t\t\n\t\t\t\n<h2>Devotional<\/h2>\n\t\t<\/div>\n\t\t\t\t\t<\/div>\n\n\t\n\n\t<div id=\"col-494333178\" class=\"col small-12 large-12\"  >\n\t\t\t\t<div class=\"col-inner dark\"  >\n\t\t\t\n\t\t\t\n<p>Olvasd el vagy hallgasd meg &#8220;Az \u0150 neve csoda&#8221; c\u00edm\u0171 cikket \u00e9s jegyezd fel, hogy milyen lesz r\u00f6vid id\u0151n bel\u00fcl az \u00e9leted, ha amit Aslaksen ebben mond, m\u0171k\u00f6dni fog a te \u00e9letedben.<\/p>\n<p class='info'>You have to <a href='\/login\/'>log in<\/a> if you want to save your answer.<\/p>\n\t\t<\/div>\n\t\t\t\t\t<\/div>\n\n\t\n<\/div>\n\t\t<\/div>\n\n\t\t\n<style>\n#section_1929628181 {\n  padding-top: 30px;\n  padding-bottom: 30px;\n  background-color: rgb(73, 92, 94);\n}\n<\/style>\n\t<\/section>\n\t\n","protected":false},"excerpt":{"rendered":"","protected":false},"author":5,"featured_media":0,"parent":8254,"menu_order":1,"comment_status":"closed","ping_status":"closed","template":"page-blank.php","meta":{"footnotes":""},"class_list":["post-18379","page","type-page","status-publish","hentry"],"aioseo_notices":[],"_links":{"self":[{"href":"https:\/\/words-of-faith.org\/hu\/wp-json\/wp\/v2\/pages\/18379","targetHints":{"allow":["GET"]}}],"collection":[{"href":"https:\/\/words-of-faith.org\/hu\/wp-json\/wp\/v2\/pages"}],"about":[{"href":"https:\/\/words-of-faith.org\/hu\/wp-json\/wp\/v2\/types\/page"}],"author":[{"embeddable":true,"href":"https:\/\/words-of-faith.org\/hu\/wp-json\/wp\/v2\/users\/5"}],"replies":[{"embeddable":true,"href":"https:\/\/words-of-faith.org\/hu\/wp-json\/wp\/v2\/comments?post=18379"}],"version-history":[{"count":0,"href":"https:\/\/words-of-faith.org\/hu\/wp-json\/wp\/v2\/pages\/18379\/revisions"}],"up":[{"embeddable":true,"href":"https:\/\/words-of-faith.org\/hu\/wp-json\/wp\/v2\/pages\/8254"}],"wp:attachment":[{"href":"https:\/\/words-of-faith.org\/hu\/wp-json\/wp\/v2\/media?parent=18379"}],"curies":[{"name":"wp","href":"https:\/\/api.w.org\/{rel}","templated":true}]}}