{"id":18412,"date":"2020-07-21T10:28:57","date_gmt":"2020-07-21T08:28:57","guid":{"rendered":"https:\/\/aslaksen.bcc.no\/?page_id=18412"},"modified":"2020-08-21T11:44:10","modified_gmt":"2020-08-21T09:44:10","slug":"legyen-neked-a-te-hited-szerint","status":"publish","type":"page","link":"https:\/\/words-of-faith.org\/hu\/bible-study\/tema-1\/legyen-neked-a-te-hited-szerint\/","title":{"rendered":"Legyen neked a te hited szerint"},"content":{"rendered":"\n\t<section class=\"section\" id=\"section_1767276072\">\n\t\t<div class=\"section-bg fill\" >\n\t\t\t\t\t\t\t\t\t\n\t\t\t\n\n\t\t<\/div>\n\n\t\t\n\n\t\t<div class=\"section-content relative\">\n\t\t\t\n<div class=\"row align-center\"  id=\"row-111823062\">\n\n\t<div id=\"col-796135644\" class=\"col small-12 large-12\"  >\n\t\t\t\t<div class=\"col-inner\"  >\n\t\t\t\n\t\t\t\n<p class=\"breadcrumbs\"><a href=\"..\/\">Theme 1<\/a> \/ Messages<\/p>\n<h1>Isten \u00e9let\u00e9nek alapt\u00f6rv\u00e9nye<\/h1>\n<p class=\"article-date\">Elrejtett Kincsek, k\u00f6zz\u00e9tett: febru\u00e1r 1932<\/p>\n<p class=\"article-author\">Elias Aslaksent\u0151l<\/p>\n\t\t<\/div>\n\t\t\t\t\t<\/div>\n\n\t\n\n<style>\n#row-111823062 > .col > .col-inner {\n  padding: 30px 0px 0px 0px;\n}\n<\/style>\n<\/div>\n<div class=\"row align-center audio\"  id=\"row-1499821322\">\n\n\t<div id=\"col-122315778\" class=\"col small-12 large-12\"  >\n\t\t\t\t<div class=\"col-inner\"  >\n\t\t\t\n\t\t\t\n<!--[if lt IE 9]><script>document.createElement('audio');<\/script><![endif]-->\n<audio class=\"wp-audio-shortcode\" id=\"audio-18412-1\" preload=\"none\" style=\"width: 100%;\" controls=\"controls\"><source type=\"audio\/mpeg\" src=\"\/audio\/Tema%204\/HU\/20%20Gudslivets%20grunnlov_HU.mp3?_=1\" \/><a href=\"\/audio\/Tema%204\/HU\/20%20Gudslivets%20grunnlov_HU.mp3\">\/audio\/Tema%204\/HU\/20%20Gudslivets%20grunnlov_HU.mp3<\/a><\/audio>\n<p class=\"click-to-listen\">Click to listen to the speech.<\/p>\n\t\t<\/div>\n\t\t\t\t\t<\/div>\n\n\t\n<\/div>\n<div class=\"row align-center article article-excerpt\"  id=\"row-1158797368\">\n\n\t<div id=\"col-2104775757\" class=\"col small-12 large-12\"  >\n\t\t\t\t<div class=\"col-inner text-left\"  >\n\t\t\t\n\t\t\t\n<p><em>\u201eHanem Isten a b\u00edr\u00f3, aki egyet megal\u00e1z, m\u00e1st felmagasztal!\u201d<\/em> Zsolt.75,8. <em>\u201eAnnakok\u00e1\u00e9rt teh\u00e1t nem az\u00e9, aki akarja, sem nem az\u00e9, aki fut, hanem a k\u00f6ny\u00f6r\u00fcl\u0151 Isten\u00e9.\u201d <\/em>Teh\u00e1t: <em>\u201eakin akar k\u00f6ny\u00f6r\u00fcl, akit pedig akar, megkem\u00e9ny\u00edt.\u201d<\/em> R\u00f3m.9,16,18. <em>\u201eMert aki mag\u00e1t felmagasztalja, megal\u00e1ztatik; \u00e9s aki mag\u00e1t megal\u00e1zza, felmagasztaltatik.\u201d<\/em> M\u00e1t.23,12. <em>\u201eHasonlatosk\u00e9ppen ti ifjabbak engedelmeskedjetek a v\u00e9neknek: mindny\u00e1jan pedig, egym\u00e1snak engedelmeskedv\u00e9n, az al\u00e1zatoss\u00e1got \u00f6lts\u00e9tek fel, mert az Isten a kev\u00e9lyeknek ellene \u00e1ll, az al\u00e1zatosaknak pedig kegyelmet \u00e1d.\u201d<\/em> 1.P\u00e9t.5,5. <em>\u201eAl\u00e1zz\u00e1tok meg magatokat az \u00dar el\u0151tt, \u00e9s felmagasztal titeket.\u201d<\/em> Jak.4,10. <em>\u201eMinekel\u0151tte megal\u00e1ztattam, t\u00e9velyegtem vala; most pedig vigy\u00e1zok a te sz\u00f3dra. J\u00f3 n\u00e9kem, hogy megal\u00e1zt\u00e1l, az\u00e9rt, hogy megtanuljam a te rendel\u00e9seidet.<\/em> <em>Tudom Uram, hogy a te \u00edt\u00e9leteid igazak, \u00e9s igazs\u00e1gosan al\u00e1zt\u00e1l meg engem.\u201d<\/em> Zsolt.119,67, 71, 75.<\/p>\n<p>Isten nem v\u00e9letlenszer\u0171en al\u00e1z meg vagy magasztal fel, kem\u00e9ny\u00edt meg vagy \u00e1ld meg, hagyja, hogy ne siker\u00fclj\u00f6n vagy siker\u00fclj\u00f6n. \u0150 mindig, minden esetben, mindenkivel meghat\u00e1rozott t\u00f6rv\u00e9nyek szerint tesz.<\/p>\n<p>A f\u0151 t\u00f6rv\u00e9ny az al\u00e1zat t\u00f6rv\u00e9nye. Mi val\u00f3j\u00e1ban az al\u00e1zat? Nem egy ny\u00f6sz\u00f6rg\u0151 hang, vagy n\u00e9h\u00e1ny sz\u00e9p fr\u00e1zis. Hanem \u00f6nismeret, \u00e9s az ennek megfelel\u0151 helyezked\u00e9s. Pl. Amikor egy fiatal al\u00e1rendeli mag\u00e1t az id\u0151sebbnek, akkor \u0151 al\u00e1zatos. Elismeri fiatals\u00e1g\u00e1t, \u00e9s al\u00e1rendeli mag\u00e1t az id\u0151sebbnek.<\/p>\n<p>A fent megnevezett igehelyek az al\u00e1zat k\u00e9t f\u0151 szintj\u00e9r\u0151l sz\u00f3lnak. I. Megal\u00e1zza saj\u00e1t mag\u00e1t. II. Hagyja mag\u00e1t megal\u00e1zni. Az al\u00e1zat megegyezik az igazs\u00e1g szeretet\u00e9vel. Az igazs\u00e1g az, hogy egyform\u00e1n \u2013 minden ter\u00fcleten \u2013 t\u00fal magasan vagyunk. Az igazs\u00e1g szeretet\u00e9vel (2.Thess.2,10.) beismerj\u00fck ezt, megal\u00e1zzuk magunkat, \u00e9s al\u00e1rendelj\u00fck magunkat az igazs\u00e1g vil\u00e1goss\u00e1g\u00e1val egybehangz\u00f3an, amely ragyog a Szent\u00edr\u00e1sb\u00f3l, bizonys\u00e1gokban vagy m\u00e1s m\u00f3don.<\/p>\n<p>Az els\u0151 oszt\u00e1ly\u00fa al\u00e1zat azon alapszik, hogy \u00f6nk\u00e9nt \u00edt\u00e9lj\u00fck saj\u00e1t magunkat (1.Kor.11,31-32.) \u00e9s megal\u00e1zzuk magunkat \u2013 saj\u00e1t ind\u00edttat\u00e1sb\u00f3l. A m\u00e1sodoszt\u00e1ly\u00fa al\u00e1zat azon alapszik, hogy beismerj\u00fck, amikor Isten megal\u00e1z, amikor szem\u00e9lyesen \u00edt\u00e9lve lesz\u00fcnk m\u00e1s szem\u00e9lyeken kereszt\u00fcl, vagy egyik vagy m\u00e1sik t\u00f6rt\u00e9n\u00e9s \u00e1ltal. Ebben az esetben teh\u00e1t k\u00fcl\u00f6n seg\u00edts\u00e9gre van sz\u00fcks\u00e9g\u00fcnk ahhoz, hogy al\u00e1zatosak lehess\u00fcnk. E n\u00e9lk\u00fcl nem lenn\u00e9nk k\u00e9pesek elismerni romlotts\u00e1gunkat. Ha vil\u00e1goss\u00e1g f\u00e9nylik az \u00f6sszej\u00f6vetelen an\u00e9lk\u00fcl, hogy konkr\u00e9t szem\u00e9lynek sz\u00f3lna, akkor nem vessz\u00fck \u00e9szre, hogy valamit eltal\u00e1lt benn\u00fcnk. K\u00fcl\u00f6nb\u00f6z\u0151 szem\u00e9lyes k\u00e9rd\u00e9seket kell feltenni ahhoz, hogy \u00e9szrevegy\u00fck.&nbsp;<\/p>\n<p>A legjobb esetben h\u00e1tul foglal helyet, mert l\u00e1tja, hogy ez a hely m\u00e9lt\u00f3 hozz\u00e1. A m\u00e1sik esetben el\u0151r\u00e9bb foglal helyet, de amikor a h\u00e1zigazda megmagyar\u00e1zza az illet\u0151nek, hogy az \u0151 helye sokkal h\u00e1tr\u00e9bb van, elsz\u00e9gyelli mag\u00e1t, \u00e9s h\u00e1tr\u00e9bb \u00fcl.<\/p>\n<p>Ha ekkor t\u00e9tov\u00e1zik, azt mondhatjuk, hogy harmadoszt\u00e1ly\u00fa lesz az al\u00e1zata. Ez\u00e9rt, ha valaki nem jut beismer\u00e9sre, \u00e9s egy\u00e1ltal\u00e1n nem al\u00e1zza meg mag\u00e1t, az g\u0151g \u00e9s b\u00fcszkes\u00e9g \u2013 \u00e9s egy\u00e1ltal\u00e1n nem kap kegyelmet, sem seg\u00edts\u00e9get, sem megv\u00e1lt\u00e1st. \u2013<\/p>\n<p>Itt a val\u00f3s\u00e1gr\u00f3l \u00e9s a t\u00e9nyekr\u0151l van sz\u00f3. Ezenk\u00edv\u00fcl van m\u00e9g egy al\u00e1zat, nevezetesen a hamis al\u00e1zat, k\u00e9pmutat\u00f3 al\u00e1zat. Ez olyan szavakb\u00f3l, hangokb\u00f3l \u00e9s arckifejez\u00e9sekb\u0151l \u00e1ll, amelyeknek al\u00e1zat l\u00e1tszata van, de amikor az er\u0151r\u0151l \u00e9s val\u00f3s\u00e1gr\u00f3l van sz\u00f3, akkor megmutatkozik, hogy csup\u00e1n csak sz\u00ednj\u00e1t\u00e9k.<\/p>\n<p>Megal\u00e1zni magunkat, azt jelenti, a megfelel\u0151 helyre sorolni magunkat.<\/p>\n<p>Megal\u00e1ztatni azt jelenti, saj\u00e1t hozz\u00e1j\u00e1rul\u00e1sunkkal m\u00e1sok \u00e1ltal a hely\u00fcnkre lesz\u00fcnk t\u00e9ve. B\u00fcszk\u00e9nek lenni annyi, mint v\u00e9deni \u00e9s pr\u00f3b\u00e1lni meg\u0151rizni azt a helyet, ami nem j\u00e1r nek\u00fcnk.<\/p>\n\t\t<\/div>\n\t\t\t\t\t<\/div>\n\n\t\n\n\t<div id=\"col-2096115\" class=\"col copyright small-12 large-12\"  >\n\t\t\t\t<div class=\"col-inner text-left\"  >\n\t\t\t\n\t\t\t\n<div>\u00a9 Copyright Stiftelsen Skjulte Skatters Forlag<\/div>\n\t\t<\/div>\n\t\t\t\t\t<\/div>\n\n\t\n\n\t<div id=\"col-130473740\" class=\"col small-12 large-12\"  >\n\t\t\t\t<div class=\"col-inner text-left\"  >\n\t\t\t\n\t\t\t\n<div><a href=\"#\" class=\"read-more\">Olvass t\u00f6bbet<\/a><\/div>\n\t\t<\/div>\n\t\t\t\t\t<\/div>\n\n\t\n\n\t<div id=\"col-422190070\" class=\"col small-12 large-12\"  >\n\t\t\t\t<div class=\"col-inner text-left\"  >\n\t\t\t\n\t\t\t\n<p class=\"next-previous-message\"><a class=\"previous\" href=\"\/hu\/bible-studies\/theme-1\/his-name-is-wonder\/\"><i class=\"icon-angle-left\"><\/i> Previous<\/a><a class=\"next\" href=\"\/hu\/bible-studies\/theme-1\/rejoice-in-hope\/\">Next <i class=\"icon-angle-right\"><\/i><\/a><\/p>\n\t\t<\/div>\n\t\t\t\t\t<\/div>\n\n\t\n<\/div>\n\t\t<\/div>\n\n\t\t\n<style>\n#section_1767276072 {\n  padding-top: 0px;\n  padding-bottom: 0px;\n  margin-bottom: 0px;\n}\n@media (min-width:550px) {\n  #section_1767276072 {\n    padding-top: 0px;\n    padding-bottom: 0px;\n  }\n}\n<\/style>\n\t<\/section>\n\t\n\n\t<section class=\"section food-for-thought\" id=\"section_478007461\">\n\t\t<div class=\"section-bg fill\" >\n\t\t\t\t\t\t\t\t\t\n\t\t\t\n\n\t\t<\/div>\n\n\t\t\n\n\t\t<div class=\"section-content relative\">\n\t\t\t\n<div class=\"row align-center\"  id=\"row-2137196606\">\n\n\t<div id=\"col-1806366215\" class=\"col title small-12 large-12\"  >\n\t\t\t\t<div class=\"col-inner text-left dark\"  >\n\t\t\t\n\t\t\t\n<h2>Devotional<\/h2>\n\t\t<\/div>\n\t\t\t\t\t<\/div>\n\n\t\n\n\t<div id=\"col-51790688\" class=\"col small-12 large-12\"  >\n\t\t\t\t<div class=\"col-inner dark\"  >\n\t\t\t\n\t\t\t\n<p>Keress ki egyet a &#8220;Legyen neked a te hited szerint&#8221; c\u00edm\u0171 cikkben szerepl\u0151 igeversek k\u00f6z\u00fcl a Bibli\u00e1ban. Mit gondolsz, mi\u00e9rt eml\u00edtette \u00e9ppen ezt az igeverset Aslaksen?<\/p>\n<p class='info'>You have to <a href='\/login\/'>log in<\/a> if you want to save your answer.<\/p>\n\t\t<\/div>\n\t\t\t\t\t<\/div>\n\n\t\n<\/div>\n\t\t<\/div>\n\n\t\t\n<style>\n#section_478007461 {\n  padding-top: 30px;\n  padding-bottom: 30px;\n  background-color: rgb(73, 92, 94);\n}\n<\/style>\n\t<\/section>\n\t\n","protected":false},"excerpt":{"rendered":"","protected":false},"author":5,"featured_media":0,"parent":8254,"menu_order":2,"comment_status":"closed","ping_status":"closed","template":"page-blank.php","meta":{"footnotes":""},"class_list":["post-18412","page","type-page","status-publish","hentry"],"aioseo_notices":[],"_links":{"self":[{"href":"https:\/\/words-of-faith.org\/hu\/wp-json\/wp\/v2\/pages\/18412","targetHints":{"allow":["GET"]}}],"collection":[{"href":"https:\/\/words-of-faith.org\/hu\/wp-json\/wp\/v2\/pages"}],"about":[{"href":"https:\/\/words-of-faith.org\/hu\/wp-json\/wp\/v2\/types\/page"}],"author":[{"embeddable":true,"href":"https:\/\/words-of-faith.org\/hu\/wp-json\/wp\/v2\/users\/5"}],"replies":[{"embeddable":true,"href":"https:\/\/words-of-faith.org\/hu\/wp-json\/wp\/v2\/comments?post=18412"}],"version-history":[{"count":0,"href":"https:\/\/words-of-faith.org\/hu\/wp-json\/wp\/v2\/pages\/18412\/revisions"}],"up":[{"embeddable":true,"href":"https:\/\/words-of-faith.org\/hu\/wp-json\/wp\/v2\/pages\/8254"}],"wp:attachment":[{"href":"https:\/\/words-of-faith.org\/hu\/wp-json\/wp\/v2\/media?parent=18412"}],"curies":[{"name":"wp","href":"https:\/\/api.w.org\/{rel}","templated":true}]}}