{"id":18444,"date":"2020-07-21T10:34:18","date_gmt":"2020-07-21T08:34:18","guid":{"rendered":"https:\/\/aslaksen.bcc.no\/?page_id=18444"},"modified":"2020-08-21T11:47:49","modified_gmt":"2020-08-21T09:47:49","slug":"orulj-a-remenysegben","status":"publish","type":"page","link":"https:\/\/words-of-faith.org\/hu\/bible-study\/tema-1\/orulj-a-remenysegben\/","title":{"rendered":"\u00d6r\u00fclj a rem\u00e9nys\u00e9gben"},"content":{"rendered":"\n\t<section class=\"section\" id=\"section_76289193\">\n\t\t<div class=\"section-bg fill\" >\n\t\t\t\t\t\t\t\t\t\n\t\t\t\n\n\t\t<\/div>\n\n\t\t\n\n\t\t<div class=\"section-content relative\">\n\t\t\t\n<div class=\"row align-center\"  id=\"row-687337117\">\n\n\t<div id=\"col-525443149\" class=\"col small-12 large-12\"  >\n\t\t\t\t<div class=\"col-inner\"  >\n\t\t\t\n\t\t\t\n<p class=\"breadcrumbs\"><a href=\"..\/\">Theme 1<\/a> \/ Messages<\/p>\n<h1>Csupa hazugs\u00e1gt\u00f3l \u2013 csupa igazs\u00e1gra!!!<\/h1>\n<p class=\"article-date\">Elrejtett Kincsek, k\u00f6zz\u00e9tett: j\u00fanius 1985<\/p>\n<p class=\"article-author\">Elias Aslaksent\u0151l<\/p>\n\t\t<\/div>\n\t\t\t\t\t<\/div>\n\n\t\n\n<style>\n#row-687337117 > .col > .col-inner {\n  padding: 30px 0px 0px 0px;\n}\n<\/style>\n<\/div>\n<div class=\"row align-center audio\"  id=\"row-1277510260\">\n\n\t<div id=\"col-2117824884\" class=\"col small-12 large-12\"  >\n\t\t\t\t<div class=\"col-inner\"  >\n\t\t\t\n\t\t\t\n<!--[if lt IE 9]><script>document.createElement('audio');<\/script><![endif]-->\n<audio class=\"wp-audio-shortcode\" id=\"audio-18444-1\" preload=\"none\" style=\"width: 100%;\" controls=\"controls\"><source type=\"audio\/mpeg\" src=\"\/audio\/Tema%204\/HU\/21%20Fra%20bare%20loyn_HU.mp3?_=1\" \/><a href=\"\/audio\/Tema%204\/HU\/21%20Fra%20bare%20loyn_HU.mp3\">\/audio\/Tema%204\/HU\/21%20Fra%20bare%20loyn_HU.mp3<\/a><\/audio>\n<p class=\"click-to-listen\">Click to listen to the speech.<\/p>\n\t\t<\/div>\n\t\t\t\t\t<\/div>\n\n\t\n<\/div>\n<div class=\"row align-center article article-excerpt\"  id=\"row-1098672200\">\n\n\t<div id=\"col-674540268\" class=\"col small-12 large-12\"  >\n\t\t\t\t<div class=\"col-inner text-left\"  >\n\t\t\t\n\t\t\t\n<p>Micsoda \u00fcdv\u00f6ss\u00e9g! Micsoda \u00e1tv\u00e1ltoz\u00e1s! Micsoda fejl\u0151d\u00e9s! Micsoda elh\u00edvat\u00e1s! Micsoda abszol\u00fat le\u00edrhatatlan szeretet, amivel Isten van ir\u00e1ntunk, hogy \u0150 val\u00f3ban ilyen megd\u00f6bbent\u0151en nagy, dics\u0151 \u00e9s isteni munk\u00e1t akar v\u00e9gezni mindenkiben, aki sz\u00edvb\u0151l hiszi az \u00e9letnek minden Ig\u00e9j\u00e9t, ami err\u0151l sz\u00f3l az \u00daj sz\u00f6vets\u00e9gben!!!<\/p>\n<p><em>\u201eMinden ember pedig hazug.\u201d<\/em> Ilyenek vagyunk mi magunk, a b\u0171n t\u00f6nkre tett benn\u00fcnket. <em>\u201eS\u0151t ink\u00e1bb az Isten legyen igaz, minden ember pedig hazug.\u201d<\/em> J\u00e9zus mondja: <em>\u201e\u00c9n vagyok az igazs\u00e1g.\u201d<\/em> R\u00f3m.3,4. \u00e9s J\u00e1n.14,6. Mennyei elh\u00edvat\u00e1sunk, hogy hozz\u00e1 hasonl\u00f3v\u00e1 v\u00e1ljunk, most itt a kegyelmi id\u0151ben, teh\u00e1t igazs\u00e1gg\u00e1 \u2013 csak igazs\u00e1g a gyakorlatban, minden lehets\u00e9ges m\u00f3don! \u00c9s nagyon ide illik az \u00c9zsai\u00e1s 53: <em>\u201eKi hitt a mi tan\u00edt\u00e1sunknak?\u201d<\/em><\/p>\n<p>De magasztalva legyen Isten azok\u00e9rt, akik az \u00e9l\u0151 hitet saj\u00e1t\u00edtanak el J\u00e9zus szav\u00e1ra \u00e9s az apostolok szav\u00e1ra n\u00e9zve!!! Mert hit \u00e1ltal siker\u00fcl. Ez ugyanaz, mint megszabadulni a k\u00e9pmutat\u00e1s minden lehets\u00e9ges form\u00e1j\u00e1t\u00f3l, mert a k\u00e9pmutat\u00e1s hazugs\u00e1g! L\u00e1sd Luk.12,1. K\u00e9pmutat\u00e1s \u00fagy tenni, mintha jobbak lenn\u00e9nk, mint amilyenek a val\u00f3s\u00e1gban vagyunk. Ez teh\u00e1t el\u0151ad\u00e1s! El\u0151ad\u00e1s = sz\u00ednj\u00e1t\u00e9k! Akkor dics\u0151s\u00e9get aratunk azzal, ami nem felel meg a val\u00f3s\u00e1gnak, ahelyett, hogy tiltakozn\u00e1nk az igazs\u00e1g nev\u00e9ben! Ez megegyezik a csal\u00e1ssal, k\u00e9tsz\u00edn\u0171s\u00e9ggel, \u00e9s becstelens\u00e9ggel. J\u00e9zusr\u00f3l k\u00fcl\u00f6n\u00f6sen nagydolog van \u00edrva, m\u00e9gpedig, hogy nem volt benne hamiss\u00e1g. Mert \u0150 volt az igazs\u00e1g! \u2013 \u2013 \u2013<\/p>\n<p>Teh\u00e1t t\u00f6bbf\u00e9lek\u00e9ppen lehet hazudni, nem csak k\u00f6zvetlen\u00fcl, brut\u00e1lis hazugs\u00e1gokkal \u00e9s kital\u00e1ci\u00f3kkal! A leggyakoribb sajnos az, hogy takargatj\u00e1k romlotts\u00e1gukat, \u00e9s boldogs\u00e1guk hi\u00e1ny\u00e1t. \u2013 \u00c9s att\u00f3l rettegnek, hogy valaki megtudja! Ez\u00e9rt a v\u00e9dekez\u00e9ssel \u00e9s a menteget\u0151z\u00e9ssel vannak elfoglalva, minden lehets\u00e9ges m\u00f3don, ahelyett, hogy elismern\u00e9k a vil\u00e1goss\u00e1g igaz \u00edt\u00e9let\u00e9t! \u2013<\/p>\n<p>Mit\u0151l f\u00e9lnek h\u00e1t oly rettenetesen? Nos, hogy s\u00fcllyednek az emberek szem\u00e9ben. De csak az ostoba emberek szem\u00e9ben s\u00fcllyednek! Mert megal\u00e1zni magunkat \u00e9s lefel\u00e9 menni, ez a l\u00e9tez\u0151 legkifizet\u0151d\u0151bb er\u00e9ny! Akkor emelkedhet\u00fcnk Isten szem\u00e9ben!<\/p>\n<p>Ez\u00e9rt szellemileg sz\u00f3lva \u0151r\u00fclts\u00e9g f\u00e9lni a megal\u00e1zkod\u00e1st\u00f3l!<\/p>\n<p>Ez az oka annak is, hogy sokan nem k\u00e9rnek bocs\u00e1natot az emberekt\u0151l, sem ez\u00e9rt sem az\u00e9rt! Annak ellen\u00e9re, hogy nagyon j\u00f3 okuk lenne r\u00e1, \u00e9s bens\u0151j\u00fckben boldogs\u00e1got teremtene! Igaz\u00e1n! A c\u00e9l teh\u00e1t: Csak igazs\u00e1g!<\/p>\n\t\t<\/div>\n\t\t\t\t\t<\/div>\n\n\t\n\n\t<div id=\"col-88946727\" class=\"col copyright small-12 large-12\"  >\n\t\t\t\t<div class=\"col-inner text-left\"  >\n\t\t\t\n\t\t\t\n<div>\u00a9 Copyright Stiftelsen Skjulte Skatters Forlag<\/div>\n\t\t<\/div>\n\t\t\t\t\t<\/div>\n\n\t\n\n\t<div id=\"col-59860514\" class=\"col small-12 large-12\"  >\n\t\t\t\t<div class=\"col-inner text-left\"  >\n\t\t\t\n\t\t\t\n<div><a href=\"#\" class=\"read-more\">Olvass t\u00f6bbet<\/a><\/div>\n\t\t<\/div>\n\t\t\t\t\t<\/div>\n\n\t\n\n\t<div id=\"col-547130898\" class=\"col small-12 large-12\"  >\n\t\t\t\t<div class=\"col-inner text-left\"  >\n\t\t\t\n\t\t\t\n<p class=\"next-previous-message\"><a class=\"previous\" href=\"\/hu\/bible-studies\/theme-1\/as-you-have-believed-so-let-it-be-done-for-you\/\"><i class=\"icon-angle-left\"><\/i> Previous<\/a><a class=\"next\" href=\"\/hu\/bible-studies\/theme-1\/believe-like-abraham-did\/\">Next <i class=\"icon-angle-right\"><\/i><\/a><\/p>\n\t\t<\/div>\n\t\t\t\t\t<\/div>\n\n\t\n<\/div>\n\t\t<\/div>\n\n\t\t\n<style>\n#section_76289193 {\n  padding-top: 0px;\n  padding-bottom: 0px;\n  margin-bottom: 0px;\n}\n@media (min-width:550px) {\n  #section_76289193 {\n    padding-top: 0px;\n    padding-bottom: 0px;\n  }\n}\n<\/style>\n\t<\/section>\n\t\n\n\t<section class=\"section food-for-thought\" id=\"section_538287296\">\n\t\t<div class=\"section-bg fill\" >\n\t\t\t\t\t\t\t\t\t\n\t\t\t\n\n\t\t<\/div>\n\n\t\t\n\n\t\t<div class=\"section-content relative\">\n\t\t\t\n<div class=\"row align-center\"  id=\"row-897220815\">\n\n\t<div id=\"col-2137388284\" class=\"col title small-12 large-12\"  >\n\t\t\t\t<div class=\"col-inner text-left dark\"  >\n\t\t\t\n\t\t\t\n<h2>Devotional<\/h2>\n\t\t<\/div>\n\t\t\t\t\t<\/div>\n\n\t\n\n\t<div id=\"col-1432626571\" class=\"col small-12 large-12\"  >\n\t\t\t\t<div class=\"col-inner dark\"  >\n\t\t\t\n\t\t\t\n<p>Az &#8220;\u00d6rvendezz a rem\u00e9nys\u00e9gben&#8221; c\u00edm\u0171 cikkben azt \u00edrja Aslaksen, hogy minden a rem\u00e9nys\u00e9gen m\u00falik. Mit gondolsz mire gondolt ezzel?<\/p>\n<p class='info'>You have to <a href='\/login\/'>log in<\/a> if you want to save your answer.<\/p>\n\t\t<\/div>\n\t\t\t\t\t<\/div>\n\n\t\n<\/div>\n\t\t<\/div>\n\n\t\t\n<style>\n#section_538287296 {\n  padding-top: 30px;\n  padding-bottom: 30px;\n  background-color: rgb(73, 92, 94);\n}\n<\/style>\n\t<\/section>\n\t\n","protected":false},"excerpt":{"rendered":"","protected":false},"author":5,"featured_media":0,"parent":8254,"menu_order":3,"comment_status":"closed","ping_status":"closed","template":"page-blank.php","meta":{"footnotes":""},"class_list":["post-18444","page","type-page","status-publish","hentry"],"aioseo_notices":[],"_links":{"self":[{"href":"https:\/\/words-of-faith.org\/hu\/wp-json\/wp\/v2\/pages\/18444","targetHints":{"allow":["GET"]}}],"collection":[{"href":"https:\/\/words-of-faith.org\/hu\/wp-json\/wp\/v2\/pages"}],"about":[{"href":"https:\/\/words-of-faith.org\/hu\/wp-json\/wp\/v2\/types\/page"}],"author":[{"embeddable":true,"href":"https:\/\/words-of-faith.org\/hu\/wp-json\/wp\/v2\/users\/5"}],"replies":[{"embeddable":true,"href":"https:\/\/words-of-faith.org\/hu\/wp-json\/wp\/v2\/comments?post=18444"}],"version-history":[{"count":0,"href":"https:\/\/words-of-faith.org\/hu\/wp-json\/wp\/v2\/pages\/18444\/revisions"}],"up":[{"embeddable":true,"href":"https:\/\/words-of-faith.org\/hu\/wp-json\/wp\/v2\/pages\/8254"}],"wp:attachment":[{"href":"https:\/\/words-of-faith.org\/hu\/wp-json\/wp\/v2\/media?parent=18444"}],"curies":[{"name":"wp","href":"https:\/\/api.w.org\/{rel}","templated":true}]}}