{"id":18476,"date":"2020-07-21T10:43:49","date_gmt":"2020-07-21T08:43:49","guid":{"rendered":"https:\/\/aslaksen.bcc.no\/?page_id=18476"},"modified":"2020-08-21T11:51:49","modified_gmt":"2020-08-21T09:51:49","slug":"hinni-mint-abraham","status":"publish","type":"page","link":"https:\/\/words-of-faith.org\/hu\/bible-study\/tema-1\/hinni-mint-abraham\/","title":{"rendered":"Hinni, mint \u00c1brah\u00e1m"},"content":{"rendered":"\n\t<section class=\"section\" id=\"section_78735612\">\n\t\t<div class=\"section-bg fill\" >\n\t\t\t\t\t\t\t\t\t\n\t\t\t\n\n\t\t<\/div>\n\n\t\t\n\n\t\t<div class=\"section-content relative\">\n\t\t\t\n<div class=\"row align-center\"  id=\"row-525656341\">\n\n\t<div id=\"col-931760360\" class=\"col small-12 large-12\"  >\n\t\t\t\t<div class=\"col-inner\"  >\n\t\t\t\n\t\t\t\n<p class=\"breadcrumbs\"><a href=\"..\/\">Theme 1<\/a> \/ Messages<\/p>\n<h1>Sz\u00edvb\u0151l al\u00e1zatos<\/h1>\n<p class=\"article-date\">Kivonat besz\u00e9db\u0151l\u00a0j\u00falius\u00a01963<\/p>\n<p class=\"article-author\">Elias Aslaksent\u0151l<\/p>\n\t\t<\/div>\n\t\t\t\t\t<\/div>\n\n\t\n\n<style>\n#row-525656341 > .col > .col-inner {\n  padding: 30px 0px 0px 0px;\n}\n<\/style>\n<\/div>\n<div class=\"row align-center audio\"  id=\"row-2101419886\">\n\n\t<div id=\"col-1970477025\" class=\"col small-12 large-12\"  >\n\t\t\t\t<div class=\"col-inner\"  >\n\t\t\t\n\t\t\t\n<!--[if lt IE 9]><script>document.createElement('audio');<\/script><![endif]-->\n<audio class=\"wp-audio-shortcode\" id=\"audio-18476-1\" preload=\"none\" style=\"width: 100%;\" controls=\"controls\"><source type=\"audio\/mpeg\" src=\"\/audio\/Tema%204\/HU\/22%20Ydmyke%20av%20hjertet_HU.mp3?_=1\" \/><a href=\"\/audio\/Tema%204\/HU\/22%20Ydmyke%20av%20hjertet_HU.mp3\">\/audio\/Tema%204\/HU\/22%20Ydmyke%20av%20hjertet_HU.mp3<\/a><\/audio>\n<p class=\"click-to-listen\">Click to listen to the speech.<\/p>\n\t\t<\/div>\n\t\t\t\t\t<\/div>\n\n\t\n<\/div>\n<div class=\"row align-center article article-excerpt\"  id=\"row-1696203290\">\n\n\t<div id=\"col-439226778\" class=\"col small-12 large-12\"  >\n\t\t\t\t<div class=\"col-inner text-left\"  >\n\t\t\t\n\t\t\t\n<p>\u00cdrva van p\u00e9ld\u00e1ul, hogy nem az\u00e9, aki akarja, sem nem az\u00e9, aki fut, hanem a&nbsp;k\u00f6ny\u00f6r\u00fcl\u0151&nbsp;Isten\u00e9. Van arra t\u00f6rv\u00e9ny, hogy kivel szemben k\u00f6ny\u00f6r\u00fcletes, kinek ad kegyelmet? Igen, van. A fel\u00fcletes azt gondolja: h\u00e1t nem seg\u00edt semmi, nem seg\u00edt buzg\u00f3nak lenni. Nem, ez igaz. Ez azonban nem azt jelenti, hogy ez csak v\u00e9letlen, hogy ez lutri, \u00e9s hogy Isten szesz\u00e9lyes. Tudjuk, kinek ad kegyelmet! Tudjuk kinek ad t\u00f6bb kegyelmet, \u00e9s kinek adja a legt\u00f6bb kegyelmet, \u00e9s kinek nem ad egy\u00e1ltal\u00e1n kegyelmet. Sokan futnak, sokan akarnak, sokan nagyrav\u00e1gy\u00f3k \u2013 ismered ezt a kifejez\u00e9st? Mit jelent h\u00e1t ez? Ez azt jelenti, hogy \u00c9N akarok, \u00c9N felfel\u00e9 akarok t\u00f6rni, \u00c9N akarok el\u0151t\u00e9rbe ker\u00fclni. \u00c9N az \u00dar szolg\u00e1ja akarok lenni, \u00c9N \u00fcgyes akarok lenni, \u00c9N pomp\u00e1san akarok besz\u00e9lni. F\u00fcty\u00fclj a dics\u0151s\u00e9gre \u00e9s mindarra, amit te akarsz. Akarsz lefel\u00e9 menni? Isten \u00e9l\u0151 gy\u00fclekezet\u00e9nek k\u00f6zepette teljesen boldogtalanok lehet\u00fcnk. Mi az oka ennek? Ne mondd, hogy ennek sok oka van! Hi\u00e1nyzik az al\u00e1zat! T\u00fal nagy \u00e9s t\u00fal er\u0151s vagy \u00f6nmagadban. Ez az egyetlen oka. Ez bebizony\u00edthat\u00f3, \u00e9s erre t\u00fal sok p\u00e9lda van. Nem megy j\u00f3l veled, nincs gy\u0151zelmed a b\u0171n felett \u00e9s igen nyomorult a helyzeted. M\u00e9gis nagyon szeretsz el\u0151l \u00e1llni \u00e9s nagyszer\u0171 besz\u00e9det mondani. Magatokra ismertek? Magatokra ismertek? Nem vesz\u00e9lyes al\u00e1zatosnak lenni, nem vesz\u00e9lyes beismerni. Meg\u00e9rtett\u00e9tek v\u00e9gre? Egy\u00e1ltal\u00e1n nem vesz\u00e9lyes. Magatokra ismertek? Van ennek \u00e9rtelme? Szellemileg mondva \u0151r\u00fclts\u00e9g. Pontosan az. M\u00e1sk\u00e9pp mondva, k\u00e9pmutat\u00e1s, sz\u00ednj\u00e1t\u00e9k. Bl\u00f6ff\u00f6lni akarsz, impon\u00e1lni az embereknek, hogy learasd a dics\u0151s\u00e9get, ami abszol\u00fat nem j\u00e1r neked. Nem err\u0151l van sz\u00f3? Vess\u00fcnk v\u00e9get ennek! Legyen v\u00e9ge \u00f6r\u00f6kre! Igyekezz a b\u0171n feletti gy\u0151zelemmel foglalatoskodni. \u00c9s mi az \u00fat ahhoz? Mi az \u00fat ahhoz? Al\u00e1zatosnak lenni. Megal\u00e1zni magunkat. Akkor Isten kegyelmet ad, m\u00e9g ha nem is k\u00e9rtem azt.<\/p>\n\t\t<\/div>\n\t\t\t\t\t<\/div>\n\n\t\n\n\t<div id=\"col-1583381154\" class=\"col copyright small-12 large-12\"  >\n\t\t\t\t<div class=\"col-inner text-left\"  >\n\t\t\t\n\t\t\t\n<div>\u00a9 Copyright Stiftelsen Skjulte Skatters Forlag<\/div>\n\t\t<\/div>\n\t\t\t\t\t<\/div>\n\n\t\n\n\t<div id=\"col-121910180\" class=\"col small-12 large-12\"  >\n\t\t\t\t<div class=\"col-inner text-left\"  >\n\t\t\t\n\t\t\t\n<div><a href=\"#\" class=\"read-more\">Olvass t\u00f6bbet<\/a><\/div>\n\t\t<\/div>\n\t\t\t\t\t<\/div>\n\n\t\n\n\t<div id=\"col-846451604\" class=\"col small-12 large-12\"  >\n\t\t\t\t<div class=\"col-inner text-left\"  >\n\t\t\t\n\t\t\t\n<p class=\"next-previous-message\"><a class=\"previous\" href=\"\/hu\/bible-studies\/theme-1\/rejoice-in-hope\/\"><i class=\"icon-angle-left\"><\/i> Previous<\/a><a class=\"next\" href=\"\/hu\/bible-studies\/theme-1\/god-is-truthful\/\">Next <i class=\"icon-angle-right\"><\/i><\/a><\/p>\n\t\t<\/div>\n\t\t\t\t\t<\/div>\n\n\t\n<\/div>\n\t\t<\/div>\n\n\t\t\n<style>\n#section_78735612 {\n  padding-top: 0px;\n  padding-bottom: 0px;\n  margin-bottom: 0px;\n}\n@media (min-width:550px) {\n  #section_78735612 {\n    padding-top: 0px;\n    padding-bottom: 0px;\n  }\n}\n<\/style>\n\t<\/section>\n\t\n\n\t<section class=\"section food-for-thought\" id=\"section_311476078\">\n\t\t<div class=\"section-bg fill\" >\n\t\t\t\t\t\t\t\t\t\n\t\t\t\n\n\t\t<\/div>\n\n\t\t\n\n\t\t<div class=\"section-content relative\">\n\t\t\t\n<div class=\"row align-center\"  id=\"row-857514340\">\n\n\t<div id=\"col-889875125\" class=\"col title small-12 large-12\"  >\n\t\t\t\t<div class=\"col-inner text-left dark\"  >\n\t\t\t\n\t\t\t\n<h2>Devotional<\/h2>\n\t\t<\/div>\n\t\t\t\t\t<\/div>\n\n\t\n\n\t<div id=\"col-1046928026\" class=\"col small-12 large-12\"  >\n\t\t\t\t<div class=\"col-inner dark\"  >\n\t\t\t\n\t\t\t\n<p>Mit jelent hinni Aslaksen &#8220;Hinni, mint \u00c1brah\u00e1m&#8221; c\u00edm\u0171 cikke szerint?<\/p>\n<ul class=\"question-answers\">\n<li>Megvallani, hogy Isten mindenhat\u00f3<\/li>\n<li>Hogy engedelmesked\u00fcnk Isten minden egyes szav\u00e1nak<\/li>\n<li>Hogy pontosan bet\u00f6ltj\u00fck a felt\u00e9teleket<\/li>\n<\/ul>\n<p class='info'>You have to <a href='\/login\/'>log in<\/a> if you want to save your answer.<\/p>\n\t\t<\/div>\n\t\t\t\t\t<\/div>\n\n\t\n<\/div>\n\t\t<\/div>\n\n\t\t\n<style>\n#section_311476078 {\n  padding-top: 30px;\n  padding-bottom: 30px;\n  background-color: rgb(73, 92, 94);\n}\n<\/style>\n\t<\/section>\n\t\n","protected":false},"excerpt":{"rendered":"","protected":false},"author":5,"featured_media":0,"parent":8254,"menu_order":4,"comment_status":"closed","ping_status":"closed","template":"page-blank.php","meta":{"footnotes":""},"class_list":["post-18476","page","type-page","status-publish","hentry"],"aioseo_notices":[],"_links":{"self":[{"href":"https:\/\/words-of-faith.org\/hu\/wp-json\/wp\/v2\/pages\/18476","targetHints":{"allow":["GET"]}}],"collection":[{"href":"https:\/\/words-of-faith.org\/hu\/wp-json\/wp\/v2\/pages"}],"about":[{"href":"https:\/\/words-of-faith.org\/hu\/wp-json\/wp\/v2\/types\/page"}],"author":[{"embeddable":true,"href":"https:\/\/words-of-faith.org\/hu\/wp-json\/wp\/v2\/users\/5"}],"replies":[{"embeddable":true,"href":"https:\/\/words-of-faith.org\/hu\/wp-json\/wp\/v2\/comments?post=18476"}],"version-history":[{"count":0,"href":"https:\/\/words-of-faith.org\/hu\/wp-json\/wp\/v2\/pages\/18476\/revisions"}],"up":[{"embeddable":true,"href":"https:\/\/words-of-faith.org\/hu\/wp-json\/wp\/v2\/pages\/8254"}],"wp:attachment":[{"href":"https:\/\/words-of-faith.org\/hu\/wp-json\/wp\/v2\/media?parent=18476"}],"curies":[{"name":"wp","href":"https:\/\/api.w.org\/{rel}","templated":true}]}}