{"id":18508,"date":"2020-07-21T10:48:00","date_gmt":"2020-07-21T08:48:00","guid":{"rendered":"https:\/\/aslaksen.bcc.no\/?page_id=18508"},"modified":"2020-08-21T11:55:38","modified_gmt":"2020-08-21T09:55:38","slug":"isten-igaz","status":"publish","type":"page","link":"https:\/\/words-of-faith.org\/hu\/bible-study\/tema-1\/isten-igaz\/","title":{"rendered":"Isten igaz"},"content":{"rendered":"\n\t<section class=\"section\" id=\"section_1054335220\">\n\t\t<div class=\"section-bg fill\" >\n\t\t\t\t\t\t\t\t\t\n\t\t\t\n\n\t\t<\/div>\n\n\t\t\n\n\t\t<div class=\"section-content relative\">\n\t\t\t\n<div class=\"row align-center\"  id=\"row-1720693920\">\n\n\t<div id=\"col-1153183825\" class=\"col small-12 large-12\"  >\n\t\t\t\t<div class=\"col-inner\"  >\n\t\t\t\n\t\t\t\n<p class=\"breadcrumbs\"><a href=\"..\/\">Theme 1<\/a> \/ Messages<\/p>\n<h1>Isten munkam\u00f3dszere<\/h1>\n<p class=\"article-date\">Elrejtett Kincsek, k\u00f6zz\u00e9tett: 1958. \u00e1prilis<\/p>\n<p class=\"article-author\">Elias Aslaksent\u0151l<\/p>\n\t\t<\/div>\n\t\t\t\t\t<\/div>\n\n\t\n\n<style>\n#row-1720693920 > .col > .col-inner {\n  padding: 30px 0px 0px 0px;\n}\n<\/style>\n<\/div>\n<div class=\"row align-center audio\"  id=\"row-779445786\">\n\n\t<div id=\"col-1254958427\" class=\"col small-12 large-12\"  >\n\t\t\t\t<div class=\"col-inner\"  >\n\t\t\t\n\t\t\t\n<!--[if lt IE 9]><script>document.createElement('audio');<\/script><![endif]-->\n<audio class=\"wp-audio-shortcode\" id=\"audio-18508-1\" preload=\"none\" style=\"width: 100%;\" controls=\"controls\"><source type=\"audio\/mpeg\" src=\"\/audio\/Tema%204\/HU\/23%20Guds%20arbeitsmetode_HU.mp3?_=1\" \/><a href=\"\/audio\/Tema%204\/HU\/23%20Guds%20arbeitsmetode_HU.mp3\">\/audio\/Tema%204\/HU\/23%20Guds%20arbeitsmetode_HU.mp3<\/a><\/audio>\n<p class=\"click-to-listen\">Click to listen to the speech.<\/p>\n\t\t<\/div>\n\t\t\t\t\t<\/div>\n\n\t\n<\/div>\n<div class=\"row align-center article article-excerpt\"  id=\"row-1306861419\">\n\n\t<div id=\"col-202561651\" class=\"col small-12 large-12\"  >\n\t\t\t\t<div class=\"col-inner text-left\"  >\n\t\t\t\n\t\t\t\n<p>l\u00e9nyeg\u00e9ben mindig ugyanaz. Ez teljesen \u00e9rthet\u0151, mivel minden embernek ugyanolyan hajlamai vannak, tudniillik felfuvalkodik \u00e9s nagyot gondol saj\u00e1t mag\u00e1r\u00f3l, tov\u00e1bb\u00e1 mag\u00e1nak vesz dics\u0151s\u00e9get az\u00e9rt, amit Isten hatalmas kegyelme munk\u00e1lt benne \u00e9s \u00e1ltala.<\/p>\n<p>\u00c9ppen ez\u00e9rt hat\u00e1rozott terve \u00e9s munkam\u00f3dszere van arra, hogy mindezt megakad\u00e1lyozza. Azon dolgozik, hogy leromboljon minket term\u00e9szeti test szerint, \u00e9s hogy el\u00e9g m\u00e9lyre s\u00fcllyedj\u00fcnk a saj\u00e1t szemeinkben, p\u00e9ld\u00e1ul az\u00e1ltal, hogy nem hagyja siker\u00fclni sem ezt, sem azt; visszavonul \u00e9s a kegyelm\u00e9t is megvonja bizonyos esetekben, ez\u00e1ltal hagyja, hogy meg\u00edzlelj\u00fck utunk gy\u00fcm\u00f6lcs\u00e9t, a saj\u00e1t er\u0151s \u00f6nakaratunk \u00e9s \u00e9rtelm\u00fcnk gy\u00fcm\u00f6lcseit.&nbsp;<\/p>\n<p>Ilyen m\u00f3don megal\u00e1ztatunk \u00e9s fen\u00e9ks\u00falyt nyer\u00fcnk \u00e9let\u00fcnk haj\u00f3j\u00e1ba, hogy ak\u00e1rmilyen v\u00e1ltoz\u00f3 id\u0151j\u00e1r\u00e1sban vitorl\u00e1zhassunk, an\u00e9lk\u00fcl, hogy k\u00f6rbe-k\u00f6rbe haj\u00f3zn\u00e1nk \u2013 \u00edgy \u00e9ps\u00e9gben eljuthassunk az \u00f6r\u00f6k kik\u00f6t\u0151be.<\/p>\n<p>Szeretetteljes, j\u00f3akarata az, hogy felmagasztaljon benn\u00fcnket, \u00e9ppen ez\u00e9rt er\u0151teljesen \u00f6ssze is kell t\u00f6rnie minket, hogy azut\u00e1n elviselhess\u00fck a felmagasztal\u00e1st an\u00e9lk\u00fcl, hogy dics\u0151s\u00e9get tulajdon\u00edtan\u00e1nk magunknak \u00e9rte. Ezt biztos k\u00e9zzel \u00e9s mozd\u00edthatatlan sz\u00edvvel viszi v\u00e9ghez, an\u00e9lk\u00fcl, hogy a legcsek\u00e9lyebb m\u00f3don is hat\u00e1ssal lenne r\u00e1 felfog\u00e1sunk hi\u00e1nya a kezel\u00e9si m\u00f3dszer\u00e9t illet\u0151en.<\/p>\n<p>Dics\u0151s\u00e9g, dics\u0151s\u00e9g, dics\u0151s\u00e9g \u2013 legyen az \u0150 nev\u00e9nek!<\/p>\n\t\t<\/div>\n\t\t\t\t\t<\/div>\n\n\t\n\n\t<div id=\"col-1662996637\" class=\"col copyright small-12 large-12\"  >\n\t\t\t\t<div class=\"col-inner text-left\"  >\n\t\t\t\n\t\t\t\n<div>\u00a9 Copyright Stiftelsen Skjulte Skatters Forlag<\/div>\n\t\t<\/div>\n\t\t\t\t\t<\/div>\n\n\t\n\n\t<div id=\"col-1119065705\" class=\"col small-12 large-12\"  >\n\t\t\t\t<div class=\"col-inner text-left\"  >\n\t\t\t\n\t\t\t\n<div><a href=\"#\" class=\"read-more\">Olvass t\u00f6bbet<\/a><\/div>\n\t\t<\/div>\n\t\t\t\t\t<\/div>\n\n\t\n\n\t<div id=\"col-1234663327\" class=\"col small-12 large-12\"  >\n\t\t\t\t<div class=\"col-inner text-left\"  >\n\t\t\t\n\t\t\t\n<p class=\"next-previous-message\"><a class=\"previous\" href=\"\/hu\/bible-studies\/theme-1\/believe-like-abraham-did\/\"><i class=\"icon-angle-left\"><\/i> Previous<\/a><a class=\"next\" href=\"\/hu\/bible-studies\/theme-1\/believe-in-the-god-of-miracles\/\">Next <i class=\"icon-angle-right\"><\/i><\/a><\/p>\n\t\t<\/div>\n\t\t\t\t\t<\/div>\n\n\t\n<\/div>\n\t\t<\/div>\n\n\t\t\n<style>\n#section_1054335220 {\n  padding-top: 0px;\n  padding-bottom: 0px;\n  margin-bottom: 0px;\n}\n@media (min-width:550px) {\n  #section_1054335220 {\n    padding-top: 0px;\n    padding-bottom: 0px;\n  }\n}\n<\/style>\n\t<\/section>\n\t\n\n\t<section class=\"section food-for-thought\" id=\"section_1711672955\">\n\t\t<div class=\"section-bg fill\" >\n\t\t\t\t\t\t\t\t\t\n\t\t\t\n\n\t\t<\/div>\n\n\t\t\n\n\t\t<div class=\"section-content relative\">\n\t\t\t\n<div class=\"row align-center\"  id=\"row-1014919453\">\n\n\t<div id=\"col-1523017548\" class=\"col title small-12 large-12\"  >\n\t\t\t\t<div class=\"col-inner text-left dark\"  >\n\t\t\t\n\t\t\t\n<h2>Devotional<\/h2>\n\t\t<\/div>\n\t\t\t\t\t<\/div>\n\n\t\n\n\t<div id=\"col-523515112\" class=\"col small-12 large-12\"  >\n\t\t\t\t<div class=\"col-inner dark\"  >\n\t\t\t\n\t\t\t\n<p>Olvasd el vagy hallgasd meg az &#8220;Isten igaz&#8221; c\u00edm\u0171 cikket: Keress a Bibli\u00e1ban egy \u00edg\u00e9retet, amire kor\u00e1bban nem gondolt\u00e1l \u00e9s jegyezd fel az igeverset a lenti mez\u0151be. Ha akarod feljegyezheted azt is, hogy mi fog szem\u00e9lyesen veled t\u00f6rt\u00e9nni, ha hiszed  pontosan \u00fagy, ahogy \u00edrva van. Olvasd el az \u00f6sszef\u00fcgg\u00e9st \u2013 tal\u00e1lsz az \u00edg\u00e9rethez tartoz\u00f3 felt\u00e9teleket?<\/p>\n<p class='info'>You have to <a href='\/login\/'>log in<\/a> if you want to save your answer.<\/p>\n\t\t<\/div>\n\t\t\t\t\t<\/div>\n\n\t\n<\/div>\n\t\t<\/div>\n\n\t\t\n<style>\n#section_1711672955 {\n  padding-top: 30px;\n  padding-bottom: 30px;\n  background-color: rgb(73, 92, 94);\n}\n<\/style>\n\t<\/section>\n\t\n","protected":false},"excerpt":{"rendered":"","protected":false},"author":5,"featured_media":0,"parent":8254,"menu_order":5,"comment_status":"closed","ping_status":"closed","template":"page-blank.php","meta":{"footnotes":""},"class_list":["post-18508","page","type-page","status-publish","hentry"],"aioseo_notices":[],"_links":{"self":[{"href":"https:\/\/words-of-faith.org\/hu\/wp-json\/wp\/v2\/pages\/18508","targetHints":{"allow":["GET"]}}],"collection":[{"href":"https:\/\/words-of-faith.org\/hu\/wp-json\/wp\/v2\/pages"}],"about":[{"href":"https:\/\/words-of-faith.org\/hu\/wp-json\/wp\/v2\/types\/page"}],"author":[{"embeddable":true,"href":"https:\/\/words-of-faith.org\/hu\/wp-json\/wp\/v2\/users\/5"}],"replies":[{"embeddable":true,"href":"https:\/\/words-of-faith.org\/hu\/wp-json\/wp\/v2\/comments?post=18508"}],"version-history":[{"count":0,"href":"https:\/\/words-of-faith.org\/hu\/wp-json\/wp\/v2\/pages\/18508\/revisions"}],"up":[{"embeddable":true,"href":"https:\/\/words-of-faith.org\/hu\/wp-json\/wp\/v2\/pages\/8254"}],"wp:attachment":[{"href":"https:\/\/words-of-faith.org\/hu\/wp-json\/wp\/v2\/media?parent=18508"}],"curies":[{"name":"wp","href":"https:\/\/api.w.org\/{rel}","templated":true}]}}