{"id":24385,"date":"2020-07-31T09:19:25","date_gmt":"2020-07-31T07:19:25","guid":{"rendered":"https:\/\/words-of-faith.org\/rolunk\/"},"modified":"2020-10-05T09:22:01","modified_gmt":"2020-10-05T07:22:01","slug":"rolunk","status":"publish","type":"page","link":"https:\/\/words-of-faith.org\/hu\/rolunk\/","title":{"rendered":"R\u00f3lunk"},"content":{"rendered":"\n\t<section class=\"section\" id=\"section_1712880443\">\n\t\t<div class=\"section-bg fill\" >\n\t\t\t\t\t\t\t\t\t\n\t\t\t\n\n\t\t<\/div>\n\n\t\t\n\n\t\t<div class=\"section-content relative\">\n\t\t\t\n<div class=\"row align-center\"  id=\"row-1254081485\">\n\n\t<div id=\"col-726911335\" class=\"col small-12 large-12\"  >\n\t\t\t\t<div class=\"col-inner\"  >\n\t\t\t\n\t\t\t\n<h1>R\u00f3lunk<\/h1>\n\n\t\t<div class=\"tabbed-content\">\n\t\t\t\n\t\t\t<ul class=\"nav nav-simple nav-normal nav-size-normal nav-left\" role=\"tablist\"><li id=\"tab-hit-szava\" class=\"tab active has-icon\" role=\"presentation\"><a href=\"#tab_hit-szava\" role=\"tab\" aria-selected=\"true\" aria-controls=\"tab_hit-szava\"><span>Hit szava<\/span><\/a><\/li>\n<li id=\"tab-elias-aslaksenr\u0151l\" class=\"tab has-icon\" role=\"presentation\"><a href=\"#tab_elias-aslaksenr\u0151l\" tabindex=\"-1\" role=\"tab\" aria-selected=\"false\" aria-controls=\"tab_elias-aslaksenr\u0151l\"><span>Elias Aslaksenr\u0151l<\/span><\/a><\/li>\n<li id=\"tab-az-akt\u00edvkereszt\u00e9nys\u00e9gr\u0151l\" class=\"tab has-icon\" role=\"presentation\"><a href=\"#tab_az-akt\u00edvkereszt\u00e9nys\u00e9gr\u0151l\" tabindex=\"-1\" role=\"tab\" aria-selected=\"false\" aria-controls=\"tab_az-akt\u00edvkereszt\u00e9nys\u00e9gr\u0151l\"><span>Az Akt\u00edvKereszt\u00e9nys\u00e9gr\u0151l<\/span><\/a><\/li><\/ul><div class=\"tab-panels\"><div id=\"tab_hit-szava\" class=\"panel active entry-content\" role=\"tabpanel\" aria-labelledby=\"tab-hit-szava\">\n<h2>Words of Faith<\/h2>\n<p style=\"text-align: center;\"><img loading=\"lazy\" decoding=\"async\" class=\"aligncenter wp-image-24402\" src=\"https:\/\/words-of-faith.org\/wp-content\/uploads\/2020\/04\/EA-Logo-Final-7-275x400.png\" alt=\"\" width=\"150\" height=\"219\" \/><\/p>\n<p>\u201cFaith in the Word of Life is the greatest power that exists in the universe.\u201d This quote from Elias Aslaksen sums up his life and teaching. <\/p>\n<p>\u201cWords of faith\u201d is a Bible study resource centered on the written and spoken messages of Elias Aslaksen. His preaching adhered 100% to the Word of God and obedience to the faith. He believed in a life of victory over sin and full transformation into the image of Christ, just as the Bible speaks about in many places, and His faith was in an Almighty God who has all power in heaven and on earth to make this life fully possible for each one who believes. <\/p>\n<p>It\u2019s written about Paul that he was a teacher of the Gentiles in faith and truth, and this is the pattern that Elias Aslaksen\u2019s teaching followed. First to believe that the Word is true and good in every way. Then, with a personal, living faith, to live according to it. <\/p>\n<p>Through the spirit of faith shared in the messages and Bible studies on this website, faith for living such an overcoming life can be born and strengthened in every heart that is willing to fight the good fight of faith and lay hold on eternal life!<\/p>\n<\/div>\n<div id=\"tab_elias-aslaksenr\u0151l\" class=\"panel entry-content\" role=\"tabpanel\" aria-labelledby=\"tab-elias-aslaksenr\u0151l\">\n<h2>Elias Aslaksenr\u0151l (1888-1976)<\/h2>\n<p><img loading=\"lazy\" decoding=\"async\" class=\"alignnone size-medium wp-image-23814\" src=\"https:\/\/words-of-faith.org\/wp-content\/uploads\/2020\/09\/about-elias-aslaksen-632x400.png\" alt=\"\" width=\"632\" height=\"400\"><\/p>\n<p>A Filippi 3:7-8-ban P\u00e1l azt \u00edrja: \u201eEllenben azt, ami nekem nyeres\u00e9g volt, k\u00e1rnak \u00edt\u00e9ltem Krisztus\u00e9rt. S\u0151t most is k\u00e1rnak \u00edt\u00e9lek mindent Krisztus J\u00e9zus, az \u00e9n Uram ismeret\u00e9nek p\u00e1ratlan nagys\u00e1g\u00e1\u00e9rt. \u0150\u00e9rte k\u00e1rba veszni hagytam \u00e9s szem\u00e9tnek \u00edt\u00e9lek mindent, hogy Krisztust megnyerjem.\u201d<\/p>\n<figure id=\"attachment_23782\" aria-describedby=\"caption-attachment-23782\" style=\"width: 154px\" class=\"wp-caption alignright\"><img loading=\"lazy\" decoding=\"async\" class=\"wp-image-23782\" src=\"https:\/\/words-of-faith.org\/wp-content\/uploads\/2020\/09\/elias-aslaksen-early-twenties-258x400.png\" alt=\"\" width=\"154\" height=\"239\"><figcaption id=\"caption-attachment-23782\" class=\"wp-caption-text\">Elias Aslaksen in his early twenties, as first lieutenant. He was a very intelligent young man, but he gave up his career in the navy because he was gripped of Jesus Christ.<\/figcaption><\/figure>\n<p>Ezek a szavak visszhangoztak Elias Aslaksen \u00e9let\u00e9ben. Egy kiv\u00e9telesen tehets\u00e9ges fiatalember volt, aki kiv\u00e1l\u00f3 v\u00e9gzetts\u00e9ggel rendelkezett \u00e9s \u00edg\u00e9retes karrierre volt kil\u00e1t\u00e1sa a norv\u00e9g haditenger\u00e9szet valaha volt legjobb k\u00e9pess\u00e9g\u0171 haditenger\u00e9szek\u00e9nt. M\u00e9gis mindent feladott \u201eIsten mennyei elh\u00edv\u00e1s\u00e1nak Krisztus J\u00e9zusban adott jutalm\u00e1\u00e9rt.\u201d (Filippi 3:14.) Eg\u00e9sz \u00e9let\u00e9t az evang\u00e9lium terjeszt\u00e9s\u00e9re adta, mind a szem\u00e9lyes \u00e9letben val\u00f3 hitbeli engedelmess\u00e9g r\u00e9v\u00e9n, mind pedig a hit szav\u00e1nak f\u00e1radhatatlan, sok \u00e9ven \u00e1t tart\u00f3, a f\u00f6ldkereks\u00e9get \u00e1tfog\u00f3 hirdet\u00e9se \u00e1ltal.  <\/p>\n<p>Mind a tekint\u00e9lyes mennyis\u00e9g\u0171 \u00edrott \u00fczenete, mind az igehirdet\u00e9se Isten Ig\u00e9j\u00e9hez val\u00f3 100%-os h\u0171s\u00e9gen alapult. Tal\u00e1n ez teszi \u00fczeneteit olyan \u00e9less\u00e9 \u00e9s er\u0151teljess\u00e9 most is, t\u00f6bb mint 40 \u00e9vvel hal\u00e1la ut\u00e1n. Kertel\u00e9s n\u00e9lk\u00fcl, vil\u00e1gosan \u00e9s k\u00f6zvetlen\u00fcl mondta ki Isten Ig\u00e9j\u00e9t, ahogyan saj\u00e1t \u00e9let\u00e9ben is megtapasztalta.  <\/p>\n<figure id=\"attachment_23798\" aria-describedby=\"caption-attachment-23798\" style=\"width: 632px\" class=\"wp-caption alignnone\"><img loading=\"lazy\" decoding=\"async\" class=\"wp-image-23798 size-medium\" src=\"https:\/\/words-of-faith.org\/wp-content\/uploads\/2020\/09\/elias-aslaksen-preaching-632x400.png\" alt=\"\" width=\"632\" height=\"400\"><figcaption id=\"caption-attachment-23798\" class=\"wp-caption-text\">Elias Aslaksen preaching at an open-air meeting<\/figcaption><\/figure>\n<p>A b\u0171n feletti gy\u0151zelmes \u00e9let evang\u00e9lium\u00e1t hirdette. Sok sz\u00edvben sz\u00fcletett hit szolg\u00e1lat\u00e1nak \u00e9s tan\u00edt\u00e1s\u00e1nak, de f\u0151k\u00e9nt \u00e9let\u00e9nek k\u00f6sz\u00f6nhet\u0151en. Olyan \u00e9l\u0151 hite volt Istenben, hogy amikor e hit szellem\u00e9ben besz\u00e9lt, szinte lehetetlen volt nem meger\u0151s\u00f6dni. K\u00fcl\u00f6nleges aj\u00e1nd\u00e9ka volt oly m\u00f3don besz\u00e9lni, hogy hallgat\u00f3it sz\u00e9k\u00fckre ragasztotta, \u00e9s amikor besz\u00e9lt, a hallgat\u00f3 hitte, hogy a b\u0171n felett gy\u0151zedelmesked\u0151 \u00e9let sz\u00e1m\u00e1ra is el\u00e9rhet\u0151.   <\/p>\n<figure id=\"attachment_23750\" aria-describedby=\"caption-attachment-23750\" style=\"width: 632px\" class=\"wp-caption alignnone\"><img loading=\"lazy\" decoding=\"async\" class=\"size-medium wp-image-23750\" src=\"https:\/\/words-of-faith.org\/wp-content\/uploads\/2020\/09\/elias-aslaksen-brilliant-speaker-632x400.png\" alt=\"\" width=\"632\" height=\"400\"><figcaption id=\"caption-attachment-23750\" class=\"wp-caption-text\">Aslaksen was a brilliant speaker, and was able to articulate things in such a way that people were glued to their seats.<\/figcaption><\/figure>\n<p>Melegsz\u00edv\u0171 \u00e9s kellemes ember volt, telve szeretettel \u00e9s j\u00f3s\u00e1ggal. Az embereket \u00fagy vonzotta mag\u00e1hoz, mint m\u00e9z a legyeket a hangulatos l\u00e9gk\u00f6r miatt, amely k\u00f6rbevette \u0151t, de mindig a Fejhez vonzott mindenkit. Szeretett \u00fclni \u00e9s besz\u00e9lgetni a fiatalokkal Isten Ig\u00e9j\u00e9r\u0151l, \u00e9s mikor belelend\u00fclt, egy-k\u00e9t \u00f3r\u00e1n \u00e1t is tudott besz\u00e9lni. H\u0171 volt az igazs\u00e1ghoz \u00e9s mindig szeretetteljes, \u00edgy buzd\u00edtani \u00e9s b\u00e1tor\u00edtani tudott m\u00e1sokat \u00e9s mindig volt valamije Istent\u0151l, amit \u00e1ld\u00e1sul adhatott.    <\/p>\n<figure id=\"attachment_23766\" aria-describedby=\"caption-attachment-23766\" style=\"width: 632px\" class=\"wp-caption alignnone\"><img loading=\"lazy\" decoding=\"async\" class=\"size-medium wp-image-23766\" src=\"https:\/\/words-of-faith.org\/wp-content\/uploads\/2020\/09\/elias-aslaksen-good-atmosphere-632x400.png\" alt=\"\" width=\"632\" height=\"400\"><figcaption id=\"caption-attachment-23766\" class=\"wp-caption-text\">Where Aslaksen was, there was always a good atmosphere.<\/figcaption><\/figure>\n<p>Tan\u00edt\u00e1sa a h\u00e1trahagyott \u00fczenetekben \u00e9l tov\u00e1bb \u00e9s szavai \u00e1ltal sokan meger\u0151s\u00f6dnek hit\u00fckben. Rem\u00e9lj\u00fck, hogy weboldalunk tartalma T\u00e9ged is meger\u0151s\u00edt \u00e9s b\u00e1tor\u00edt a hit j\u00f3 harc\u00e1ra. <\/p>\n<figure id=\"attachment_23734\" aria-describedby=\"caption-attachment-23734\" style=\"width: 632px\" class=\"wp-caption alignnone\"><img loading=\"lazy\" decoding=\"async\" class=\"size-medium wp-image-23734\" src=\"https:\/\/words-of-faith.org\/wp-content\/uploads\/2020\/09\/elias-aslaksen-active-writer-632x400.png\" alt=\"\" width=\"632\" height=\"400\"><figcaption id=\"caption-attachment-23734\" class=\"wp-caption-text\">Aslaksen was a very active writer, who in the course of his life wrote hundreds of letters, articles, pamphlets, books and songs.<\/figcaption><\/figure>\n<figure id=\"attachment_23718\" aria-describedby=\"caption-attachment-23718\" style=\"width: 318px\" class=\"wp-caption alignnone\"><img loading=\"lazy\" decoding=\"async\" class=\"size-medium wp-image-23718\" src=\"https:\/\/words-of-faith.org\/wp-content\/uploads\/2020\/09\/elias-aslaksen-70-years-318x400.png\" alt=\"\" width=\"318\" height=\"400\"><figcaption id=\"caption-attachment-23718\" class=\"wp-caption-text\">Elias Aslaksen, about 70 years old.<\/figcaption><\/figure>\n<\/div>\n<div id=\"tab_az-akt\u00edvkereszt\u00e9nys\u00e9gr\u0151l\" class=\"panel entry-content\" role=\"tabpanel\" aria-labelledby=\"tab-az-akt\u00edvkereszt\u00e9nys\u00e9gr\u0151l\">\n<h2>Az Akt\u00edvKereszt\u00e9nys\u00e9gr\u0151l<\/h2>\n<p><em>L\u00e1togass el az <a href=\"https:\/\/activechristianity.org\" target=\"_blank\" rel=\"noopener noreferrer\">aktivkereszt\u00e9nys\u00e9g.hu<\/a> honlapra r\u00e9szletesebb inform\u00e1ci\u00f3\u00e9rt az Akt\u00edvKereszt\u00e9nys\u00e9gr\u0151l.<\/em><\/p>\n<p>A Brunstad Christian Church honlapja, az Akt\u00edv Kereszt\u00e9nys\u00e9g felt\u00e1rja, hogy Isten Ig\u00e9je hogyan k\u00e9sztet \u00e9s tesz k\u00e9pess\u00e9 minket arra, hogy 100%-ban az \u0150 akarata szerint \u00e9lj\u00fcnk. T\u00f6bb\u00e9 nem sz\u00fcks\u00e9ges b\u0171nbe esn\u00fcnk, hanem gy\u0151zelmes \u00e9letre juthatunk.<\/p>\n<\/div><\/div><\/div>\n\t\t<\/div>\n\t\t\t\t\n<style>\n#col-726911335 > .col-inner {\n  margin: 0px 0px 20px 0px;\n}\n<\/style>\n\t<\/div>\n\n\t\n\n<style>\n#row-1254081485 > .col > .col-inner {\n  padding: 30px 0px 0px 0px;\n}\n<\/style>\n<\/div>\n\t\t<\/div>\n\n\t\t\n<style>\n#section_1712880443 {\n  padding-top: 0px;\n  padding-bottom: 0px;\n}\n@media (min-width:550px) {\n  #section_1712880443 {\n    padding-top: 30px;\n    padding-bottom: 30px;\n  }\n}\n<\/style>\n\t<\/section>\n\t\n","protected":false},"excerpt":{"rendered":"","protected":false},"author":5,"featured_media":0,"parent":0,"menu_order":0,"comment_status":"closed","ping_status":"closed","template":"page-blank.php","meta":{"footnotes":""},"class_list":["post-24385","page","type-page","status-publish","hentry"],"aioseo_notices":[],"_links":{"self":[{"href":"https:\/\/words-of-faith.org\/hu\/wp-json\/wp\/v2\/pages\/24385","targetHints":{"allow":["GET"]}}],"collection":[{"href":"https:\/\/words-of-faith.org\/hu\/wp-json\/wp\/v2\/pages"}],"about":[{"href":"https:\/\/words-of-faith.org\/hu\/wp-json\/wp\/v2\/types\/page"}],"author":[{"embeddable":true,"href":"https:\/\/words-of-faith.org\/hu\/wp-json\/wp\/v2\/users\/5"}],"replies":[{"embeddable":true,"href":"https:\/\/words-of-faith.org\/hu\/wp-json\/wp\/v2\/comments?post=24385"}],"version-history":[{"count":0,"href":"https:\/\/words-of-faith.org\/hu\/wp-json\/wp\/v2\/pages\/24385\/revisions"}],"wp:attachment":[{"href":"https:\/\/words-of-faith.org\/hu\/wp-json\/wp\/v2\/media?parent=24385"}],"curies":[{"name":"wp","href":"https:\/\/api.w.org\/{rel}","templated":true}]}}