{"id":10759,"date":"2020-05-14T20:00:25","date_gmt":"2020-05-14T18:00:25","guid":{"rendered":"https:\/\/aslaksen.bcc.no\/?page_id=10759"},"modified":"2020-08-21T12:04:35","modified_gmt":"2020-08-21T10:04:35","slug":"fornekte-seg-selv","status":"publish","type":"page","link":"https:\/\/words-of-faith.org\/it\/bible-study\/tema-2\/fornekte-seg-selv\/","title":{"rendered":"Fornekte seg selv"},"content":{"rendered":"\n\t<section class=\"section\" id=\"section_582033188\">\n\t\t<div class=\"section-bg fill\" >\n\t\t\t\t\t\t\t\t\t\n\t\t\t\n\n\t\t<\/div>\n\n\t\t\n\n\t\t<div class=\"section-content relative\">\n\t\t\t\n<div class=\"row align-center\"  id=\"row-821360237\">\n\n\t<div id=\"col-580991925\" class=\"col small-12 large-12\"  >\n\t\t\t\t<div class=\"col-inner\"  >\n\t\t\t\n\t\t\t\n<p class=\"breadcrumbs\"><a href=\"..\/\">Theme 2<\/a> \/ Messages<\/p>\n<h1>Rinnegare se stessi<\/h1>\n<p class=\"article-date\">Estratto di un messaggio di gennaio\u00a01973<\/p>\n<p class=\"article-author\">di Elias Aslaksen<\/p>\n\t\t<\/div>\n\t\t\t\t\t<\/div>\n\n\t\n\n<style>\n#row-821360237 > .col > .col-inner {\n  padding: 30px 0px 0px 0px;\n}\n<\/style>\n<\/div>\n<div class=\"row align-center audio\"  id=\"row-1369690909\">\n\n\t<div id=\"col-726419456\" class=\"col small-12 large-12\"  >\n\t\t\t\t<div class=\"col-inner\"  >\n\t\t\t\n\t\t\t\n<!--[if lt IE 9]><script>document.createElement('audio');<\/script><![endif]-->\n<audio class=\"wp-audio-shortcode\" id=\"audio-10759-1\" preload=\"none\" style=\"width: 100%;\" controls=\"controls\"><source type=\"audio\/mpeg\" src=\"\/audio\/Tema%202\/it\/7%20Rinnegare%20se%20stessi.mp3?_=1\" \/><a href=\"\/audio\/Tema%202\/it\/7%20Rinnegare%20se%20stessi.mp3\">\/audio\/Tema%202\/it\/7%20Rinnegare%20se%20stessi.mp3<\/a><\/audio>\n<p class=\"click-to-listen\">Click to listen to the speech.<\/p>\n\t\t<\/div>\n\t\t\t\t\t<\/div>\n\n\t\n<\/div>\n<div class=\"row align-center article article-excerpt\"  id=\"row-1587655327\">\n\n\t<div id=\"col-903684075\" class=\"col small-12 large-12\"  >\n\t\t\t\t<div class=\"col-inner text-left\"  >\n\t\t\t\n\t\t\t\n<p>All\u2019inizio e in seguito e per la maggior parte, fino alla fine, \u00e8 cos\u00ec che dicono di avere tante difficolt\u00e0, tanti ostacoli, e lui e cos\u00ec e quello \u00e8 col\u00ec, e lui ha detto questo e ha fatto quello, ci sono tante difficolt\u00e0. \u2013 Non \u00e8 vero, non \u00e8 corretto, \u00e8 completamente sbagliato ed \u00e8 scritto qui in questa parola, ma si \u00e8 cos\u00ec superficiali che non lo si vede. Non c\u2019\u00e8 scritto che se qualcuno mi vuole seguire, allora deve risolvere tutte le difficolt\u00e0 e tutte le situazioni, ma sta scritto che deve rinnegare se stesso. Questo \u00e8 un messaggio chiave. Esiste solo una difficolt\u00e0 al mondo, esiste solo un ostacolo al mondo, si trova solo un unico problema ed un solo complesso e questo siamo noi stessi. Pi\u00f9 &nbsp;breve e semplice e diretto di cos\u00ec non pu\u00f2 essere.<\/p>\n<p>E da questo deriva quella frase: che colui che ha vittoria su se stesso, ha vittoria su tutto. Quindi tutto quanto consiste in questo.<\/p>\n<p>I peggiori si lamentano delle loro svariate difficolt\u00e0 e predicano delle loro malattie dalla mattina alla sera, e poi di altre persone. Lui \u00e8 cos\u00ec difficile e quello \u00e8 cos\u00ec difficile, e questi ha fatto questo e quello e cos\u00ec e quell\u2019altro \u00e8 cos\u00ec- e se non fosse successo questo allora sarebbe andata meglio con me. \u00c8 soltanto menzogna tutto quanto! Se rinnego me stesso, quando non ci arrivo da solo, allora sono sulla via della vita, allora sono sulla stretta via, allora sono passato dalla porta angusta e sono entrato sulla stretta via, e l\u00ec ho spazio a sufficienza a seconda di quanto ne ho bisogno, su una via molto stretta. E l\u00ec \u00e8 cos\u00ec vantaggioso, l\u00ec \u00e8 cos\u00ec piacevole.<\/p>\n<p>L\u00ec mi sono liberato di tutto quello che mi porto dietro e che possiedo e che desidero preservare e difendere e cos\u00ec via. L\u00ec non esistono problemi, non si trovano complessi, l\u00ec non c\u2019\u00e8 alcuna difficolt\u00e0 e nulla di complicato. E pensa a tutto quello di cui ti sei liberato, e a quello di cui ancora non ti sei liberato,&nbsp; che \u00e8 causa di tutta la follia. Per esempio tutti quei soldi di cui non ho bisogno \u2013 solo problemi e difficolt\u00e0 , ogni qual volta si deve dare nella colletta, o qualunque altra cosa, allora ci sono difficolt\u00e0. E poi c\u2019\u00e8 l\u2019onore a cui badare , s\u00ec quasi tutti, in pratica tutti i credenti e la maggior parte degli amici, sono interessati a quello che la gente ritiene e pensa di loro , ed \u00e8 per questo anche che spesso non possono dare la loro testimonianza. Si chiedono cosa ne penseranno. Ed \u00e8 per questo che non si possono convertire a Dio, perch\u00e9 si chiedono cosa penseranno i parenti e gli amici. Ognuno di noi come uomo \u00e8 completamente pazzo, ed \u00e8 questa l\u2019intera difficolt\u00e0. In&nbsp; profondit\u00e0, in larghezza e ampiezza e l\u00ec nulla \u00e8 dimenticato. Questa \u00e8 l\u2019unica difficolt\u00e0 al mondo.<\/p>\n<p>Me stesso, cio\u00e8 la mia volont\u00e0, il mio desiderio, il mio gusto, tutto quello che ritengo e penso, questo \u00e8 me stesso. Se lo rinnego e seguo la parola di Dio con tutto il mio cuore, allora sono entrato attraverso la porta angusta e giunto sulla stretta via, e l\u00ec \u00e8 cos\u00ec piacevole. L\u00ec si sta veramente bene.<\/p>\n<p>&nbsp;<\/p>\n<p>di Elias Aslaksen<\/p>\n\t\t<\/div>\n\t\t\t\t\t<\/div>\n\n\t\n\n\t<div id=\"col-766725946\" class=\"col copyright small-12 large-12\"  >\n\t\t\t\t<div class=\"col-inner text-left\"  >\n\t\t\t\n\t\t\t\n<div>\u00a9 Copyright Stiftelsen Skjulte Skatters Forlag<\/div>\n\t\t<\/div>\n\t\t\t\t\t<\/div>\n\n\t\n\n\t<div id=\"col-1038346229\" class=\"col small-12 large-12\"  >\n\t\t\t\t<div class=\"col-inner text-left\"  >\n\t\t\t\n\t\t\t\n<div><a href=\"#\" class=\"read-more\">Leggi di pi\u00f9<\/a><\/div>\n\t\t<\/div>\n\t\t\t\t\t<\/div>\n\n\t\n\n\t<div id=\"col-1458481060\" class=\"col small-12 large-12\"  >\n\t\t\t\t<div class=\"col-inner text-left\"  >\n\t\t\t\n\t\t\t\n<p class=\"next-previous-message\"><a class=\"previous\" href=\"\/it\/bible-studies\/theme-2\/the-two-great-goals-in-a-christians-life\/\"><i class=\"icon-angle-left\"><\/i> Previous<\/a><a class=\"next\" href=\"\/it\/bible-studies\/theme-2\/i-have-been-crucified-with-christ\/\">Next <i class=\"icon-angle-right\"><\/i><\/a><\/p>\n\t\t<\/div>\n\t\t\t\t\t<\/div>\n\n\t\n<\/div>\n\t\t<\/div>\n\n\t\t\n<style>\n#section_582033188 {\n  padding-top: 0px;\n  padding-bottom: 0px;\n  margin-bottom: 0px;\n}\n@media (min-width:550px) {\n  #section_582033188 {\n    padding-top: 0px;\n    padding-bottom: 0px;\n  }\n}\n<\/style>\n\t<\/section>\n\t\n\n\t<section class=\"section food-for-thought\" id=\"section_1952226632\">\n\t\t<div class=\"section-bg fill\" >\n\t\t\t\t\t\t\t\t\t\n\t\t\t\n\n\t\t<\/div>\n\n\t\t\n\n\t\t<div class=\"section-content relative\">\n\t\t\t\n<div class=\"row align-center\"  id=\"row-474024234\">\n\n\t<div id=\"col-1359459472\" class=\"col title small-12 large-12\"  >\n\t\t\t\t<div class=\"col-inner text-left dark\"  >\n\t\t\t\n\t\t\t\n<h2>Devotional<\/h2>\n\t\t<\/div>\n\t\t\t\t\t<\/div>\n\n\t\n\n\t<div id=\"col-794728998\" class=\"col small-12 large-12\"  >\n\t\t\t\t<div class=\"col-inner dark\"  >\n\t\t\t\n\t\t\t\n<p>Nel messaggio &#8220;Rinnega te stesso&#8221;, Aslaksen dice che le situazioni esteriori non sono difficolt\u00e0, ma che le difficolt\u00e0 sono in me. Tutti possono venirsi a trovare in situazioni nella vita, che trovano molto pesanti. Perch\u00e9 allora Aslaksen dice che stare sulla stretta via \u00e8 comunque molto bello?<\/p>\n<p class='info'>You have to <a href='\/login\/'>log in<\/a> if you want to save your answer.<\/p>\n\t\t<\/div>\n\t\t\t\t\t<\/div>\n\n\t\n<\/div>\n\t\t<\/div>\n\n\t\t\n<style>\n#section_1952226632 {\n  padding-top: 30px;\n  padding-bottom: 30px;\n  background-color: rgb(73, 92, 94);\n}\n<\/style>\n\t<\/section>\n\t\n","protected":false},"excerpt":{"rendered":"","protected":false},"author":5,"featured_media":0,"parent":10116,"menu_order":0,"comment_status":"closed","ping_status":"closed","template":"page-blank.php","meta":{"footnotes":""},"class_list":["post-10759","page","type-page","status-publish","hentry"],"aioseo_notices":[],"_links":{"self":[{"href":"https:\/\/words-of-faith.org\/it\/wp-json\/wp\/v2\/pages\/10759","targetHints":{"allow":["GET"]}}],"collection":[{"href":"https:\/\/words-of-faith.org\/it\/wp-json\/wp\/v2\/pages"}],"about":[{"href":"https:\/\/words-of-faith.org\/it\/wp-json\/wp\/v2\/types\/page"}],"author":[{"embeddable":true,"href":"https:\/\/words-of-faith.org\/it\/wp-json\/wp\/v2\/users\/5"}],"replies":[{"embeddable":true,"href":"https:\/\/words-of-faith.org\/it\/wp-json\/wp\/v2\/comments?post=10759"}],"version-history":[{"count":0,"href":"https:\/\/words-of-faith.org\/it\/wp-json\/wp\/v2\/pages\/10759\/revisions"}],"up":[{"embeddable":true,"href":"https:\/\/words-of-faith.org\/it\/wp-json\/wp\/v2\/pages\/10116"}],"wp:attachment":[{"href":"https:\/\/words-of-faith.org\/it\/wp-json\/wp\/v2\/media?parent=10759"}],"curies":[{"name":"wp","href":"https:\/\/api.w.org\/{rel}","templated":true}]}}