{"id":10905,"date":"2020-05-14T20:00:43","date_gmt":"2020-05-14T18:00:43","guid":{"rendered":"https:\/\/aslaksen.bcc.no\/?page_id=10905"},"modified":"2020-08-21T12:12:35","modified_gmt":"2020-08-21T10:12:35","slug":"io-sono-stato-crocifisso-con-cristo","status":"publish","type":"page","link":"https:\/\/words-of-faith.org\/it\/bible-study\/tema-2\/io-sono-stato-crocifisso-con-cristo\/","title":{"rendered":"Io sono stato crocifisso con Cristo"},"content":{"rendered":"\n\t<section class=\"section\" id=\"section_341309405\">\n\t\t<div class=\"section-bg fill\" >\n\t\t\t\t\t\t\t\t\t\n\t\t\t\n\n\t\t<\/div>\n\n\t\t\n\n\t\t<div class=\"section-content relative\">\n\t\t\t\n<div class=\"row align-center\"  id=\"row-998051704\">\n\n\t<div id=\"col-2003889955\" class=\"col small-12 large-12\"  >\n\t\t\t\t<div class=\"col-inner\"  >\n\t\t\t\n\t\t\t\n<p class=\"breadcrumbs\"><a href=\"..\/\">Theme 2<\/a> \/ Messages<\/p>\n<h1>Io sono stato crocifisso con Cristo<\/h1>\n<p class=\"article-date\">Dal libretto \u201cRiposa in dio\u201d, pubblicato nel 1950<\/p>\n<p class=\"article-author\">di Elias Aslaksen<\/p>\n\t\t<\/div>\n\t\t\t\t\t<\/div>\n\n\t\n\n<style>\n#row-998051704 > .col > .col-inner {\n  padding: 30px 0px 0px 0px;\n}\n<\/style>\n<\/div>\n<div class=\"row align-center audio\"  id=\"row-1186438255\">\n\n\t<div id=\"col-2134276091\" class=\"col small-12 large-12\"  >\n\t\t\t\t<div class=\"col-inner\"  >\n\t\t\t\n\t\t\t\n<!--[if lt IE 9]><script>document.createElement('audio');<\/script><![endif]-->\n<audio class=\"wp-audio-shortcode\" id=\"audio-10905-1\" preload=\"none\" style=\"width: 100%;\" controls=\"controls\"><source type=\"audio\/mpeg\" src=\"\/audio\/Tema%202\/it\/8%20Riposo%20in%20Dio_4_IT.mp3?_=1\" \/><a href=\"\/audio\/Tema%202\/it\/8%20Riposo%20in%20Dio_4_IT.mp3\">\/audio\/Tema%202\/it\/8%20Riposo%20in%20Dio_4_IT.mp3<\/a><\/audio>\n<p class=\"click-to-listen\">Click to listen to the speech.<\/p>\n\t\t<\/div>\n\t\t\t\t\t<\/div>\n\n\t\n<\/div>\n<div class=\"row align-center article article-excerpt\"  id=\"row-1747939168\">\n\n\t<div id=\"col-719812395\" class=\"col small-12 large-12\"  >\n\t\t\t\t<div class=\"col-inner text-left\"  >\n\t\t\t\n\t\t\t\n<p><strong style=\"color: #555555;\">\u201cSono stato crocifisso con Cristo, e non sono pi\u00f9 io che vivo\u2026\u201d&nbsp;<\/strong><strong><span style=\"color: #555555;\">Gal 2, 20.<\/span><\/strong><\/p>\n<p>Questa \u00e8 la parola centrale per poter raggiungere il riposo in Dio. Se noi <strong>crediamo&nbsp;<\/strong>a questa parola, il che avviene purtroppo molto raramente, questo avviene certamente, secondo il versetto. Ma generalmente <strong>non<\/strong>si crede proprio questo. Si nasconde la parola invece di crederla e cos\u00ec ci si esclude da questa meravigliosa liberazione e dal riposo in Dio, in cui <strong>alcuni&nbsp;<\/strong>entreranno. Possa tu, che leggi queste righe, diventare uno di questi \u201calcuni\u201d!<\/p>\n<p>Perch\u00e9 non entrare preferibilmente in questo riposo, piuttosto che restare continuamente in tutta quella <em>cattiva agitazione<\/em>, in tutti <em>quegli&nbsp;<\/em>(a causa della tua mancanza di fede) <em>inutili tormenti?<\/em><\/p>\n<p>La verit\u00e0 \u00e8 semplice e cristallina: Tutta l\u2019ansia \u00e8 riposta nel vecchio uomo. Quando il vecchio uomo, attraverso una fede vivente nella Parola, Rm 6,6, \u00e8 stato realmente <strong>crocifisso <\/strong>con Cristo e viene <strong>spogliato<\/strong>, Ef 4,22, allora cessa naturalmente tutta l\u2019agitazione e sopraggiunge il corrispondente riposo.<\/p>\n<p>Un tipico esempio in relazione a questo profondo segreto, \u00e8 la nota espressione che viene usata nelle pubblicazioni di cordoglio: <em>\u201cN.N. \u00e8 entrato nel riposo\u201d.&nbsp;<\/em>Quindi morendo! Leggi ora nuovamente Gal 2,20 ed anche Rm 6,7.<\/p>\n<p>Quello che \u00e8 talmente misterioso e sconosciuto <em>a causa della&nbsp;<\/em><strong>mancanza di fede<\/strong>, \u00e8 che attraverso una fede vivente nella Parola <strong>\u00e8 possibile morire anche se si vive ancora <\/strong>in questo corpo; morire al peccato e di conseguenza a tutta questa frequente agitazione nel cuore e nell\u2019anima, mentre il corpo svolge ancora la sua opera sotto la schiavit\u00f9 della fugacit\u00e0. Queste due cose \u2013 anima e spirito \u2013 non appartengono infatti legittimamente insieme.<\/p>\n<p>La parola penetra e divide. Una parte viene separata ora. La nostra speranza \u00e8 di liberarci pi\u00f9 tardi per sempre anche dell\u2019altra parte! Alleluia!<\/p>\n<p>La cosa pi\u00f9 grande che possa accadere ad una persona qui nel pellegrinaggio, \u00e8 <em>che possa essere detto in verit\u00e0 di lui o di lei, che sono entrati nel riposo, mentre portano ancora questo corpo mortale.<\/em><\/p>\n<p>di Elias Aslaksen<\/p>\n\t\t<\/div>\n\t\t\t\t\t<\/div>\n\n\t\n\n\t<div id=\"col-242045282\" class=\"col copyright small-12 large-12\"  >\n\t\t\t\t<div class=\"col-inner text-left\"  >\n\t\t\t\n\t\t\t\n<div>\u00a9 Copyright Stiftelsen Skjulte Skatters Forlag<\/div>\n\t\t<\/div>\n\t\t\t\t\t<\/div>\n\n\t\n\n\t<div id=\"col-394956966\" class=\"col small-12 large-12\"  >\n\t\t\t\t<div class=\"col-inner text-left\"  >\n\t\t\t\n\t\t\t\n<div><a href=\"#\" class=\"read-more\">leggi di pi\u00f9<\/a><\/div>\n\t\t<\/div>\n\t\t\t\t\t<\/div>\n\n\t\n\n\t<div id=\"col-316395038\" class=\"col small-12 large-12\"  >\n\t\t\t\t<div class=\"col-inner text-left\"  >\n\t\t\t\n\t\t\t\n<p class=\"next-previous-message\"><a class=\"previous\" href=\"\/it\/bible-studies\/theme-2\/deny-oneself\/\"><i class=\"icon-angle-left\"><\/i> Previous<\/a><a class=\"next\" href=\"\/it\/bible-studies\/theme-2\/it-is-no-longer-i-who-live\/\">Next <i class=\"icon-angle-right\"><\/i><\/a><\/p>\n\t\t<\/div>\n\t\t\t\t\t<\/div>\n\n\t\n<\/div>\n\t\t<\/div>\n\n\t\t\n<style>\n#section_341309405 {\n  padding-top: 0px;\n  padding-bottom: 0px;\n  margin-bottom: 0px;\n}\n@media (min-width:550px) {\n  #section_341309405 {\n    padding-top: 0px;\n    padding-bottom: 0px;\n  }\n}\n<\/style>\n\t<\/section>\n\t\n\n\t<section class=\"section food-for-thought\" id=\"section_1767294328\">\n\t\t<div class=\"section-bg fill\" >\n\t\t\t\t\t\t\t\t\t\n\t\t\t\n\n\t\t<\/div>\n\n\t\t\n\n\t\t<div class=\"section-content relative\">\n\t\t\t\n<div class=\"row align-center\"  id=\"row-422078455\">\n\n\t<div id=\"col-705951703\" class=\"col title small-12 large-12\"  >\n\t\t\t\t<div class=\"col-inner text-left dark\"  >\n\t\t\t\n\t\t\t\n<h2>Devotional<\/h2>\n\t\t<\/div>\n\t\t\t\t\t<\/div>\n\n\t\n\n\t<div id=\"col-566085655\" class=\"col small-12 large-12\"  >\n\t\t\t\t<div class=\"col-inner dark\"  >\n\t\t\t\n\t\t\t\n<p>Nell&#8217;articolo &#8220;Sono stato crocifisso con Cristo&#8221;, Aslaksen scrive di &#8220;entrare nella pace&#8221;. Come lo spiegheresti a un&#8217;altra persona?<\/p>\n<p class='info'>You have to <a href='\/login\/'>log in<\/a> if you want to save your answer.<\/p>\n\t\t<\/div>\n\t\t\t\t\t<\/div>\n\n\t\n<\/div>\n\t\t<\/div>\n\n\t\t\n<style>\n#section_1767294328 {\n  padding-top: 30px;\n  padding-bottom: 30px;\n  background-color: rgb(73, 92, 94);\n}\n<\/style>\n\t<\/section>\n\t\n","protected":false},"excerpt":{"rendered":"","protected":false},"author":5,"featured_media":0,"parent":10116,"menu_order":0,"comment_status":"closed","ping_status":"closed","template":"page-blank.php","meta":{"footnotes":""},"class_list":["post-10905","page","type-page","status-publish","hentry"],"aioseo_notices":[],"_links":{"self":[{"href":"https:\/\/words-of-faith.org\/it\/wp-json\/wp\/v2\/pages\/10905","targetHints":{"allow":["GET"]}}],"collection":[{"href":"https:\/\/words-of-faith.org\/it\/wp-json\/wp\/v2\/pages"}],"about":[{"href":"https:\/\/words-of-faith.org\/it\/wp-json\/wp\/v2\/types\/page"}],"author":[{"embeddable":true,"href":"https:\/\/words-of-faith.org\/it\/wp-json\/wp\/v2\/users\/5"}],"replies":[{"embeddable":true,"href":"https:\/\/words-of-faith.org\/it\/wp-json\/wp\/v2\/comments?post=10905"}],"version-history":[{"count":0,"href":"https:\/\/words-of-faith.org\/it\/wp-json\/wp\/v2\/pages\/10905\/revisions"}],"up":[{"embeddable":true,"href":"https:\/\/words-of-faith.org\/it\/wp-json\/wp\/v2\/pages\/10116"}],"wp:attachment":[{"href":"https:\/\/words-of-faith.org\/it\/wp-json\/wp\/v2\/media?parent=10905"}],"curies":[{"name":"wp","href":"https:\/\/api.w.org\/{rel}","templated":true}]}}