{"id":11021,"date":"2020-05-14T20:00:55","date_gmt":"2020-05-14T18:00:55","guid":{"rendered":"https:\/\/aslaksen.bcc.no\/?page_id=11021"},"modified":"2020-08-21T12:16:23","modified_gmt":"2020-08-21T10:16:23","slug":"prendere-la-propria-croce","status":"publish","type":"page","link":"https:\/\/words-of-faith.org\/it\/bible-study\/tema-2\/prendere-la-propria-croce\/","title":{"rendered":"Prendere la propria croce"},"content":{"rendered":"\n\t<section class=\"section\" id=\"section_1689964216\">\n\t\t<div class=\"section-bg fill\" >\n\t\t\t\t\t\t\t\t\t\n\t\t\t\n\n\t\t<\/div>\n\n\t\t\n\n\t\t<div class=\"section-content relative\">\n\t\t\t\n<div class=\"row align-center\"  id=\"row-2139381865\">\n\n\t<div id=\"col-1710225033\" class=\"col small-12 large-12\"  >\n\t\t\t\t<div class=\"col-inner\"  >\n\t\t\t\n\t\t\t\n<p class=\"breadcrumbs\"><a href=\"..\/\">Theme 2<\/a> \/ Messages<\/p>\n<h1>Prendere la propria croce<\/h1>\n<p class=\"article-date\">Tesori Nascosti, pubblicato a febbraio 1970<\/p>\n<p class=\"article-author\">di Elias Aslaksen<\/p>\n\t\t<\/div>\n\t\t\t\t\t<\/div>\n\n\t\n\n<style>\n#row-2139381865 > .col > .col-inner {\n  padding: 30px 0px 0px 0px;\n}\n<\/style>\n<\/div>\n<div class=\"row align-center audio\"  id=\"row-941081064\">\n\n\t<div id=\"col-2004589699\" class=\"col small-12 large-12\"  >\n\t\t\t\t<div class=\"col-inner\"  >\n\t\t\t\n\t\t\t\n<!--[if lt IE 9]><script>document.createElement('audio');<\/script><![endif]-->\n<audio class=\"wp-audio-shortcode\" id=\"audio-11021-1\" preload=\"none\" style=\"width: 100%;\" controls=\"controls\"><source type=\"audio\/mpeg\" src=\"\/audio\/Tema%202\/it\/11%20Prendere-la-propria-croce.mp3?_=1\" \/><a href=\"\/audio\/Tema%202\/it\/11%20Prendere-la-propria-croce.mp3\">\/audio\/Tema%202\/it\/11%20Prendere-la-propria-croce.mp3<\/a><\/audio>\n<p class=\"click-to-listen\">Click to listen to the speech.<\/p>\n\t\t<\/div>\n\t\t\t\t\t<\/div>\n\n\t\n<\/div>\n<div class=\"row align-center article article-excerpt\"  id=\"row-556887686\">\n\n\t<div id=\"col-120579137\" class=\"col small-12 large-12\"  >\n\t\t\t\t<div class=\"col-inner text-left\"  >\n\t\t\t\n\t\t\t\n<div id=\"chapter-element-2\" data-v-7f3df67e=\"\">\n<p><strong>&nbsp;<\/strong><strong><em>Prendere la propria croce&nbsp;<\/em><\/strong>e <strong><em>portarla&nbsp;<\/em><\/strong>significa collaborare alla propria crocifissione. La mia croce \u00e8 tutto ci\u00f2 che interseca con la mia volont\u00e0, la mia volont\u00e0 umana, la volont\u00e0 della carne.<\/p>\n<p>Se non prendo la mia croce, <strong><em>non sono<\/em><\/strong><strong><em>degno di Cristo<\/em><\/strong>! E cos\u00ec \u00e8 per molti cristiani. Camminano, dice Paolo, come <strong>nemici della croce di Cristo<\/strong>, cio\u00e8 di quella croce che dovrebbero prendere e alla quale dovrebbero inchiodare la propria volont\u00e0.<\/p>\n<p>In Gal. 5:24 troviamo questa invacillabile verit\u00e0: \u201cQuelli che sono di Cristo Ges\u00f9 hanno <strong><em>crocifisso<\/em><\/strong>la loro carne con le sue passioni e i suoi desideri\u201d. Quindi chi non l\u2019ha fatto e continua a non farlo, <strong>non<\/strong>appartiene a lui! <strong>Non<\/strong>\u00e8 Suo discepolo.<\/p>\n<p>La cosa pi\u00f9 gloriosa di tutte \u00e8 che Ges\u00f9 si \u00e8 fatto crocifiggere volontariamente e vi ha perfino collaborato. La seconda cosa pi\u00f9 gloriosa \u00e8 se una persona si lascia crocifiggere con Lui volontariamente, attraverso la fede e l\u2019obbedienza alla fede e camminando quotidianamente come un vero amico della croce sulla quale sar\u00e0 inchiodata la sua propria volont\u00e0.<\/p>\n<p>Per il glorioso apostolo Paolo, questa era l\u2019unica cosa di cui voleva vantarsi e la cosa pi\u00f9 grande di tutte. E la sua vita ed il suo insegnamento lo dimostrano chiaramente.<\/p>\n<p>Quindi non solo era entusiasta di questa teoria perfetta! No, la viveva appieno ed esortava a seguirlo.<\/p>\n<p>Facciamolo completamente cari amici!<\/p>\n<p>Ascolta ci\u00f2 che dice: \u201d <strong>Sono stato<\/strong>crocifisso con Cristo e <strong><em>non sono pi\u00f9 io che vivo<\/em><\/strong>\u201c. Gal. 2:20. \u201d Non ci sia altro vanto che nella croce del Signore nostro Ges\u00f9 Cristo, per mezzo della quale <strong><em>il mondo per me \u00e8 stato crocifisso, come io per il mondo<\/em><\/strong>\u201c. Gal. 6:14.<\/p>\n<p>Per lui era la cosa pi\u00f9 grande, la cosa pi\u00f9 gloriosa di tutte, la pi\u00f9 efficace di tutte e il segreto della pi\u00f9 grande felicit\u00e0 a cui un uomo pu\u00f2 giungere qui in un Paese straniero!<\/p>\n<p>\u201c<strong><em>Non sia fatta la mia volont\u00e0, ma la tua!<\/em><\/strong>\u201d Questo \u00e8 e rimane il <strong>fondamento&nbsp;<\/strong>di tutta la nostra vita, s\u00ec, anzi questa ne \u00e8 l\u2019<strong>essenza<\/strong>! In realt\u00e0 non ce n\u2019\u00e8 altra! \u201c<strong><em>Sia fatta la tua volont\u00e0, come in cielo, cos\u00ec in terra<\/em><\/strong>.\u201d Matt. 6:10. L\u00e0 in cielo la volont\u00e0 di Dio viene fatta <strong><em>con<\/em><\/strong><strong><em>esattezza e in modo fulmineo<\/em><\/strong>.<\/p>\n<p>Ed allora &nbsp;\u00e8 ovvio che dobbiamo giungere a questo: <strong><em>rinunciare alla nostra volont\u00e0 e crocifiggerla, veloci come un fulmine<\/em><\/strong><em>, <\/em>altrimenti la volont\u00e0 di Dio non pu\u00f2 avvenire sulla terra come in cielo!<\/p>\n<p>Ma chi fissa il suo obiettivo cos\u00ec in alto e chi ha una tale fede ?!<\/p>\n<p>Se non l\u2019abbiamo avuta, svegliamoci come mai prima per avere questo obiettivo e una fede vivente nell\u2019aiuto incredibilmente potente di Dio di raggiungerlo. Cos\u00ec sia!<\/p>\n<p>Il vostro fratello profondamente addolorato per tutto il sonno spirituale,<\/p>\n<p>&nbsp;<\/p>\n<p>Elias Aslaksen<\/p>\n<\/div>\n\t\t<\/div>\n\t\t\t\t\t<\/div>\n\n\t\n\n\t<div id=\"col-1684750594\" class=\"col copyright small-12 large-12\"  >\n\t\t\t\t<div class=\"col-inner text-left\"  >\n\t\t\t\n\t\t\t\n<div>\u00a9 Copyright Stiftelsen Skjulte Skatters Forlag<\/div>\n\t\t<\/div>\n\t\t\t\t\t<\/div>\n\n\t\n\n\t<div id=\"col-1733517468\" class=\"col small-12 large-12\"  >\n\t\t\t\t<div class=\"col-inner text-left\"  >\n\t\t\t\n\t\t\t\n<div><a href=\"#\" class=\"read-more\">leggi di pi\u00f9<\/a><\/div>\n\t\t<\/div>\n\t\t\t\t\t<\/div>\n\n\t\n\n\t<div id=\"col-1759870044\" class=\"col small-12 large-12\"  >\n\t\t\t\t<div class=\"col-inner text-left\"  >\n\t\t\t\n\t\t\t\n<p class=\"next-previous-message\"><a class=\"previous\" href=\"\/it\/bible-studies\/theme-2\/give-up-everything\/\"><i class=\"icon-angle-left\"><\/i> Previous<\/a><a class=\"next\" href=\"\/it\/bible-studies\/theme-2\/the-two-great-goals-in-a-christians-life\/\">Next <i class=\"icon-angle-right\"><\/i><\/a><\/p>\n\t\t<\/div>\n\t\t\t\t\t<\/div>\n\n\t\n<\/div>\n\t\t<\/div>\n\n\t\t\n<style>\n#section_1689964216 {\n  padding-top: 0px;\n  padding-bottom: 0px;\n  margin-bottom: 0px;\n}\n@media (min-width:550px) {\n  #section_1689964216 {\n    padding-top: 0px;\n    padding-bottom: 0px;\n  }\n}\n<\/style>\n\t<\/section>\n\t\n\n\t<section class=\"section food-for-thought\" id=\"section_417910925\">\n\t\t<div class=\"section-bg fill\" >\n\t\t\t\t\t\t\t\t\t\n\t\t\t\n\n\t\t<\/div>\n\n\t\t\n\n\t\t<div class=\"section-content relative\">\n\t\t\t\n<div class=\"row align-center\"  id=\"row-816146852\">\n\n\t<div id=\"col-59420429\" class=\"col title small-12 large-12\"  >\n\t\t\t\t<div class=\"col-inner text-left dark\"  >\n\t\t\t\n\t\t\t\n<h2>Devotional<\/h2>\n\t\t<\/div>\n\t\t\t\t\t<\/div>\n\n\t\n\n\t<div id=\"col-419935845\" class=\"col small-12 large-12\"  >\n\t\t\t\t<div class=\"col-inner dark\"  >\n\t\t\t\n\t\t\t\n<p>Se potessi porre una domanda ad Aslaksen dopo aver letto l&#8217;articolo &#8220;Prendere la propria croce&#8221;, cosa gli chiederesti?<\/p>\n<p class='info'>You have to <a href='\/login\/'>log in<\/a> if you want to save your answer.<\/p>\n\t\t<\/div>\n\t\t\t\t\t<\/div>\n\n\t\n<\/div>\n\t\t<\/div>\n\n\t\t\n<style>\n#section_417910925 {\n  padding-top: 30px;\n  padding-bottom: 30px;\n  background-color: rgb(73, 92, 94);\n}\n<\/style>\n\t<\/section>\n\t\n","protected":false},"excerpt":{"rendered":"","protected":false},"author":5,"featured_media":0,"parent":10116,"menu_order":0,"comment_status":"closed","ping_status":"closed","template":"page-blank.php","meta":{"footnotes":""},"class_list":["post-11021","page","type-page","status-publish","hentry"],"aioseo_notices":[],"_links":{"self":[{"href":"https:\/\/words-of-faith.org\/it\/wp-json\/wp\/v2\/pages\/11021","targetHints":{"allow":["GET"]}}],"collection":[{"href":"https:\/\/words-of-faith.org\/it\/wp-json\/wp\/v2\/pages"}],"about":[{"href":"https:\/\/words-of-faith.org\/it\/wp-json\/wp\/v2\/types\/page"}],"author":[{"embeddable":true,"href":"https:\/\/words-of-faith.org\/it\/wp-json\/wp\/v2\/users\/5"}],"replies":[{"embeddable":true,"href":"https:\/\/words-of-faith.org\/it\/wp-json\/wp\/v2\/comments?post=11021"}],"version-history":[{"count":0,"href":"https:\/\/words-of-faith.org\/it\/wp-json\/wp\/v2\/pages\/11021\/revisions"}],"up":[{"embeddable":true,"href":"https:\/\/words-of-faith.org\/it\/wp-json\/wp\/v2\/pages\/10116"}],"wp:attachment":[{"href":"https:\/\/words-of-faith.org\/it\/wp-json\/wp\/v2\/media?parent=11021"}],"curies":[{"name":"wp","href":"https:\/\/api.w.org\/{rel}","templated":true}]}}