{"id":11040,"date":"2020-05-14T20:00:14","date_gmt":"2020-05-14T18:00:14","guid":{"rendered":"https:\/\/aslaksen.bcc.no\/?page_id=11040"},"modified":"2020-08-21T12:19:59","modified_gmt":"2020-08-21T10:19:59","slug":"i-due-grandi-obiettivi-nella-vita-di-un-cristiano","status":"publish","type":"page","link":"https:\/\/words-of-faith.org\/it\/bible-study\/tema-2\/i-due-grandi-obiettivi-nella-vita-di-un-cristiano\/","title":{"rendered":"I due grandi obiettivi nella vita di un cristiano"},"content":{"rendered":"\n\t<section class=\"section\" id=\"section_835984610\">\n\t\t<div class=\"section-bg fill\" >\n\t\t\t\t\t\t\t\t\t\n\t\t\t\n\n\t\t<\/div>\n\n\t\t\n\n\t\t<div class=\"section-content relative\">\n\t\t\t\n<div class=\"row align-center\"  id=\"row-2119849416\">\n\n\t<div id=\"col-1294449876\" class=\"col small-12 large-12\"  >\n\t\t\t\t<div class=\"col-inner\"  >\n\t\t\t\n\t\t\t\n<p class=\"breadcrumbs\"><a href=\"..\/\">Theme 2<\/a> \/ Messages<\/p>\n<h1>I due grandi obiettivi nella vita di un cristiano<\/h1>\n<p class=\"article-date\">Tesori Nascosti, pubblicato a novembre 1957<\/p>\n<p class=\"article-author\">di Elias Aslaksen<\/p>\n\t\t<\/div>\n\t\t\t\t\t<\/div>\n\n\t\n\n<style>\n#row-2119849416 > .col > .col-inner {\n  padding: 30px 0px 0px 0px;\n}\n<\/style>\n<\/div>\n<div class=\"row align-center audio\"  id=\"row-1823697709\">\n\n\t<div id=\"col-2048900398\" class=\"col small-12 large-12\"  >\n\t\t\t\t<div class=\"col-inner\"  >\n\t\t\t\n\t\t\t\n<!--[if lt IE 9]><script>document.createElement('audio');<\/script><![endif]-->\n<audio class=\"wp-audio-shortcode\" id=\"audio-11040-1\" preload=\"none\" style=\"width: 100%;\" controls=\"controls\"><source type=\"audio\/mpeg\" src=\"\/audio\/Tema%202\/it\/12%20I-due-grandi-obiettivi-nella-vita-di-un-cristiano.mp3?_=1\" \/><a href=\"\/audio\/Tema%202\/it\/12%20I-due-grandi-obiettivi-nella-vita-di-un-cristiano.mp3\">\/audio\/Tema%202\/it\/12%20I-due-grandi-obiettivi-nella-vita-di-un-cristiano.mp3<\/a><\/audio>\n<p class=\"click-to-listen\">Click to listen to the speech.<\/p>\n\t\t<\/div>\n\t\t\t\t\t<\/div>\n\n\t\n<\/div>\n<div class=\"row align-center article article-excerpt\"  id=\"row-540996906\">\n\n\t<div id=\"col-1277800354\" class=\"col small-12 large-12\"  >\n\t\t\t\t<div class=\"col-inner text-left\"  >\n\t\t\t\n\t\t\t\n<div id=\"chapter-element-2\" data-v-7f3df67e=\"\">\n<p><strong>I. Essere sempre vittorioso su tutti i peccati di cui siamo consapevoli<\/strong><\/p>\n<p>Poich\u00e9 Cristo \u00e8 morto per i nostri peccati, abbiamo il&nbsp; perdono dei peccati, <strong>se lo crediamo&nbsp;<\/strong>e se anche noi perdoniamo di cuore tutti i nostri debitori.<\/p>\n<p>Otteniamo anche la vittoria su tutti i peccati di cui siamo consapevoli <strong>mediante la<\/strong><strong>fede<\/strong>, ovvero mediante la fede che <strong>il nostro vecchio uomo \u00e8 stato crocifisso<\/strong><strong>con Cristo<\/strong>. Rom.6:6. O come viene espresso in Gal. 2:20:<\/p>\n<p>\u201c<strong>Sono stato crocifisso con Cristo<\/strong>\u201c.<\/p>\n<p>In questa fede e tramite essa, noi <strong>moriamo&nbsp;<\/strong>al peccato, cio\u00e8 a tutti i peccati di cui siamo consapevoli, cos\u00ec che \u2013 invece di cadere nel peccato \u2013 rimaniamo in piedi da vincitori in ogni tentazione.<\/p>\n<p>Quanto \u00e8 glorioso poter vivere sempre con una buona coscienza davanti a Dio e agli uomini!<\/p>\n<p>In 2 Cor. 2:14 Paolo scrive: \u201cSia ringraziato Dio che ci fa <strong>sempre<\/strong><strong>trionfare&nbsp;<\/strong>in Cristo\u201d.<\/p>\n<p>Ma purtroppo la maggioranza delle persone non ha assolutamente raggiunto questo meraviglioso obiettivo provvisorio. E ci sono <strong>due buoni motivi molto specifici&nbsp;<\/strong>per questo:<\/p>\n<ol>\n<li>Semplicemente il fatto che non si vuole rinunciare a tutto ci\u00f2 che riguarda se stessi e morire con Cristo, per cui si perde la possibilit\u00e0 di giungere a questa gloriosa vita vittoriosa;<\/li>\n<li>Non si crede assolutamente di essere stati crocifissi con Lui e non si pu\u00f2 giungere a tale fede, finch\u00e9 non si rinuncia a tutto ci\u00f2 che ha a che fare con se stessi. Dio non ci d\u00e0 la fede per qualcosa a cui noi stessi non vogliamo essere partecipi.<\/li>\n<\/ol>\n<p>Se si vuole davvero camminare sulla via nelle orme di Ges\u00f9, allora si ricever\u00e0 la fede per percorrerla. Gloria a Dio!<\/p>\n<p>&nbsp;<\/p>\n<p><strong>II. Scoprire peccati inconsci ed eliminarli attraverso una crescente luce della vita: crescita nel bene<\/strong><\/p>\n<p>Anche questo equivale ancora una volta a una crescente rigenerazione interiore e a una crescente partecipazione alla natura divina.<\/p>\n<p>Per noi non c\u2019\u00e8 un obiettivo definito per questo; si pu\u00f2 dire che ci sono possibilit\u00e0 infinite.<\/p>\n<p>L\u2019obiettivo dunque \u00e8: <strong>quanta pi\u00f9 crescita e trasformazione possibile!<\/strong><\/p>\n<p>Per lo stesso motivo, saremo vivamente interessati in <strong>tutti i frutti dello Spirito<\/strong>e in <strong>tutte le virt\u00f9 di Cristo<\/strong>nella maggiore estensione e profondit\u00e0 possibili.<\/p>\n<p>\u201cNoi crediamo e perci\u00f2 parliamo\u201d, dice Paolo. Parliamo di ci\u00f2 in cui crediamo. Se non se ne parla affatto, \u00e8 per una ragione specifica: non si crede.<\/p>\n<p>Del punto 1 e del punto 2 va detto: non serve a niente desiderare o sognare o pi\u00f9 o&nbsp; meno tentare.&nbsp;Non serve assolutamente a niente! L\u2019unica cosa che serve e che funziona \u00e8: la fede vivente nell\u2019opera di Dio e di Cristo e nella Parola di Dio, che ne parla in modo particolarmente chiaro, deciso e sufficientee che non parla quasi d\u2019altro.<\/p>\n<p>Leggi, rifletti e credi!<\/p>\n<p>&nbsp;&nbsp;&nbsp;&nbsp;&nbsp;&nbsp;&nbsp;&nbsp;&nbsp; Elias Aslaksen<\/p>\n<\/div>\n\t\t<\/div>\n\t\t\t\t\t<\/div>\n\n\t\n\n\t<div id=\"col-1253248686\" class=\"col copyright small-12 large-12\"  >\n\t\t\t\t<div class=\"col-inner text-left\"  >\n\t\t\t\n\t\t\t\n<div>\u00a9 Copyright Stiftelsen Skjulte Skatters Forlag<\/div>\n\t\t<\/div>\n\t\t\t\t\t<\/div>\n\n\t\n\n\t<div id=\"col-1984193743\" class=\"col small-12 large-12\"  >\n\t\t\t\t<div class=\"col-inner text-left\"  >\n\t\t\t\n\t\t\t\n<div><a href=\"#\" class=\"read-more\">leggi di pi\u00f9<\/a><\/div>\n\t\t<\/div>\n\t\t\t\t\t<\/div>\n\n\t\n\n\t<div id=\"col-58886022\" class=\"col small-12 large-12\"  >\n\t\t\t\t<div class=\"col-inner text-left\"  >\n\t\t\t\n\t\t\t\n<p class=\"next-previous-message\"><a class=\"previous\" href=\"\/it\/bible-studies\/theme-2\/taking-up-your-cross\/\"><i class=\"icon-angle-left\"><\/i> Previous<\/a><a class=\"next\" href=\"\/it\/bible-studies\/theme-2\/deny-oneself\/\">Next <i class=\"icon-angle-right\"><\/i><\/a><\/p>\n\t\t<\/div>\n\t\t\t\t\t<\/div>\n\n\t\n<\/div>\n\t\t<\/div>\n\n\t\t\n<style>\n#section_835984610 {\n  padding-top: 0px;\n  padding-bottom: 0px;\n  margin-bottom: 0px;\n}\n@media (min-width:550px) {\n  #section_835984610 {\n    padding-top: 0px;\n    padding-bottom: 0px;\n  }\n}\n<\/style>\n\t<\/section>\n\t\n\n\t<section class=\"section food-for-thought\" id=\"section_486855461\">\n\t\t<div class=\"section-bg fill\" >\n\t\t\t\t\t\t\t\t\t\n\t\t\t\n\n\t\t<\/div>\n\n\t\t\n\n\t\t<div class=\"section-content relative\">\n\t\t\t\n<div class=\"row align-center\"  id=\"row-1323441357\">\n\n\t<div id=\"col-1190838906\" class=\"col title small-12 large-12\"  >\n\t\t\t\t<div class=\"col-inner text-left dark\"  >\n\t\t\t\n\t\t\t\n<h2>Devotional<\/h2>\n\t\t<\/div>\n\t\t\t\t\t<\/div>\n\n\t\n\n\t<div id=\"col-329762602\" class=\"col small-12 large-12\"  >\n\t\t\t\t<div class=\"col-inner dark\"  >\n\t\t\t\n\t\t\t\n<p>Scrivi tutte le esortazioni che Aslaksen d\u00e0 nel brano &#8220;I due grandi obiettivi nella vita di un cristiano&#8221;. Una di queste ti ispira in modo particolare?<\/p>\n<p class='info'>You have to <a href='\/login\/'>log in<\/a> if you want to save your answer.<\/p>\n\t\t<\/div>\n\t\t\t\t\t<\/div>\n\n\t\n<\/div>\n\t\t<\/div>\n\n\t\t\n<style>\n#section_486855461 {\n  padding-top: 30px;\n  padding-bottom: 30px;\n  background-color: rgb(73, 92, 94);\n}\n<\/style>\n\t<\/section>\n\t\n","protected":false},"excerpt":{"rendered":"","protected":false},"author":5,"featured_media":0,"parent":10116,"menu_order":0,"comment_status":"closed","ping_status":"closed","template":"page-blank.php","meta":{"footnotes":""},"class_list":["post-11040","page","type-page","status-publish","hentry"],"aioseo_notices":[],"_links":{"self":[{"href":"https:\/\/words-of-faith.org\/it\/wp-json\/wp\/v2\/pages\/11040","targetHints":{"allow":["GET"]}}],"collection":[{"href":"https:\/\/words-of-faith.org\/it\/wp-json\/wp\/v2\/pages"}],"about":[{"href":"https:\/\/words-of-faith.org\/it\/wp-json\/wp\/v2\/types\/page"}],"author":[{"embeddable":true,"href":"https:\/\/words-of-faith.org\/it\/wp-json\/wp\/v2\/users\/5"}],"replies":[{"embeddable":true,"href":"https:\/\/words-of-faith.org\/it\/wp-json\/wp\/v2\/comments?post=11040"}],"version-history":[{"count":0,"href":"https:\/\/words-of-faith.org\/it\/wp-json\/wp\/v2\/pages\/11040\/revisions"}],"up":[{"embeddable":true,"href":"https:\/\/words-of-faith.org\/it\/wp-json\/wp\/v2\/pages\/10116"}],"wp:attachment":[{"href":"https:\/\/words-of-faith.org\/it\/wp-json\/wp\/v2\/media?parent=11040"}],"curies":[{"name":"wp","href":"https:\/\/api.w.org\/{rel}","templated":true}]}}