{"id":12648,"date":"2020-05-29T20:00:02","date_gmt":"2020-05-29T18:00:02","guid":{"rendered":"https:\/\/aslaksen.bcc.no\/?page_id=12648"},"modified":"2020-08-21T12:25:27","modified_gmt":"2020-08-21T10:25:27","slug":"non-giudicare","status":"publish","type":"page","link":"https:\/\/words-of-faith.org\/it\/bible-study\/tema-3\/non-giudicare\/","title":{"rendered":"NON giudicare!"},"content":{"rendered":"\n\t<section class=\"section\" id=\"section_1856285814\">\n\t\t<div class=\"section-bg fill\" >\n\t\t\t\t\t\t\t\t\t\n\t\t\t\n\n\t\t<\/div>\n\n\t\t\n\n\t\t<div class=\"section-content relative\">\n\t\t\t\n<div class=\"row align-center\"  id=\"row-1098187883\">\n\n\t<div id=\"col-1863410934\" class=\"col small-12 large-12\"  >\n\t\t\t\t<div class=\"col-inner\"  >\n\t\t\t\n\t\t\t\n<p class=\"breadcrumbs\"><a href=\"..\/\">Theme 3<\/a> \/ Messages<\/p>\n<h1>NON giudicare!<\/h1>\n<p class=\"article-date\">Estratto di un messaggio di gennaio 1972<\/p>\n<p class=\"article-author\">di Elias Aslaksen<\/p>\n\t\t<\/div>\n\t\t\t\t\t<\/div>\n\n\t\n\n<style>\n#row-1098187883 > .col > .col-inner {\n  padding: 30px 0px 0px 0px;\n}\n<\/style>\n<\/div>\n<div class=\"row align-center audio\"  id=\"row-1534618101\">\n\n\t<div id=\"col-1154775799\" class=\"col small-12 large-12\"  >\n\t\t\t\t<div class=\"col-inner\"  >\n\t\t\t\n\t\t\t\n<!--[if lt IE 9]><script>document.createElement('audio');<\/script><![endif]-->\n<audio class=\"wp-audio-shortcode\" id=\"audio-12648-1\" preload=\"none\" style=\"width: 100%;\" controls=\"controls\"><source type=\"audio\/mpeg\" src=\"\/audio\/Tema%203\/IT\/13_D%C3%B8m%20IKKE!_IT.mp3?_=1\" \/><a href=\"\/audio\/Tema%203\/IT\/13_D%C3%B8m%20IKKE!_IT.mp3\">\/audio\/Tema%203\/IT\/13_D%C3%B8m%20IKKE!_IT.mp3<\/a><\/audio>\n<p class=\"click-to-listen\">Click to listen to the speech.<\/p>\n\t\t<\/div>\n\t\t\t\t\t<\/div>\n\n\t\n<\/div>\n<div class=\"row align-center article article-excerpt\"  id=\"row-678331028\">\n\n\t<div id=\"col-1649630839\" class=\"col small-12 large-12\"  >\n\t\t\t\t<div class=\"col-inner text-left\"  >\n\t\t\t\n\t\t\t\n<p>Prima della rovina, sta scritto, il cuore dell\u2019uomo s\u2019innalza. Si pone come Giudice al di sopra di tutto e tutti, di ogni cosa e di chiunque.<\/p>\n<p>C\u2019\u00e8 una cosa che si chiama timore di Dio. Temere Dio, timore di dispiacere Dio. Timore di essere in disaccordo con lui. Cosa si dovrebbe temere pi\u00f9 di questo? La cosa peggiore di tutte \u00e8 che non si ha timore neanche di questo.<\/p>\n<p>C\u2019\u00e8 pochissimo timore di Dio, cari amici. Ma in mezzo a noi va abbastanza bene. Ci\u00f2 deriva dal fatto che c\u2019\u00e8&nbsp; tanta piet\u00e0 quanta ce n\u2019\u00e8. Ma ci sono tanti cari fratelli e sorelle che sono molto privi di piet\u00e0. La parola dice cosa significa. \u00c8 temere, avere paura di avere Dio contro di s\u00e9, essere in disaccordo con Lui. Di non ubbidire e non amare la sua parola. Per non rendergli dispiacere in alcun modo. E il modo peggiore in assoluto,&nbsp; unicamente terribile, \u00e8 di avere pensieri grandi di se stessi. Questa \u00e8 superbia. Si chiama orgoglio. Si chiama essere gonfi, e credersi sapienti. Qualcosa che ti immagini, che non \u00e8 vera. L\u2019esatto opposto della verit\u00e0.<\/p>\n<p>Paolo scrisse che \u201cPer la grazia di Dio io sono quello che sono\u201d. S\u00ec \u00e8 esattamente la stessa cosa che \u201dper mancanza della grazia di Dio non sono pi\u00f9 di quello che sono, purtroppo\u201d. Purtroppo non sono diventato pi\u00f9 di quello che sono. Per carenza della grazia di Dio. Perch\u00e9 Dio d\u00e0 grazia agli umili, quindi per carenza di umilt\u00e0. Tutti possiamo prendere a cuore questo. Non esiste che vada cos\u00ec bene con qualcuno di noi che non possa andare ancora meglio. C\u2019\u00e8 dunque in ogni caso un poco di carenza di umilt\u00e0.&nbsp; Nel migliore dei casi, nella maggior parte dei casi c\u2019\u00e8 una grande carenza d\u2019umilt\u00e0. La cosa pi\u00f9 comune al mondo \u00e8 di criticare e giudicare. E questo lo fanno tanti degli amici. Per molti \u00e8 cos\u00ec che che sono cos\u00ec umili da non concedersi di giudicare gli anziani, ma possiamo dire cos\u00ec&nbsp; che si rifanno su tutti gli altri, che ritengono di poter giudicare. Ma cosa sta scritto? Non c\u2019\u00e8 scritto cos\u00ec: \u201cNon giudicare troppo.\u201d Non c\u2019\u00e8 scritto cos\u00ec: \u201cNon essere rapido nel giudicare.\u201d&nbsp; C\u2019\u00e8 scritto: \u201cNon giudicare.\u201d N.O.N. Non.<\/p>\n\t\t<\/div>\n\t\t\t\t\t<\/div>\n\n\t\n\n\t<div id=\"col-1924273302\" class=\"col copyright small-12 large-12\"  >\n\t\t\t\t<div class=\"col-inner text-left\"  >\n\t\t\t\n\t\t\t\n<div>\u00a9 Copyright Stiftelsen Skjulte Skatters Forlag<\/div>\n\t\t<\/div>\n\t\t\t\t\t<\/div>\n\n\t\n\n\t<div id=\"col-146621280\" class=\"col small-12 large-12\"  >\n\t\t\t\t<div class=\"col-inner text-left\"  >\n\t\t\t\n\t\t\t\n<div><a href=\"#\" class=\"read-more\">Leggi di pi\u00f9<\/a><\/div>\n\t\t<\/div>\n\t\t\t\t\t<\/div>\n\n\t\n\n\t<div id=\"col-1532800257\" class=\"col small-12 large-12\"  >\n\t\t\t\t<div class=\"col-inner text-left\"  >\n\t\t\t\n\t\t\t\n<p class=\"next-previous-message\"><a class=\"previous\" href=\"\/it\/bible-studies\/theme-3\/you-are-loved-and-should-love-in-return\/\"><i class=\"icon-angle-left\"><\/i> Previous<\/a><a class=\"next\" href=\"\/it\/bible-studies\/theme-3\/the-fear-of-god\/\">Next <i class=\"icon-angle-right\"><\/i><\/a><\/p>\n\t\t<\/div>\n\t\t\t\t\t<\/div>\n\n\t\n<\/div>\n\t\t<\/div>\n\n\t\t\n<style>\n#section_1856285814 {\n  padding-top: 0px;\n  padding-bottom: 0px;\n  margin-bottom: 0px;\n}\n@media (min-width:550px) {\n  #section_1856285814 {\n    padding-top: 0px;\n    padding-bottom: 0px;\n  }\n}\n<\/style>\n\t<\/section>\n\t\n\n\t<section class=\"section food-for-thought\" id=\"section_1792964445\">\n\t\t<div class=\"section-bg fill\" >\n\t\t\t\t\t\t\t\t\t\n\t\t\t\n\n\t\t<\/div>\n\n\t\t\n\n\t\t<div class=\"section-content relative\">\n\t\t\t\n<div class=\"row align-center\"  id=\"row-372346106\">\n\n\t<div id=\"col-1606693342\" class=\"col title small-12 large-12\"  >\n\t\t\t\t<div class=\"col-inner text-left dark\"  >\n\t\t\t\n\t\t\t\n<h2>Devotional<\/h2>\n\t\t<\/div>\n\t\t\t\t\t<\/div>\n\n\t\n\n\t<div id=\"col-1216835103\" class=\"col small-12 large-12\"  >\n\t\t\t\t<div class=\"col-inner dark\"  >\n\t\t\t\n\t\t\t\n<p>Nel discorso: &#8220;NON giudicare!&#8221;, Aslaksen dice che l&#8217;alterigia \u00e8 la cosa peggiore, se ci si vuole avvicinare a Dio. Quali di questi pensieri ritieni che siano alteri? Discutine nel gruppo.<\/p>\n<ul class=\"question-answers\">\n<li>&#8220;Sono bravo a &#8230;&#8221;<\/li>\n<li>&#8220;Ho fallito cos\u00ec tante volte, che ho sprecato tutte le mie occasioni.&#8221;<\/li>\n<li>&#8220;Fortunatamente non ho le stesse difficolt\u00e0 che ha lui\/lei &#8230;&#8221;<\/li>\n<li>&#8220;Quello che dice lui\/lei \u00e8 sbagliato&#8221;<\/li>\n<\/ul>\n<p class='info'>You have to <a href='\/login\/'>log in<\/a> if you want to save your answer.<\/p>\n\t\t<\/div>\n\t\t\t\t\t<\/div>\n\n\t\n<\/div>\n\t\t<\/div>\n\n\t\t\n<style>\n#section_1792964445 {\n  padding-top: 30px;\n  padding-bottom: 30px;\n  background-color: rgb(73, 92, 94);\n}\n<\/style>\n\t<\/section>\n\t\n","protected":false},"excerpt":{"rendered":"","protected":false},"author":5,"featured_media":0,"parent":12614,"menu_order":0,"comment_status":"closed","ping_status":"closed","template":"page-blank.php","meta":{"footnotes":""},"class_list":["post-12648","page","type-page","status-publish","hentry"],"aioseo_notices":[],"_links":{"self":[{"href":"https:\/\/words-of-faith.org\/it\/wp-json\/wp\/v2\/pages\/12648","targetHints":{"allow":["GET"]}}],"collection":[{"href":"https:\/\/words-of-faith.org\/it\/wp-json\/wp\/v2\/pages"}],"about":[{"href":"https:\/\/words-of-faith.org\/it\/wp-json\/wp\/v2\/types\/page"}],"author":[{"embeddable":true,"href":"https:\/\/words-of-faith.org\/it\/wp-json\/wp\/v2\/users\/5"}],"replies":[{"embeddable":true,"href":"https:\/\/words-of-faith.org\/it\/wp-json\/wp\/v2\/comments?post=12648"}],"version-history":[{"count":0,"href":"https:\/\/words-of-faith.org\/it\/wp-json\/wp\/v2\/pages\/12648\/revisions"}],"up":[{"embeddable":true,"href":"https:\/\/words-of-faith.org\/it\/wp-json\/wp\/v2\/pages\/12614"}],"wp:attachment":[{"href":"https:\/\/words-of-faith.org\/it\/wp-json\/wp\/v2\/media?parent=12648"}],"curies":[{"name":"wp","href":"https:\/\/api.w.org\/{rel}","templated":true}]}}