{"id":13326,"date":"2020-05-29T20:00:19","date_gmt":"2020-05-29T18:00:19","guid":{"rendered":"https:\/\/aslaksen.bcc.no\/?page_id=13326"},"modified":"2020-08-21T12:29:32","modified_gmt":"2020-08-21T10:29:32","slug":"il-timore-del-signore","status":"publish","type":"page","link":"https:\/\/words-of-faith.org\/it\/bible-study\/tema-3\/il-timore-del-signore\/","title":{"rendered":"Il timore del Signore"},"content":{"rendered":"\n\t<section class=\"section\" id=\"section_662791386\">\n\t\t<div class=\"section-bg fill\" >\n\t\t\t\t\t\t\t\t\t\n\t\t\t\n\n\t\t<\/div>\n\n\t\t\n\n\t\t<div class=\"section-content relative\">\n\t\t\t\n<div class=\"row align-center\"  id=\"row-1985128214\">\n\n\t<div id=\"col-1399778419\" class=\"col small-12 large-12\"  >\n\t\t\t\t<div class=\"col-inner\"  >\n\t\t\t\n\t\t\t\n<p class=\"breadcrumbs\"><a href=\"..\/\">Theme 3<\/a> \/ Messages<\/p>\n<h1>Il timore del Signore<\/h1>\n<p class=\"article-date\">Tesori Nascosti, pubblicato a aprile 1991<\/p>\n<p class=\"article-author\">di Elias Aslaksen<\/p>\n\t\t<\/div>\n\t\t\t\t\t<\/div>\n\n\t\n\n<style>\n#row-1985128214 > .col > .col-inner {\n  padding: 30px 0px 0px 0px;\n}\n<\/style>\n<\/div>\n<div class=\"row align-center audio\"  id=\"row-1281268279\">\n\n\t<div id=\"col-640348751\" class=\"col small-12 large-12\"  >\n\t\t\t\t<div class=\"col-inner\"  >\n\t\t\t\n\t\t\t\n<!--[if lt IE 9]><script>document.createElement('audio');<\/script><![endif]-->\n<audio class=\"wp-audio-shortcode\" id=\"audio-13326-1\" preload=\"none\" style=\"width: 100%;\" controls=\"controls\"><source type=\"audio\/mpeg\" src=\"\/audio\/Tema%203\/IT\/14_Gudsfrykt_IT.mp3?_=1\" \/><a href=\"\/audio\/Tema%203\/IT\/14_Gudsfrykt_IT.mp3\">\/audio\/Tema%203\/IT\/14_Gudsfrykt_IT.mp3<\/a><\/audio>\n<p class=\"click-to-listen\">Click to listen to the speech.<\/p>\n\t\t<\/div>\n\t\t\t\t\t<\/div>\n\n\t\n<\/div>\n<div class=\"row align-center article article-excerpt\"  id=\"row-1533343117\">\n\n\t<div id=\"col-886846478\" class=\"col small-12 large-12\"  >\n\t\t\t\t<div class=\"col-inner text-left\"  >\n\t\t\t\n\t\t\t\n<p>Il timore del Signore nel senso pi\u00f9 profondo, secondo il metro di misura della parola di Dio, praticamente non si trova quasi in questo mondo!!! Purtroppo, purtroppo, purtroppo!<\/p>\n<p>\u201cPerch\u00e9 mi chiamate: Signore, Signore, e poi non fate ci\u00f2 che dico?\u201d disse Ges\u00f9. Se Lui \u00e8 il nostro Signore, allora noi siamo i Suoi servitori, obbligati ad obbedirgli in ogni cosa! Ma quasi nessuno si comporta cos\u00ec. Luca 6:46.<\/p>\n<p>\u201cChi conosce la forza della tua ira e il tuo furore secondo il timore che ti \u00e8 dovuto?\u201d Salmi 90:11. Il vero e completo timore del Signore ci fa comprendere quanto Dio sia arrabbiato e furioso per tutto il peccato, in tutti gli aspetti e le forme ed in tutte le gradazioni!<\/p>\n<p>Pi\u00f9 temiamo di fare ci\u00f2 che Dio detesta, di infrangere le Sue leggi e i Suoi comandamenti, pi\u00f9 velocemente e pi\u00f9 ci allontaniamo da tutti i tipi di peccati e trasgressioni. E pi\u00f9 accuratamente e volentieri e con pi\u00f9 gioia e seriet\u00e0 ci atteniamo a tutta la Sua parola con tutto il nostro cuore!<\/p>\n<p>Chi ha davvero una paura da morire di perdere tutta la sua salvezza a causa di chiacchiere vuote??? Giacomo 1:26. O perch\u00e9 tralascia di fare del bene nelle occasioni che gli capitano??? Giacomo 4:17.<\/p>\n<p>Hai davvero paura, caro amico?<\/p>\n\t\t<\/div>\n\t\t\t\t\t<\/div>\n\n\t\n\n\t<div id=\"col-1108719788\" class=\"col copyright small-12 large-12\"  >\n\t\t\t\t<div class=\"col-inner text-left\"  >\n\t\t\t\n\t\t\t\n<div>\u00a9 Copyright Stiftelsen Skjulte Skatters Forlag<\/div>\n\t\t<\/div>\n\t\t\t\t\t<\/div>\n\n\t\n\n\t<div id=\"col-1851698069\" class=\"col small-12 large-12\"  >\n\t\t\t\t<div class=\"col-inner text-left\"  >\n\t\t\t\n\t\t\t\n<div><a href=\"#\" class=\"read-more\">Leggi di pi\u00f9<\/a><\/div>\n\t\t<\/div>\n\t\t\t\t\t<\/div>\n\n\t\n\n\t<div id=\"col-495798646\" class=\"col small-12 large-12\"  >\n\t\t\t\t<div class=\"col-inner text-left\"  >\n\t\t\t\n\t\t\t\n<p class=\"next-previous-message\"><a class=\"previous\" href=\"\/it\/bible-studies\/theme-3\/judge-not\/\"><i class=\"icon-angle-left\"><\/i> Previous<\/a><a class=\"next\" href=\"\/it\/bible-studies\/theme-3\/keep-yourselves-from-idols\/\">Next <i class=\"icon-angle-right\"><\/i><\/a><\/p>\n\t\t<\/div>\n\t\t\t\t\t<\/div>\n\n\t\n<\/div>\n\t\t<\/div>\n\n\t\t\n<style>\n#section_662791386 {\n  padding-top: 0px;\n  padding-bottom: 0px;\n  margin-bottom: 0px;\n}\n@media (min-width:550px) {\n  #section_662791386 {\n    padding-top: 0px;\n    padding-bottom: 0px;\n  }\n}\n<\/style>\n\t<\/section>\n\t\n\n\t<section class=\"section food-for-thought\" id=\"section_230866410\">\n\t\t<div class=\"section-bg fill\" >\n\t\t\t\t\t\t\t\t\t\n\t\t\t\n\n\t\t<\/div>\n\n\t\t\n\n\t\t<div class=\"section-content relative\">\n\t\t\t\n<div class=\"row align-center\"  id=\"row-2119392030\">\n\n\t<div id=\"col-428585474\" class=\"col title small-12 large-12\"  >\n\t\t\t\t<div class=\"col-inner text-left dark\"  >\n\t\t\t\n\t\t\t\n<h2>Devotional<\/h2>\n\t\t<\/div>\n\t\t\t\t\t<\/div>\n\n\t\n\n\t<div id=\"col-1451688649\" class=\"col small-12 large-12\"  >\n\t\t\t\t<div class=\"col-inner dark\"  >\n\t\t\t\n\t\t\t\n<p>Nel brano &#8220;Il timore del Signore&#8221;, Aslaksen scrive di quanto Dio sia adirato contro il peccato. Annota un versetto della Bibbia dove ci\u00f2 viene descritto. Ora trova un versetto della Bibbia che mostra quanto ti ama.<\/p>\n<p class='info'>You have to <a href='\/login\/'>log in<\/a> if you want to save your answer.<\/p>\n\t\t<\/div>\n\t\t\t\t\t<\/div>\n\n\t\n<\/div>\n\t\t<\/div>\n\n\t\t\n<style>\n#section_230866410 {\n  padding-top: 30px;\n  padding-bottom: 30px;\n  background-color: rgb(73, 92, 94);\n}\n<\/style>\n\t<\/section>\n\t\n","protected":false},"excerpt":{"rendered":"","protected":false},"author":5,"featured_media":0,"parent":12614,"menu_order":2,"comment_status":"closed","ping_status":"closed","template":"page-blank.php","meta":{"footnotes":""},"class_list":["post-13326","page","type-page","status-publish","hentry"],"aioseo_notices":[],"_links":{"self":[{"href":"https:\/\/words-of-faith.org\/it\/wp-json\/wp\/v2\/pages\/13326","targetHints":{"allow":["GET"]}}],"collection":[{"href":"https:\/\/words-of-faith.org\/it\/wp-json\/wp\/v2\/pages"}],"about":[{"href":"https:\/\/words-of-faith.org\/it\/wp-json\/wp\/v2\/types\/page"}],"author":[{"embeddable":true,"href":"https:\/\/words-of-faith.org\/it\/wp-json\/wp\/v2\/users\/5"}],"replies":[{"embeddable":true,"href":"https:\/\/words-of-faith.org\/it\/wp-json\/wp\/v2\/comments?post=13326"}],"version-history":[{"count":0,"href":"https:\/\/words-of-faith.org\/it\/wp-json\/wp\/v2\/pages\/13326\/revisions"}],"up":[{"embeddable":true,"href":"https:\/\/words-of-faith.org\/it\/wp-json\/wp\/v2\/pages\/12614"}],"wp:attachment":[{"href":"https:\/\/words-of-faith.org\/it\/wp-json\/wp\/v2\/media?parent=13326"}],"curies":[{"name":"wp","href":"https:\/\/api.w.org\/{rel}","templated":true}]}}