{"id":13344,"date":"2020-05-29T20:00:12","date_gmt":"2020-05-29T18:00:12","guid":{"rendered":"https:\/\/aslaksen.bcc.no\/?page_id=13344"},"modified":"2020-08-21T13:35:15","modified_gmt":"2020-08-21T11:35:15","slug":"guardatevi-dagli-idoli","status":"publish","type":"page","link":"https:\/\/words-of-faith.org\/it\/bible-study\/tema-3\/guardatevi-dagli-idoli\/","title":{"rendered":"Guardatevi dagli idoli"},"content":{"rendered":"\n\t<section class=\"section\" id=\"section_678435796\">\n\t\t<div class=\"section-bg fill\" >\n\t\t\t\t\t\t\t\t\t\n\t\t\t\n\n\t\t<\/div>\n\n\t\t\n\n\t\t<div class=\"section-content relative\">\n\t\t\t\n<div class=\"row align-center\"  id=\"row-1859961204\">\n\n\t<div id=\"col-437141312\" class=\"col small-12 large-12\"  >\n\t\t\t\t<div class=\"col-inner\"  >\n\t\t\t\n\t\t\t\n<p class=\"breadcrumbs\"><a href=\"..\/\">Theme 3<\/a> \/ Messages<\/p>\n<h1>Guardatevi dagli idoli<\/h1>\n<p class=\"article-date\">Tesori Nascosti, pubblicato a febbraio 1991<\/p>\n<p class=\"article-author\">di Elias Aslaksen<\/p>\n\t\t<\/div>\n\t\t\t\t\t<\/div>\n\n\t\n\n<style>\n#row-1859961204 > .col > .col-inner {\n  padding: 30px 0px 0px 0px;\n}\n<\/style>\n<\/div>\n<div class=\"row align-center audio\"  id=\"row-1350068739\">\n\n\t<div id=\"col-1345402973\" class=\"col small-12 large-12\"  >\n\t\t\t\t<div class=\"col-inner\"  >\n\t\t\t\n\t\t\t\n<!--[if lt IE 9]><script>document.createElement('audio');<\/script><![endif]-->\n<audio class=\"wp-audio-shortcode\" id=\"audio-13344-1\" preload=\"none\" style=\"width: 100%;\" controls=\"controls\"><source type=\"audio\/mpeg\" src=\"\/audio\/Tema%203\/IT\/15_Vokt%20eder%20for%20avgudene_IT.mp3?_=1\" \/><a href=\"\/audio\/Tema%203\/IT\/15_Vokt%20eder%20for%20avgudene_IT.mp3\">\/audio\/Tema%203\/IT\/15_Vokt%20eder%20for%20avgudene_IT.mp3<\/a><\/audio>\n<p class=\"click-to-listen\">Click to listen to the speech.<\/p>\n\t\t<\/div>\n\t\t\t\t\t<\/div>\n\n\t\n<\/div>\n<div class=\"row align-center article article-excerpt\"  id=\"row-941657744\">\n\n\t<div id=\"col-1866235543\" class=\"col small-12 large-12\"  >\n\t\t\t\t<div class=\"col-inner text-left\"  >\n\t\t\t\n\t\t\t\n<p><em>1 Giovanni 5:21<\/em><\/p>\n<p>In &nbsp;cap. 2:15 troviamo un\u2019espressione su ci\u00f2 che sono di solito gli idoli \u201cle cose che sono nel mondo\u201d. Ci\u00f2 coincide con la spiegazione di Paolo, \u201cl\u2019avidit\u00e0, che non \u00e8 altro che idolatria\u201d. Le cose che sei \u201cmalato\u201d di avere, ottenere, acquisire, sono idoli.<\/p>\n<p>In Fil. 3:18-19 abbiamo anche una spiegazione mortalmente seria per questa idolatria: \u201cla fine dei quali \u00e8 la perdizione; il loro dio \u00e8 il ventre; gente che ha l\u2019animo alle cose della terra\u201d. Puoi amare ed esaltare cos\u00ec tanto il buon cibo, che il ventre, vale a dire il buon cibo e tanto cibo diventano il tuo dio. Paolo glielo aveva detto spesso, ma ora piangendo per il dolore, versetto 18.<\/p>\n<p>E questo corrisponde con quello che scrive in Rom. 1:25: \u201cHanno adorato la creatura invece del Creatore!\u201d La maggior parte dei soldi va all\u2019idolatria! Questa \u00e8 proprio la ragione per cui non \u00e8 possibile amare i soldi e contemporaneamente amare Dio!!!<\/p>\n<p>Il grande profeta Isaia parl\u00f2 anche seriamente di ci\u00f2. Is. 2:21-22 e 3:16-24. In cap. 2:18, sta scritto \u201cGli idoli scompariranno del tutto.\u201d Ossia il giorno in cui l\u2019ira e il giudizio di Dio si riveleranno su tutto ci\u00f2. Versetto 12.<\/p>\n<p>Ma ora \u00e8 venuto Ges\u00f9 con una salvezza completa da tutta questa comune miseria!!! Quindi ora abbiamo tutte le possibilit\u00e0 per finire completamente con ogni sorta di idolatria nella nostra vita! Lodato sia il Signore!<\/p>\n\t\t<\/div>\n\t\t\t\t\t<\/div>\n\n\t\n\n\t<div id=\"col-1362088490\" class=\"col copyright small-12 large-12\"  >\n\t\t\t\t<div class=\"col-inner text-left\"  >\n\t\t\t\n\t\t\t\n<div>\u00a9 Copyright Stiftelsen Skjulte Skatters Forlag<\/div>\n\t\t<\/div>\n\t\t\t\t\t<\/div>\n\n\t\n\n\t<div id=\"col-1656559646\" class=\"col small-12 large-12\"  >\n\t\t\t\t<div class=\"col-inner text-left\"  >\n\t\t\t\n\t\t\t\n<div><a href=\"#\" class=\"read-more\">Leggi di pi\u00f9<\/a><\/div>\n\t\t<\/div>\n\t\t\t\t\t<\/div>\n\n\t\n\n\t<div id=\"col-448125266\" class=\"col small-12 large-12\"  >\n\t\t\t\t<div class=\"col-inner text-left\"  >\n\t\t\t\n\t\t\t\n<p class=\"next-previous-message\"><a class=\"previous\" href=\"\/it\/bible-studies\/theme-3\/the-fear-of-god\/\"><i class=\"icon-angle-left\"><\/i> Previous<\/a><a class=\"next\" href=\"\/it\/bible-studies\/theme-3\/do-gods-will\/\">Next <i class=\"icon-angle-right\"><\/i><\/a><\/p>\n\t\t<\/div>\n\t\t\t\t\t<\/div>\n\n\t\n<\/div>\n\t\t<\/div>\n\n\t\t\n<style>\n#section_678435796 {\n  padding-top: 0px;\n  padding-bottom: 0px;\n  margin-bottom: 0px;\n}\n@media (min-width:550px) {\n  #section_678435796 {\n    padding-top: 0px;\n    padding-bottom: 0px;\n  }\n}\n<\/style>\n\t<\/section>\n\t\n\n\t<section class=\"section food-for-thought\" id=\"section_1024406182\">\n\t\t<div class=\"section-bg fill\" >\n\t\t\t\t\t\t\t\t\t\n\t\t\t\n\n\t\t<\/div>\n\n\t\t\n\n\t\t<div class=\"section-content relative\">\n\t\t\t\n<div class=\"row align-center\"  id=\"row-644080525\">\n\n\t<div id=\"col-1070930205\" class=\"col title small-12 large-12\"  >\n\t\t\t\t<div class=\"col-inner text-left dark\"  >\n\t\t\t\n\t\t\t\n<h2>Devotional<\/h2>\n\t\t<\/div>\n\t\t\t\t\t<\/div>\n\n\t\n\n\t<div id=\"col-428768800\" class=\"col small-12 large-12\"  >\n\t\t\t\t<div class=\"col-inner dark\"  >\n\t\t\t\n\t\t\t\n<p>Nel brano &#8220;Guardatevi dagli idoli&#8221;, Aslaksen menziona vari esempi di idoli. Quando qualcosa diventa un idolo per te?<\/p>\n<p class='info'>You have to <a href='\/login\/'>log in<\/a> if you want to save your answer.<\/p>\n\t\t<\/div>\n\t\t\t\t\t<\/div>\n\n\t\n<\/div>\n\t\t<\/div>\n\n\t\t\n<style>\n#section_1024406182 {\n  padding-top: 30px;\n  padding-bottom: 30px;\n  background-color: rgb(73, 92, 94);\n}\n<\/style>\n\t<\/section>\n\t\n","protected":false},"excerpt":{"rendered":"","protected":false},"author":5,"featured_media":0,"parent":12614,"menu_order":3,"comment_status":"closed","ping_status":"closed","template":"page-blank.php","meta":{"footnotes":""},"class_list":["post-13344","page","type-page","status-publish","hentry"],"aioseo_notices":[],"_links":{"self":[{"href":"https:\/\/words-of-faith.org\/it\/wp-json\/wp\/v2\/pages\/13344","targetHints":{"allow":["GET"]}}],"collection":[{"href":"https:\/\/words-of-faith.org\/it\/wp-json\/wp\/v2\/pages"}],"about":[{"href":"https:\/\/words-of-faith.org\/it\/wp-json\/wp\/v2\/types\/page"}],"author":[{"embeddable":true,"href":"https:\/\/words-of-faith.org\/it\/wp-json\/wp\/v2\/users\/5"}],"replies":[{"embeddable":true,"href":"https:\/\/words-of-faith.org\/it\/wp-json\/wp\/v2\/comments?post=13344"}],"version-history":[{"count":0,"href":"https:\/\/words-of-faith.org\/it\/wp-json\/wp\/v2\/pages\/13344\/revisions"}],"up":[{"embeddable":true,"href":"https:\/\/words-of-faith.org\/it\/wp-json\/wp\/v2\/pages\/12614"}],"wp:attachment":[{"href":"https:\/\/words-of-faith.org\/it\/wp-json\/wp\/v2\/media?parent=13344"}],"curies":[{"name":"wp","href":"https:\/\/api.w.org\/{rel}","templated":true}]}}