{"id":13363,"date":"2020-05-29T20:00:56","date_gmt":"2020-05-29T18:00:56","guid":{"rendered":"https:\/\/aslaksen.bcc.no\/?page_id=13363"},"modified":"2020-08-21T13:42:51","modified_gmt":"2020-08-21T11:42:51","slug":"fare-la-volonta-di-dio-come-avviene-in-cielo","status":"publish","type":"page","link":"https:\/\/words-of-faith.org\/it\/bible-study\/tema-3\/fare-la-volonta-di-dio-come-avviene-in-cielo\/","title":{"rendered":"Fare la volont\u00e0 di Dio come avviene in cielo"},"content":{"rendered":"\n\t<section class=\"section\" id=\"section_89276500\">\n\t\t<div class=\"section-bg fill\" >\n\t\t\t\t\t\t\t\t\t\n\t\t\t\n\n\t\t<\/div>\n\n\t\t\n\n\t\t<div class=\"section-content relative\">\n\t\t\t\n<div class=\"row align-center\"  id=\"row-1468870902\">\n\n\t<div id=\"col-1954774805\" class=\"col small-12 large-12\"  >\n\t\t\t\t<div class=\"col-inner\"  >\n\t\t\t\n\t\t\t\n<p class=\"breadcrumbs\"><a href=\"..\/\">Theme 3<\/a> \/ Messages<\/p>\n<h1>Fare la volont\u00e0 di Dio come avviene in cielo<\/h1>\n<p class=\"article-date\">Estratto di un messaggio di gennaio 1965<\/p>\n<p class=\"article-author\">di Elias Aslaksen<\/p>\n\t\t<\/div>\n\t\t\t\t\t<\/div>\n\n\t\n\n<style>\n#row-1468870902 > .col > .col-inner {\n  padding: 30px 0px 0px 0px;\n}\n<\/style>\n<\/div>\n<div class=\"row align-center audio\"  id=\"row-328289651\">\n\n\t<div id=\"col-2027954495\" class=\"col small-12 large-12\"  >\n\t\t\t\t<div class=\"col-inner\"  >\n\t\t\t\n\t\t\t\n<!--[if lt IE 9]><script>document.createElement('audio');<\/script><![endif]-->\n<audio class=\"wp-audio-shortcode\" id=\"audio-13363-1\" preload=\"none\" style=\"width: 100%;\" controls=\"controls\"><source type=\"audio\/mpeg\" src=\"\/audio\/Tema%203\/IT\/16_Gj%C3%B8re%20Guds%20vilje%20slik%20den%20skjer%20i%20himlen_IT.mp3?_=1\" \/><a href=\"\/audio\/Tema%203\/IT\/16_Gj%C3%B8re%20Guds%20vilje%20slik%20den%20skjer%20i%20himlen_IT.mp3\">\/audio\/Tema%203\/IT\/16_Gj%C3%B8re%20Guds%20vilje%20slik%20den%20skjer%20i%20himlen_IT.mp3<\/a><\/audio>\n<p class=\"click-to-listen\">Click to listen to the speech.<\/p>\n\t\t<\/div>\n\t\t\t\t\t<\/div>\n\n\t\n<\/div>\n<div class=\"row align-center article article-excerpt\"  id=\"row-2006649117\">\n\n\t<div id=\"col-429074864\" class=\"col small-12 large-12\"  >\n\t\t\t\t<div class=\"col-inner text-left\"  >\n\t\t\t\n\t\t\t\n<p>Poveri noi in questo mondo malvagio con una carne in cui non abita alcun bene, con una forte volont\u00e0 personale, forti desideri e opinioni forti. Siate dunque salvati in misura tale che la volont\u00e0 di Dio possa avvenire nella nostra vita, che noi personalmente \u2013 ciascuno di noi \u2013 faccia la volont\u00e0 di Dio cos\u00ec come viene fatta in cielo. E quelli in cielo non hanno una tale volont\u00e0 personale da rinnegare, ma noi ce l\u2019abbiamo! TUTTAVIA fare la volont\u00e0 di Dio cos\u00ec come avviene in cielo. S\u00ec chi crede di averlo fatto cos\u00ec? Se chiedessimo ad ognuno se ritengono di aver fatto la volont\u00e0 di Dio? Credo che la maggior parte ci metterebbe un po\u2019. E se tu fossi uno di quei pochi, allora diresti di s\u00ec senza soffermarti, ma sarebbe comunque necessaria una domanda aggiuntiva cos\u00ec che diventi coerente con questa parola qui: ritieni di farla cos\u00ec come avviene in cielo? Tutta la volont\u00e0 di Dio viene da te compiuta in terra cos\u00ec come avviene in cielo. Allora possiamo chiedere, come avviene in cielo? S\u00ec questa, questa \u00e8 la cosa pi\u00f9 semplice di tutte a cui rispondere. O meglio \u00e8 l\u2019unica cosa facile a cui rispondere. Non ci vuole molto per capirlo. Ma non \u00e8 sicuro che ci abbiamo riflettuto su, e perci\u00f2 non ha nemmeno un effetto maggiore. Per questo sono felice di poterlo esporre adesso qui, affinch\u00e9 possa avere un maggior effetto. Un grande effetto. In cielo la volont\u00e0 di Dio avviene ovviamente cos\u00ec che viene fatta immediatamente. Non \u00e8 stata detta, che gi\u00e0 \u00e8 fatta. Viene fatta subito!<\/p>\n\t\t<\/div>\n\t\t\t\t\t<\/div>\n\n\t\n\n\t<div id=\"col-1953342015\" class=\"col copyright small-12 large-12\"  >\n\t\t\t\t<div class=\"col-inner text-left\"  >\n\t\t\t\n\t\t\t\n<div>\u00a9 Copyright Stiftelsen Skjulte Skatters Forlag<\/div>\n\t\t<\/div>\n\t\t\t\t\t<\/div>\n\n\t\n\n\t<div id=\"col-1344544744\" class=\"col small-12 large-12\"  >\n\t\t\t\t<div class=\"col-inner text-left\"  >\n\t\t\t\n\t\t\t\n<div><a href=\"#\" class=\"read-more\">Leggi di pi\u00f9<\/a><\/div>\n\t\t<\/div>\n\t\t\t\t\t<\/div>\n\n\t\n\n\t<div id=\"col-1923461568\" class=\"col small-12 large-12\"  >\n\t\t\t\t<div class=\"col-inner text-left\"  >\n\t\t\t\n\t\t\t\n<p class=\"next-previous-message\"><a class=\"previous\" href=\"\/it\/bible-studies\/theme-3\/keep-yourselves-from-idols\/\"><i class=\"icon-angle-left\"><\/i> Previous<\/a><a class=\"next\" href=\"\/it\/bible-studies\/theme-3\/commit-your-souls-to-the-faithful-creator\/\">Next <i class=\"icon-angle-right\"><\/i><\/a><\/p>\n\t\t<\/div>\n\t\t\t\t\t<\/div>\n\n\t\n<\/div>\n\t\t<\/div>\n\n\t\t\n<style>\n#section_89276500 {\n  padding-top: 0px;\n  padding-bottom: 0px;\n  margin-bottom: 0px;\n}\n@media (min-width:550px) {\n  #section_89276500 {\n    padding-top: 0px;\n    padding-bottom: 0px;\n  }\n}\n<\/style>\n\t<\/section>\n\t\n\n\t<section class=\"section food-for-thought\" id=\"section_1220677468\">\n\t\t<div class=\"section-bg fill\" >\n\t\t\t\t\t\t\t\t\t\n\t\t\t\n\n\t\t<\/div>\n\n\t\t\n\n\t\t<div class=\"section-content relative\">\n\t\t\t\n<div class=\"row align-center\"  id=\"row-1479123371\">\n\n\t<div id=\"col-566125086\" class=\"col title small-12 large-12\"  >\n\t\t\t\t<div class=\"col-inner text-left dark\"  >\n\t\t\t\n\t\t\t\n<h2>Devotional<\/h2>\n\t\t<\/div>\n\t\t\t\t\t<\/div>\n\n\t\n\n\t<div id=\"col-1259353424\" class=\"col small-12 large-12\"  >\n\t\t\t\t<div class=\"col-inner dark\"  >\n\t\t\t\n\t\t\t\n<p>Ascolta il messaggio &#8220;Fare la volont\u00e0 di Dio&#8221;: Annota qualcosa di concreto di cosa sia stata la volont\u00e0 di Dio per te oggi. Pensa al modo in cui pu\u00f2 essere fatta qui in terra cos\u00ec come in cielo.<\/p>\n<p class='info'>You have to <a href='\/login\/'>log in<\/a> if you want to save your answer.<\/p>\n\t\t<\/div>\n\t\t\t\t\t<\/div>\n\n\t\n<\/div>\n\t\t<\/div>\n\n\t\t\n<style>\n#section_1220677468 {\n  padding-top: 30px;\n  padding-bottom: 30px;\n  background-color: rgb(73, 92, 94);\n}\n<\/style>\n\t<\/section>\n\t\n","protected":false},"excerpt":{"rendered":"","protected":false},"author":5,"featured_media":0,"parent":12614,"menu_order":4,"comment_status":"closed","ping_status":"closed","template":"page-blank.php","meta":{"footnotes":""},"class_list":["post-13363","page","type-page","status-publish","hentry"],"aioseo_notices":[],"_links":{"self":[{"href":"https:\/\/words-of-faith.org\/it\/wp-json\/wp\/v2\/pages\/13363","targetHints":{"allow":["GET"]}}],"collection":[{"href":"https:\/\/words-of-faith.org\/it\/wp-json\/wp\/v2\/pages"}],"about":[{"href":"https:\/\/words-of-faith.org\/it\/wp-json\/wp\/v2\/types\/page"}],"author":[{"embeddable":true,"href":"https:\/\/words-of-faith.org\/it\/wp-json\/wp\/v2\/users\/5"}],"replies":[{"embeddable":true,"href":"https:\/\/words-of-faith.org\/it\/wp-json\/wp\/v2\/comments?post=13363"}],"version-history":[{"count":0,"href":"https:\/\/words-of-faith.org\/it\/wp-json\/wp\/v2\/pages\/13363\/revisions"}],"up":[{"embeddable":true,"href":"https:\/\/words-of-faith.org\/it\/wp-json\/wp\/v2\/pages\/12614"}],"wp:attachment":[{"href":"https:\/\/words-of-faith.org\/it\/wp-json\/wp\/v2\/media?parent=13363"}],"curies":[{"name":"wp","href":"https:\/\/api.w.org\/{rel}","templated":true}]}}