{"id":13399,"date":"2020-05-29T20:00:10","date_gmt":"2020-05-29T18:00:10","guid":{"rendered":"https:\/\/aslaksen.bcc.no\/?page_id=13399"},"modified":"2020-08-21T13:50:00","modified_gmt":"2020-08-21T11:50:00","slug":"qualcuno-che-ti-ama-e-del-quale-dovresti-ricambiare-lamore","status":"publish","type":"page","link":"https:\/\/words-of-faith.org\/it\/bible-study\/tema-3\/qualcuno-che-ti-ama-e-del-quale-dovresti-ricambiare-lamore\/","title":{"rendered":"Qualcuno che ti ama e del quale dovresti ricambiare l&#8217;amore"},"content":{"rendered":"\n\t<section class=\"section\" id=\"section_1716444491\">\n\t\t<div class=\"section-bg fill\" >\n\t\t\t\t\t\t\t\t\t\n\t\t\t\n\n\t\t<\/div>\n\n\t\t\n\n\t\t<div class=\"section-content relative\">\n\t\t\t\n<div class=\"row align-center\"  id=\"row-1326459989\">\n\n\t<div id=\"col-427080429\" class=\"col small-12 large-12\"  >\n\t\t\t\t<div class=\"col-inner\"  >\n\t\t\t\n\t\t\t\n<p class=\"breadcrumbs\"><a href=\"..\/\">Theme 3<\/a> \/ Messages<\/p>\n<h1>Qualcuno che ti ama e del quale dovresti ricambiare l\u2019amore<\/h1>\n<p class=\"article-date\">Tesori Nascosti, pubblicato a aprile 1938<\/p>\n<p class=\"article-author\">di Elias Aslaksen<\/p>\n\t\t<\/div>\n\t\t\t\t\t<\/div>\n\n\t\n\n<style>\n#row-1326459989 > .col > .col-inner {\n  padding: 30px 0px 0px 0px;\n}\n<\/style>\n<\/div>\n<div class=\"row align-center audio\"  id=\"row-2133017778\">\n\n\t<div id=\"col-60048956\" class=\"col small-12 large-12\"  >\n\t\t\t\t<div class=\"col-inner\"  >\n\t\t\t\n\t\t\t\n<!--[if lt IE 9]><script>document.createElement('audio');<\/script><![endif]-->\n<audio class=\"wp-audio-shortcode\" id=\"audio-13399-1\" preload=\"none\" style=\"width: 100%;\" controls=\"controls\"><source type=\"audio\/mpeg\" src=\"\/audio\/Tema%203\/IT\/18_Du%20er%20elsket%20og%20b%C3%B8r%20elske%20igjen_IT.mp3?_=1\" \/><a href=\"\/audio\/Tema%203\/IT\/18_Du%20er%20elsket%20og%20b%C3%B8r%20elske%20igjen_IT.mp3\">\/audio\/Tema%203\/IT\/18_Du%20er%20elsket%20og%20b%C3%B8r%20elske%20igjen_IT.mp3<\/a><\/audio>\n<p class=\"click-to-listen\">Click to listen to the speech.<\/p>\n\t\t<\/div>\n\t\t\t\t\t<\/div>\n\n\t\n<\/div>\n<div class=\"row align-center article article-excerpt\"  id=\"row-1412032263\">\n\n\t<div id=\"col-88450223\" class=\"col small-12 large-12\"  >\n\t\t\t\t<div class=\"col-inner text-left\"  >\n\t\t\t\n\t\t\t\n<p><strong><span lang=\"IT\">= C\u2019\u00e8 qualcuno che ti ama =<\/span><\/strong><\/p>\n<p><b><span lang=\"IT\">Cristianesimo<\/span><\/b><span lang=\"IT\">, pentimento, redenzione, vangelo \u2013 cosa significano? Cosa vuole Dio per noi? Qual \u00e8 il vero obiettivo?<\/span><\/p>\n<p><span lang=\"IT\">Sono due:<\/span><\/p>\n<p><span lang=\"IT\">1. <em>Che Dio ci ama. <\/em>\u201cPerch\u00e9 Dio ha tanto amato il mondo da dare \u2026. <\/span><\/p>\n<p><span lang=\"IT\">Gv 3,16.<\/span><\/p>\n<p><span lang=\"IT\">2. <em>E che ricambiamo l\u2019amore.<\/em><\/span><\/p>\n<p><strong><span lang=\"IT\">\u201cNoi amiamo perch\u00e9 egli ci ha amati per primo\u201d<\/span><\/strong><\/p>\n<p><span lang=\"IT\">1 Gv.4,19<\/span><\/p>\n<p><span lang=\"IT\">Non c\u2019\u00e8 altro?&nbsp; No, non c\u2019\u00e8 nient\u2019altro!<\/span><\/p>\n<p><span lang=\"IT\">Tutte le altre cose buone ne sono l\u2019inevitabile conseguenza. Chi ci ama con un amore cos\u00ec grande e puro? Ges\u00f9 Cristo! Lo ha dimostrato con forza. Ma chi ricambia il suo amore? Naturalmente tutti coloro che hanno notato questo Suo amore elevato.<\/span><\/p>\n<p><span lang=\"IT\">Dato che Dio ti ama con un amore perfetto, c\u2019\u00e8 solo una cosa che vuole per te, cio\u00e9: vuole farti del bene! Questo \u00e8 l\u2019unico pensiero e il suo unico piano per te. Nulla di meno!<\/span><\/p>\n<p><span lang=\"IT\">Quando un uomo si innamora di una donna in modo naturale, vuole farle del bene, le mostra attenzioni e quando a lei piacciono la sua personalit\u00e0 e la sua persona, contraccambia il suo amore ed \u00e8 relativamente molto felice in questo mondo, purch\u00e9 questo rapporto rimanga tale.<\/span><\/p>\n<p><span lang=\"IT\">Ma questo amore non pu\u00f2 nulla rispetto a quando si \u00e8 amati da Dio tramite il suo amorevole e perfetto figlio, Ges\u00f9 Cristo, e contraccambiando il suo amore. &nbsp;Perch\u00e9?&nbsp; Perch\u00e9 il suo amore \u00e8 cos\u00ec infinitamente pi\u00f9 grande e perch\u00e9 Lui \u00e8 cos\u00ec tanto pi\u00f9 ricco e potente! Ma soprattutto perch\u00e9 il suo essere, la sua personalit\u00e0, la sua disposizione sono in tutti i sensi cos\u00ec tanto migliori, nobili e gloriosi.<\/span><\/p>\n<p><em><span lang=\"IT\">Immagina di essere amato da Lui!!!???<\/span><\/em><i><\/i><\/p>\n<p><span lang=\"IT\">Che bello! Che enormit\u00e0! Che offerta! Non c\u2019\u00e8 da stupirsi che il Vangelo si chiami la buona e felice novella.<\/span><\/p>\n<p><span lang=\"IT\">Cara anima, chi sei tu da dire \u201cno grazie, a questo? Da poterLo <i>rifiutare?<\/i> Che preferirebbe scegliere di fare a meno di Lui? Lui ha dato la sua vita per te, ha sofferto tutto per te, ha riconciliato tutti i tuoi peccati, ha aperto una via per poter uscire da tutto il peccato e tutte le maledizioni, in modo che anche tu possa avere la possibilit\u00e0 di percorrerla<\/span><\/p>\n<p><span lang=\"IT\">\u201c<\/span><span lang=\"IT\">Anche Cristo \u00e8 morto una volta per sempre per i peccati, giusto per gli ingiusti, per ricondurvi a Dio<\/span><span lang=\"IT\">\u201c. 1Petr.3:18.<\/span><\/p>\n<p><span lang=\"IT\">Confessa i tuoi peccati e ti perdoner\u00e0 tutto. 1 Gio 1,9. Prega per la forza e Lui ti dar\u00e0 la forza! Ti d\u00e0 la fede, l\u2019amore, lo spirito e la forza per fare ci\u00f2 che \u00e8 giusto e buono ai suoi occhi. In questo modo diventi veramente felice, settimana dopo settimana. Otterrai tutto ci\u00f2 che ti serve per portare le tue azioni al giusto livello e per riparare dove hai sbagliato. Da Colui che ti ama e che \u00e8 ricco di forza e di bont\u00e0, ottieni tutto quello che ti serve per fare ci\u00f2 che non riesci a fare, cio\u00e8: fare il bene e anche smettere di fare il male.<\/span><\/p>\n<p><span lang=\"IT\">Dichiaragli il tuo amore! Lui ti ama. Digli di \u201cs\u00ec\u201d. Ricambia il suo amore! Allora sperimenterai che il suo indescrivibile grande amore ti porter\u00e0 nel cuore una felicit\u00e0 e una gloria inimmaginabili e incomparabili.<\/span><\/p>\n<p><span lang=\"IT\">Non c\u2019\u00e8 niente di meglio di amarlo e che Lui ricambi questo amore. Soprattutto quando \u00e8 un tale tipo di persona che chi ci ama e del quale contraccambiamo l\u2019amore.<\/span><\/p>\n<p><span lang=\"IT\">Non dire di no a Ges\u00f9. Ti sta chiamando e lo sta facendo proprio ora.<\/span><\/p>\n\t\t<\/div>\n\t\t\t\t\t<\/div>\n\n\t\n\n\t<div id=\"col-768994818\" class=\"col copyright small-12 large-12\"  >\n\t\t\t\t<div class=\"col-inner text-left\"  >\n\t\t\t\n\t\t\t\n<div>\u00a9 Copyright Stiftelsen Skjulte Skatters Forlag<\/div>\n\t\t<\/div>\n\t\t\t\t\t<\/div>\n\n\t\n\n\t<div id=\"col-919040435\" class=\"col small-12 large-12\"  >\n\t\t\t\t<div class=\"col-inner text-left\"  >\n\t\t\t\n\t\t\t\n<div><a href=\"#\" class=\"read-more\">Leggi di pi\u00f9<\/a><\/div>\n\t\t<\/div>\n\t\t\t\t\t<\/div>\n\n\t\n\n\t<div id=\"col-1378791748\" class=\"col small-12 large-12\"  >\n\t\t\t\t<div class=\"col-inner text-left\"  >\n\t\t\t\n\t\t\t\n<p class=\"next-previous-message\"><a class=\"previous\" href=\"\/it\/bible-studies\/theme-3\/commit-your-souls-to-the-faithful-creator\/\"><i class=\"icon-angle-left\"><\/i> Previous<\/a><a class=\"next\" href=\"\/it\/bible-studies\/theme-3\/judge-not\/\">Next <i class=\"icon-angle-right\"><\/i><\/a><\/p>\n\t\t<\/div>\n\t\t\t\t\t<\/div>\n\n\t\n<\/div>\n\t\t<\/div>\n\n\t\t\n<style>\n#section_1716444491 {\n  padding-top: 0px;\n  padding-bottom: 0px;\n  margin-bottom: 0px;\n}\n@media (min-width:550px) {\n  #section_1716444491 {\n    padding-top: 0px;\n    padding-bottom: 0px;\n  }\n}\n<\/style>\n\t<\/section>\n\t\n\n\t<section class=\"section food-for-thought\" id=\"section_1584213634\">\n\t\t<div class=\"section-bg fill\" >\n\t\t\t\t\t\t\t\t\t\n\t\t\t\n\n\t\t<\/div>\n\n\t\t\n\n\t\t<div class=\"section-content relative\">\n\t\t\t\n<div class=\"row align-center\"  id=\"row-954252931\">\n\n\t<div id=\"col-1895940497\" class=\"col title small-12 large-12\"  >\n\t\t\t\t<div class=\"col-inner text-left dark\"  >\n\t\t\t\n\t\t\t\n<h2>Devotional<\/h2>\n\t\t<\/div>\n\t\t\t\t\t<\/div>\n\n\t\n\n\t<div id=\"col-1221174587\" class=\"col small-12 large-12\"  >\n\t\t\t\t<div class=\"col-inner dark\"  >\n\t\t\t\n\t\t\t\n<p>Leggi\/ascolta il brano &#8220;Qualcuno che ti ama e del quale dovresti ricambiare l&#8217;amore&#8221;. Cosa significa contraccambiare l&#8217;amore di Ges\u00f9? Annota alcuni punti concreti.<\/p>\n<p class='info'>You have to <a href='\/login\/'>log in<\/a> if you want to save your answer.<\/p>\n\t\t<\/div>\n\t\t\t\t\t<\/div>\n\n\t\n<\/div>\n\t\t<\/div>\n\n\t\t\n<style>\n#section_1584213634 {\n  padding-top: 30px;\n  padding-bottom: 30px;\n  background-color: rgb(73, 92, 94);\n}\n<\/style>\n\t<\/section>\n\t\n","protected":false},"excerpt":{"rendered":"","protected":false},"author":5,"featured_media":0,"parent":12614,"menu_order":6,"comment_status":"closed","ping_status":"closed","template":"page-blank.php","meta":{"footnotes":""},"class_list":["post-13399","page","type-page","status-publish","hentry"],"aioseo_notices":[],"_links":{"self":[{"href":"https:\/\/words-of-faith.org\/it\/wp-json\/wp\/v2\/pages\/13399","targetHints":{"allow":["GET"]}}],"collection":[{"href":"https:\/\/words-of-faith.org\/it\/wp-json\/wp\/v2\/pages"}],"about":[{"href":"https:\/\/words-of-faith.org\/it\/wp-json\/wp\/v2\/types\/page"}],"author":[{"embeddable":true,"href":"https:\/\/words-of-faith.org\/it\/wp-json\/wp\/v2\/users\/5"}],"replies":[{"embeddable":true,"href":"https:\/\/words-of-faith.org\/it\/wp-json\/wp\/v2\/comments?post=13399"}],"version-history":[{"count":0,"href":"https:\/\/words-of-faith.org\/it\/wp-json\/wp\/v2\/pages\/13399\/revisions"}],"up":[{"embeddable":true,"href":"https:\/\/words-of-faith.org\/it\/wp-json\/wp\/v2\/pages\/12614"}],"wp:attachment":[{"href":"https:\/\/words-of-faith.org\/it\/wp-json\/wp\/v2\/media?parent=13399"}],"curies":[{"name":"wp","href":"https:\/\/api.w.org\/{rel}","templated":true}]}}