{"id":15502,"date":"2020-06-10T19:40:36","date_gmt":"2020-06-10T17:40:36","guid":{"rendered":"https:\/\/aslaksen.bcc.no\/?page_id=15502"},"modified":"2020-08-21T14:07:24","modified_gmt":"2020-08-21T12:07:24","slug":"il-metodo-di-lavoro-di-dio","status":"publish","type":"page","link":"https:\/\/words-of-faith.org\/it\/bible-study\/tema-4\/il-metodo-di-lavoro-di-dio\/","title":{"rendered":"Il metodo di lavoro di Dio"},"content":{"rendered":"\n\t<section class=\"section\" id=\"section_1916132933\">\n\t\t<div class=\"section-bg fill\" >\n\t\t\t\t\t\t\t\t\t\n\t\t\t\n\n\t\t<\/div>\n\n\t\t\n\n\t\t<div class=\"section-content relative\">\n\t\t\t\n<div class=\"row align-center\"  id=\"row-1346564491\">\n\n\t<div id=\"col-1833207651\" class=\"col small-12 large-12\"  >\n\t\t\t\t<div class=\"col-inner\"  >\n\t\t\t\n\t\t\t\n<p class=\"breadcrumbs\"><a href=\"..\/\">Theme 4<\/a> \/ Messages<\/p>\n<h1>Il metodo di lavoro di Dio<\/h1>\n<p class=\"article-date\">Estratto di un messaggio di aprile 1958<\/p>\n<p class=\"article-author\">di Elias Aslaksen<\/p>\n\t\t<\/div>\n\t\t\t\t\t<\/div>\n\n\t\n\n<style>\n#row-1346564491 > .col > .col-inner {\n  padding: 30px 0px 0px 0px;\n}\n<\/style>\n<\/div>\n<div class=\"row align-center audio\"  id=\"row-347291863\">\n\n\t<div id=\"col-1177234939\" class=\"col small-12 large-12\"  >\n\t\t\t\t<div class=\"col-inner\"  >\n\t\t\t\n\t\t\t\n<!--[if lt IE 9]><script>document.createElement('audio');<\/script><![endif]-->\n<audio class=\"wp-audio-shortcode\" id=\"audio-15502-1\" preload=\"none\" style=\"width: 100%;\" controls=\"controls\"><source type=\"audio\/mpeg\" src=\"\/audio\/Tema%204\/IT\/23_Il%20metodo%20di%20lavoro%20di%20Dio.mp3?_=1\" \/><a href=\"\/audio\/Tema%204\/IT\/23_Il%20metodo%20di%20lavoro%20di%20Dio.mp3\">\/audio\/Tema%204\/IT\/23_Il%20metodo%20di%20lavoro%20di%20Dio.mp3<\/a><\/audio>\n<p class=\"click-to-listen\">Click to listen to the speech.<\/p>\n\t\t<\/div>\n\t\t\t\t\t<\/div>\n\n\t\n<\/div>\n<div class=\"row align-center article article-excerpt\"  id=\"row-228867678\">\n\n\t<div id=\"col-2042160775\" class=\"col small-12 large-12\"  >\n\t\t\t\t<div class=\"col-inner text-left\"  >\n\t\t\t\n\t\t\t\n<p>\u00e8 essenzialmente sempre lo stesso. Questo \u00e8 anche molto logico, dato che tutte le persone hanno le stesse tendenze, cio\u00e8 gonfiarsi e avere un\u2019alta opinione di s\u00e9, in modo da prendere loro stesse l\u2019onore per ci\u00f2 che Dio, nella Sua grande grazia, ha fatto in loro e tramite loro.<\/p>\n<p>Per questo motivo il suo piano e il suo metodo di lavoro \u00e8 di prevenirlo. E quindi il suo lavoro \u00e8 di <strong>abbatterci secondo la carne<\/strong> per farci abbassare sufficientemente ai nostri occhi, per esempio, lasciando che fallisca una cosa o l\u2019altra, ritirando se stesso o la sua grazia in alcuni casi e facendoci cos\u00ec assaggiare il frutto della nostra forte volont\u00e0 e ragione.<\/p>\n<p>In questo modo veniamo umiliati e otteniamo zavorra nella nostra nave della vita, grazie alla quale possiamo affrontare un viaggio in mare con qualsiasi condizione meteo senza perdere la rotta, cos\u00ec da arrivare sani e salvi nel porto eterno.<\/p>\n<p>La sua amorevole, meravigliosa volont\u00e0 \u00e8 comunque quella di innalzarci. Proprio per questa ragione, deve abbatterci gravemente, in modo che dopo possiamo sopportare di essere innalzati senza accettare l\u2019onore per noi stessi.<\/p>\n<p>Lui adotta questo metodo con determinazione e con mano ferma, senza farsi influenzare minimamente dalla nostra mancanza di comprensione per il suo comportamento.<\/p>\n<p>Gloria, gloria, gloria al Suo nome!<\/p>\n<p><em>Elias Aslaksen<\/em><\/p>\n\t\t<\/div>\n\t\t\t\t\t<\/div>\n\n\t\n\n\t<div id=\"col-1352202795\" class=\"col copyright small-12 large-12\"  >\n\t\t\t\t<div class=\"col-inner text-left\"  >\n\t\t\t\n\t\t\t\n<div>\u00a9 Copyright Stiftelsen Skjulte Skatters Forlag<\/div>\n\t\t<\/div>\n\t\t\t\t\t<\/div>\n\n\t\n\n\t<div id=\"col-1255347174\" class=\"col small-12 large-12\"  >\n\t\t\t\t<div class=\"col-inner text-left\"  >\n\t\t\t\n\t\t\t\n<div><a href=\"#\" class=\"read-more\">Leggi di pi\u00f9<\/a><\/div>\n\t\t<\/div>\n\t\t\t\t\t<\/div>\n\n\t\n\n\t<div id=\"col-314431989\" class=\"col small-12 large-12\"  >\n\t\t\t\t<div class=\"col-inner text-left\"  >\n\t\t\t\n\t\t\t\n<p class=\"next-previous-message\"><a class=\"previous\" href=\"\/it\/bible-studies\/theme-4\/humble-of-heart\/\"><i class=\"icon-angle-left\"><\/i> Previous<\/a><a class=\"next\" href=\"\/it\/bible-studies\/theme-4\/the-abundant-and-sure-grace-of-david\/\">Next <i class=\"icon-angle-right\"><\/i><\/a><\/p>\n\t\t<\/div>\n\t\t\t\t\t<\/div>\n\n\t\n<\/div>\n\t\t<\/div>\n\n\t\t\n<style>\n#section_1916132933 {\n  padding-top: 0px;\n  padding-bottom: 0px;\n  margin-bottom: 0px;\n}\n@media (min-width:550px) {\n  #section_1916132933 {\n    padding-top: 0px;\n    padding-bottom: 0px;\n  }\n}\n<\/style>\n\t<\/section>\n\t\n\n\t<section class=\"section food-for-thought\" id=\"section_1341120848\">\n\t\t<div class=\"section-bg fill\" >\n\t\t\t\t\t\t\t\t\t\n\t\t\t\n\n\t\t<\/div>\n\n\t\t\n\n\t\t<div class=\"section-content relative\">\n\t\t\t\n<div class=\"row align-center\"  id=\"row-1145779791\">\n\n\t<div id=\"col-1992656487\" class=\"col title small-12 large-12\"  >\n\t\t\t\t<div class=\"col-inner text-left dark\"  >\n\t\t\t\n\t\t\t\n<h2>Devotional<\/h2>\n\t\t<\/div>\n\t\t\t\t\t<\/div>\n\n\t\n\n\t<div id=\"col-63950685\" class=\"col small-12 large-12\"  >\n\t\t\t\t<div class=\"col-inner dark\"  >\n\t\t\t\n\t\t\t\n<p>Nell&#8217;articolo &#8220;Il metodo di lavoro di Dio&#8221;, Aslaksen parla di quando ci si appropria dell&#8217;onore che spetta a Dio. Una cosa \u00e8 ricevere l&#8217;onore della gente, ma riesci a fare qualche altro esempio di come si fa ad appropriarsi dell&#8217;onore che spetta a Dio e perch\u00e9 \u00e8 cos\u00ec pericoloso?<\/p>\n<p class='info'>You have to <a href='\/login\/'>log in<\/a> if you want to save your answer.<\/p>\n\t\t<\/div>\n\t\t\t\t\t<\/div>\n\n\t\n<\/div>\n\t\t<\/div>\n\n\t\t\n<style>\n#section_1341120848 {\n  padding-top: 30px;\n  padding-bottom: 30px;\n  background-color: rgb(73, 92, 94);\n}\n<\/style>\n\t<\/section>\n\t\n","protected":false},"excerpt":{"rendered":"","protected":false},"author":5,"featured_media":0,"parent":15410,"menu_order":5,"comment_status":"closed","ping_status":"closed","template":"page-blank.php","meta":{"footnotes":""},"class_list":["post-15502","page","type-page","status-publish","hentry"],"aioseo_notices":[],"_links":{"self":[{"href":"https:\/\/words-of-faith.org\/it\/wp-json\/wp\/v2\/pages\/15502","targetHints":{"allow":["GET"]}}],"collection":[{"href":"https:\/\/words-of-faith.org\/it\/wp-json\/wp\/v2\/pages"}],"about":[{"href":"https:\/\/words-of-faith.org\/it\/wp-json\/wp\/v2\/types\/page"}],"author":[{"embeddable":true,"href":"https:\/\/words-of-faith.org\/it\/wp-json\/wp\/v2\/users\/5"}],"replies":[{"embeddable":true,"href":"https:\/\/words-of-faith.org\/it\/wp-json\/wp\/v2\/comments?post=15502"}],"version-history":[{"count":0,"href":"https:\/\/words-of-faith.org\/it\/wp-json\/wp\/v2\/pages\/15502\/revisions"}],"up":[{"embeddable":true,"href":"https:\/\/words-of-faith.org\/it\/wp-json\/wp\/v2\/pages\/15410"}],"wp:attachment":[{"href":"https:\/\/words-of-faith.org\/it\/wp-json\/wp\/v2\/media?parent=15502"}],"curies":[{"name":"wp","href":"https:\/\/api.w.org\/{rel}","templated":true}]}}