{"id":15520,"date":"2020-06-10T19:43:04","date_gmt":"2020-06-10T17:43:04","guid":{"rendered":"https:\/\/aslaksen.bcc.no\/?page_id=15520"},"modified":"2020-08-21T14:10:54","modified_gmt":"2020-08-21T12:10:54","slug":"le-grazie-stabili-promesse-a-davide","status":"publish","type":"page","link":"https:\/\/words-of-faith.org\/it\/bible-study\/tema-4\/le-grazie-stabili-promesse-a-davide\/","title":{"rendered":"&#8220;Le grazie stabili promesse a Davide&#8221;"},"content":{"rendered":"\n\t<section class=\"section\" id=\"section_121812436\">\n\t\t<div class=\"section-bg fill\" >\n\t\t\t\t\t\t\t\t\t\n\t\t\t\n\n\t\t<\/div>\n\n\t\t\n\n\t\t<div class=\"section-content relative\">\n\t\t\t\n<div class=\"row align-center\"  id=\"row-837149941\">\n\n\t<div id=\"col-1252145358\" class=\"col small-12 large-12\"  >\n\t\t\t\t<div class=\"col-inner\"  >\n\t\t\t\n\t\t\t\n<p class=\"breadcrumbs\"><a href=\"..\/\">Theme 4<\/a> \/ Messages<\/p>\n<h1>\u201cLe grazie stabili promesse a Davide\u201d<\/h1>\n<p class=\"article-date\">Tesori Nascosti, pubblicato a aprile 1985<\/p>\n<p class=\"article-author\">di Elias Aslaksen<\/p>\n\t\t<\/div>\n\t\t\t\t\t<\/div>\n\n\t\n\n<style>\n#row-837149941 > .col > .col-inner {\n  padding: 30px 0px 0px 0px;\n}\n<\/style>\n<\/div>\n<div class=\"row align-center audio\"  id=\"row-1972959282\">\n\n\t<div id=\"col-864313797\" class=\"col small-12 large-12\"  >\n\t\t\t\t<div class=\"col-inner\"  >\n\t\t\t\n\t\t\t\n<!--[if lt IE 9]><script>document.createElement('audio');<\/script><![endif]-->\n<audio class=\"wp-audio-shortcode\" id=\"audio-15520-1\" preload=\"none\" style=\"width: 100%;\" controls=\"controls\"><source type=\"audio\/mpeg\" src=\"\/audio\/Tema%204\/IT\/24_Le-grazie-stabili-promesse-a-Davide.mp3?_=1\" \/><a href=\"\/audio\/Tema%204\/IT\/24_Le-grazie-stabili-promesse-a-Davide.mp3\">\/audio\/Tema%204\/IT\/24_Le-grazie-stabili-promesse-a-Davide.mp3<\/a><\/audio>\n<p class=\"click-to-listen\">Click to listen to the speech.<\/p>\n\t\t<\/div>\n\t\t\t\t\t<\/div>\n\n\t\n<\/div>\n<div class=\"row align-center article article-excerpt\"  id=\"row-267034144\">\n\n\t<div id=\"col-1558291341\" class=\"col small-12 large-12\"  >\n\t\t\t\t<div class=\"col-inner text-left\"  >\n\t\t\t\n\t\t\t\n<p>Ci sono dunque due elementi importanti in questa grazia, curiosamente chiamata la grazia di Davide, l\u2019enorme grazia che Davide ha ricevuto, quella che \u00e8 stata in grado di renderlo un uomo secondo il cuore di Dio. \u00c8 chiaro che non \u00e8 facile che sia cos\u00ec.<\/p>\n<p>E tutta la grazia che abbiamo l\u2019opportunit\u00e0 di ricevere ora al tempo del nuovo patto, \u00e8, dopotutto, tante volte pi\u00f9 grande ed efficace di quella che si poteva ottenere ai tempi del vecchio patto!<\/p>\n<p>Ma \u2013 completamente secondo la legge divina \u2013 assolutamente senza eccezioni \u2013 secondo Pietro e Giacomo \u2013 possiamo ricevere questa grazia solo se in verit\u00e0 siamo umili e solo nella misura in cui siamo umili.<\/p>\n<p>Questo \u00e8 certo e vero da ogni punto di vista! S\u00ec, \u00e8 la cosa pi\u00f9 sicura di tutte le cose certe! Ed \u00e8 altrettanto certo che Dio si oppone ai superbi e che l\u2019umile riceve grazia. Questa \u00e8 la legge della natura sia della vita spirituale, che di quella umana. \u00c8 la vera ragione di ogni esaltazione e di ogni umiliazione, secondo le parole di Ges\u00f9 stesso: \u201cChi si esalta sar\u00e0 umiliato e chi si umilia sar\u00e0 esaltato\u201d, s\u00ec, anche se non l\u2019hai desiderato. Perch\u00e9 \u00e8 la ferma decisione di Dio, in base al suo essere divino.<\/p>\n<p>Quindi otteniamo esattamente la grazia ricca e diversificata in relazione a quanto siamo umili! E questo \u00e8 altrettanto sicuro e certo, in virt\u00f9 di quanto abbiamo umilt\u00e0 in spirito e verit\u00e0 e non un surrogato di essa.<\/p>\n<p>Esistono diverse caratteristiche dell\u2019umilt\u00e0. L\u2019umile non fa obiezioni, non si giustifica, non protesta, n\u00e9 si oppone, non dubita, n\u00e9 esita a obbedire alla Parola di Dio e ai suoi superiori in questo mondo, sia sul lavoro che nella vita familiare. Si fa anche ammonire e rimproverare. \u2013 Ed \u00e8 bravo a tacere, a non aprire bocca, a non parlare di una cosa o l\u2019altra o di qualcosa di cui non sa davvero come stanno le cose, perch\u00e9 gli piace attenersi alle cose umili. S\u00ec, coglie l\u2019occasione per rimanere l\u00ec, perch\u00e9 l\u00ec c\u2019\u00e8 pace infinita. Soprattutto, l\u2019umile si astiene dal giudicare e criticare il suo prossimo, perch\u00e9 chiunque lo fa si \u00e8 innegabilmente esaltato e si \u00e8 seduto sul seggio del giudizio. Infatti, l\u00ec si siedono i giudici. In tal caso si \u00e8 cos\u00ec lontani dall\u2019umilt\u00e0, quanto lo \u00e8 l\u2019est dall\u2019ovest. E la vera grazia di Dio \u00e8 altrettanto lontana da una tale persona!Finch\u00e9 sei umile, sei praticamente assicurato sulla vita! Dio mostra grazia a tutti gli uomini ed \u00e8 misericordioso con tutti, tranne che con chi \u00e8 orgoglioso, arrogante, presuntuoso, troppo sicuro di s\u00e9, testardo e gonfio, poich\u00e9 Dio si oppone a costoro! Povera gente!<\/p>\n\t\t<\/div>\n\t\t\t\t\t<\/div>\n\n\t\n\n\t<div id=\"col-1316481499\" class=\"col copyright small-12 large-12\"  >\n\t\t\t\t<div class=\"col-inner text-left\"  >\n\t\t\t\n\t\t\t\n<div>\u00a9 Copyright Stiftelsen Skjulte Skatters Forlag<\/div>\n\t\t<\/div>\n\t\t\t\t\t<\/div>\n\n\t\n\n\t<div id=\"col-363429991\" class=\"col small-12 large-12\"  >\n\t\t\t\t<div class=\"col-inner text-left\"  >\n\t\t\t\n\t\t\t\n<div><a href=\"#\" class=\"read-more\">Leggi di pi\u00f9<\/a><\/div>\n\t\t<\/div>\n\t\t\t\t\t<\/div>\n\n\t\n\n\t<div id=\"col-368412349\" class=\"col small-12 large-12\"  >\n\t\t\t\t<div class=\"col-inner text-left\"  >\n\t\t\t\n\t\t\t\n<p class=\"next-previous-message\"><a class=\"previous\" href=\"\/it\/bible-studies\/theme-4\/gods-method-of-working\/\"><i class=\"icon-angle-left\"><\/i> Previous<\/a><a class=\"next\" href=\"\/it\/bible-studies\/theme-4\/humility-is-everything\/\">Next <i class=\"icon-angle-right\"><\/i><\/a><\/p>\n\t\t<\/div>\n\t\t\t\t\t<\/div>\n\n\t\n<\/div>\n\t\t<\/div>\n\n\t\t\n<style>\n#section_121812436 {\n  padding-top: 0px;\n  padding-bottom: 0px;\n  margin-bottom: 0px;\n}\n@media (min-width:550px) {\n  #section_121812436 {\n    padding-top: 0px;\n    padding-bottom: 0px;\n  }\n}\n<\/style>\n\t<\/section>\n\t\n\n\t<section class=\"section food-for-thought\" id=\"section_1980118635\">\n\t\t<div class=\"section-bg fill\" >\n\t\t\t\t\t\t\t\t\t\n\t\t\t\n\n\t\t<\/div>\n\n\t\t\n\n\t\t<div class=\"section-content relative\">\n\t\t\t\n<div class=\"row align-center\"  id=\"row-2145968871\">\n\n\t<div id=\"col-2127502435\" class=\"col title small-12 large-12\"  >\n\t\t\t\t<div class=\"col-inner text-left dark\"  >\n\t\t\t\n\t\t\t\n<h2>Devotional<\/h2>\n\t\t<\/div>\n\t\t\t\t\t<\/div>\n\n\t\n\n\t<div id=\"col-2012712922\" class=\"col small-12 large-12\"  >\n\t\t\t\t<div class=\"col-inner dark\"  >\n\t\t\t\n\t\t\t\n<p>Nel brano &#8220;La grande e sicura grazia di Davide&#8221;, viene spiegata in modo molto chiaro con il fatto che Dio si oppone ai superbi, ma che d\u00e0 grazia agli umili. Perch\u00e9 credi che sia cos\u00ec? Riesci a fare un esempio della vita di tutti i giorni in base al quale pensi che Dio d\u00e0 grazia agli umili?<\/p>\n<p class='info'>You have to <a href='\/login\/'>log in<\/a> if you want to save your answer.<\/p>\n\t\t<\/div>\n\t\t\t\t\t<\/div>\n\n\t\n<\/div>\n\t\t<\/div>\n\n\t\t\n<style>\n#section_1980118635 {\n  padding-top: 30px;\n  padding-bottom: 30px;\n  background-color: rgb(73, 92, 94);\n}\n<\/style>\n\t<\/section>\n\t\n","protected":false},"excerpt":{"rendered":"","protected":false},"author":5,"featured_media":0,"parent":15410,"menu_order":6,"comment_status":"closed","ping_status":"closed","template":"page-blank.php","meta":{"footnotes":""},"class_list":["post-15520","page","type-page","status-publish","hentry"],"aioseo_notices":[],"_links":{"self":[{"href":"https:\/\/words-of-faith.org\/it\/wp-json\/wp\/v2\/pages\/15520","targetHints":{"allow":["GET"]}}],"collection":[{"href":"https:\/\/words-of-faith.org\/it\/wp-json\/wp\/v2\/pages"}],"about":[{"href":"https:\/\/words-of-faith.org\/it\/wp-json\/wp\/v2\/types\/page"}],"author":[{"embeddable":true,"href":"https:\/\/words-of-faith.org\/it\/wp-json\/wp\/v2\/users\/5"}],"replies":[{"embeddable":true,"href":"https:\/\/words-of-faith.org\/it\/wp-json\/wp\/v2\/comments?post=15520"}],"version-history":[{"count":0,"href":"https:\/\/words-of-faith.org\/it\/wp-json\/wp\/v2\/pages\/15520\/revisions"}],"up":[{"embeddable":true,"href":"https:\/\/words-of-faith.org\/it\/wp-json\/wp\/v2\/pages\/15410"}],"wp:attachment":[{"href":"https:\/\/words-of-faith.org\/it\/wp-json\/wp\/v2\/media?parent=15520"}],"curies":[{"name":"wp","href":"https:\/\/api.w.org\/{rel}","templated":true}]}}