{"id":18348,"date":"2020-07-21T10:16:11","date_gmt":"2020-07-21T08:16:11","guid":{"rendered":"https:\/\/aslaksen.bcc.no\/?page_id=18348"},"modified":"2020-08-21T11:35:01","modified_gmt":"2020-08-21T09:35:01","slug":"credi-nel-dio-dei-miracoli","status":"publish","type":"page","link":"https:\/\/words-of-faith.org\/it\/bible-study\/tema-1\/credi-nel-dio-dei-miracoli\/","title":{"rendered":"Credi nel Dio dei miracoli"},"content":{"rendered":"\n\t<section class=\"section\" id=\"section_1859354081\">\n\t\t<div class=\"section-bg fill\" >\n\t\t\t\t\t\t\t\t\t\n\t\t\t\n\n\t\t<\/div>\n\n\t\t\n\n\t\t<div class=\"section-content relative\">\n\t\t\t\n<div class=\"row align-center\"  id=\"row-311949242\">\n\n\t<div id=\"col-1735203659\" class=\"col small-12 large-12\"  >\n\t\t\t\t<div class=\"col-inner\"  >\n\t\t\t\n\t\t\t\n<p class=\"breadcrumbs\"><a href=\"..\/\">Theme 1<\/a> \/ Messages<\/p>\n<h1>\u201c..non sono pi\u00f9 io che vivo..\u201d<\/h1>\n<p class=\"article-date\">Tesori Nascosti, pubblicato a febbraio 1963<\/p>\n<p class=\"article-author\">di Elias Aslaksen<\/p>\n\t\t<\/div>\n\t\t\t\t\t<\/div>\n\n\t\n\n<style>\n#row-311949242 > .col > .col-inner {\n  padding: 30px 0px 0px 0px;\n}\n<\/style>\n<\/div>\n<div class=\"row align-center audio\"  id=\"row-880860835\">\n\n\t<div id=\"col-708738923\" class=\"col small-12 large-12\"  >\n\t\t\t\t<div class=\"col-inner\"  >\n\t\t\t\n\t\t\t\n<!--[if lt IE 9]><script>document.createElement('audio');<\/script><![endif]-->\n<audio class=\"wp-audio-shortcode\" id=\"audio-18348-1\" preload=\"none\" style=\"width: 100%;\" controls=\"controls\"><source type=\"audio\/mpeg\" src=\"\/audio\/Tema%202\/it\/9%20Non%20sono%20pi%C3%B9%20io%20che%20vivo.mp3?_=1\" \/><a href=\"\/audio\/Tema%202\/it\/9%20Non%20sono%20pi%C3%B9%20io%20che%20vivo.mp3\">\/audio\/Tema%202\/it\/9%20Non%20sono%20pi%C3%B9%20io%20che%20vivo.mp3<\/a><\/audio>\n<p class=\"click-to-listen\">Click to listen to the speech.<\/p>\n\t\t<\/div>\n\t\t\t\t\t<\/div>\n\n\t\n<\/div>\n<div class=\"row align-center article article-excerpt\"  id=\"row-611263660\">\n\n\t<div id=\"col-1781957655\" class=\"col small-12 large-12\"  >\n\t\t\t\t<div class=\"col-inner text-left\"  >\n\t\t\t\n\t\t\t\n<p>&nbsp;<\/p>\n<p><strong>\u201cNon sono pi\u00f9 io che vivo\u201d&nbsp;<em>Gal. 2,20<\/em><\/strong><\/p>\n<p>Che <strong><em>miracolo&nbsp;<\/em><\/strong>deve essere accaduto, se si \u00e8 in grado di scrivere questo in sincerit\u00e0, mentre si vive ancora qui in terra!<\/p>\n<p>Come posso continuare a peccare, se <strong><em>io<\/em><\/strong>non vivo pi\u00f9? Come <strong><em>posso&nbsp;<\/em><\/strong>ancora arrabbiarmi, indignarmi, amareggiarmi, essere insoddisfatto o ingrato, avere qualcosa contro qualcun\u2019altro, rubare o mentire, litigare, discutere, essere ferito nel mio onore, essere scoraggiato o preoccupato, vanitoso, ambizioso, orgoglioso o avaro oppure vantarmi?<\/p>\n<p>S\u00ec, rispondimi\u2026 Come <strong><em>pu\u00f2&nbsp;<\/em><\/strong>qualcuno, che assolutamente non \u00e8 pi\u00f9 lui che vive, fare qualcosa di brutto? Un uomo pecca <strong><em>finch\u00e9 \u00e8 lui che vive<\/em><\/strong>! Come faccio a <strong><em>pretendere&nbsp;<\/em><\/strong>ancora qualcosa <strong><em>per me&nbsp;<\/em><\/strong>stesso, se non sono pi\u00f9 io che vivo?<\/p>\n<p>Se non voglio rinunciare a tutto e morire con Cristo, <strong><em>allora&nbsp;<\/em><\/strong>sar\u00f2 costretto a continuare a fare il peccato.<\/p>\n<p>\u201cNon pu\u00f2 peccare perch\u00e9 \u00e8 nato da Dio\u201d corrisponde a: non pu\u00f2 peccare perch\u00e9 \u00e8 morto con Cristo e quindi non \u00e8 pi\u00f9 lui che vive. 1 Giovanni 3,9<\/p>\n<p>Come posso tralasciare di amare, <strong><em>quando Cristo vive in me<\/em><\/strong>? Gal. 2,20. Come posso fare ingiustizia, se Cristo vive in me?<\/p>\n<p>Cristo e il peccato cosciente non possono essere <strong>contemporaneamente&nbsp;<\/strong>dentro di me! Se Cristo \u00e8 <strong>in<\/strong>me, <strong>allora <\/strong>il peccato \u00e8 fuori dal mio cuore. Se il peccato \u00e8 nel mio cuore, allora Cristo ne \u00e8 fuori. \u00c8 per questo che Lui pu\u00f2 trovarsi al di fuori della porta del cuore delle persone convertite e bussare, cos\u00ec come sta scritto in Ap. 3,20.<\/p>\n<p>Purtroppo, nella maggior parte dei casi delle persone, sono loro che continuano a vivere. \u00c8 infatti chiaro che la maggioranza della gente pu\u00f2 di volta in volta fare sia questo che commettere peccato, addirittura i peccati pi\u00f9 grossolani, ad es. <strong><em>mentire o avere qualcosa contro qualcun altro<\/em><\/strong>!<\/p>\n<p>Come posso continuare a difendere me stesso e ci\u00f2 che \u00e8 mio e giustificarmi, se sono morto?<\/p>\n<p>Come si pu\u00f2 essere egoisti, quando non viviamo pi\u00f9 noi stessi? Come si pu\u00f2 ancora avere un vivo interesse per l\u2019arredo, l\u2019abbigliamento o i bei colori, se si \u00e8 morti? E che interesse pu\u00f2 avere il defunto per ci\u00f2 che gli altri dicono o pensano di lui? S\u00ec, rispondimi\u2026<\/p>\n<p>&nbsp;<\/p>\n<p>Quanto dolore <strong><em>pu\u00f2<\/em><\/strong>provocarmi il fatto che qualcuno mi tratta ingiustamente per una cosa terrena,&nbsp;mentre sono <strong><em>morto<\/em><\/strong>a questo? E quale grande felicit\u00e0 pu\u00f2 causare a una persona morta che vengano ancora effettuati molti accrediti sul suo conto? S\u00ec, dimmelo, dai.<\/p>\n<p>Nessuno pu\u00f2 sinceramente affermare di non avere pi\u00f9 una volont\u00e0 propria, ma la grande grazia di Dio permette che sia cos\u00ec che sembra che non la si abbia. Come posso amare \u201cci\u00f2 che \u00e8 nel mondo\u201d se sono <strong><em>morto&nbsp;<\/em><\/strong>a queste cose?<\/p>\n<p>Sta scritto in una canzone, \u201c<strong>Non voglio pi\u00f9<\/strong>\u201d = Non pi\u00f9 vivere per me stesso. Questo \u00e8 <strong><em>vero<\/em><\/strong>per te?<\/p>\n<p>Di solito si vogliono tante cose!<\/p>\n<p>Un <strong><em>defunto&nbsp;<\/em><\/strong>\u2013 una persona che non vive pi\u00f9 \u2013 non ha <strong><em>pi\u00f9 nulla da perdere<\/em><\/strong>, dopotutto con la morte si \u00e8 lasciato veramente tutto dietro (se n\u2019\u00e8 andato con la morte).<\/p>\n<p>Ma colui che \u00e8 lui a vivere, ha molto da proteggere. Pu\u00f2 incontrare molte avversit\u00e0 e patire molte perdite e avere terribili difficolt\u00e0 provenienti dai propri simili. Ma queste cose non gli rovinano la vita, come spesso si afferma. Pu\u00f2, tuttavia, perdere la propria vita volontariamente.<\/p>\n<p>Ed <strong><em>allora<\/em><\/strong>accadrebbe il grande prodigio, o miracolo, cio\u00e8 che si libererebbe di tutte le proprie inutili preoccupazioni e delle cose che lo importunano! Miracolosamente! Allora tutto diventerebbe un guadagno, sia la prosperit\u00e0 che le avversit\u00e0!<\/p>\n<p>\u201cPerch\u00e9 noi <strong><em>non vivendo&nbsp;<\/em><\/strong>pi\u00f9 per il peccato\u201d 1 Pietro 2,24.&nbsp;&nbsp; \u201cNoi che gi\u00e0 siamo <strong><em>morti<\/em><\/strong>\u201d Rom. 6,2.&nbsp;Se siamo <strong><em>morti&nbsp;<\/em><\/strong>con Cristo, perch\u00e9 allora farci trattare <strong>come se vivessimo al mondo<\/strong>? Col. 2,20.<\/p>\n<p>Hai mai sentito qualcosa del genere?<\/p>\n<p>Ora sorge la domanda, cosa serve per raggiungere in verit\u00e0 questa condizione indescrivibilmente gloriosa? Due cose, 1. <strong><em>volere<\/em><\/strong>realmente morire a noi stessi e a tutto ci\u00f2 che riguarda noi stessi;<\/p>\n<ol start=\"2\">\n<li>Una fede vivente che ci siamo fatti propria, di essere morti con Cristo, <strong>quando Lui mor\u00ec sulla croce del Golgota. <\/strong>Volerlo, fa s\u00ec che si possa credere. E se si <strong>crede<\/strong>, diventa <strong>realt\u00e0<\/strong>.<\/li>\n<\/ol>\n<p>di Elias Aslaksen<\/p>\n\t\t<\/div>\n\t\t\t\t\t<\/div>\n\n\t\n\n\t<div id=\"col-208998981\" class=\"col copyright small-12 large-12\"  >\n\t\t\t\t<div class=\"col-inner text-left\"  >\n\t\t\t\n\t\t\t\n<div>\u00a9 Copyright Stiftelsen Skjulte Skatters Forlag<\/div>\n\t\t<\/div>\n\t\t\t\t\t<\/div>\n\n\t\n\n\t<div id=\"col-649687577\" class=\"col small-12 large-12\"  >\n\t\t\t\t<div class=\"col-inner text-left\"  >\n\t\t\t\n\t\t\t\n<div><a href=\"#\" class=\"read-more\">Leggi di pi\u00f9<\/a><\/div>\n\t\t<\/div>\n\t\t\t\t\t<\/div>\n\n\t\n\n\t<div id=\"col-238494471\" class=\"col small-12 large-12\"  >\n\t\t\t\t<div class=\"col-inner text-left\"  >\n\t\t\t\n\t\t\t\n<p class=\"next-previous-message\"><a class=\"previous\" href=\"\/it\/bible-studies\/theme-1\/god-is-truthful\/\"><i class=\"icon-angle-left\"><\/i> Previous<\/a><a class=\"next\" href=\"\/it\/bible-studies\/theme-1\/his-name-is-wonder\/\">Next <i class=\"icon-angle-right\"><\/i><\/a><\/p>\n\t\t<\/div>\n\t\t\t\t\t<\/div>\n\n\t\n<\/div>\n\t\t<\/div>\n\n\t\t\n<style>\n#section_1859354081 {\n  padding-top: 0px;\n  padding-bottom: 0px;\n  margin-bottom: 0px;\n}\n@media (min-width:550px) {\n  #section_1859354081 {\n    padding-top: 0px;\n    padding-bottom: 0px;\n  }\n}\n<\/style>\n\t<\/section>\n\t\n\n\t<section class=\"section food-for-thought\" id=\"section_17306012\">\n\t\t<div class=\"section-bg fill\" >\n\t\t\t\t\t\t\t\t\t\n\t\t\t\n\n\t\t<\/div>\n\n\t\t\n\n\t\t<div class=\"section-content relative\">\n\t\t\t\n<div class=\"row align-center\"  id=\"row-334559132\">\n\n\t<div id=\"col-1448266736\" class=\"col title small-12 large-12\"  >\n\t\t\t\t<div class=\"col-inner text-left dark\"  >\n\t\t\t\n\t\t\t\n<h2>Devotional<\/h2>\n\t\t<\/div>\n\t\t\t\t\t<\/div>\n\n\t\n\n\t<div id=\"col-441586962\" class=\"col small-12 large-12\"  >\n\t\t\t\t<div class=\"col-inner dark\"  >\n\t\t\t\n\t\t\t\n<p>Cosa pensi TU sia la cosa pi\u00f9 importante che Elias Aslaksen vuole comunicare con il messaggio &#8220;Credi nel Dio dei miracoli?&#8221;<\/p>\n<ul class=\"question-answers\">\n<li>Nella mia vita deve avvenire un miracolo, indipendentemente da come sono andate le cose in passato<\/li>\n<li>C&#8217;\u00e8 speranza per tutti coloro che credono nel Dio dei miracoli<\/li>\n<li>Niente \u00e8 impossibile quando abbiamo a che fare con Dio<\/li>\n<\/ul>\n<p class='info'>You have to <a href='\/login\/'>log in<\/a> if you want to save your answer.<\/p>\n\t\t<\/div>\n\t\t\t\t\t<\/div>\n\n\t\n<\/div>\n\t\t<\/div>\n\n\t\t\n<style>\n#section_17306012 {\n  padding-top: 30px;\n  padding-bottom: 30px;\n  background-color: rgb(73, 92, 94);\n}\n<\/style>\n\t<\/section>\n\t\n","protected":false},"excerpt":{"rendered":"","protected":false},"author":5,"featured_media":0,"parent":8258,"menu_order":0,"comment_status":"closed","ping_status":"closed","template":"page-blank.php","meta":{"footnotes":""},"class_list":["post-18348","page","type-page","status-publish","hentry"],"aioseo_notices":[],"_links":{"self":[{"href":"https:\/\/words-of-faith.org\/it\/wp-json\/wp\/v2\/pages\/18348","targetHints":{"allow":["GET"]}}],"collection":[{"href":"https:\/\/words-of-faith.org\/it\/wp-json\/wp\/v2\/pages"}],"about":[{"href":"https:\/\/words-of-faith.org\/it\/wp-json\/wp\/v2\/types\/page"}],"author":[{"embeddable":true,"href":"https:\/\/words-of-faith.org\/it\/wp-json\/wp\/v2\/users\/5"}],"replies":[{"embeddable":true,"href":"https:\/\/words-of-faith.org\/it\/wp-json\/wp\/v2\/comments?post=18348"}],"version-history":[{"count":0,"href":"https:\/\/words-of-faith.org\/it\/wp-json\/wp\/v2\/pages\/18348\/revisions"}],"up":[{"embeddable":true,"href":"https:\/\/words-of-faith.org\/it\/wp-json\/wp\/v2\/pages\/8258"}],"wp:attachment":[{"href":"https:\/\/words-of-faith.org\/it\/wp-json\/wp\/v2\/media?parent=18348"}],"curies":[{"name":"wp","href":"https:\/\/api.w.org\/{rel}","templated":true}]}}