{"id":18380,"date":"2020-07-21T10:24:03","date_gmt":"2020-07-21T08:24:03","guid":{"rendered":"https:\/\/aslaksen.bcc.no\/?page_id=18380"},"modified":"2020-08-21T11:40:52","modified_gmt":"2020-08-21T09:40:52","slug":"il-suo-nome-e-miracolo","status":"publish","type":"page","link":"https:\/\/words-of-faith.org\/it\/bible-study\/tema-1\/il-suo-nome-e-miracolo\/","title":{"rendered":"Il suo nome \u00e8 Miracolo"},"content":{"rendered":"\n\t<section class=\"section\" id=\"section_1105052762\">\n\t\t<div class=\"section-bg fill\" >\n\t\t\t\t\t\t\t\t\t\n\t\t\t\n\n\t\t<\/div>\n\n\t\t\n\n\t\t<div class=\"section-content relative\">\n\t\t\t\n<div class=\"row align-center\"  id=\"row-2015998225\">\n\n\t<div id=\"col-581601912\" class=\"col small-12 large-12\"  >\n\t\t\t\t<div class=\"col-inner\"  >\n\t\t\t\n\t\t\t\n<p class=\"breadcrumbs\"><a href=\"..\/\">Theme 1<\/a> \/ Messages<\/p>\n<h1>L\u2019umilt\u00e0 \u00e8 la questione in s\u00e9<\/h1>\n<p class=\"article-date\">Estratto di un messaggio di Gennaio 1976<\/p>\n<p class=\"article-author\">di Elias Aslaksen<\/p>\n\t\t<\/div>\n\t\t\t\t\t<\/div>\n\n\t\n\n<style>\n#row-2015998225 > .col > .col-inner {\n  padding: 30px 0px 0px 0px;\n}\n<\/style>\n<\/div>\n<div class=\"row align-center audio\"  id=\"row-2055694800\">\n\n\t<div id=\"col-400618814\" class=\"col small-12 large-12\"  >\n\t\t\t\t<div class=\"col-inner\"  >\n\t\t\t\n\t\t\t\n<!--[if lt IE 9]><script>document.createElement('audio');<\/script><![endif]-->\n<audio class=\"wp-audio-shortcode\" id=\"audio-18380-1\" preload=\"none\" style=\"width: 100%;\" controls=\"controls\"><source type=\"audio\/mpeg\" src=\"\/audio\/Tema%204\/IT\/19_L&#039;umilt%C3%A0%20%C3%A8%20la%20questione%20in%20s%C3%A9_IT.mp3?_=1\" \/><a href=\"\/audio\/Tema%204\/IT\/19_L&#039;umilt%C3%A0%20%C3%A8%20la%20questione%20in%20s%C3%A9_IT.mp3\">\/audio\/Tema%204\/IT\/19_L&#039;umilt%C3%A0%20%C3%A8%20la%20questione%20in%20s%C3%A9_IT.mp3<\/a><\/audio>\n<p class=\"click-to-listen\">Click to listen to the speech.<\/p>\n\t\t<\/div>\n\t\t\t\t\t<\/div>\n\n\t\n<\/div>\n<div class=\"row align-center article article-excerpt\"  id=\"row-450124441\">\n\n\t<div id=\"col-298646099\" class=\"col small-12 large-12\"  >\n\t\t\t\t<div class=\"col-inner text-left\"  >\n\t\t\t\n\t\t\t\n<p>Dio d\u00e0 grazia agli umili.&nbsp; E allora non \u00e8 di alcuna importanza, scrivete anche questo, allora non importa affatto cosa fanno tutti gli altri. Perch\u00e9 \u00e8 cos\u00ec evidente&nbsp; che la salvezza \u00e8 una questione personale tra Dio e il singolo. Nessun uomo pu\u00f2 mettersi in mezzo. \u00c8 una connessione diretta tra Dio e ogni singola persona. Nessun\u2019altra persona pu\u00f2 mettersi in mezzo l\u00ec. Spero lo capiate. Spero che capite quello che dico. Dio d\u00e0 grazia agli umili. Chi pu\u00f2 disturbare questo? Chi pu\u00f2 impedirlo? \u00c8 per mezzo della sua grazia che riesce, grazia significa aiuto. Abbiamo due parole per grazia, l\u2019una \u00e8 perdono, e l\u2019altra \u00e8 grazia. Perdono \u00e8 espiazione e remissione dei peccati. Questo \u00e8 perdono. E grazia \u00e8 aiuto. Potente aiuto! \u00c8 ricevere vera luce e vera vita e ottenere vittoria e andare di luce in luce e di vittoria in vittoria e di gloria in gloria. Questo lo si f\u00e0 seguendo la legge dell\u2019umilt\u00e0. E poi c\u2019\u00e8 un altro pensiero stolto: tramite una specie di modestia, si pu\u00f2 pensare riguardo a se stessi \u2013 io sono un poveraccio extra grande, non ne verr\u00e0 fuori un gran che di me. \u00c8 100% menzogna. C\u2019\u00e8 altrettanta speranza per i pi\u00f9 grandi, per il pi\u00f9 grande peccatore in assoluto al mondo. Non dipende da quello che siamo stati. Dipende da quanto siamo e diventiamo umili, e da quello che ne deriva. Perch\u00e9 \u00e8 tramite questo che in verit\u00e0 diventiamo qualcosa. E questo avviene secondo millimetro e milligrammo. Dio \u00e8 estremamente giusto.&nbsp; Senza distinzione di persona. Ugualmente, sia se siamo appena convertiti o fratelli anziani o chiunque sia. \u00c8 assolutamente indifferente. Tutti sono uguali dinanzi alla legge. Non c\u2019\u00e8 un pizzico di distinzione di persona. Per questo pu\u00f2 anche avvenire che \u00e8 andata abbastanza bene con uno, ma poi si monta la testa, e fallisce, va in rovina. E finisce fuori. Ci troviamo a dover scegliere innumerevoli volte ogni giorno, centinaia, migliaia di volte. E tutto \u00e8 manifestazione di umilt\u00e0 o del contrario.<\/p>\n<p>Di Elias Aslaksen<\/p>\n\t\t<\/div>\n\t\t\t\t\t<\/div>\n\n\t\n\n\t<div id=\"col-1213533082\" class=\"col copyright small-12 large-12\"  >\n\t\t\t\t<div class=\"col-inner text-left\"  >\n\t\t\t\n\t\t\t\n<div>\u00a9 Copyright Stiftelsen Skjulte Skatters Forlag<\/div>\n\t\t<\/div>\n\t\t\t\t\t<\/div>\n\n\t\n\n\t<div id=\"col-767301985\" class=\"col small-12 large-12\"  >\n\t\t\t\t<div class=\"col-inner text-left\"  >\n\t\t\t\n\t\t\t\n<div><a href=\"#\" class=\"read-more\">Leggi di pi\u00f9<\/a><\/div>\n\t\t<\/div>\n\t\t\t\t\t<\/div>\n\n\t\n\n\t<div id=\"col-361877307\" class=\"col small-12 large-12\"  >\n\t\t\t\t<div class=\"col-inner text-left\"  >\n\t\t\t\n\t\t\t\n<p class=\"next-previous-message\"><a class=\"previous\" href=\"\/it\/bible-studies\/theme-1\/believe-in-the-god-of-miracles\/\"><i class=\"icon-angle-left\"><\/i> Previous<\/a><a class=\"next\" href=\"\/it\/bible-studies\/theme-1\/as-you-have-believed-so-let-it-be-done-for-you\/\">Next <i class=\"icon-angle-right\"><\/i><\/a><\/p>\n\t\t<\/div>\n\t\t\t\t\t<\/div>\n\n\t\n<\/div>\n\t\t<\/div>\n\n\t\t\n<style>\n#section_1105052762 {\n  padding-top: 0px;\n  padding-bottom: 0px;\n  margin-bottom: 0px;\n}\n@media (min-width:550px) {\n  #section_1105052762 {\n    padding-top: 0px;\n    padding-bottom: 0px;\n  }\n}\n<\/style>\n\t<\/section>\n\t\n\n\t<section class=\"section food-for-thought\" id=\"section_238252437\">\n\t\t<div class=\"section-bg fill\" >\n\t\t\t\t\t\t\t\t\t\n\t\t\t\n\n\t\t<\/div>\n\n\t\t\n\n\t\t<div class=\"section-content relative\">\n\t\t\t\n<div class=\"row align-center\"  id=\"row-1571976385\">\n\n\t<div id=\"col-2029855024\" class=\"col title small-12 large-12\"  >\n\t\t\t\t<div class=\"col-inner text-left dark\"  >\n\t\t\t\n\t\t\t\n<h2>Devotional<\/h2>\n\t\t<\/div>\n\t\t\t\t\t<\/div>\n\n\t\n\n\t<div id=\"col-1653661666\" class=\"col small-12 large-12\"  >\n\t\t\t\t<div class=\"col-inner dark\"  >\n\t\t\t\n\t\t\t\n<p>Leggi o ascolta l&#8217;articolo &#8220;Il suo nome \u00e8 miracolo&#8221; e scrivi qualcosa su come sar\u00e0 la tua vita a breve, se quanto scrive Aslaksen funzioner\u00e0 nella tua vita.<\/p>\n<p class='info'>You have to <a href='\/login\/'>log in<\/a> if you want to save your answer.<\/p>\n\t\t<\/div>\n\t\t\t\t\t<\/div>\n\n\t\n<\/div>\n\t\t<\/div>\n\n\t\t\n<style>\n#section_238252437 {\n  padding-top: 30px;\n  padding-bottom: 30px;\n  background-color: rgb(73, 92, 94);\n}\n<\/style>\n\t<\/section>\n\t\n","protected":false},"excerpt":{"rendered":"","protected":false},"author":5,"featured_media":0,"parent":8258,"menu_order":1,"comment_status":"closed","ping_status":"closed","template":"page-blank.php","meta":{"footnotes":""},"class_list":["post-18380","page","type-page","status-publish","hentry"],"aioseo_notices":[],"_links":{"self":[{"href":"https:\/\/words-of-faith.org\/it\/wp-json\/wp\/v2\/pages\/18380","targetHints":{"allow":["GET"]}}],"collection":[{"href":"https:\/\/words-of-faith.org\/it\/wp-json\/wp\/v2\/pages"}],"about":[{"href":"https:\/\/words-of-faith.org\/it\/wp-json\/wp\/v2\/types\/page"}],"author":[{"embeddable":true,"href":"https:\/\/words-of-faith.org\/it\/wp-json\/wp\/v2\/users\/5"}],"replies":[{"embeddable":true,"href":"https:\/\/words-of-faith.org\/it\/wp-json\/wp\/v2\/comments?post=18380"}],"version-history":[{"count":0,"href":"https:\/\/words-of-faith.org\/it\/wp-json\/wp\/v2\/pages\/18380\/revisions"}],"up":[{"embeddable":true,"href":"https:\/\/words-of-faith.org\/it\/wp-json\/wp\/v2\/pages\/8258"}],"wp:attachment":[{"href":"https:\/\/words-of-faith.org\/it\/wp-json\/wp\/v2\/media?parent=18380"}],"curies":[{"name":"wp","href":"https:\/\/api.w.org\/{rel}","templated":true}]}}