{"id":18413,"date":"2020-07-21T10:28:57","date_gmt":"2020-07-21T08:28:57","guid":{"rendered":"https:\/\/aslaksen.bcc.no\/?page_id=18413"},"modified":"2020-08-21T11:44:21","modified_gmt":"2020-08-21T09:44:21","slug":"avverra-secondo-la-tua-fede","status":"publish","type":"page","link":"https:\/\/words-of-faith.org\/it\/bible-study\/tema-1\/avverra-secondo-la-tua-fede\/","title":{"rendered":"Avverr\u00e0 secondo la tua fede"},"content":{"rendered":"\n\t<section class=\"section\" id=\"section_129006687\">\n\t\t<div class=\"section-bg fill\" >\n\t\t\t\t\t\t\t\t\t\n\t\t\t\n\n\t\t<\/div>\n\n\t\t\n\n\t\t<div class=\"section-content relative\">\n\t\t\t\n<div class=\"row align-center\"  id=\"row-4905899\">\n\n\t<div id=\"col-596550320\" class=\"col small-12 large-12\"  >\n\t\t\t\t<div class=\"col-inner\"  >\n\t\t\t\n\t\t\t\n<p class=\"breadcrumbs\"><a href=\"..\/\">Theme 1<\/a> \/ Messages<\/p>\n<h1>La legge fondamentale della vita in Dio<\/h1>\n<p class=\"article-date\">Tesori Nascosti, pubblicato a Febbraio 1932<\/p>\n<p class=\"article-author\">di Elias Aslaksen<\/p>\n\t\t<\/div>\n\t\t\t\t\t<\/div>\n\n\t\n\n<style>\n#row-4905899 > .col > .col-inner {\n  padding: 30px 0px 0px 0px;\n}\n<\/style>\n<\/div>\n<div class=\"row align-center audio\"  id=\"row-1288793067\">\n\n\t<div id=\"col-2145468947\" class=\"col small-12 large-12\"  >\n\t\t\t\t<div class=\"col-inner\"  >\n\t\t\t\n\t\t\t\n<!--[if lt IE 9]><script>document.createElement('audio');<\/script><![endif]-->\n<audio class=\"wp-audio-shortcode\" id=\"audio-18413-1\" preload=\"none\" style=\"width: 100%;\" controls=\"controls\"><source type=\"audio\/mpeg\" src=\"\/audio\/Tema%204\/IT\/20_La%20Legge%20Costituzionale%20della%20vita%20in%20Dio_IT.mp3?_=1\" \/><a href=\"\/audio\/Tema%204\/IT\/20_La%20Legge%20Costituzionale%20della%20vita%20in%20Dio_IT.mp3\">\/audio\/Tema%204\/IT\/20_La%20Legge%20Costituzionale%20della%20vita%20in%20Dio_IT.mp3<\/a><\/audio>\n<p class=\"click-to-listen\">Click to listen to the speech.<\/p>\n\t\t<\/div>\n\t\t\t\t\t<\/div>\n\n\t\n<\/div>\n<div class=\"row align-center article article-excerpt\"  id=\"row-1598456361\">\n\n\t<div id=\"col-512477998\" class=\"col small-12 large-12\"  >\n\t\t\t\t<div class=\"col-inner text-left\"  >\n\t\t\t\n\t\t\t\n<p>\u201cMa \u00e8 Dio che giudica; egli abbassa l\u2019uno e innalza l\u2019altro\u201d Salmo 75:8. \u201cNon dipende dunque n\u00e9 da chi vuole n\u00e9 da chi corre, ma da Dio che fa misericordia.&nbsp; Cos\u00ec dunque egli fa misericordia a chi vuole e indurisce chi vuole. \u201d Rom. 9:16,18.\u201dChiunque si innalzer\u00e0 sar\u00e0 abbassato e chiunque si abbasser\u00e0 sar\u00e0 innalzato.\u201d Mat. 23:12. \u201cCos\u00ec anche voi, giovani, siate sottomessi agli anziani. E tutti rivestitevi di umilt\u00e0 gli uni verso gli altri, perch\u00e9 Dio resiste ai superbi ma d\u00e0 grazia agli umili.\u201d 1 Pietro 5:5. \u201cUmiliatevi davanti al Signore, ed egli v\u2019innalzer\u00e0.\u201d Giacomo 4:10. \u201c&nbsp;Prima di essere afflitto, andavo errando, ma ora osservo la tua parola. \u00c8 stata un bene per me l\u2019afflizione subita, perch\u00e9 imparassi i tuoi statuti.&nbsp;Io so, SIGNORE, che i tuoi giudizi sono giusti, e che mi hai afflitto nella tua fedelt\u00e0.\u201d Salmo 119:67,71,75.<\/p>\n<p>Se Dio umilia o innalza, indurisce o benedice, fa riuscire o fallire, <strong><em>non<\/em><\/strong> lo fa <strong><em>tanto per<\/em><\/strong>. Lo fa sempre, in tutti i casi e con tutti <strong><em>secondo determinate leggi<\/em><\/strong>.<\/p>\n<p>La legge pi\u00f9 importante \u00e8 quella della modestia o dell\u2019umilt\u00e0. Che cos\u2019\u00e8 l\u2019umilt\u00e0? Non sta nel tono lamentoso o in belle frasi piene. Sta nel riconoscere chi sei occupando il posto che ti corrisponde.<\/p>\n<p>Se un giovane, ad es. si sottomette a un anziano, \u00e8 umile. Riconosce di essere giovane e si pone sotto quelli pi\u00f9 grandi.<\/p>\n<p>Nei versetti sopracitati si parla di due gradi di umilt\u00e0: <strong>1. Umiliarsi <\/strong>e<strong> 2. Farsi umiliare. <\/strong>L\u2019umilt\u00e0 coincide con l\u2019amore per la verit\u00e0. La verit\u00e0 \u00e8 che in ogni ambito generalmente si \u00e8 troppo pieni di&nbsp; s\u00e9. Attraverso l\u2019amore per la verit\u00e0, 2 Tess. 2:10, lo si ammette, e in una testimonianza o in un altro modo ci si umilia concordemente alla luce della verit\u00e0 che splende dalla parola di Dio.<\/p>\n<p>Il primo livello di umilt\u00e0 \u00e8 che ci si giudica volontariamente, 1 Cor. 11:31-32, umiliandosi spontaneamente.<\/p>\n<p>L\u2019umilt\u00e0 di secondo livello \u00e8 quando qualcuno arriva all\u2019ammissione dopo essere stato umiliato da Dio, quando viene giudicato personalmente da altri o da determinati eventi. In questo caso, ha bisogno di un aiuto particolare per essere umile. Senza quest\u2019aiuto non sarebbe in grado di riconoscere la sua malvagit\u00e0. Quando la luce splende nelle riunioni senza essere diretta ad alcune persone in particolare, non ci si accorge che colpisce qualcosa di se stessi. Bisogna che venga detto personalmente, affinch\u00e9 se ne accorga.<\/p>\n<p>Nella migliore delle ipotesi, ci si va a sedere un po\u2019 pi\u00f9 indietro, perch\u00e9 lo si considera il posto adatto. Nell\u2019altro caso ci si va a sedere pi\u00f9 avanti, ma quando l\u2019ospite gli fa capire che il suo posto \u00e8 pi\u00f9 indietro, si vergogna e si siede immediatamente dietro.<\/p>\n<p>Se esita nel fare questo, possiamo definirla un\u2019umilt\u00e0 di terzo livello. E se qualcuno non arriva al riconoscimento e non si umilia affatto, questa \u00e8 superbia e orgoglio. Quindi non ricever\u00e0 alcuna piet\u00e0, nessun aiuto per la salvezza.<\/p>\n<p>Tutto gira attorno alla realt\u00e0, ai fatti. Oltre a quanto sopra nominato, esiste un altro tipo di umilt\u00e0, vale a dire l\u2019umilt\u00e0 falsa e ipocrita. Quella consiste in parole, tono ed espressione facciale che hanno l\u2019aspetto di umilt\u00e0, ma che \u2013 quando si tratta di forza, di realt\u00e0 \u2013 si rivelano solamente recitazione.<\/p>\n<p>Umiliarsi significa occupare il posto giusto da s\u00e9. Essere umiliati \u00e8 essere messi al posto giusto da altri con la propria approvazione. Essere orgogliosi significa voler&nbsp; difendere e&nbsp; mantenere un posto, che non spetta di diritto.<\/p>\n<p>&nbsp;<\/p>\n<p><em>Elias Aslaksen.<\/em><\/p>\n\t\t<\/div>\n\t\t\t\t\t<\/div>\n\n\t\n\n\t<div id=\"col-1042717818\" class=\"col copyright small-12 large-12\"  >\n\t\t\t\t<div class=\"col-inner text-left\"  >\n\t\t\t\n\t\t\t\n<div>\u00a9 Copyright Stiftelsen Skjulte Skatters Forlag<\/div>\n\t\t<\/div>\n\t\t\t\t\t<\/div>\n\n\t\n\n\t<div id=\"col-1343071047\" class=\"col small-12 large-12\"  >\n\t\t\t\t<div class=\"col-inner text-left\"  >\n\t\t\t\n\t\t\t\n<div><a href=\"#\" class=\"read-more\">Leggi di pi\u00f9<\/a><\/div>\n\t\t<\/div>\n\t\t\t\t\t<\/div>\n\n\t\n\n\t<div id=\"col-1589411908\" class=\"col small-12 large-12\"  >\n\t\t\t\t<div class=\"col-inner text-left\"  >\n\t\t\t\n\t\t\t\n<p class=\"next-previous-message\"><a class=\"previous\" href=\"\/it\/bible-studies\/theme-1\/his-name-is-wonder\/\"><i class=\"icon-angle-left\"><\/i> Previous<\/a><a class=\"next\" href=\"\/it\/bible-studies\/theme-1\/rejoice-in-hope\/\">Next <i class=\"icon-angle-right\"><\/i><\/a><\/p>\n\t\t<\/div>\n\t\t\t\t\t<\/div>\n\n\t\n<\/div>\n\t\t<\/div>\n\n\t\t\n<style>\n#section_129006687 {\n  padding-top: 0px;\n  padding-bottom: 0px;\n  margin-bottom: 0px;\n}\n@media (min-width:550px) {\n  #section_129006687 {\n    padding-top: 0px;\n    padding-bottom: 0px;\n  }\n}\n<\/style>\n\t<\/section>\n\t\n\n\t<section class=\"section food-for-thought\" id=\"section_2129030793\">\n\t\t<div class=\"section-bg fill\" >\n\t\t\t\t\t\t\t\t\t\n\t\t\t\n\n\t\t<\/div>\n\n\t\t\n\n\t\t<div class=\"section-content relative\">\n\t\t\t\n<div class=\"row align-center\"  id=\"row-1931469328\">\n\n\t<div id=\"col-2021537452\" class=\"col title small-12 large-12\"  >\n\t\t\t\t<div class=\"col-inner text-left dark\"  >\n\t\t\t\n\t\t\t\n<h2>Devotional<\/h2>\n\t\t<\/div>\n\t\t\t\t\t<\/div>\n\n\t\n\n\t<div id=\"col-906541549\" class=\"col small-12 large-12\"  >\n\t\t\t\t<div class=\"col-inner dark\"  >\n\t\t\t\n\t\t\t\n<p>Cerca il versetto della Bibbia del brano &#8220;Va&#8217; e ti sia fatto come hai creduto&#8221;. Perch\u00e9 pensi che Aslaksen abbia mensionato proprio questo versetto?<\/p>\n<p class='info'>You have to <a href='\/login\/'>log in<\/a> if you want to save your answer.<\/p>\n\t\t<\/div>\n\t\t\t\t\t<\/div>\n\n\t\n<\/div>\n\t\t<\/div>\n\n\t\t\n<style>\n#section_2129030793 {\n  padding-top: 30px;\n  padding-bottom: 30px;\n  background-color: rgb(73, 92, 94);\n}\n<\/style>\n\t<\/section>\n\t\n","protected":false},"excerpt":{"rendered":"","protected":false},"author":5,"featured_media":0,"parent":8258,"menu_order":2,"comment_status":"closed","ping_status":"closed","template":"page-blank.php","meta":{"footnotes":""},"class_list":["post-18413","page","type-page","status-publish","hentry"],"aioseo_notices":[],"_links":{"self":[{"href":"https:\/\/words-of-faith.org\/it\/wp-json\/wp\/v2\/pages\/18413","targetHints":{"allow":["GET"]}}],"collection":[{"href":"https:\/\/words-of-faith.org\/it\/wp-json\/wp\/v2\/pages"}],"about":[{"href":"https:\/\/words-of-faith.org\/it\/wp-json\/wp\/v2\/types\/page"}],"author":[{"embeddable":true,"href":"https:\/\/words-of-faith.org\/it\/wp-json\/wp\/v2\/users\/5"}],"replies":[{"embeddable":true,"href":"https:\/\/words-of-faith.org\/it\/wp-json\/wp\/v2\/comments?post=18413"}],"version-history":[{"count":0,"href":"https:\/\/words-of-faith.org\/it\/wp-json\/wp\/v2\/pages\/18413\/revisions"}],"up":[{"embeddable":true,"href":"https:\/\/words-of-faith.org\/it\/wp-json\/wp\/v2\/pages\/8258"}],"wp:attachment":[{"href":"https:\/\/words-of-faith.org\/it\/wp-json\/wp\/v2\/media?parent=18413"}],"curies":[{"name":"wp","href":"https:\/\/api.w.org\/{rel}","templated":true}]}}