{"id":18445,"date":"2020-07-21T10:34:18","date_gmt":"2020-07-21T08:34:18","guid":{"rendered":"https:\/\/aslaksen.bcc.no\/?page_id=18445"},"modified":"2020-08-21T11:48:01","modified_gmt":"2020-08-21T09:48:01","slug":"sii-felice-nella-speranza","status":"publish","type":"page","link":"https:\/\/words-of-faith.org\/it\/bible-study\/tema-1\/sii-felice-nella-speranza\/","title":{"rendered":"Sii felice nella speranza"},"content":{"rendered":"\n\t<section class=\"section\" id=\"section_924309163\">\n\t\t<div class=\"section-bg fill\" >\n\t\t\t\t\t\t\t\t\t\n\t\t\t\n\n\t\t<\/div>\n\n\t\t\n\n\t\t<div class=\"section-content relative\">\n\t\t\t\n<div class=\"row align-center\"  id=\"row-628697395\">\n\n\t<div id=\"col-1536206437\" class=\"col small-12 large-12\"  >\n\t\t\t\t<div class=\"col-inner\"  >\n\t\t\t\n\t\t\t\n<p class=\"breadcrumbs\"><a href=\"..\/\">Theme 1<\/a> \/ Messages<\/p>\n<h1>Da solo menzogne a sola verit\u00e0<\/h1>\n<p class=\"article-date\">Tesori Nascosti, pubblicato a Giugno 1985<\/p>\n<p class=\"article-author\">di Elias Aslaksen<\/p>\n\t\t<\/div>\n\t\t\t\t\t<\/div>\n\n\t\n\n<style>\n#row-628697395 > .col > .col-inner {\n  padding: 30px 0px 0px 0px;\n}\n<\/style>\n<\/div>\n<div class=\"row align-center audio\"  id=\"row-408987051\">\n\n\t<div id=\"col-379738549\" class=\"col small-12 large-12\"  >\n\t\t\t\t<div class=\"col-inner\"  >\n\t\t\t\n\t\t\t\n<!--[if lt IE 9]><script>document.createElement('audio');<\/script><![endif]-->\n<audio class=\"wp-audio-shortcode\" id=\"audio-18445-1\" preload=\"none\" style=\"width: 100%;\" controls=\"controls\"><source type=\"audio\/mpeg\" src=\"\/audio\/Tema%204\/IT\/21_Da-solo-menzogne-a-sola-verita_IT.mp3?_=1\" \/><a href=\"\/audio\/Tema%204\/IT\/21_Da-solo-menzogne-a-sola-verita_IT.mp3\">\/audio\/Tema%204\/IT\/21_Da-solo-menzogne-a-sola-verita_IT.mp3<\/a><\/audio>\n<p class=\"click-to-listen\">Click to listen to the speech.<\/p>\n\t\t<\/div>\n\t\t\t\t\t<\/div>\n\n\t\n<\/div>\n<div class=\"row align-center article article-excerpt\"  id=\"row-52821994\">\n\n\t<div id=\"col-1265346556\" class=\"col small-12 large-12\"  >\n\t\t\t\t<div class=\"col-inner text-left\"  >\n\t\t\t\n\t\t\t\n<p>Che liberazione! Che trasformazione! Che sviluppo! Che chiamata! Che amore assolutamente indescrivibile Dio ha per noi, che vuole davvero fare un lavoro cos\u00ec incredibilmente grande, glorioso e divino in chiunque crede di cuore a tutte le parole di vita a riguardo nel Nuovo Testamento !!!<\/p>\n<p>\u201cI figli dell\u2019uomo sono solo menzogna!\u201d Salmi 62,10 (Bibbia norvegese) Siamo distrutti in modo cos\u00ec grave dal peccato. \u201cSia Dio riconosciuto veritiero e ogni uomo bugiardo, com\u2019\u00e8 scritto.\u201d Ges\u00f9 disse: \u201cIo sono la verit\u00e0!\u201d Romani 3,4 e Gv. 14, 6. La nostra chiamata celeste \u00e8 diventare come Lui, ora qui nel tempo di grazia, cio\u00e8 diventare la verit\u00e0 \u2013 solo verit\u00e0 in pratica, in tutti i modi possibili! E qui la parola in Isaia 53 calza al massimo livello: \u201cChi ha creduto a quello che abbiamo annunciato?\u201d Is. 53,1<\/p>\n<p>Ma Dio sia altamente lodato per tutti coloro che fanno davvero propria la fede vivente nelle parole di Ges\u00f9 e nelle parole degli apostoli !!! Perch\u00e9 con la fede riesce. Corrisponde all\u2019essere salvati dall\u2019ipocrisia in tutte le sue possibili forme, poich\u00e9 l\u2019ipocrisia \u00e8 menzogna! Vedi Luca 12, 1. L\u2019ipocrisia cerca in ogni modo di far sembrare che la propria situazione sia migliore di quanto non sia in realt\u00e0. Quindi \u00e8 uno show! Show = recitazione! Quindi incassi l\u2019onore per qualcosa che non in verit\u00e0 non sei, invece di protestare in nome di tutta la verit\u00e0!<\/p>\n<p>Corrisponde a frode, insincerit\u00e0 e disonest\u00e0. Sta scritto di Ges\u00f9 come cosa molto grande, che era senza frode. Perch\u00e9 Lui era la verit\u00e0! \u2013 \u2013<\/p>\n<p>Si pu\u00f2 quindi mentire in diversi modi, non solo con bugie dirette e brutali e invenzioni! Sfortunatamente, la cosa comune \u00e8 nascondere la propria cattiveria e la propria mancanza di gioia. \u2013 E avere un timore tremendo che qualcuno lo scopra! Quindi ci si adopera a difendersi e scusarsi, secondo tutte le regole dell\u2019arte, invece di accettare il vero giudizio della luce! \u2013<\/p>\n<p>Perch\u00e9 si ha una paura cos\u00ec tremenda? \u00c8 quella di sprofondare agli occhi degli uomini. Ma si perde quota solo agli occhi di persone stupide! Umiliarsi e abbassarsi, questa \u00e8 la virt\u00f9 pi\u00f9 proficua che si possa trovare! Infatti ci si alza agli occhi di Dio!<\/p>\n<p>Quindi avere paura di umiliarsi \u00e8 spiritualmente una follia!<\/p>\n<p>Questo \u00e8 anche il motivo per cui molti non chiedono perdono alle persone per una cosa o l\u2019altra! Nonostante abbiano un ottimo motivo per farlo e ci\u00f2 creerebbe felicit\u00e0 nel loro interiore! Davvero! L\u2019obiettivo non \u00e8 infatti: solo la verit\u00e0?<\/p>\n\t\t<\/div>\n\t\t\t\t\t<\/div>\n\n\t\n\n\t<div id=\"col-925421902\" class=\"col copyright small-12 large-12\"  >\n\t\t\t\t<div class=\"col-inner text-left\"  >\n\t\t\t\n\t\t\t\n<div>\u00a9 Copyright Stiftelsen Skjulte Skatters Forlag<\/div>\n\t\t<\/div>\n\t\t\t\t\t<\/div>\n\n\t\n\n\t<div id=\"col-2009380738\" class=\"col small-12 large-12\"  >\n\t\t\t\t<div class=\"col-inner text-left\"  >\n\t\t\t\n\t\t\t\n<div><a href=\"#\" class=\"read-more\">Leggi di pi\u00f9<\/a><\/div>\n\t\t<\/div>\n\t\t\t\t\t<\/div>\n\n\t\n\n\t<div id=\"col-911350676\" class=\"col small-12 large-12\"  >\n\t\t\t\t<div class=\"col-inner text-left\"  >\n\t\t\t\n\t\t\t\n<p class=\"next-previous-message\"><a class=\"previous\" href=\"\/it\/bible-studies\/theme-1\/as-you-have-believed-so-let-it-be-done-for-you\/\"><i class=\"icon-angle-left\"><\/i> Previous<\/a><a class=\"next\" href=\"\/it\/bible-studies\/theme-1\/believe-like-abraham-did\/\">Next <i class=\"icon-angle-right\"><\/i><\/a><\/p>\n\t\t<\/div>\n\t\t\t\t\t<\/div>\n\n\t\n<\/div>\n\t\t<\/div>\n\n\t\t\n<style>\n#section_924309163 {\n  padding-top: 0px;\n  padding-bottom: 0px;\n  margin-bottom: 0px;\n}\n@media (min-width:550px) {\n  #section_924309163 {\n    padding-top: 0px;\n    padding-bottom: 0px;\n  }\n}\n<\/style>\n\t<\/section>\n\t\n\n\t<section class=\"section food-for-thought\" id=\"section_2010529391\">\n\t\t<div class=\"section-bg fill\" >\n\t\t\t\t\t\t\t\t\t\n\t\t\t\n\n\t\t<\/div>\n\n\t\t\n\n\t\t<div class=\"section-content relative\">\n\t\t\t\n<div class=\"row align-center\"  id=\"row-253124537\">\n\n\t<div id=\"col-362020949\" class=\"col title small-12 large-12\"  >\n\t\t\t\t<div class=\"col-inner text-left dark\"  >\n\t\t\t\n\t\t\t\n<h2>Devotional<\/h2>\n\t\t<\/div>\n\t\t\t\t\t<\/div>\n\n\t\n\n\t<div id=\"col-1416205545\" class=\"col small-12 large-12\"  >\n\t\t\t\t<div class=\"col-inner dark\"  >\n\t\t\t\n\t\t\t\n<p>Nel messaggio &#8220;Sii felice nella speranza&#8221;, Elias Aslaksen dice che la speranza \u00e8 tutto. Cosa pensi TU che intendesse?<\/p>\n<p class='info'>You have to <a href='\/login\/'>log in<\/a> if you want to save your answer.<\/p>\n\t\t<\/div>\n\t\t\t\t\t<\/div>\n\n\t\n<\/div>\n\t\t<\/div>\n\n\t\t\n<style>\n#section_2010529391 {\n  padding-top: 30px;\n  padding-bottom: 30px;\n  background-color: rgb(73, 92, 94);\n}\n<\/style>\n\t<\/section>\n\t\n","protected":false},"excerpt":{"rendered":"","protected":false},"author":5,"featured_media":0,"parent":8258,"menu_order":3,"comment_status":"closed","ping_status":"closed","template":"page-blank.php","meta":{"footnotes":""},"class_list":["post-18445","page","type-page","status-publish","hentry"],"aioseo_notices":[],"_links":{"self":[{"href":"https:\/\/words-of-faith.org\/it\/wp-json\/wp\/v2\/pages\/18445","targetHints":{"allow":["GET"]}}],"collection":[{"href":"https:\/\/words-of-faith.org\/it\/wp-json\/wp\/v2\/pages"}],"about":[{"href":"https:\/\/words-of-faith.org\/it\/wp-json\/wp\/v2\/types\/page"}],"author":[{"embeddable":true,"href":"https:\/\/words-of-faith.org\/it\/wp-json\/wp\/v2\/users\/5"}],"replies":[{"embeddable":true,"href":"https:\/\/words-of-faith.org\/it\/wp-json\/wp\/v2\/comments?post=18445"}],"version-history":[{"count":0,"href":"https:\/\/words-of-faith.org\/it\/wp-json\/wp\/v2\/pages\/18445\/revisions"}],"up":[{"embeddable":true,"href":"https:\/\/words-of-faith.org\/it\/wp-json\/wp\/v2\/pages\/8258"}],"wp:attachment":[{"href":"https:\/\/words-of-faith.org\/it\/wp-json\/wp\/v2\/media?parent=18445"}],"curies":[{"name":"wp","href":"https:\/\/api.w.org\/{rel}","templated":true}]}}