{"id":18477,"date":"2020-07-21T10:43:49","date_gmt":"2020-07-21T08:43:49","guid":{"rendered":"https:\/\/aslaksen.bcc.no\/?page_id=18477"},"modified":"2020-08-21T11:52:01","modified_gmt":"2020-08-21T09:52:01","slug":"la-fede-di-abramo","status":"publish","type":"page","link":"https:\/\/words-of-faith.org\/it\/bible-study\/tema-1\/la-fede-di-abramo\/","title":{"rendered":"La fede di Abramo"},"content":{"rendered":"\n\t<section class=\"section\" id=\"section_737518046\">\n\t\t<div class=\"section-bg fill\" >\n\t\t\t\t\t\t\t\t\t\n\t\t\t\n\n\t\t<\/div>\n\n\t\t\n\n\t\t<div class=\"section-content relative\">\n\t\t\t\n<div class=\"row align-center\"  id=\"row-436201074\">\n\n\t<div id=\"col-76566646\" class=\"col small-12 large-12\"  >\n\t\t\t\t<div class=\"col-inner\"  >\n\t\t\t\n\t\t\t\n<p class=\"breadcrumbs\"><a href=\"..\/\">Theme 1<\/a> \/ Messages<\/p>\n<h1>Umile di cuore<\/h1>\n<p class=\"article-date\">Tesori Nascosti, pubblicato a Luglio 1963<\/p>\n<p class=\"article-author\">di Elias Aslaksen<\/p>\n\t\t<\/div>\n\t\t\t\t\t<\/div>\n\n\t\n\n<style>\n#row-436201074 > .col > .col-inner {\n  padding: 30px 0px 0px 0px;\n}\n<\/style>\n<\/div>\n<div class=\"row align-center audio\"  id=\"row-2010789879\">\n\n\t<div id=\"col-292890766\" class=\"col small-12 large-12\"  >\n\t\t\t\t<div class=\"col-inner\"  >\n\t\t\t\n\t\t\t\n<!--[if lt IE 9]><script>document.createElement('audio');<\/script><![endif]-->\n<audio class=\"wp-audio-shortcode\" id=\"audio-18477-1\" preload=\"none\" style=\"width: 100%;\" controls=\"controls\"><source type=\"audio\/mpeg\" src=\"\/audio\/Tema%204\/IT\/22_Umile%20di%20cuore_IT.mp3?_=1\" \/><a href=\"\/audio\/Tema%204\/IT\/22_Umile%20di%20cuore_IT.mp3\">\/audio\/Tema%204\/IT\/22_Umile%20di%20cuore_IT.mp3<\/a><\/audio>\n<p class=\"click-to-listen\">Click to listen to the speech.<\/p>\n\t\t<\/div>\n\t\t\t\t\t<\/div>\n\n\t\n<\/div>\n<div class=\"row align-center article article-excerpt\"  id=\"row-1831695466\">\n\n\t<div id=\"col-1100646696\" class=\"col small-12 large-12\"  >\n\t\t\t\t<div class=\"col-inner text-left\"  >\n\t\t\t\n\t\t\t\n<p>Sta scritto per esempio: non dipende dunque n\u00e9 da chi vuole n\u00e9 da chi corre, ma da Dio che fa misericordia! C\u2019\u00e8 una regola a chi fa misericordia, a chi dona grazia? S\u00ec, \u00e8 cos\u00ec. Quindi, superficialmente si pensa: S\u00ec, allora non serve a niente, non aiuta allora essere zelanti? No, questo \u00e8 corretto. Ma ci\u00f2 non vuol dire che sia casuale, che \u00e8 una lotteria e che Dio \u00e8 capriccioso. Noi sappiamo a chi d\u00e0 grazia! S\u00ec, sappiamo a chi d\u00e0 pi\u00f9 grazia, a chi d\u00e0 grazia pi\u00f9 di tutti, e a chi assolutamente non d\u00e0 grazia. Molti corrono, molti vogliono, ci sono molti che sono ambiziosi- conosci questo termine? S\u00ec, che cosa vuol dire? Che io voglio, voglio innalzarmi e farmi avanti. Voglio diventare un servo del Signore, diventare competente, parlare in maniera brillante. Fregatene di quello che vuoi. Vuoi andare in basso? Si pu\u00f2 essere nel mezzo della chiesa del Dio vivente senza mai diventare felici. Qual \u00e8 il motivo? Non dire che ci sono molti motivi. \u00c8 &nbsp;carenza di umilt\u00e0. Si \u00e8 troppo grandi e troppo forti in se stessi, questa \u00e8 l\u2019unica causa! Questo \u00e8 dimostrabile, non ci sono mai troppi esempi a riguardo. Non va molto bene con uno, non si ha vittoria sul peccato, s\u00ec, \u00e8 veramente miserabile. E nonostante questo si \u00e8 molto interessati a farsi avanti e parlare in modo glorioso. Vi riconoscete in questo? Vi riconoscete in questo? Non \u00e8 pericoloso di essere umili e di ammetterlo. Non lo capite gi\u00e0 adesso? \u00c8 il contrario che \u00e8 pericoloso. C\u2019\u00e8 qualcuno che si riconosce? Ha senso questo? Spiritualmente parlando \u00e8 follia. Ecco cos\u2019\u00e8. In altre parole: \u00e8 ipocrisia, \u00e8 teatro. \u00c8 voler bluffare, \u00e8 voler impressionare le persone&nbsp; per ottenere un onore che non merito in alcun modo. Non \u00e8 forse cos\u00ec? S\u00ec, smetti con questo. Smetti con questo per sempre. Vedi di essere interessato ad avere vittoria sul peccato. E qual \u00e8 la via per questo? Qual \u00e8 la via per questo?&nbsp; \u00c8 di essere umili. \u00c8 di umiliare se stessi. Allora Dio d\u00e0 grazia anche se non l\u2019ho chiesta.<em>&nbsp;<\/em><\/p>\n<p><em>Di Elias Aslaksen<\/em><\/p>\n\t\t<\/div>\n\t\t\t\t\t<\/div>\n\n\t\n\n\t<div id=\"col-1604054103\" class=\"col copyright small-12 large-12\"  >\n\t\t\t\t<div class=\"col-inner text-left\"  >\n\t\t\t\n\t\t\t\n<div>\u00a9 Copyright Stiftelsen Skjulte Skatters Forlag<\/div>\n\t\t<\/div>\n\t\t\t\t\t<\/div>\n\n\t\n\n\t<div id=\"col-1827533977\" class=\"col small-12 large-12\"  >\n\t\t\t\t<div class=\"col-inner text-left\"  >\n\t\t\t\n\t\t\t\n<div><a href=\"#\" class=\"read-more\">Leggi di pi\u00f9<\/a><\/div>\n\t\t<\/div>\n\t\t\t\t\t<\/div>\n\n\t\n\n\t<div id=\"col-537283153\" class=\"col small-12 large-12\"  >\n\t\t\t\t<div class=\"col-inner text-left\"  >\n\t\t\t\n\t\t\t\n<p class=\"next-previous-message\"><a class=\"previous\" href=\"\/it\/bible-studies\/theme-1\/rejoice-in-hope\/\"><i class=\"icon-angle-left\"><\/i> Previous<\/a><a class=\"next\" href=\"\/it\/bible-studies\/theme-1\/god-is-truthful\/\">Next <i class=\"icon-angle-right\"><\/i><\/a><\/p>\n\t\t<\/div>\n\t\t\t\t\t<\/div>\n\n\t\n<\/div>\n\t\t<\/div>\n\n\t\t\n<style>\n#section_737518046 {\n  padding-top: 0px;\n  padding-bottom: 0px;\n  margin-bottom: 0px;\n}\n@media (min-width:550px) {\n  #section_737518046 {\n    padding-top: 0px;\n    padding-bottom: 0px;\n  }\n}\n<\/style>\n\t<\/section>\n\t\n\n\t<section class=\"section food-for-thought\" id=\"section_1207744578\">\n\t\t<div class=\"section-bg fill\" >\n\t\t\t\t\t\t\t\t\t\n\t\t\t\n\n\t\t<\/div>\n\n\t\t\n\n\t\t<div class=\"section-content relative\">\n\t\t\t\n<div class=\"row align-center\"  id=\"row-953318550\">\n\n\t<div id=\"col-13434955\" class=\"col title small-12 large-12\"  >\n\t\t\t\t<div class=\"col-inner text-left dark\"  >\n\t\t\t\n\t\t\t\n<h2>Devotional<\/h2>\n\t\t<\/div>\n\t\t\t\t\t<\/div>\n\n\t\n\n\t<div id=\"col-1724356236\" class=\"col small-12 large-12\"  >\n\t\t\t\t<div class=\"col-inner dark\"  >\n\t\t\t\n\t\t\t\n<p>Cosa significa avere fede sulla base di ci\u00f2 che scrive Elias Aslaksen nell&#8217;articolo, &#8220;La fede di Abramo?&#8221;?<\/p>\n<ul class=\"question-answers\">\n<li>Professare che Dio \u00e8 onnipotente<\/li>\n<li>Che ubbidiamo l&#8217;intera Parola di Dio<\/li>\n<li>Che soddisfaciamo esattamente alle condizioni<\/li>\n<\/ul>\n<p class='info'>You have to <a href='\/login\/'>log in<\/a> if you want to save your answer.<\/p>\n\t\t<\/div>\n\t\t\t\t\t<\/div>\n\n\t\n<\/div>\n\t\t<\/div>\n\n\t\t\n<style>\n#section_1207744578 {\n  padding-top: 30px;\n  padding-bottom: 30px;\n  background-color: rgb(73, 92, 94);\n}\n<\/style>\n\t<\/section>\n\t\n","protected":false},"excerpt":{"rendered":"","protected":false},"author":5,"featured_media":0,"parent":8258,"menu_order":4,"comment_status":"closed","ping_status":"closed","template":"page-blank.php","meta":{"footnotes":""},"class_list":["post-18477","page","type-page","status-publish","hentry"],"aioseo_notices":[],"_links":{"self":[{"href":"https:\/\/words-of-faith.org\/it\/wp-json\/wp\/v2\/pages\/18477","targetHints":{"allow":["GET"]}}],"collection":[{"href":"https:\/\/words-of-faith.org\/it\/wp-json\/wp\/v2\/pages"}],"about":[{"href":"https:\/\/words-of-faith.org\/it\/wp-json\/wp\/v2\/types\/page"}],"author":[{"embeddable":true,"href":"https:\/\/words-of-faith.org\/it\/wp-json\/wp\/v2\/users\/5"}],"replies":[{"embeddable":true,"href":"https:\/\/words-of-faith.org\/it\/wp-json\/wp\/v2\/comments?post=18477"}],"version-history":[{"count":0,"href":"https:\/\/words-of-faith.org\/it\/wp-json\/wp\/v2\/pages\/18477\/revisions"}],"up":[{"embeddable":true,"href":"https:\/\/words-of-faith.org\/it\/wp-json\/wp\/v2\/pages\/8258"}],"wp:attachment":[{"href":"https:\/\/words-of-faith.org\/it\/wp-json\/wp\/v2\/media?parent=18477"}],"curies":[{"name":"wp","href":"https:\/\/api.w.org\/{rel}","templated":true}]}}