{"id":13336,"date":"2020-05-29T20:00:12","date_gmt":"2020-05-29T18:00:12","guid":{"rendered":"https:\/\/aslaksen.bcc.no\/?page_id=13336"},"modified":"2020-10-01T11:03:58","modified_gmt":"2020-10-01T09:03:58","slug":"vokt-eder-for-avgudene","status":"publish","type":"page","link":"https:\/\/words-of-faith.org\/no\/bibelstudier\/tema-3\/vokt-eder-for-avgudene\/","title":{"rendered":"Vokt eder for avgudene"},"content":{"rendered":"\n\t<section class=\"section\" id=\"section_864596271\">\n\t\t<div class=\"section-bg fill\" >\n\t\t\t\t\t\t\t\t\t\n\t\t\t\n\n\t\t<\/div>\n\n\t\t\n\n\t\t<div class=\"section-content relative\">\n\t\t\t\n<div class=\"row align-center\"  id=\"row-781939976\">\n\n\t<div id=\"col-157183035\" class=\"col small-12 large-12\"  >\n\t\t\t\t<div class=\"col-inner\"  >\n\t\t\t\n\t\t\t\n<p class=\"breadcrumbs\"><a href=\"..\/\">Tema 3<\/a> \/ Taler<\/p>\n<h1>Vokt eder for avgudene<\/h1>\n<p class=\"article-date\">Skjulte Skatter, publisert februar 1991<\/p>\n<p class=\"article-author\">av Elias Aslaksen<\/p>\n\t\t<\/div>\n\t\t\t\t\t<\/div>\n\n\t\n\n<style>\n#row-781939976 > .col > .col-inner {\n  padding: 30px 0px 0px 0px;\n}\n<\/style>\n<\/div>\n<div class=\"row align-center audio\"  id=\"row-2089545908\">\n\n\t<div id=\"col-801434991\" class=\"col small-12 large-12\"  >\n\t\t\t\t<div class=\"col-inner\"  >\n\t\t\t\n\t\t\t\n<!--[if lt IE 9]><script>document.createElement('audio');<\/script><![endif]-->\n<audio class=\"wp-audio-shortcode\" id=\"audio-13336-1\" preload=\"none\" style=\"width: 100%;\" controls=\"controls\"><source type=\"audio\/mpeg\" src=\"\/audio\/Tema%203\/NO\/15_Vokt%20eder%20for%20avgudene_NO.mp3?_=1\" \/><a href=\"\/audio\/Tema%203\/NO\/15_Vokt%20eder%20for%20avgudene_NO.mp3\">\/audio\/Tema%203\/NO\/15_Vokt%20eder%20for%20avgudene_NO.mp3<\/a><\/audio>\n<p class=\"click-to-listen\">Click to listen to the speech.<\/p>\n\t\t<\/div>\n\t\t\t\t\t<\/div>\n\n\t\n<\/div>\n<div class=\"row align-center article article-excerpt\"  id=\"row-1567224734\">\n\n\t<div id=\"col-441331424\" class=\"col small-12 large-12\"  >\n\t\t\t\t<div class=\"col-inner text-left\"  >\n\t\t\t\n\t\t\t\n<p><em>1. Joh. 5, 21<\/em><\/p>\n<p>I kap. 2, 15 har vi uttrykk for hva avgudene vanligvis er: De ting som er i denne verden! Dette stemmer med apostelen Paulus\u2019 forklaring: havesyke som er avgudsdyrkelse.<\/p>\n<p>Det man er syk etter \u00e5 ha, f\u00e5, anskaffe, er alts\u00e5 avgudene. Vi har ogs\u00e5 en d\u00f8dsens alvorlig forklaring p\u00e5 denne avgudsdyrkelse i Fil. 3, 18-19: \u201chvis ende er fortapelse, hvis gud er buken, &#8230; de som attr\u00e5r de jordiske ting\u201d. Man kan i den grad elske og beundre god mat at buken, dvs. god mat og mye mat er ens gud. Paulus hadde ofte sagt dem dette, og gr\u00e5t av sorg over dette, v. 18. Og dette stemmer med hva han skrev i Rom. 1, 25: de dyrket det skapte fremfor skaperen! De aller fleste penger g\u00e5r til avgudsdyrkelse! Just derfor g\u00e5r det ikke an \u00e5 elske penger samtidig med at man elsker Gud!!!<\/p>\n<p>Den store profet Esaias har ogs\u00e5 talt alvorlig om dette! Es. 2, 21-22 og 3, 16-24. I k. 2, 18 st\u00e5r det: \u201cOg avgudene &#8211; med dem er det helt forbi.\u201d Nemlig p\u00e5 den dag da Guds vrede og dom over alt dette skal \u00e5penbares! (V. 12) Men n\u00e5 er saken den at Jesus kom med fullkommen frelse fra all denne vanlige elendighet!!!<\/p>\n<p>S\u00e5 n\u00e5 har vi alle full anledning til at det blir helt forbi med all slags avgudsdyrkelse i v\u00e5re liv! H\u00f8ylovet v\u00e6re Herren!<\/p>\n\t\t<\/div>\n\t\t\t\t\t<\/div>\n\n\t\n\n\t<div id=\"col-1731570323\" class=\"col copyright small-12 large-12\"  >\n\t\t\t\t<div class=\"col-inner text-left\"  >\n\t\t\t\n\t\t\t\n<div>\u00a9 Copyright Stiftelsen Skjulte Skatters Forlag<\/div>\n\t\t<\/div>\n\t\t\t\t\t<\/div>\n\n\t\n\n\t<div id=\"col-2016467179\" class=\"col small-12 large-12\"  >\n\t\t\t\t<div class=\"col-inner text-left\"  >\n\t\t\t\n\t\t\t\n<div><a href=\"#\" class=\"read-more\">Les mer<\/a><\/div>\n\t\t<\/div>\n\t\t\t\t\t<\/div>\n\n\t\n\n\t<div id=\"col-339021046\" class=\"col small-12 large-12\"  >\n\t\t\t\t<div class=\"col-inner text-left\"  >\n\t\t\t\n\t\t\t\n<p class=\"next-previous-message\"><a class=\"previous\" href=\"..\/gudsfrykt\/\"><i class=\"icon-angle-left\"><\/i> Previous<\/a><a class=\"next\" href=\"..\/gjore-guds-vilje-slik-den-skjer-i-himlen\/\">Next <i class=\"icon-angle-right\"><\/i><\/a><\/p>\n\t\t<\/div>\n\t\t\t\t\t<\/div>\n\n\t\n<\/div>\n\t\t<\/div>\n\n\t\t\n<style>\n#section_864596271 {\n  padding-top: 0px;\n  padding-bottom: 0px;\n  margin-bottom: 0px;\n}\n@media (min-width:550px) {\n  #section_864596271 {\n    padding-top: 0px;\n    padding-bottom: 0px;\n  }\n}\n<\/style>\n\t<\/section>\n\t\n\n\t<section class=\"section food-for-thought\" id=\"section_820487259\">\n\t\t<div class=\"section-bg fill\" >\n\t\t\t\t\t\t\t\t\t\n\t\t\t\n\n\t\t<\/div>\n\n\t\t\n\n\t\t<div class=\"section-content relative\">\n\t\t\t\n<div class=\"row align-center\"  id=\"row-922834185\">\n\n\t<div id=\"col-298534623\" class=\"col title small-12 large-12\"  >\n\t\t\t\t<div class=\"col-inner text-left dark\"  >\n\t\t\t\n\t\t\t\n<h2>Devotional<\/h2>\n\t\t<\/div>\n\t\t\t\t\t<\/div>\n\n\t\n\n\t<div id=\"col-216145855\" class=\"col small-12 large-12\"  >\n\t\t\t\t<div class=\"col-inner dark\"  >\n\t\t\t\n\t\t\t\n<p>I stykket \u00abVokt eder for avgudene\u00bb nevner Aslaksen forskjellige eksempler p\u00e5 avguder. N\u00e5r blir noe en avgud for deg?<\/p>\n<p class='info'>You have to <a href='\/login\/'>log in<\/a> if you want to save your answer.<\/p>\n\t\t<\/div>\n\t\t\t\t\t<\/div>\n\n\t\n<\/div>\n\t\t<\/div>\n\n\t\t\n<style>\n#section_820487259 {\n  padding-top: 30px;\n  padding-bottom: 30px;\n  background-color: rgb(73, 92, 94);\n}\n<\/style>\n\t<\/section>\n\t\n\t<div id=\"gap-1395831201\" class=\"gap-element clearfix\" style=\"display:block; height:auto;\">\n\t\t\n<style>\n#gap-1395831201 {\n  padding-top: 20px;\n}\n<\/style>\n\t<\/div>\n\t\n<p style=\"text-align: center;\"><a href=\"..\/\"><u>Tilbake til Tema 3<\/u><\/a><\/p>\n","protected":false},"excerpt":{"rendered":"<p>Tilbake til Tema 3<\/p>\n","protected":false},"author":5,"featured_media":0,"parent":12606,"menu_order":3,"comment_status":"closed","ping_status":"closed","template":"page-blank.php","meta":{"footnotes":""},"class_list":["post-13336","page","type-page","status-publish","hentry"],"aioseo_notices":[],"_links":{"self":[{"href":"https:\/\/words-of-faith.org\/no\/wp-json\/wp\/v2\/pages\/13336","targetHints":{"allow":["GET"]}}],"collection":[{"href":"https:\/\/words-of-faith.org\/no\/wp-json\/wp\/v2\/pages"}],"about":[{"href":"https:\/\/words-of-faith.org\/no\/wp-json\/wp\/v2\/types\/page"}],"author":[{"embeddable":true,"href":"https:\/\/words-of-faith.org\/no\/wp-json\/wp\/v2\/users\/5"}],"replies":[{"embeddable":true,"href":"https:\/\/words-of-faith.org\/no\/wp-json\/wp\/v2\/comments?post=13336"}],"version-history":[{"count":0,"href":"https:\/\/words-of-faith.org\/no\/wp-json\/wp\/v2\/pages\/13336\/revisions"}],"up":[{"embeddable":true,"href":"https:\/\/words-of-faith.org\/no\/wp-json\/wp\/v2\/pages\/12606"}],"wp:attachment":[{"href":"https:\/\/words-of-faith.org\/no\/wp-json\/wp\/v2\/media?parent=13336"}],"curies":[{"name":"wp","href":"https:\/\/api.w.org\/{rel}","templated":true}]}}