{"id":13373,"date":"2020-05-29T20:00:06","date_gmt":"2020-05-29T18:00:06","guid":{"rendered":"https:\/\/aslaksen.bcc.no\/?page_id=13373"},"modified":"2020-10-01T11:04:05","modified_gmt":"2020-10-01T09:04:05","slug":"a-overgi-sine-sjeler-til-den-trofaste-skaper","status":"publish","type":"page","link":"https:\/\/words-of-faith.org\/no\/bibelstudier\/tema-3\/a-overgi-sine-sjeler-til-den-trofaste-skaper\/","title":{"rendered":"\u00c5 overgi sine sjeler til den trofaste skaper"},"content":{"rendered":"\n\t<section class=\"section\" id=\"section_1151274157\">\n\t\t<div class=\"section-bg fill\" >\n\t\t\t\t\t\t\t\t\t\n\t\t\t\n\n\t\t<\/div>\n\n\t\t\n\n\t\t<div class=\"section-content relative\">\n\t\t\t\n<div class=\"row align-center\"  id=\"row-1371914251\">\n\n\t<div id=\"col-521608670\" class=\"col small-12 large-12\"  >\n\t\t\t\t<div class=\"col-inner\"  >\n\t\t\t\n\t\t\t\n<p class=\"breadcrumbs\"><a href=\"..\/\">Tema 3<\/a> \/ Taler<\/p>\n<h1>\u00c5 overgi sine sjeler til den trofaste skaper<\/h1>\n<p class=\"article-date\">Skjulte Skatter, publisert mars 1989<\/p>\n<p class=\"article-author\">av Elias Aslaksen<\/p>\n\t\t<\/div>\n\t\t\t\t\t<\/div>\n\n\t\n\n<style>\n#row-1371914251 > .col > .col-inner {\n  padding: 30px 0px 0px 0px;\n}\n<\/style>\n<\/div>\n<div class=\"row align-center audio\"  id=\"row-1138085879\">\n\n\t<div id=\"col-1995410798\" class=\"col small-12 large-12\"  >\n\t\t\t\t<div class=\"col-inner\"  >\n\t\t\t\n\t\t\t\n<!--[if lt IE 9]><script>document.createElement('audio');<\/script><![endif]-->\n<audio class=\"wp-audio-shortcode\" id=\"audio-13373-1\" preload=\"none\" style=\"width: 100%;\" controls=\"controls\"><source type=\"audio\/mpeg\" src=\"\/audio\/Tema%203\/NO\/17_\u00c5%20overgi%20sine%20sjeler%20til%20den%20trofaste%20skaper_NO.mp3?_=1\" \/><a href=\"\/audio\/Tema%203\/NO\/17_\u00c5%20overgi%20sine%20sjeler%20til%20den%20trofaste%20skaper_NO.mp3\">\/audio\/Tema%203\/NO\/17_\u00c5%20overgi%20sine%20sjeler%20til%20den%20trofaste%20skaper_NO.mp3<\/a><\/audio>\n<p class=\"click-to-listen\">Click to listen to the speech.<\/p>\n\t\t<\/div>\n\t\t\t\t\t<\/div>\n\n\t\n<\/div>\n<div class=\"row align-center article article-excerpt\"  id=\"row-1448990478\">\n\n\t<div id=\"col-2033548081\" class=\"col small-12 large-12\"  >\n\t\t\t\t<div class=\"col-inner text-left\"  >\n\t\t\t\n\t\t\t\n<p><em>1. Pet. 4, 19<\/em><\/p>\n<p>For et treffende, innholdsrikt uttrykk!!! Alts\u00e5: ikke beholde v\u00e5r sjel for oss selv, ikke leve oss selv, ikke gj\u00f8re som vi selv synes, men overgi v\u00e5r sjel til ham. Gi oss ham i vold med hud og h\u00e5r og alt hva i oss er, i full tillit til ham, ja, til skaperen, han som har skapt alt, og som n\u00e5 vil skape noe helt nytt i v\u00e5rt indre! Ikke stole p\u00e5 fornuft og f\u00f8lelser, men forlate oss fullt og helt p\u00e5 ham, p\u00e5 hans ord, etter det Nye Testamentets fullkomne lys.<\/p>\n<p>Motto: blind tillit og enfoldig troskap b\u00e5de i sm\u00e5tt og stort. Vi kan jo ikke si til Skaperen hvorledes han skal skape! Det er hans sak. V\u00e5r sak er \u00e5 overgi oss til hans vilje. All \u00e6re og pris til ham.<\/p>\n<p>Pr\u00f8v deg selv om du virkelig er fullt og helt og viljel\u00f8st overgitt. \u2014 Hvis det ikke er slik, s\u00e5 overgi deg n\u00e5, for det er veldig mye bedre sent enn aldri!<\/p>\n<p>N\u00e5r sjelen blir utt\u00f8mt i Kristi d\u00f8d, f\u00e5r man sans for det \u00e5ndelige. \u2014 De som er sjeliske, har ikke overgitt sin sjel til ham.<\/p>\n\t\t<\/div>\n\t\t\t\t\t<\/div>\n\n\t\n\n\t<div id=\"col-38016944\" class=\"col copyright small-12 large-12\"  >\n\t\t\t\t<div class=\"col-inner text-left\"  >\n\t\t\t\n\t\t\t\n<div>\u00a9 Copyright Stiftelsen Skjulte Skatters Forlag<\/div>\n\t\t<\/div>\n\t\t\t\t\t<\/div>\n\n\t\n\n\t<div id=\"col-1014401313\" class=\"col small-12 large-12\"  >\n\t\t\t\t<div class=\"col-inner text-left\"  >\n\t\t\t\n\t\t\t\n<div><a href=\"#\" class=\"read-more\">Les mer<\/a><\/div>\n\t\t<\/div>\n\t\t\t\t\t<\/div>\n\n\t\n\n\t<div id=\"col-1253886276\" class=\"col small-12 large-12\"  >\n\t\t\t\t<div class=\"col-inner text-left\"  >\n\t\t\t\n\t\t\t\n<p class=\"next-previous-message\"><a class=\"previous\" href=\"..\/gjore-guds-vilje-slik-den-skjer-i-himlen\/\"><i class=\"icon-angle-left\"><\/i> Previous<\/a><a class=\"next\" href=\"..\/du-er-elsket-og-bor-elske-igjen\/\">Next <i class=\"icon-angle-right\"><\/i><\/a><\/p>\n\t\t<\/div>\n\t\t\t\t\t<\/div>\n\n\t\n<\/div>\n\t\t<\/div>\n\n\t\t\n<style>\n#section_1151274157 {\n  padding-top: 0px;\n  padding-bottom: 0px;\n  margin-bottom: 0px;\n}\n@media (min-width:550px) {\n  #section_1151274157 {\n    padding-top: 0px;\n    padding-bottom: 0px;\n  }\n}\n<\/style>\n\t<\/section>\n\t\n\n\t<section class=\"section food-for-thought\" id=\"section_79278957\">\n\t\t<div class=\"section-bg fill\" >\n\t\t\t\t\t\t\t\t\t\n\t\t\t\n\n\t\t<\/div>\n\n\t\t\n\n\t\t<div class=\"section-content relative\">\n\t\t\t\n<div class=\"row align-center\"  id=\"row-418169921\">\n\n\t<div id=\"col-1375251909\" class=\"col title small-12 large-12\"  >\n\t\t\t\t<div class=\"col-inner text-left dark\"  >\n\t\t\t\n\t\t\t\n<h2>Devotional<\/h2>\n\t\t<\/div>\n\t\t\t\t\t<\/div>\n\n\t\n\n\t<div id=\"col-701520075\" class=\"col small-12 large-12\"  >\n\t\t\t\t<div class=\"col-inner dark\"  >\n\t\t\t\n\t\t\t\n<p>I stykket \u00ab\u00c5 overgi sine sjeler til den trofaste skaper\u00bb skriver Aslaksen om \u00e5 v\u00e6re viljel\u00f8st overgitt. Hva tror du han mener med dette?<\/p>\n<p class='info'>You have to <a href='\/login\/'>log in<\/a> if you want to save your answer.<\/p>\n\t\t<\/div>\n\t\t\t\t\t<\/div>\n\n\t\n<\/div>\n\t\t<\/div>\n\n\t\t\n<style>\n#section_79278957 {\n  padding-top: 30px;\n  padding-bottom: 30px;\n  background-color: rgb(73, 92, 94);\n}\n<\/style>\n\t<\/section>\n\t\n\t<div id=\"gap-482826981\" class=\"gap-element clearfix\" style=\"display:block; height:auto;\">\n\t\t\n<style>\n#gap-482826981 {\n  padding-top: 20px;\n}\n<\/style>\n\t<\/div>\n\t\n<p style=\"text-align: center;\"><a href=\"..\/\"><u>Tilbake til Tema 3<\/u><\/a><\/p>\n","protected":false},"excerpt":{"rendered":"<p>Tilbake til Tema 3<\/p>\n","protected":false},"author":5,"featured_media":0,"parent":12606,"menu_order":5,"comment_status":"closed","ping_status":"closed","template":"page-blank.php","meta":{"footnotes":""},"class_list":["post-13373","page","type-page","status-publish","hentry"],"aioseo_notices":[],"_links":{"self":[{"href":"https:\/\/words-of-faith.org\/no\/wp-json\/wp\/v2\/pages\/13373","targetHints":{"allow":["GET"]}}],"collection":[{"href":"https:\/\/words-of-faith.org\/no\/wp-json\/wp\/v2\/pages"}],"about":[{"href":"https:\/\/words-of-faith.org\/no\/wp-json\/wp\/v2\/types\/page"}],"author":[{"embeddable":true,"href":"https:\/\/words-of-faith.org\/no\/wp-json\/wp\/v2\/users\/5"}],"replies":[{"embeddable":true,"href":"https:\/\/words-of-faith.org\/no\/wp-json\/wp\/v2\/comments?post=13373"}],"version-history":[{"count":0,"href":"https:\/\/words-of-faith.org\/no\/wp-json\/wp\/v2\/pages\/13373\/revisions"}],"up":[{"embeddable":true,"href":"https:\/\/words-of-faith.org\/no\/wp-json\/wp\/v2\/pages\/12606"}],"wp:attachment":[{"href":"https:\/\/words-of-faith.org\/no\/wp-json\/wp\/v2\/media?parent=13373"}],"curies":[{"name":"wp","href":"https:\/\/api.w.org\/{rel}","templated":true}]}}