{"id":13391,"date":"2020-05-29T20:00:10","date_gmt":"2020-05-29T18:00:10","guid":{"rendered":"https:\/\/aslaksen.bcc.no\/?page_id=13391"},"modified":"2020-10-01T11:04:09","modified_gmt":"2020-10-01T09:04:09","slug":"du-er-elsket-og-bor-elske-igjen","status":"publish","type":"page","link":"https:\/\/words-of-faith.org\/no\/bibelstudier\/tema-3\/du-er-elsket-og-bor-elske-igjen\/","title":{"rendered":"Du er elsket og b\u00f8r elske igjen"},"content":{"rendered":"\n\t<section class=\"section\" id=\"section_346157006\">\n\t\t<div class=\"section-bg fill\" >\n\t\t\t\t\t\t\t\t\t\n\t\t\t\n\n\t\t<\/div>\n\n\t\t\n\n\t\t<div class=\"section-content relative\">\n\t\t\t\n<div class=\"row align-center\"  id=\"row-1187011507\">\n\n\t<div id=\"col-1835589000\" class=\"col small-12 large-12\"  >\n\t\t\t\t<div class=\"col-inner\"  >\n\t\t\t\n\t\t\t\n<p class=\"breadcrumbs\"><a href=\"..\/\">Tema 3<\/a> \/ Taler<\/p>\n<h1>Du er elsket og b\u00f8r elske igjen<\/h1>\n<p class=\"article-date\">Skjulte Skatter, publisert april 1938<\/p>\n<p class=\"article-author\">av Elias Aslaksen<\/p>\n\t\t<\/div>\n\t\t\t\t\t<\/div>\n\n\t\n\n<style>\n#row-1187011507 > .col > .col-inner {\n  padding: 30px 0px 0px 0px;\n}\n<\/style>\n<\/div>\n<div class=\"row align-center audio\"  id=\"row-548131089\">\n\n\t<div id=\"col-1933863670\" class=\"col small-12 large-12\"  >\n\t\t\t\t<div class=\"col-inner\"  >\n\t\t\t\n\t\t\t\n<!--[if lt IE 9]><script>document.createElement('audio');<\/script><![endif]-->\n<audio class=\"wp-audio-shortcode\" id=\"audio-13391-1\" preload=\"none\" style=\"width: 100%;\" controls=\"controls\"><source type=\"audio\/mpeg\" src=\"\/audio\/Tema%203\/NO\/18_Du%20er%20elsket%20og%20b\u00f8r%20elske%20igjen_NO.mp3?_=1\" \/><a href=\"\/audio\/Tema%203\/NO\/18_Du%20er%20elsket%20og%20b\u00f8r%20elske%20igjen_NO.mp3\">\/audio\/Tema%203\/NO\/18_Du%20er%20elsket%20og%20b\u00f8r%20elske%20igjen_NO.mp3<\/a><\/audio>\n<p class=\"click-to-listen\">Click to listen to the speech.<\/p>\n\t\t<\/div>\n\t\t\t\t\t<\/div>\n\n\t\n<\/div>\n<div class=\"row align-center article article-excerpt\"  id=\"row-1969192048\">\n\n\t<div id=\"col-1949152028\" class=\"col small-12 large-12\"  >\n\t\t\t\t<div class=\"col-inner text-left\"  >\n\t\t\t\n\t\t\t\n<p><strong>Kristendom,\u00a0<\/strong>omvendelse, frelse, evangeliet &#8211; hva gjelder det? Hva vil Gud med oss? Hva dreier det seg om ? ? ?<\/p>\n<p>Det dreier seg om 2 ting:<\/p>\n<p>I At\u00a0<em>Gud elsker\u00a0<\/em>oss. \u00abS\u00e5 elsket Gud verden at han ga . . .\u00bb<\/p>\n<p>Joh. 3, 16.<\/p>\n<p>II At\u00a0<em>vi elsker ham igjen:<\/em><\/p>\n<p><strong>\u00abVi elsker fordi han elsket oss f\u00f8rst\u00bb.<\/strong><\/p>\n<p>1. Joh. 4, 19.<\/p>\n<p>Dreier det seg ikke om meget annet ogs\u00e5? Nei, ikke om noe som helst annet! Alt annet godt er en uunng\u00e5elig f\u00f8lge av dette! Hvem elsker oss med stor og ren kj\u00e6rlighet? Det gj\u00f8r Jesus Kristus. Det har han kraftig bevist. Hvem elsker ham igjen? Det gj\u00f8r selvf\u00f8lgelig alle som blir oppmerksomme p\u00e5 denne hans opph\u00f8yede kj\u00e6rlighet.<\/p>\n<p>Fordi Gud elsker deg, med fullkommen kj\u00e6rlighet, er det kun en eneste ting han vil med deg, og det er \u00e5 gj\u00f8re vel imot deg. Det er den eneste tanke og plan han har med deg. Noe verre enn det er det ikke!<\/p>\n<p>N\u00e5r en mann p\u00e5 naturlig vis elsker en kvinne, og derfor vil gj\u00f8re godt mot henne, vil gi henne gaver o.s.v., og hun synes om hans person og hans vesen, da elsker hun ham igjen, og er forholdsvis sv\u00e6rt lykkelig i denne verden s\u00e5 lenge som dette forhold varer ved. Og dog er denne lykke som intet \u00e5 regne mot den som oppst\u00e5r derved at man er og blir elsket av Gud ved hans elskelige og fullkomne S\u00f8nn Jesus Kristus, og derved at man elsker ham igjen! Hvorfor?<\/p>\n<p>Fordi hans kj\u00e6rlighet er s\u00e5 usigelig meget st\u00f8rre! Fordi han er s\u00e5 meget rikere og mektigere! Og aller mest fordi hans vesen, hans personlighet, hans sinnelag, er s\u00e5 uendelig meget bedre, edlere og herligere p\u00e5 alle mulige m\u00e5ter!<\/p>\n<p>Tenk \u00e5 bli elsket av ham ! ! ! ? ? ? &#8211; &#8211; &#8211;<\/p>\n<p>Hvilken lykke! Hvilken storhet! Hvilket tilbudt! Intet under at evangeliet kalles for det gode og det glade budskap!<\/p>\n<p>Hvem er du, kj\u00e6re sjel, at du skulle si \u00abnei takk til dette? Alt du skulle\u00a0<em>avvise\u00a0<\/em>ham? At du heller skulle velge \u00e5 v\u00e6re ham foruten? Han har gitt sitt liv for deg, lidt alt for deg, sonet all din synd, banet en vei ut fra all synd og forbannelse, forat du skal f\u00e5 anledning til \u00e5 vandre p\u00e5 den! \u00abKristus led \u00e9n gang for synder, en rettferdig for urettferdige, for \u00e5 f\u00f8re oss frem til Gud\u00bb. 1. Pet. 3, 18.<\/p>\n<p>Bekjenn din synd og han tilgir deg alt! 1. Joh. 1, 9.<\/p>\n<p>Bed om kraft, og han styrker deg! Han gir deg tro<em>,\u00a0<\/em>kj\u00e6rlighet, \u00e5nd og kraft, til \u00e5 gj\u00f8re hva rett og godt er<em>\u00a0<\/em>i hans \u00f8yne, og du blir helt lykkelig, bestandig lykkelig! Du f\u00e5r alt hva du trenger for \u00e5 makte \u00e5 gj\u00f8re opp dine saker, for \u00e5 bekjenne og gj\u00f8re godt igjen hva du har gjort ille. \u2013<\/p>\n<p>Du f\u00e5r alt hva du trenger av ham som er<em>\u00a0<\/em>rik p\u00e5 kraft og godhet, og som elsker deg, s\u00e5 du kommer til \u00e5 kunne hva du nu ikke kan, nemlig gj\u00f8re det gode, samt opph\u00f8re \u00e5 gj\u00f8re det onde.<\/p>\n<p>Fatt kj\u00e6rlighet til ham! Han elsker deg! Si \u00abja\u00bb til ham! Elsk ham igjen! S\u00e5 vil du f\u00e5 erfare hva hans usigelig store kj\u00e6rlighet vil komme til \u00e5 bringe deg av utenkelig og unevnelig lykke og herlighet i ditt hjerte.<\/p>\n<p>Intet er bedre enn \u00e5 elske og bli elsket igjen! Is\u00e6r n\u00e5r det er<em>\u00a0<\/em>en s\u00e5dan person som elsker oss, og som vi elsker igjen. Si ikke \u00abnei\u00bb til Ham! Jesus kaller p\u00e5 deg nu. \u2013<\/p>\n\t\t<\/div>\n\t\t\t\t\t<\/div>\n\n\t\n\n\t<div id=\"col-140099523\" class=\"col copyright small-12 large-12\"  >\n\t\t\t\t<div class=\"col-inner text-left\"  >\n\t\t\t\n\t\t\t\n<div>\u00a9 Copyright Stiftelsen Skjulte Skatters Forlag<\/div>\n\t\t<\/div>\n\t\t\t\t\t<\/div>\n\n\t\n\n\t<div id=\"col-2001601634\" class=\"col small-12 large-12\"  >\n\t\t\t\t<div class=\"col-inner text-left\"  >\n\t\t\t\n\t\t\t\n<div><a href=\"#\" class=\"read-more\">Les mer<\/a><\/div>\n\t\t<\/div>\n\t\t\t\t\t<\/div>\n\n\t\n\n\t<div id=\"col-126628920\" class=\"col small-12 large-12\"  >\n\t\t\t\t<div class=\"col-inner text-left\"  >\n\t\t\t\n\t\t\t\n<p class=\"next-previous-message\"><a class=\"previous\" href=\"..\/a-overgi-sine-sjeler-til-den-trofaste-skaper\/\"><i class=\"icon-angle-left\"><\/i> Previous<\/a><a class=\"next\" href=\"..\/dom-ikke\/\">Next <i class=\"icon-angle-right\"><\/i><\/a><\/p>\n\t\t<\/div>\n\t\t\t\t\t<\/div>\n\n\t\n<\/div>\n\t\t<\/div>\n\n\t\t\n<style>\n#section_346157006 {\n  padding-top: 0px;\n  padding-bottom: 0px;\n  margin-bottom: 0px;\n}\n@media (min-width:550px) {\n  #section_346157006 {\n    padding-top: 0px;\n    padding-bottom: 0px;\n  }\n}\n<\/style>\n\t<\/section>\n\t\n\n\t<section class=\"section food-for-thought\" id=\"section_679831623\">\n\t\t<div class=\"section-bg fill\" >\n\t\t\t\t\t\t\t\t\t\n\t\t\t\n\n\t\t<\/div>\n\n\t\t\n\n\t\t<div class=\"section-content relative\">\n\t\t\t\n<div class=\"row align-center\"  id=\"row-1259287643\">\n\n\t<div id=\"col-1945522571\" class=\"col title small-12 large-12\"  >\n\t\t\t\t<div class=\"col-inner text-left dark\"  >\n\t\t\t\n\t\t\t\n<h2>Devotional<\/h2>\n\t\t<\/div>\n\t\t\t\t\t<\/div>\n\n\t\n\n\t<div id=\"col-1880146589\" class=\"col small-12 large-12\"  >\n\t\t\t\t<div class=\"col-inner dark\"  >\n\t\t\t\n\t\t\t\n<p>Les\/h\u00f8r stykket \u00abDu er elsket og b\u00f8r elske igjen\u00bb. Hva betyr det for deg \u00e5 elske Jesus igjen? Noter gjerne noen konkrete punkter.<\/p>\n<p class='info'>You have to <a href='\/login\/'>log in<\/a> if you want to save your answer.<\/p>\n\t\t<\/div>\n\t\t\t\t\t<\/div>\n\n\t\n<\/div>\n\t\t<\/div>\n\n\t\t\n<style>\n#section_679831623 {\n  padding-top: 30px;\n  padding-bottom: 30px;\n  background-color: rgb(73, 92, 94);\n}\n<\/style>\n\t<\/section>\n\t\n\t<div id=\"gap-348471985\" class=\"gap-element clearfix\" style=\"display:block; height:auto;\">\n\t\t\n<style>\n#gap-348471985 {\n  padding-top: 20px;\n}\n<\/style>\n\t<\/div>\n\t\n<p style=\"text-align: center;\"><a href=\"..\/\"><u>Tilbake til Tema 3<\/u><\/a><\/p>\n","protected":false},"excerpt":{"rendered":"<p>Tilbake til Tema 3<\/p>\n","protected":false},"author":5,"featured_media":0,"parent":12606,"menu_order":6,"comment_status":"closed","ping_status":"closed","template":"page-blank.php","meta":{"footnotes":""},"class_list":["post-13391","page","type-page","status-publish","hentry"],"aioseo_notices":[],"_links":{"self":[{"href":"https:\/\/words-of-faith.org\/no\/wp-json\/wp\/v2\/pages\/13391","targetHints":{"allow":["GET"]}}],"collection":[{"href":"https:\/\/words-of-faith.org\/no\/wp-json\/wp\/v2\/pages"}],"about":[{"href":"https:\/\/words-of-faith.org\/no\/wp-json\/wp\/v2\/types\/page"}],"author":[{"embeddable":true,"href":"https:\/\/words-of-faith.org\/no\/wp-json\/wp\/v2\/users\/5"}],"replies":[{"embeddable":true,"href":"https:\/\/words-of-faith.org\/no\/wp-json\/wp\/v2\/comments?post=13391"}],"version-history":[{"count":0,"href":"https:\/\/words-of-faith.org\/no\/wp-json\/wp\/v2\/pages\/13391\/revisions"}],"up":[{"embeddable":true,"href":"https:\/\/words-of-faith.org\/no\/wp-json\/wp\/v2\/pages\/12606"}],"wp:attachment":[{"href":"https:\/\/words-of-faith.org\/no\/wp-json\/wp\/v2\/media?parent=13391"}],"curies":[{"name":"wp","href":"https:\/\/api.w.org\/{rel}","templated":true}]}}