{"id":15458,"date":"2020-06-10T19:34:29","date_gmt":"2020-06-10T17:34:29","guid":{"rendered":"https:\/\/aslaksen.bcc.no\/?page_id=15458"},"modified":"2020-10-01T11:04:38","modified_gmt":"2020-10-01T09:04:38","slug":"fra-bare-logn-til-bare-sannhet","status":"publish","type":"page","link":"https:\/\/words-of-faith.org\/no\/bibelstudier\/tema-4\/fra-bare-logn-til-bare-sannhet\/","title":{"rendered":"Fra bare l\u00f8gn \u2014 til bare sannhet!!!"},"content":{"rendered":"\n\t<section class=\"section\" id=\"section_842287572\">\n\t\t<div class=\"section-bg fill\" >\n\t\t\t\t\t\t\t\t\t\n\t\t\t\n\n\t\t<\/div>\n\n\t\t\n\n\t\t<div class=\"section-content relative\">\n\t\t\t\n<div class=\"row align-center\"  id=\"row-473288169\">\n\n\t<div id=\"col-1545972755\" class=\"col small-12 large-12\"  >\n\t\t\t\t<div class=\"col-inner\"  >\n\t\t\t\n\t\t\t\n<p class=\"breadcrumbs\"><a href=\"..\/\">Tema 4<\/a> \/ Taler<\/p>\n<h1>Fra bare l\u00f8gn \u2014 til bare sannhet!!!<\/h1>\n<p class=\"article-date\">Skjulte Skatter, publisert juni 1985<\/p>\n<p class=\"article-author\">av Elias Aslaksen<\/p>\n\t\t<\/div>\n\t\t\t\t\t<\/div>\n\n\t\n\n<style>\n#row-473288169 > .col > .col-inner {\n  padding: 30px 0px 0px 0px;\n}\n<\/style>\n<\/div>\n<div class=\"row align-center audio\"  id=\"row-1822158511\">\n\n\t<div id=\"col-292245109\" class=\"col small-12 large-12\"  >\n\t\t\t\t<div class=\"col-inner\"  >\n\t\t\t\n\t\t\t\n<!--[if lt IE 9]><script>document.createElement('audio');<\/script><![endif]-->\n<audio class=\"wp-audio-shortcode\" id=\"audio-15458-1\" preload=\"none\" style=\"width: 100%;\" controls=\"controls\"><source type=\"audio\/mpeg\" src=\"\/audio\/Tema%204\/NO\/21%20Fra%20bare%20l\u00f8gn%20-%20til%20bare%20sannhet.mp3?_=1\" \/><a href=\"\/audio\/Tema%204\/NO\/21%20Fra%20bare%20l\u00f8gn%20-%20til%20bare%20sannhet.mp3\">\/audio\/Tema%204\/NO\/21%20Fra%20bare%20l\u00f8gn%20-%20til%20bare%20sannhet.mp3<\/a><\/audio>\n<p class=\"click-to-listen\">Click to listen to the speech.<\/p>\n\t\t<\/div>\n\t\t\t\t\t<\/div>\n\n\t\n<\/div>\n<div class=\"row align-center article article-excerpt\"  id=\"row-454358496\">\n\n\t<div id=\"col-1413138279\" class=\"col small-12 large-12\"  >\n\t\t\t\t<div class=\"col-inner text-left\"  >\n\t\t\t\n\t\t\t\n<p>For en frelse! For en forvandling! For en utvikling! For et kall! For en absolutt ubeskrivelig kj\u00e6rlighet Gud har til oss, at han virkelig vil gj\u00f8re et s\u00e5 svimlende stort og herlig og guddommelig verk i hver den som av hjertet tror alle livets ord om dette i Det nye Testamente!!!<\/p>\n<p>\u00abBare l\u00f8gn er mannens s\u00f8nner!\u00bb Slik er vi i oss selv \u00f8delagt av synden. \u00abLa det st\u00e5 fast, at Gud er sanndru, men hvert menneske en l\u00f8gner.\u00bb Jesus sa: \u00abJeg er sannheten!\u00bb Rom. 3, 4 og Joh. 14, 6. V\u00e5rt himmelske kall, er \u00e5 bli ham lik, nu her i n\u00e5detiden, alts\u00e5 \u00e5 bli sannheten \u2014 bare sannhet i praksis, p\u00e5 alle mulige m\u00e5ter! Og her passer ordet i Esaias 53 i aller h\u00f8yeste grad: \u00abHvem trodde det budskap han h\u00f8rte?\u00bb<\/p>\n<p>Men h\u00f8ylovet v\u00e6re Gud for hver den som virkelig tilegner seg levende tro p\u00e5 Jesu ord og apostlenes ord!!! For ved tro lykkes det. Dette er det samme som \u00e5 bli frelst fra hykleri i alle mulige former, for hykleri er l\u00f8gn! Se Luk. 12, 1. Hykleri er p\u00e5 enhver m\u00e5te \u00e5 late som om det er bedre med en, enn det virkelig er. Det er alts\u00e5 forestillelse! Forestilling = skuespill! Da innkasserer man \u00e6re for noe man ikke i sannhet er, istedenfor i all sannhets navn \u00e5 protestere!<\/p>\n<p>Det faller ogs\u00e5 sammen med svik og uoppriktighet og u\u00e6rlighet. Det st\u00e5r om Jesus som noe ekstra stort, at han var uten svik. For han var jo sannheten! \u2014 \u2014 \u2014<\/p>\n<p>Man kan alts\u00e5 lyve p\u00e5 flere slags m\u00e5ter, ikke bare ved direkte, brutal l\u00f8gn og ved skr\u00f8ner! Det alminnelige er jo dessverre \u00e5 skjule sin d\u00e5rlighet, og sin mangel p\u00e5 lykksalighet. \u2014 Og \u00e5 v\u00e6re livende redd for at noen skulle f\u00e5 rede p\u00e5 den! Man er da opptatt med \u00e5 forsvare og unnskylde seg selv, etter alle kunstens regler, istedenfor \u00e5 gi lysets sanne dom medhold! \u2014<\/p>\n<p>Hva er det da man er s\u00e5 livende redd for? Jo, \u00e5 synke i menneskenes \u00f8yne. Men man synker bare i dumme menneskers \u00f8yne! For \u00e5 ydmyke seg, og g\u00e5 ned, det er jo den mest l\u00f8nnsomme dyd som finnes! Da stiger man i Guds \u00f8yne!<\/p>\n<p>\u00c5 ha en skrekk for \u00e5 ydmyke seg, er derfor \u00e5ndelig talt avsindig!<\/p>\n<p>Det er ogs\u00e5 av den grunn at mange unnlater \u00e5 be mennesker om tilgivelse b\u00e5de for dette og hint! Tross i at de har sv\u00e6rt god \u00e5rsak til det, og at det ville skape lykke i deres indre! I sannhet! M\u00e5let er jo: Bare sannhet!<\/p>\n\t\t<\/div>\n\t\t\t\t\t<\/div>\n\n\t\n\n\t<div id=\"col-236321682\" class=\"col copyright small-12 large-12\"  >\n\t\t\t\t<div class=\"col-inner text-left\"  >\n\t\t\t\n\t\t\t\n<div>\u00a9 Copyright Stiftelsen Skjulte Skatters Forlag<\/div>\n\t\t<\/div>\n\t\t\t\t\t<\/div>\n\n\t\n\n\t<div id=\"col-1521326918\" class=\"col small-12 large-12\"  >\n\t\t\t\t<div class=\"col-inner text-left\"  >\n\t\t\t\n\t\t\t\n<div><a href=\"#\" class=\"read-more\">Les mer<\/a><\/div>\n\t\t<\/div>\n\t\t\t\t\t<\/div>\n\n\t\n\n\t<div id=\"col-1874663782\" class=\"col small-12 large-12\"  >\n\t\t\t\t<div class=\"col-inner text-left\"  >\n\t\t\t\n\t\t\t\n<p class=\"next-previous-message\"><a class=\"previous\" href=\"..\/guds-livets-grunnlov\/\"><i class=\"icon-angle-left\"><\/i> Previous<\/a><a class=\"next\" href=\"..\/ydmyke-av-hjertet\/\">Next <i class=\"icon-angle-right\"><\/i><\/a><\/p>\n\t\t<\/div>\n\t\t\t\t\t<\/div>\n\n\t\n<\/div>\n\t\t<\/div>\n\n\t\t\n<style>\n#section_842287572 {\n  padding-top: 0px;\n  padding-bottom: 0px;\n  margin-bottom: 0px;\n}\n@media (min-width:550px) {\n  #section_842287572 {\n    padding-top: 0px;\n    padding-bottom: 0px;\n  }\n}\n<\/style>\n\t<\/section>\n\t\n\n\t<section class=\"section food-for-thought\" id=\"section_1462647546\">\n\t\t<div class=\"section-bg fill\" >\n\t\t\t\t\t\t\t\t\t\n\t\t\t\n\n\t\t<\/div>\n\n\t\t\n\n\t\t<div class=\"section-content relative\">\n\t\t\t\n<div class=\"row align-center\"  id=\"row-1654152500\">\n\n\t<div id=\"col-495953911\" class=\"col title small-12 large-12\"  >\n\t\t\t\t<div class=\"col-inner text-left dark\"  >\n\t\t\t\n\t\t\t\n<h2>Devotional<\/h2>\n\t\t<\/div>\n\t\t\t\t\t<\/div>\n\n\t\n\n\t<div id=\"col-970547435\" class=\"col small-12 large-12\"  >\n\t\t\t\t<div class=\"col-inner dark\"  >\n\t\t\t\n\t\t\t\n<p>Hvorfor tror du at stykket \u00abFra bare l\u00f8gn \u2013 til bare sannhet\u00bb er tatt med i dette tema om ydmykhet?<\/p>\n<p class='info'>You have to <a href='\/login\/'>log in<\/a> if you want to save your answer.<\/p>\n\t\t<\/div>\n\t\t\t\t\t<\/div>\n\n\t\n<\/div>\n\t\t<\/div>\n\n\t\t\n<style>\n#section_1462647546 {\n  padding-top: 30px;\n  padding-bottom: 30px;\n  background-color: rgb(73, 92, 94);\n}\n<\/style>\n\t<\/section>\n\t\n\t<div id=\"gap-2135579931\" class=\"gap-element clearfix\" style=\"display:block; height:auto;\">\n\t\t\n<style>\n#gap-2135579931 {\n  padding-top: 20px;\n}\n<\/style>\n\t<\/div>\n\t\n<p style=\"text-align: center;\"><a href=\"..\/\"><u>Tilbake til Tema 4<\/u><\/a><\/p>\n","protected":false},"excerpt":{"rendered":"<p>Tilbake til Tema 4<\/p>\n","protected":false},"author":5,"featured_media":0,"parent":15402,"menu_order":3,"comment_status":"closed","ping_status":"closed","template":"page-blank.php","meta":{"footnotes":""},"class_list":["post-15458","page","type-page","status-publish","hentry"],"aioseo_notices":[],"_links":{"self":[{"href":"https:\/\/words-of-faith.org\/no\/wp-json\/wp\/v2\/pages\/15458","targetHints":{"allow":["GET"]}}],"collection":[{"href":"https:\/\/words-of-faith.org\/no\/wp-json\/wp\/v2\/pages"}],"about":[{"href":"https:\/\/words-of-faith.org\/no\/wp-json\/wp\/v2\/types\/page"}],"author":[{"embeddable":true,"href":"https:\/\/words-of-faith.org\/no\/wp-json\/wp\/v2\/users\/5"}],"replies":[{"embeddable":true,"href":"https:\/\/words-of-faith.org\/no\/wp-json\/wp\/v2\/comments?post=15458"}],"version-history":[{"count":0,"href":"https:\/\/words-of-faith.org\/no\/wp-json\/wp\/v2\/pages\/15458\/revisions"}],"up":[{"embeddable":true,"href":"https:\/\/words-of-faith.org\/no\/wp-json\/wp\/v2\/pages\/15402"}],"wp:attachment":[{"href":"https:\/\/words-of-faith.org\/no\/wp-json\/wp\/v2\/media?parent=15458"}],"curies":[{"name":"wp","href":"https:\/\/api.w.org\/{rel}","templated":true}]}}