{"id":15494,"date":"2020-06-10T19:40:36","date_gmt":"2020-06-10T17:40:36","guid":{"rendered":"https:\/\/aslaksen.bcc.no\/?page_id=15494"},"modified":"2020-10-01T11:04:45","modified_gmt":"2020-10-01T09:04:45","slug":"guds-arbeidsmetode","status":"publish","type":"page","link":"https:\/\/words-of-faith.org\/no\/bibelstudier\/tema-4\/guds-arbeidsmetode\/","title":{"rendered":"Guds arbeidsmetode"},"content":{"rendered":"\n\t<section class=\"section\" id=\"section_972483543\">\n\t\t<div class=\"section-bg fill\" >\n\t\t\t\t\t\t\t\t\t\n\t\t\t\n\n\t\t<\/div>\n\n\t\t\n\n\t\t<div class=\"section-content relative\">\n\t\t\t\n<div class=\"row align-center\"  id=\"row-1942403625\">\n\n\t<div id=\"col-27404165\" class=\"col small-12 large-12\"  >\n\t\t\t\t<div class=\"col-inner\"  >\n\t\t\t\n\t\t\t\n<p class=\"breadcrumbs\"><a href=\"..\/\">Tema 4<\/a> \/ Taler<\/p>\n<h1>Guds arbeidsmetode<\/h1>\n<p class=\"article-date\">Skjulte Skatter, publisert april 1958<\/p>\n<p class=\"article-author\">av Elias Aslaksen<\/p>\n\t\t<\/div>\n\t\t\t\t\t<\/div>\n\n\t\n\n<style>\n#row-1942403625 > .col > .col-inner {\n  padding: 30px 0px 0px 0px;\n}\n<\/style>\n<\/div>\n<div class=\"row align-center audio\"  id=\"row-992175511\">\n\n\t<div id=\"col-1094752506\" class=\"col small-12 large-12\"  >\n\t\t\t\t<div class=\"col-inner\"  >\n\t\t\t\n\t\t\t\n<!--[if lt IE 9]><script>document.createElement('audio');<\/script><![endif]-->\n<audio class=\"wp-audio-shortcode\" id=\"audio-15494-1\" preload=\"none\" style=\"width: 100%;\" controls=\"controls\"><source type=\"audio\/mpeg\" src=\"\/audio\/Tema%204\/NO\/23%20Guds%20arbeidsmetode.mp3?_=1\" \/><a href=\"\/audio\/Tema%204\/NO\/23%20Guds%20arbeidsmetode.mp3\">\/audio\/Tema%204\/NO\/23%20Guds%20arbeidsmetode.mp3<\/a><\/audio>\n<p class=\"click-to-listen\">Click to listen to the speech.<\/p>\n\t\t<\/div>\n\t\t\t\t\t<\/div>\n\n\t\n<\/div>\n<div class=\"row align-center article article-excerpt\"  id=\"row-1498282492\">\n\n\t<div id=\"col-60536978\" class=\"col small-12 large-12\"  >\n\t\t\t\t<div class=\"col-inner text-left\"  >\n\t\t\t\n\t\t\t\n<p>&#8230; er i alt vesentlig alltid den samme. Dette er jo ogs\u00e5 ganske rimelig, da jo alle mennesker har de samme tilb\u00f8yeligheter, nemlig til \u00e5 bli oppbl\u00e5st, og til \u00e5 f\u00e5 store tanker om seg selv, s\u00e5 de selv tar \u00e6re av hva Gud i sin store n\u00e5de har virket i og ved dem.<\/p>\n<p>Nettopp derfor er hans faste plan og arbeidsmetode \u00e5 f\u00e5 forhindret dette. Og s\u00e5ledes g\u00e5r da hans arbeide ut p\u00e5 \u00e5\u00a0<strong>nedbryte oss etter kj\u00f8det<\/strong>\u00a0og f\u00e5 oss til \u00e5 synke tilstrekkelig i v\u00e5re egne \u00f8yne, ved f. eks. \u00e5 la b\u00e5de dette og hint mislykkes for oss, ved \u00e5 trekke seg og sin n\u00e5de tilbake i visse tilfeller, og s\u00e5ledes la oss smake v\u00e5re veiers frukt, frukten av v\u00e5r egen styrke, vilje og fornuft.<\/p>\n<p>P\u00e5 denne m\u00e5te blir vi ydmyket, og f\u00e5r ballast i v\u00e5rt livs skip, s\u00e5 vi kan t\u00e5le en seilas i allslags omskiftende v\u00e6r, uten \u00e5 g\u00e5 rundt \u2014 s\u00e5 vi kan n\u00e5 frem i god behold til den evige havn.<\/p>\n<p>Hans kj\u00e6rlige, gode vilje er jo \u00e5 opph\u00f8ye oss med seg, og just derfor m\u00e5 han kraftig nedbryte oss, s\u00e5 vi omsider kan t\u00e5le opph\u00f8yelse uten \u00e5 ta \u00e6re av det selv.<\/p>\n<p>Dette gjennomf\u00f8rer han med fast h\u00e5nd og fast hjerte, uten \u00e5 la seg p\u00e5virke i minste m\u00e5te av v\u00e5r mangel p\u00e5 forst\u00e5else av hans handlem\u00e5te.<\/p>\n<p>\u00c6re, \u00e6re, \u00e6re \u2014 v\u00e6re hans navn!<\/p>\n\t\t<\/div>\n\t\t\t\t\t<\/div>\n\n\t\n\n\t<div id=\"col-1630703583\" class=\"col copyright small-12 large-12\"  >\n\t\t\t\t<div class=\"col-inner text-left\"  >\n\t\t\t\n\t\t\t\n<div>\u00a9 Copyright Stiftelsen Skjulte Skatters Forlag<\/div>\n\t\t<\/div>\n\t\t\t\t\t<\/div>\n\n\t\n\n\t<div id=\"col-1498801323\" class=\"col small-12 large-12\"  >\n\t\t\t\t<div class=\"col-inner text-left\"  >\n\t\t\t\n\t\t\t\n<div><a href=\"#\" class=\"read-more\">Les mer<\/a><\/div>\n\t\t<\/div>\n\t\t\t\t\t<\/div>\n\n\t\n\n\t<div id=\"col-1494024097\" class=\"col small-12 large-12\"  >\n\t\t\t\t<div class=\"col-inner text-left\"  >\n\t\t\t\n\t\t\t\n<p class=\"next-previous-message\"><a class=\"previous\" href=\"..\/ydmyke-av-hjertet\/\"><i class=\"icon-angle-left\"><\/i> Previous<\/a><a class=\"next\" href=\"..\/davids-rike-nade-den-visse\/\">Next <i class=\"icon-angle-right\"><\/i><\/a><\/p>\n\t\t<\/div>\n\t\t\t\t\t<\/div>\n\n\t\n<\/div>\n\t\t<\/div>\n\n\t\t\n<style>\n#section_972483543 {\n  padding-top: 0px;\n  padding-bottom: 0px;\n  margin-bottom: 0px;\n}\n@media (min-width:550px) {\n  #section_972483543 {\n    padding-top: 0px;\n    padding-bottom: 0px;\n  }\n}\n<\/style>\n\t<\/section>\n\t\n\n\t<section class=\"section food-for-thought\" id=\"section_777151791\">\n\t\t<div class=\"section-bg fill\" >\n\t\t\t\t\t\t\t\t\t\n\t\t\t\n\n\t\t<\/div>\n\n\t\t\n\n\t\t<div class=\"section-content relative\">\n\t\t\t\n<div class=\"row align-center\"  id=\"row-1814890989\">\n\n\t<div id=\"col-191482265\" class=\"col title small-12 large-12\"  >\n\t\t\t\t<div class=\"col-inner text-left dark\"  >\n\t\t\t\n\t\t\t\n<h2>Devotional<\/h2>\n\t\t<\/div>\n\t\t\t\t\t<\/div>\n\n\t\n\n\t<div id=\"col-1242103060\" class=\"col small-12 large-12\"  >\n\t\t\t\t<div class=\"col-inner dark\"  >\n\t\t\t\n\t\t\t\n<p>I stykket \u00abGuds arbeidsmetode\u00bb skriver Aslaksen om selv \u00e5 ta \u00e6ren som tilh\u00f8rer Gud. Det er \u00e9n ting \u00e5 ta \u00e6re av mennesker, men kan du tenke p\u00e5 et annet konkret eksempel p\u00e5 hvordan man kan ta \u00e6ren som tilh\u00f8rer Gud, og hvorfor det er s\u00e5 farlig?<\/p>\n<p class='info'>You have to <a href='\/login\/'>log in<\/a> if you want to save your answer.<\/p>\n\t\t<\/div>\n\t\t\t\t\t<\/div>\n\n\t\n<\/div>\n\t\t<\/div>\n\n\t\t\n<style>\n#section_777151791 {\n  padding-top: 30px;\n  padding-bottom: 30px;\n  background-color: rgb(73, 92, 94);\n}\n<\/style>\n\t<\/section>\n\t\n\t<div id=\"gap-903241935\" class=\"gap-element clearfix\" style=\"display:block; height:auto;\">\n\t\t\n<style>\n#gap-903241935 {\n  padding-top: 20px;\n}\n<\/style>\n\t<\/div>\n\t\n<p style=\"text-align: center;\"><a href=\"..\/\"><u>Tilbake til Tema 4<\/u><\/a><\/p>\n","protected":false},"excerpt":{"rendered":"<p>Tilbake til Tema 4<\/p>\n","protected":false},"author":5,"featured_media":0,"parent":15402,"menu_order":5,"comment_status":"closed","ping_status":"closed","template":"page-blank.php","meta":{"footnotes":""},"class_list":["post-15494","page","type-page","status-publish","hentry"],"aioseo_notices":[],"_links":{"self":[{"href":"https:\/\/words-of-faith.org\/no\/wp-json\/wp\/v2\/pages\/15494","targetHints":{"allow":["GET"]}}],"collection":[{"href":"https:\/\/words-of-faith.org\/no\/wp-json\/wp\/v2\/pages"}],"about":[{"href":"https:\/\/words-of-faith.org\/no\/wp-json\/wp\/v2\/types\/page"}],"author":[{"embeddable":true,"href":"https:\/\/words-of-faith.org\/no\/wp-json\/wp\/v2\/users\/5"}],"replies":[{"embeddable":true,"href":"https:\/\/words-of-faith.org\/no\/wp-json\/wp\/v2\/comments?post=15494"}],"version-history":[{"count":0,"href":"https:\/\/words-of-faith.org\/no\/wp-json\/wp\/v2\/pages\/15494\/revisions"}],"up":[{"embeddable":true,"href":"https:\/\/words-of-faith.org\/no\/wp-json\/wp\/v2\/pages\/15402"}],"wp:attachment":[{"href":"https:\/\/words-of-faith.org\/no\/wp-json\/wp\/v2\/media?parent=15494"}],"curies":[{"name":"wp","href":"https:\/\/api.w.org\/{rel}","templated":true}]}}